{"id":185096,"date":"2023-01-18T17:33:03","date_gmt":"2023-01-18T17:33:03","guid":{"rendered":"https:\/\/fourstrokebarn.com\/avg\/"},"modified":"2023-01-18T17:33:04","modified_gmt":"2023-01-18T17:33:04","slug":"avg","status":"publish","type":"page","link":"https:\/\/fourstrokebarn.com\/fr\/avg\/","title":{"rendered":"AVG"},"content":{"rendered":"<div class=\"wpb-content-wrapper\"><p>[vc_row type=\u00a0\u00bbboxed\u00a0\u00bb background_style=\u00a0\u00bbnormal\u00a0\u00bb][vc_column][vc_row_inner css=\u00a0\u00bb.vc_custom_1410358939666{margin-bottom: 20px !important;}\u00a0\u00bb][vc_column_inner css=\u00a0\u00bb.vc_custom_1410358507947{padding-right: 5% !important;}\u00a0\u00bb][vc_column_text]<\/p>\n<h3>D\u00e9claration de confidentialit\u00e9<\/h3>\n<p>Post\u00e9: 24 mai 2018.<\/p>\n<p>H.S. van Oostrum, op\u00e9rant sous les noms de Fourstrokebarn et Viertaktschuur, avec son si\u00e8ge social, est le contr\u00f4leur et l\u2019op\u00e9rateur de Fourstrokebarn.com et Viertaktschuur.nl.<\/p>\n<p>van Oostrum s\u2019engage \u00e0 prot\u00e9ger votre vie priv\u00e9e. Cette d\u00e9claration de confidentialit\u00e9 explique comment nous collectons, utilisons, fournissons, stockons et prot\u00e9geons vos donn\u00e9es personnelles.<\/p>\n<p>&nbsp;<\/p>\n<h3>Port\u00e9e<\/h3>\n<p>La pr\u00e9sente D\u00e9claration de confidentialit\u00e9 s\u2019applique aux sites Web, applications, services et outils (collectivement appel\u00e9s \u00ab Services \u00bb) qui font r\u00e9f\u00e9rence \u00e0 la pr\u00e9sente D\u00e9claration de confidentialit\u00e9, quelle que soit la fa\u00e7on dont vous y acc\u00e9dez ou l\u2019utilisez, y compris en utilisant des appareils mobiles.<\/p>\n<p>&nbsp;<\/p>\n<h3>Donn\u00e9es personnelles que nous collectons<\/h3>\n<p>Qu\u2019est-ce qu\u2019une donn\u00e9e personnelle ?<\/p>\n<p>Les donn\u00e9es personnelles sont des donn\u00e9es concernant une personne physique identifi\u00e9e ou identifiable. Une personne physique identifiable est une personne physique qui peut \u00eatre identifi\u00e9e, directement ou indirectement, par r\u00e9f\u00e9rence \u00e0 un identifiant tel qu\u2019un nom, un num\u00e9ro d\u2019identification, des donn\u00e9es de localisation, un identifiant en ligne ou un ou plusieurs \u00e9l\u00e9ments caract\u00e9ristiques de son identit\u00e9 physique, physiologique, g\u00e9n\u00e9tique, psychique, \u00e9conomique, culturelle ou sociale.<\/p>\n<p>Les donn\u00e9es qui ont \u00e9t\u00e9 anonymis\u00e9es ou agr\u00e9g\u00e9es de mani\u00e8re \u00e0 ne plus pouvoir \u00eatre utilis\u00e9es pour identifier une personne physique sp\u00e9cifique, que ce soit en combinaison avec d\u2019autres informations ou autrement, ne sont pas consid\u00e9r\u00e9es comme des donn\u00e9es \u00e0 caract\u00e8re personnel.<\/p>\n<p>Nous recueillons des donn\u00e9es personnelles aupr\u00e8s de vous lorsque vous utilisez nos Services.<\/p>\n<p>&nbsp;<\/p>\n<h3>Comment nous utilisons vos donn\u00e9es personnelles<\/h3>\n<p>Nous utilisons vos donn\u00e9es personnelles pour livrer nos produits, pour vous contacter au sujet de vos commandes pass\u00e9es et, dans la mesure n\u00e9cessaire, pour conclure des accords sur les d\u00e9lais de livraison.<\/p>\n<p>&nbsp;<\/p>\n<h3>Comment nous utilisons vos donn\u00e9es personnelles<\/h3>\n<p>Nous n\u2019utilisons vos donn\u00e9es personnelles que dans le but de traiter votre commande et aux fins de nos obligations administratives en ce qui concerne notre administration financi\u00e8re. Si n\u00e9cessaire, nous utiliserons les donn\u00e9es pour vous contacter<\/p>\n<p>&nbsp;<\/p>\n<h3>Moyens d\u2019acc\u00e9der, de g\u00e9rer et de corriger vos donn\u00e9es personnelles<\/h3>\n<p>Nous respectons votre droit d\u2019acc\u00e9der \u00e0 vos donn\u00e9es personnelles et vos droits de les corriger, de demander leur suppression ou de nous demander de restreindre notre utilisation de celles-ci, comme l\u2019exige la loi applicable. Nous prenons \u00e9galement des mesures pour nous assurer que les donn\u00e9es personnelles que nous recueillons sont exactes et \u00e0 jour.<\/p>\n<ul>\n<li>Vous avez le droit de savoir quelles donn\u00e9es personnelles nous d\u00e9tenons \u00e0 votre sujet<\/li>\n<li>Sur demande, nous vous fournirons une copie de vos donn\u00e9es personnelles dans un format structur\u00e9, couramment utilis\u00e9 et lisible par machine.<\/li>\n<li>Si vos donn\u00e9es personnelles sont incorrectes ou incompl\u00e8tes, vous avez le droit de nous demander de les mettre \u00e0 jour<\/li>\n<li>Vous avez le droit de vous opposer au traitement de vos donn\u00e9es personnelles<\/li>\n<li>Vous pouvez \u00e9galement nous demander d\u2019effacer vos donn\u00e9es personnelles ou de restreindre notre utilisation de celles-ci, mais ce droit d\u00e9pend de la loi applicable et peut affecter le traitement de votre commande.<\/li>\n<\/ul>\n<p>&nbsp;<\/p>\n<h3>Comment nous pouvons partager vos donn\u00e9es personnelles<\/h3>\n<p>Nous ne fournirons pas vos donn\u00e9es personnelles \u00e0 d\u2019autres personnes physiques ou entreprises. Nous ne fournissons pas vos donn\u00e9es d\u2019une autre mani\u00e8re \u00e0 des tiers \u00e0 des fins de marketing et de publicit\u00e9.<\/p>\n<p>&nbsp;<\/p>\n<h3>Comment nous stockons vos donn\u00e9es personnelles<\/h3>\n<p>Nous conservons vos donn\u00e9es personnelles aussi longtemps que n\u00e9cessaire pour nous conformer \u00e0 nos obligations fiscales l\u00e9gales.<\/p>\n<p>&nbsp;<\/p>\n<h3>Comment nous prot\u00e9geons vos donn\u00e9es personnelles<\/h3>\n<p>Nous s\u00e9curisons vos donn\u00e9es personnelles en utilisant des mesures de s\u00e9curit\u00e9 techniques et organisationnelles pour minimiser le risque de perte, d\u2019utilisation abusive, d\u2019acc\u00e8s non autoris\u00e9, de divulgation et de modifications. Nos mesures de protection comprennent, par exemple, les pare-feu et le cryptage des donn\u00e9es, le contr\u00f4le d\u2019acc\u00e8s physique chez notre h\u00e9bergeur. De plus, nous avons mis en place une gestion des autorisations pour l\u2019acc\u00e8s aux informations. Si vous pensez que votre compte a \u00e9t\u00e9 utilis\u00e9 \u00e0 mauvais escient, veuillez nous contacter.<\/p>\n<p>&nbsp;<\/p>\n<h3>Autres renseignements importants sur la protection de la vie priv\u00e9e<\/h3>\n<p>Cette section contient des informations suppl\u00e9mentaires sur la confidentialit\u00e9 que vous pouvez trouver importantes dans le contexte de votre utilisation de nos Services.<\/p>\n<p>&nbsp;<\/p>\n<h3>Contactez-nous<\/h3>\n<p>Si vous avez une question ou une plainte concernant cette d\u00e9claration de confidentialit\u00e9, vous pouvez nous contacter, avec l\u2019objet \u00ab Demande de d\u00e9claration de confidentialit\u00e9 \u00bb :<\/p>\n<ul>\n<li>via <a href=\"mailto:het\">le<\/a> privacy@fourstrokebarn.com, ou<\/li>\n<li>via <a href=\"mailto:privacy@viertaktschuur.nl\">privacy@viertaktschuur.nl<\/a>, ou<\/li>\n<li>en \u00e9crivant \u00e0 H.S. van Oostrum, adresse de la Chambre de commerce<\/li>\n<\/ul>\n<p>Votre droit de d\u00e9poser une plainte aupr\u00e8s d\u2019une autorit\u00e9 de protection des donn\u00e9es reste inchang\u00e9.<\/p>\n<p>[\/vc_column_text][\/vc_column_inner][\/vc_row_inner][\/vc_column][\/vc_row][vc_row full_width=\u00a0\u00bbstretch_row_content_no_spaces\u00a0\u00bb css=\u00a0\u00bb.vc_custom_1486373989389{padding-top: 60px !important;padding-bottom: 60px !important;background-color: #eaeaea !important;}\u00a0\u00bb background_style=\u00a0\u00bbnormal\u00a0\u00bb][vc_column][vc_column_text css=\u00a0\u00bb.vc_custom_1486373909693{margin-bottom: 35px !important;}\u00a0\u00bb]<\/p>\n<h3 style=\"text-align: center;\">Des questions sans r\u00e9ponse?  <a title=\"Contact\" href=\"https:\/\/fourstrokebarn.com\/contact\/\"><span style=\"text-decoration: underline; color: #ec7a5c;\">Contactez-nous!<\/span><\/a><\/h3>\n<p>[\/vc_column_text][\/vc_column][\/vc_row]<\/p>\n<\/div>","protected":false},"excerpt":{"rendered":"<p>[vc_row type=\u00a0\u00bbboxed\u00a0\u00bb background_style=\u00a0\u00bbnormal\u00a0\u00bb][vc_column][vc_row_inner css=\u00a0\u00bb.vc_custom_1410358939666{margin-bottom: 20px !important;}\u00a0\u00bb][vc_column_inner css=\u00a0\u00bb.vc_custom_1410358507947{padding-right: 5% !important;}\u00a0\u00bb][vc_column_text] D\u00e9claration de confidentialit\u00e9 Post\u00e9: 24 mai 2018. H.S. van Oostrum, op\u00e9rant\u2026<\/p>\n","protected":false},"author":1,"featured_media":0,"parent":0,"menu_order":0,"comment_status":"closed","ping_status":"closed","template":"","meta":{"inline_featured_image":false,"_monsterinsights_skip_tracking":false,"_monsterinsights_sitenote_active":false,"_monsterinsights_sitenote_note":"","_monsterinsights_sitenote_category":0,"footnotes":""},"class_list":["post-185096","page","type-page","status-publish","hentry"],"yoast_head":"<!-- This site is optimized with the Yoast SEO Premium plugin v27.5 (Yoast SEO v27.5) - https:\/\/yoast.com\/product\/yoast-seo-premium-wordpress\/ -->\n<title>AVG &#183; Fourstrokebarn<\/title>\n<meta name=\"robots\" content=\"index, follow, max-snippet:-1, max-image-preview:large, max-video-preview:-1\" \/>\n<link rel=\"canonical\" href=\"https:\/\/fourstrokebarn.com\/fr\/avg\/\" \/>\n<meta property=\"og:locale\" content=\"fr_FR\" \/>\n<meta property=\"og:type\" content=\"article\" \/>\n<meta property=\"og:title\" content=\"AVG\" \/>\n<meta property=\"og:description\" content=\"[vc_row type=\u00a0\u00bbboxed\u00a0\u00bb background_style=\u00a0\u00bbnormal\u00a0\u00bb][vc_column][vc_row_inner css=\u00a0\u00bb.vc_custom_1410358939666{margin-bottom: 20px !important;}\u00a0\u00bb][vc_column_inner css=\u00a0\u00bb.vc_custom_1410358507947{padding-right: 5% !important;}\u00a0\u00bb][vc_column_text] D\u00e9claration de confidentialit\u00e9 Post\u00e9: 24 mai 2018. H.S. van Oostrum, op\u00e9rant\u2026\" \/>\n<meta property=\"og:url\" content=\"https:\/\/fourstrokebarn.com\/fr\/avg\/\" \/>\n<meta property=\"og:site_name\" content=\"Fourstrokebarn\" \/>\n<meta property=\"article:publisher\" content=\"https:\/\/www.facebook.com\/fourstrokebarn\" \/>\n<meta property=\"article:modified_time\" content=\"2023-01-18T17:33:04+00:00\" \/>\n<meta property=\"og:image\" content=\"https:\/\/fourstrokebarn.com\/wp-content\/uploads\/2021\/09\/aaaa.jpg\" \/>\n\t<meta property=\"og:image:width\" content=\"1301\" \/>\n\t<meta property=\"og:image:height\" content=\"831\" \/>\n\t<meta property=\"og:image:type\" content=\"image\/jpeg\" \/>\n<meta name=\"twitter:card\" content=\"summary_large_image\" \/>\n<meta name=\"twitter:label1\" content=\"Dur\u00e9e de lecture estim\u00e9e\" \/>\n\t<meta name=\"twitter:data1\" content=\"5 minutes\" \/>\n<script type=\"application\/ld+json\" class=\"yoast-schema-graph\">{\"@context\":\"https:\\\/\\\/schema.org\",\"@graph\":[{\"@type\":\"WebPage\",\"@id\":\"https:\\\/\\\/fourstrokebarn.com\\\/fr\\\/avg\\\/\",\"url\":\"https:\\\/\\\/fourstrokebarn.com\\\/fr\\\/avg\\\/\",\"name\":\"AVG &#183; Fourstrokebarn\",\"isPartOf\":{\"@id\":\"https:\\\/\\\/fourstrokebarn.com\\\/fr\\\/#website\"},\"datePublished\":\"2023-01-18T17:33:03+00:00\",\"dateModified\":\"2023-01-18T17:33:04+00:00\",\"breadcrumb\":{\"@id\":\"https:\\\/\\\/fourstrokebarn.com\\\/fr\\\/avg\\\/#breadcrumb\"},\"inLanguage\":\"fr-FR\",\"potentialAction\":[{\"@type\":\"ReadAction\",\"target\":[\"https:\\\/\\\/fourstrokebarn.com\\\/fr\\\/avg\\\/\"]}]},{\"@type\":\"BreadcrumbList\",\"@id\":\"https:\\\/\\\/fourstrokebarn.com\\\/fr\\\/avg\\\/#breadcrumb\",\"itemListElement\":[{\"@type\":\"ListItem\",\"position\":1,\"name\":\"Domicile\",\"item\":\"https:\\\/\\\/fourstrokebarn.com\\\/fr\\\/cyclomoteurs-honda-4-temps-et-pieces-a-vendre\\\/\"},{\"@type\":\"ListItem\",\"position\":2,\"name\":\"AVG\"}]},{\"@type\":\"WebSite\",\"@id\":\"https:\\\/\\\/fourstrokebarn.com\\\/fr\\\/#website\",\"url\":\"https:\\\/\\\/fourstrokebarn.com\\\/fr\\\/\",\"name\":\"Fourstrokebarn\",\"description\":\"New &amp; used Honda 4-stroke classic bikes &amp; parts\",\"publisher\":{\"@id\":\"https:\\\/\\\/fourstrokebarn.com\\\/fr\\\/#organization\"},\"potentialAction\":[{\"@type\":\"SearchAction\",\"target\":{\"@type\":\"EntryPoint\",\"urlTemplate\":\"https:\\\/\\\/fourstrokebarn.com\\\/fr\\\/?s={search_term_string}\"},\"query-input\":{\"@type\":\"PropertyValueSpecification\",\"valueRequired\":true,\"valueName\":\"search_term_string\"}}],\"inLanguage\":\"fr-FR\"},{\"@type\":\"Organization\",\"@id\":\"https:\\\/\\\/fourstrokebarn.com\\\/fr\\\/#organization\",\"name\":\"Fourstrokebarn\",\"url\":\"https:\\\/\\\/fourstrokebarn.com\\\/fr\\\/\",\"logo\":{\"@type\":\"ImageObject\",\"inLanguage\":\"fr-FR\",\"@id\":\"https:\\\/\\\/fourstrokebarn.com\\\/fr\\\/#\\\/schema\\\/logo\\\/image\\\/\",\"url\":\"https:\\\/\\\/fourstrokebarn.com\\\/wp-content\\\/uploads\\\/2017\\\/01\\\/Foutstrokebarn_web_logo_rood.png\",\"contentUrl\":\"https:\\\/\\\/fourstrokebarn.com\\\/wp-content\\\/uploads\\\/2017\\\/01\\\/Foutstrokebarn_web_logo_rood.png\",\"width\":355,\"height\":163,\"caption\":\"Fourstrokebarn\"},\"image\":{\"@id\":\"https:\\\/\\\/fourstrokebarn.com\\\/fr\\\/#\\\/schema\\\/logo\\\/image\\\/\"},\"sameAs\":[\"https:\\\/\\\/www.facebook.com\\\/fourstrokebarn\"]}]}<\/script>\n<!-- \/ Yoast SEO Premium plugin. -->","yoast_head_json":{"title":"AVG &#183; Fourstrokebarn","robots":{"index":"index","follow":"follow","max-snippet":"max-snippet:-1","max-image-preview":"max-image-preview:large","max-video-preview":"max-video-preview:-1"},"canonical":"https:\/\/fourstrokebarn.com\/fr\/avg\/","og_locale":"fr_FR","og_type":"article","og_title":"AVG","og_description":"[vc_row type=\u00a0\u00bbboxed\u00a0\u00bb background_style=\u00a0\u00bbnormal\u00a0\u00bb][vc_column][vc_row_inner css=\u00a0\u00bb.vc_custom_1410358939666{margin-bottom: 20px !important;}\u00a0\u00bb][vc_column_inner css=\u00a0\u00bb.vc_custom_1410358507947{padding-right: 5% !important;}\u00a0\u00bb][vc_column_text] D\u00e9claration de confidentialit\u00e9 Post\u00e9: 24 mai 2018. H.S. van Oostrum, op\u00e9rant\u2026","og_url":"https:\/\/fourstrokebarn.com\/fr\/avg\/","og_site_name":"Fourstrokebarn","article_publisher":"https:\/\/www.facebook.com\/fourstrokebarn","article_modified_time":"2023-01-18T17:33:04+00:00","og_image":[{"width":1301,"height":831,"url":"https:\/\/fourstrokebarn.com\/wp-content\/uploads\/2021\/09\/aaaa.jpg","type":"image\/jpeg"}],"twitter_card":"summary_large_image","twitter_misc":{"Dur\u00e9e de lecture estim\u00e9e":"5 minutes"},"schema":{"@context":"https:\/\/schema.org","@graph":[{"@type":"WebPage","@id":"https:\/\/fourstrokebarn.com\/fr\/avg\/","url":"https:\/\/fourstrokebarn.com\/fr\/avg\/","name":"AVG &#183; Fourstrokebarn","isPartOf":{"@id":"https:\/\/fourstrokebarn.com\/fr\/#website"},"datePublished":"2023-01-18T17:33:03+00:00","dateModified":"2023-01-18T17:33:04+00:00","breadcrumb":{"@id":"https:\/\/fourstrokebarn.com\/fr\/avg\/#breadcrumb"},"inLanguage":"fr-FR","potentialAction":[{"@type":"ReadAction","target":["https:\/\/fourstrokebarn.com\/fr\/avg\/"]}]},{"@type":"BreadcrumbList","@id":"https:\/\/fourstrokebarn.com\/fr\/avg\/#breadcrumb","itemListElement":[{"@type":"ListItem","position":1,"name":"Domicile","item":"https:\/\/fourstrokebarn.com\/fr\/cyclomoteurs-honda-4-temps-et-pieces-a-vendre\/"},{"@type":"ListItem","position":2,"name":"AVG"}]},{"@type":"WebSite","@id":"https:\/\/fourstrokebarn.com\/fr\/#website","url":"https:\/\/fourstrokebarn.com\/fr\/","name":"Fourstrokebarn","description":"New &amp; used Honda 4-stroke classic bikes &amp; parts","publisher":{"@id":"https:\/\/fourstrokebarn.com\/fr\/#organization"},"potentialAction":[{"@type":"SearchAction","target":{"@type":"EntryPoint","urlTemplate":"https:\/\/fourstrokebarn.com\/fr\/?s={search_term_string}"},"query-input":{"@type":"PropertyValueSpecification","valueRequired":true,"valueName":"search_term_string"}}],"inLanguage":"fr-FR"},{"@type":"Organization","@id":"https:\/\/fourstrokebarn.com\/fr\/#organization","name":"Fourstrokebarn","url":"https:\/\/fourstrokebarn.com\/fr\/","logo":{"@type":"ImageObject","inLanguage":"fr-FR","@id":"https:\/\/fourstrokebarn.com\/fr\/#\/schema\/logo\/image\/","url":"https:\/\/fourstrokebarn.com\/wp-content\/uploads\/2017\/01\/Foutstrokebarn_web_logo_rood.png","contentUrl":"https:\/\/fourstrokebarn.com\/wp-content\/uploads\/2017\/01\/Foutstrokebarn_web_logo_rood.png","width":355,"height":163,"caption":"Fourstrokebarn"},"image":{"@id":"https:\/\/fourstrokebarn.com\/fr\/#\/schema\/logo\/image\/"},"sameAs":["https:\/\/www.facebook.com\/fourstrokebarn"]}]}},"_links":{"self":[{"href":"https:\/\/fourstrokebarn.com\/fr\/wp-json\/wp\/v2\/pages\/185096","targetHints":{"allow":["GET"]}}],"collection":[{"href":"https:\/\/fourstrokebarn.com\/fr\/wp-json\/wp\/v2\/pages"}],"about":[{"href":"https:\/\/fourstrokebarn.com\/fr\/wp-json\/wp\/v2\/types\/page"}],"author":[{"embeddable":true,"href":"https:\/\/fourstrokebarn.com\/fr\/wp-json\/wp\/v2\/users\/1"}],"replies":[{"embeddable":true,"href":"https:\/\/fourstrokebarn.com\/fr\/wp-json\/wp\/v2\/comments?post=185096"}],"version-history":[{"count":1,"href":"https:\/\/fourstrokebarn.com\/fr\/wp-json\/wp\/v2\/pages\/185096\/revisions"}],"predecessor-version":[{"id":185099,"href":"https:\/\/fourstrokebarn.com\/fr\/wp-json\/wp\/v2\/pages\/185096\/revisions\/185099"}],"wp:attachment":[{"href":"https:\/\/fourstrokebarn.com\/fr\/wp-json\/wp\/v2\/media?parent=185096"}],"curies":[{"name":"wp","href":"https:\/\/api.w.org\/{rel}","templated":true}]}}