{"id":185164,"date":"2023-01-18T17:36:19","date_gmt":"2023-01-18T17:36:19","guid":{"rendered":"https:\/\/fourstrokebarn.com\/expedition-retours\/"},"modified":"2023-01-18T17:36:21","modified_gmt":"2023-01-18T17:36:21","slug":"expedition-retours","status":"publish","type":"page","link":"https:\/\/fourstrokebarn.com\/fr\/expedition-retours\/","title":{"rendered":"Exp\u00e9dition &amp; Retours"},"content":{"rendered":"<div class=\"wpb-content-wrapper\"><p>[vc_row type=\u00a0\u00bbboxed\u00a0\u00bb background_style=\u00a0\u00bbnormal\u00a0\u00bb css=\u00a0\u00bb.vc_custom_1585126235997{padding-right: 7% !important;padding-left: 7% !important;}\u00a0\u00bb][vc_column][vc_empty_space][vc_column_text css=\u00a0\u00bb.vc_custom_1585126355981{padding-right: 7% !important;padding-left: 7% !important;}\u00a0\u00bb]<span style=\"color: #ec7a5c;\"><strong>INFORMATIONS D\u2019EXP\u00c9DITION<\/strong><\/span>[\/vc_column_text][vc_row_inner css=\u00a0\u00bb.vc_custom_1585126209277{margin-bottom: 20px !important;padding-right: 7% !important;padding-left: 7% !important;}\u00a0\u00bb][vc_column_inner width=\u00a0\u00bb1\/2&Prime; css=\u00a0\u00bb.vc_custom_1410358507947{padding-right: 5% !important;}\u00a0\u00bb][vc_column_text]<strong>Livraison GRATUITE!<\/strong> <span style=\"color: #808080;\">Pour chaque pays, il est possible d\u2019envoyer gratuitement les marchandises achet\u00e9es. Parce que les frais d\u2019exp\u00e9dition vers chaque pays sont diff\u00e9rents, nous avons fait le lien avec le montant de l\u2019achat. Si le montant de l\u2019achat d\u00e9passe le montant fix\u00e9 pour le pays vers lequel nous devons exp\u00e9dier (limites), nous prendrons en charge les frais d\u2019exp\u00e9dition et d\u2019emballage. Une limite diff\u00e9rente a \u00e9t\u00e9 fix\u00e9e pour chaque pays. Si les articles sont dans le panier, vous devez entrer, entre autres, le pays dans lequel l\u2019article doit \u00eatre envoy\u00e9. Si vous l\u2019avez fait, vous verrez \u00e0 partir de quel montant nous ne facturons pas de frais d\u2019exp\u00e9dition. En principe, nous exp\u00e9dions via GLS.<\/span>[\/vc_column_text][\/vc_column_inner][vc_column_inner width=\u00a0\u00bb1\/2&Prime; css=\u00a0\u00bb.vc_custom_1410358522387{padding-right: 5% !important;}\u00a0\u00bb][vc_column_text]<strong>Tailles et poids.<\/strong> <span style=\"color: #808080;\">Un colis ne p\u00e8se jamais plus de 30 kg. Si les pi\u00e8ces que vous avez achet\u00e9es ensemble p\u00e8sent plus de 30 kg, nous les r\u00e9partirons sur plusieurs emballages. M\u00eame si un colis (en termes de taille) ne sera pas accept\u00e9 par le transporteur, cela peut nous amener \u00e0 envoyer les pi\u00e8ces en 2 colis. Les dimensions sont une longueur maximale de 175 cm et une circonf\u00e9rence maximale (double largeur plus double hauteur plus longueur) de 300 cm.<\/span>[\/vc_column_text][\/vc_column_inner][\/vc_row_inner][vc_row_inner css=\u00a0\u00bb.vc_custom_1585126249206{margin-bottom: 20px !important;padding-right: 7% !important;padding-left: 7% !important;}\u00a0\u00bb][vc_column_inner width=\u00a0\u00bb1\/2&Prime; css=\u00a0\u00bb.vc_custom_1410358507947{padding-right: 5% !important;}\u00a0\u00bb][vc_column_text]<strong>Nous prenons \u00e9galement en charge les frais de livraison ult\u00e9rieure.  <\/strong> <span style=\"color: #808080;\">Bien s\u00fbr, il peut \u00e9galement arriver avec nous qu\u2019un article de votre commande ne soit plus en stock et nous comprenons tr\u00e8s bien que vous souhaitez poursuivre la restauration. Nous enverrons ensuite l\u2019article qui n\u2019est pas en stock et prendrons bien s\u00fbr en charge les frais d\u2019exp\u00e9dition. Si vous vous rendez compte par la suite que vous avez oubli\u00e9 de commander quelque chose, veuillez appeler car, si le colis n\u2019a pas encore \u00e9t\u00e9 envoy\u00e9, nous l\u2019arr\u00eaterons quand m\u00eame.<\/span>[\/vc_column_text][\/vc_column_inner][vc_column_inner width=\u00a0\u00bb1\/2&Prime; css=\u00a0\u00bb.vc_custom_1410358522387{padding-right: 5% !important;}\u00a0\u00bb][vc_column_text]<strong>L\u2019assurance de votre forfait est bien s\u00fbr organis\u00e9e.<\/strong> <span style=\"color: #808080;\">Tous les forfaits sont assur\u00e9s jusqu\u2019\u00e0 \u20ac 520,- (par forfait). Nous ne facturons pas de frais suppl\u00e9mentaires pour cela.<\/span>[\/vc_column_text][\/vc_column_inner][\/vc_row_inner][vc_row_inner css=\u00a0\u00bb.vc_custom_1585126265357{margin-bottom: 20px !important;padding-right: 7% !important;padding-left: 7% !important;}\u00a0\u00bb][vc_column_inner width=\u00a0\u00bb1\/2&Prime; css=\u00a0\u00bb.vc_custom_1410358507947{padding-right: 5% !important;}\u00a0\u00bb][vc_column_text]<strong>Parfois, vous avez l\u2019impression de payer trop cher!<\/strong> <span style=\"color: #808080;\">Parfois, vous payez plus que les frais d\u2019exp\u00e9dition r\u00e9els parce que, par exemple, vous avez une pi\u00e8ce qui tient dans une enveloppe. L\u2019emballage et l\u2019exp\u00e9dition prennent bien s\u00fbr du temps, donc pour tous les colis, nous facturons le montant minimum de 5 euros.<\/span>[\/vc_column_text][\/vc_column_inner][vc_column_inner width=\u00a0\u00bb1\/2&Prime; css=\u00a0\u00bb.vc_custom_1410358522387{padding-right: 5% !important;}\u00a0\u00bb][vc_column_text]<strong>Exp\u00e9dition et paiement.<\/strong> <span style=\"color: #808080;\">Nous exp\u00e9dierons les marchandises command\u00e9es par vous au moment o\u00f9 le montant d\u00fb aura \u00e9t\u00e9 cr\u00e9dit\u00e9 sur notre compte.<\/span><br \/>\n<span style=\"color: #808080;\">Enfin, lors de la passation d\u2019une commande, les frais d\u2019exp\u00e9dition sont calcul\u00e9s automatiquement. D\u00e8s que vous d\u00e9passez les seuils susmentionn\u00e9s, les frais d\u2019emballage et d\u2019exp\u00e9dition expirent automatiquement.  <\/span><\/p>\n<p><span style=\"color: #808080;\">La meilleure chose \u00e0 faire est bien s\u00fbr de venir, de choisir vos articles et de continuer apr\u00e8s avoir bu une tasse de caf\u00e9. Nous nous rendons compte que passer par l\u00e0 n\u2019est pas toujours possible ou que nous faire envoyer les articles s\u00e9lectionn\u00e9s est tout simplement mieux. Mais nous essayons \u00e9galement de fournir le meilleur service avec cela.  <\/span>[\/vc_column_text][\/vc_column_inner][\/vc_row_inner][\/vc_column][\/vc_row][vc_row][vc_column][vc_empty_space][vc_separator][vc_empty_space][\/vc_column][\/vc_row][vc_row type=\u00a0\u00bbboxed\u00a0\u00bb background_style=\u00a0\u00bbnormal\u00a0\u00bb css=\u00a0\u00bb.vc_custom_1585126298913{padding-right: 7% !important;padding-left: 7% !important;}\u00a0\u00bb][vc_column][vc_empty_space][vc_column_text css=\u00a0\u00bb.vc_custom_1585126383713{padding-right: 7% !important;padding-left: 7% !important;}\u00a0\u00bb]<span style=\"color: #ec7a5c;\"><strong>POLITIQUE DE R\u00c9CLAMATION ET DE RETOUR<\/strong><\/span>[\/vc_column_text][vc_row_inner css=\u00a0\u00bb.vc_custom_1585126313811{margin-bottom: 20px !important;padding-right: 7% !important;padding-left: 7% !important;}\u00a0\u00bb][vc_column_inner width=\u00a0\u00bb1\/2&Prime; css=\u00a0\u00bb.vc_custom_1410358507947{padding-right: 5% !important;}\u00a0\u00bb][vc_column_text]<span style=\"color: #808080;\">Compte tenu de notre politique de retour, nous n\u2019avons pas formul\u00e9 de politique de r\u00e9clamation concernant votre achat. \u00ab Vous achetez ce que vous voyez pour le prix repr\u00e9sent\u00e9. \u00ab Acheter \u00e0 distance signifie bien s\u00fbr que vous pouvez attendre de nous que les informations que nous fournissons correspondent parfaitement \u00e0 l\u2019article repr\u00e9sent\u00e9. Bien s\u00fbr, nous r\u00e9alisons que l\u2019article que vous avez achet\u00e9 peut \u00eatre diff\u00e9rent de ce que vous pensiez ou esp\u00e9riez. Se plaindre prend du temps et de l\u2019agacement et souvent il n\u2019y a pas de solution dont tout le monde est satisfait. C\u2019est pr\u00e9cis\u00e9ment pour \u00e9viter cela que nous avons une politique de retour qui permet d\u2019\u00e9viter autant que possible les probl\u00e8mes. Si vous n\u2019en avez pas assez, sonnez la cloche parce qu\u2019ensemble, nous trouverons certainement une solution.<br \/>\n<\/span> <span style=\"color: #ec7a5c;\"><strong>Vous pouvez retourner l\u2019article que vous avez achet\u00e9 par WWW.fourstrokebarn.com jusqu\u2019\u00e0 14 jours apr\u00e8s avoir re\u00e7u l\u2019article. (sans donner de raison, sans autre explication, sans questions difficiles de notre part) Vous recevrez le montant que vous avez rembours\u00e9 dans votre compte.<br \/>\n<\/strong><\/span> <span style=\"color: #808080;\"><strong>Bien s\u00fbr, il y a certaines conditions attach\u00e9es \u00e0 cela.<\/strong><\/span><\/p>\n<ul>\n<li><span style=\"color: #808080;\">Ce que vous retournez est dans le m\u00eame \u00e9tat que l\u2019\u00e9tat dans lequel il vous a \u00e9t\u00e9 livr\u00e9.<\/span><\/li>\n<li><span style=\"color: #808080;\">Les produits qui vous seront livr\u00e9s vous seront retourn\u00e9s dans leur int\u00e9gralit\u00e9. Si des parties du produit livr\u00e9 ont \u00e9t\u00e9 retir\u00e9es ou remplac\u00e9es par d\u2019autres pi\u00e8ces, la garantie de remboursement expirera.<\/span><\/li>\n<li><span style=\"color: #808080;\">Les colis envoy\u00e9s par nos soins sont assur\u00e9s. Il est donc important que vous nous informiez imm\u00e9diatement si un colis qui vous a \u00e9t\u00e9 livr\u00e9 a \u00e9t\u00e9 endommag\u00e9 pendant le transport. Ces dommages doivent \u00eatre signal\u00e9s imm\u00e9diatement. Si cela n\u2019est pas fait, votre droit \u00e0 un remboursement peut expirer. (Cela d\u00e9pend si je peux encore soumettre la r\u00e9clamation \u00e0 la compagnie d\u2019assurance.)<\/span><\/li>\n<li><span style=\"color: #808080;\">Si un rabais vous a \u00e9t\u00e9 accord\u00e9 sur la base de l\u2019achat d\u2019une plus grande quantit\u00e9 de pi\u00e8ces, ce rabais deviendra caduc si une partie du lot est retourn\u00e9e.<\/span><\/li>\n<li><span style=\"color: #808080;\">Les frais d\u2019exp\u00e9dition des retours sont toujours \u00e0 la charge de l\u2019acheteur. Si le montant de l\u2019achat d\u00e9passe un montant d\u00e9termin\u00e9 par pays, l\u2019acheteur ne sera pas factur\u00e9 de frais d\u2019emballage et d\u2019exp\u00e9dition, il s\u2019agit de la limite d\u2019exp\u00e9dition gratuite. Si le montant de l\u2019achat, en raison de l\u2019exp\u00e9dition de retour, tombe en dessous de cette limite d\u2019exp\u00e9dition gratuite, les frais d\u2019exp\u00e9dition seront d\u00e9duits du montant qui vous sera rembours\u00e9 en fonction de l\u2019exp\u00e9dition de retour.<\/span><\/li>\n<li><span style=\"color: #808080;\">Si les marchandises ont \u00e9t\u00e9 pay\u00e9es avec un bon ou un ch\u00e8que-cadeau, vous recevrez un bon \u00e9gal au montant du retour.<\/span><\/li>\n<\/ul>\n<p>&nbsp;<\/p>\n<p><span style=\"color: #808080;\"><strong><u>Le droit de retour ne s\u2019applique pas<\/u><\/strong><\/span><\/p>\n<p><span style=\"color: #808080;\">Pour les achats qui ont \u00e9t\u00e9 livr\u00e9s sp\u00e9cialement, sur commande selon les sp\u00e9cifications du client, pour les produits qui ont \u00e9t\u00e9 adapt\u00e9s ou modifi\u00e9s selon les souhaits du client. NA. Pour \u00e9viter des probl\u00e8mes, entre autres, de r\u00e9ception ou non de retours, nous vous conseillons d\u2019envoyer l\u2019envoi de retour avec Track and Trace et suffisamment assur\u00e9. (Nous envoyons toujours nos colis avec Track and Trace et assur\u00e9s.)<\/span><\/p>\n<p><span style=\"color: #808080;\"><br \/>\n<\/span> <span style=\"color: #808080;\"><strong><u>Plaintes, d\u00e9sagr\u00e9ments majeurs ou mineurs<\/u><\/strong><\/span><\/p>\n<p><span style=\"color: #808080;\">Bien s\u00fbr, nous voulons \u00e9viter autant que possible, mais bien s\u00fbr, ceux-ci ne peuvent jamais \u00eatre exclus. L\u00e0 o\u00f9 le travail est fait, des erreurs sont commises et nous travaillons tr\u00e8s dur. Si vous avez quelque chose dont vous n\u2019\u00eates pas ou moins satisfait, s\u2019il vous pla\u00eet laissez-nous savoir parce que nous pouvons alors examiner ensemble une bonne solution pour toutes les parties. Nous trouvons \u00e9galement tr\u00e8s agr\u00e9able que vous nous fassiez savoir, ainsi qu\u2019\u00e0 d\u2019autres, que vous \u00eates tr\u00e8s satisfait. Apr\u00e8s tout, c\u2019est l\u2019un de nos objectifs importants.<\/span>[\/vc_column_text][\/vc_column_inner][vc_column_inner width=\u00a0\u00bb1\/2&Prime;][\/vc_column_inner][\/vc_row_inner][\/vc_column][\/vc_row][vc_row css=\u00a0\u00bb.vc_custom_1410359796122{padding-top: 60px !important;padding-bottom: 60px !important;background-color: #eaeaea !important;}\u00a0\u00bb background_style=\u00a0\u00bbnormal\u00a0\u00bb][vc_column][vc_column_text css=\u00a0\u00bb.vc_custom_1486040360087{margin-bottom: 35px !important;}\u00a0\u00bb]<\/p>\n<h3 style=\"text-align: center;\">Des questions sans r\u00e9ponse?<a title=\"Contact\" href=\"https:\/\/fourstrokebarn.com\/fr\/contact\/\"><span style=\"text-decoration: underline; color: #ec7a5c;\">Contactez-nous!<\/span><\/a><\/h3>\n<p>[\/vc_column_text][\/vc_column][\/vc_row]<\/p>\n<\/div>","protected":false},"excerpt":{"rendered":"<p>[vc_row type=\u00a0\u00bbboxed\u00a0\u00bb background_style=\u00a0\u00bbnormal\u00a0\u00bb css=\u00a0\u00bb.vc_custom_1585126235997{padding-right: 7% !important;padding-left: 7% !important;}\u00a0\u00bb][vc_column][vc_empty_space][vc_column_text css=\u00a0\u00bb.vc_custom_1585126355981{padding-right: 7% !important;padding-left: 7% !important;}\u00a0\u00bb]INFORMATIONS D\u2019EXP\u00c9DITION[\/vc_column_text][vc_row_inner css=\u00a0\u00bb.vc_custom_1585126209277{margin-bottom: 20px !important;padding-right: 7% !important;padding-left: 7%\u2026<\/p>\n","protected":false},"author":1,"featured_media":0,"parent":0,"menu_order":0,"comment_status":"closed","ping_status":"closed","template":"","meta":{"inline_featured_image":false,"_monsterinsights_skip_tracking":false,"_monsterinsights_sitenote_active":false,"_monsterinsights_sitenote_note":"","_monsterinsights_sitenote_category":0,"footnotes":""},"class_list":["post-185164","page","type-page","status-publish","hentry"],"yoast_head":"<!-- This site is optimized with the Yoast SEO Premium plugin v27.5 (Yoast SEO v27.5) - https:\/\/yoast.com\/product\/yoast-seo-premium-wordpress\/ -->\n<title>Exp\u00e9dition &amp; Retours &#183; Fourstrokebarn<\/title>\n<meta name=\"robots\" content=\"index, follow, max-snippet:-1, max-image-preview:large, max-video-preview:-1\" \/>\n<link rel=\"canonical\" href=\"https:\/\/fourstrokebarn.com\/fr\/expedition-retours\/\" \/>\n<meta property=\"og:locale\" content=\"fr_FR\" \/>\n<meta property=\"og:type\" content=\"article\" \/>\n<meta property=\"og:title\" content=\"Exp\u00e9dition &amp; Retours\" \/>\n<meta property=\"og:description\" content=\"[vc_row type=\u00a0\u00bbboxed\u00a0\u00bb background_style=\u00a0\u00bbnormal\u00a0\u00bb css=\u00a0\u00bb.vc_custom_1585126235997{padding-right: 7% !important;padding-left: 7% !important;}\u00a0\u00bb][vc_column][vc_empty_space][vc_column_text css=\u00a0\u00bb.vc_custom_1585126355981{padding-right: 7% !important;padding-left: 7% !important;}\u00a0\u00bb]INFORMATIONS D\u2019EXP\u00c9DITION[\/vc_column_text][vc_row_inner css=\u00a0\u00bb.vc_custom_1585126209277{margin-bottom: 20px !important;padding-right: 7% !important;padding-left: 7%\u2026\" \/>\n<meta property=\"og:url\" content=\"https:\/\/fourstrokebarn.com\/fr\/expedition-retours\/\" \/>\n<meta property=\"og:site_name\" content=\"Fourstrokebarn\" \/>\n<meta property=\"article:publisher\" content=\"https:\/\/www.facebook.com\/fourstrokebarn\" \/>\n<meta property=\"article:modified_time\" content=\"2023-01-18T17:36:21+00:00\" \/>\n<meta property=\"og:image\" content=\"https:\/\/fourstrokebarn.com\/wp-content\/uploads\/2021\/09\/aaaa.jpg\" \/>\n\t<meta property=\"og:image:width\" content=\"1301\" \/>\n\t<meta property=\"og:image:height\" content=\"831\" \/>\n\t<meta property=\"og:image:type\" content=\"image\/jpeg\" \/>\n<meta name=\"twitter:card\" content=\"summary_large_image\" \/>\n<meta name=\"twitter:label1\" content=\"Dur\u00e9e de lecture estim\u00e9e\" \/>\n\t<meta name=\"twitter:data1\" content=\"8 minutes\" \/>\n<script type=\"application\/ld+json\" class=\"yoast-schema-graph\">{\"@context\":\"https:\\\/\\\/schema.org\",\"@graph\":[{\"@type\":\"WebPage\",\"@id\":\"https:\\\/\\\/fourstrokebarn.com\\\/fr\\\/expedition-retours\\\/\",\"url\":\"https:\\\/\\\/fourstrokebarn.com\\\/fr\\\/expedition-retours\\\/\",\"name\":\"Exp\u00e9dition &amp; Retours &#183; Fourstrokebarn\",\"isPartOf\":{\"@id\":\"https:\\\/\\\/fourstrokebarn.com\\\/fr\\\/#website\"},\"datePublished\":\"2023-01-18T17:36:19+00:00\",\"dateModified\":\"2023-01-18T17:36:21+00:00\",\"breadcrumb\":{\"@id\":\"https:\\\/\\\/fourstrokebarn.com\\\/fr\\\/expedition-retours\\\/#breadcrumb\"},\"inLanguage\":\"fr-FR\",\"potentialAction\":[{\"@type\":\"ReadAction\",\"target\":[\"https:\\\/\\\/fourstrokebarn.com\\\/fr\\\/expedition-retours\\\/\"]}]},{\"@type\":\"BreadcrumbList\",\"@id\":\"https:\\\/\\\/fourstrokebarn.com\\\/fr\\\/expedition-retours\\\/#breadcrumb\",\"itemListElement\":[{\"@type\":\"ListItem\",\"position\":1,\"name\":\"Domicile\",\"item\":\"https:\\\/\\\/fourstrokebarn.com\\\/fr\\\/cyclomoteurs-honda-4-temps-et-pieces-a-vendre\\\/\"},{\"@type\":\"ListItem\",\"position\":2,\"name\":\"Exp\u00e9dition &amp; Retours\"}]},{\"@type\":\"WebSite\",\"@id\":\"https:\\\/\\\/fourstrokebarn.com\\\/fr\\\/#website\",\"url\":\"https:\\\/\\\/fourstrokebarn.com\\\/fr\\\/\",\"name\":\"Fourstrokebarn\",\"description\":\"New &amp; used Honda 4-stroke classic bikes &amp; parts\",\"publisher\":{\"@id\":\"https:\\\/\\\/fourstrokebarn.com\\\/fr\\\/#organization\"},\"potentialAction\":[{\"@type\":\"SearchAction\",\"target\":{\"@type\":\"EntryPoint\",\"urlTemplate\":\"https:\\\/\\\/fourstrokebarn.com\\\/fr\\\/?s={search_term_string}\"},\"query-input\":{\"@type\":\"PropertyValueSpecification\",\"valueRequired\":true,\"valueName\":\"search_term_string\"}}],\"inLanguage\":\"fr-FR\"},{\"@type\":\"Organization\",\"@id\":\"https:\\\/\\\/fourstrokebarn.com\\\/fr\\\/#organization\",\"name\":\"Fourstrokebarn\",\"url\":\"https:\\\/\\\/fourstrokebarn.com\\\/fr\\\/\",\"logo\":{\"@type\":\"ImageObject\",\"inLanguage\":\"fr-FR\",\"@id\":\"https:\\\/\\\/fourstrokebarn.com\\\/fr\\\/#\\\/schema\\\/logo\\\/image\\\/\",\"url\":\"https:\\\/\\\/fourstrokebarn.com\\\/wp-content\\\/uploads\\\/2017\\\/01\\\/Foutstrokebarn_web_logo_rood.png\",\"contentUrl\":\"https:\\\/\\\/fourstrokebarn.com\\\/wp-content\\\/uploads\\\/2017\\\/01\\\/Foutstrokebarn_web_logo_rood.png\",\"width\":355,\"height\":163,\"caption\":\"Fourstrokebarn\"},\"image\":{\"@id\":\"https:\\\/\\\/fourstrokebarn.com\\\/fr\\\/#\\\/schema\\\/logo\\\/image\\\/\"},\"sameAs\":[\"https:\\\/\\\/www.facebook.com\\\/fourstrokebarn\"]}]}<\/script>\n<!-- \/ Yoast SEO Premium plugin. -->","yoast_head_json":{"title":"Exp\u00e9dition &amp; Retours &#183; Fourstrokebarn","robots":{"index":"index","follow":"follow","max-snippet":"max-snippet:-1","max-image-preview":"max-image-preview:large","max-video-preview":"max-video-preview:-1"},"canonical":"https:\/\/fourstrokebarn.com\/fr\/expedition-retours\/","og_locale":"fr_FR","og_type":"article","og_title":"Exp\u00e9dition &amp; Retours","og_description":"[vc_row type=\u00a0\u00bbboxed\u00a0\u00bb background_style=\u00a0\u00bbnormal\u00a0\u00bb css=\u00a0\u00bb.vc_custom_1585126235997{padding-right: 7% !important;padding-left: 7% !important;}\u00a0\u00bb][vc_column][vc_empty_space][vc_column_text css=\u00a0\u00bb.vc_custom_1585126355981{padding-right: 7% !important;padding-left: 7% !important;}\u00a0\u00bb]INFORMATIONS D\u2019EXP\u00c9DITION[\/vc_column_text][vc_row_inner css=\u00a0\u00bb.vc_custom_1585126209277{margin-bottom: 20px !important;padding-right: 7% !important;padding-left: 7%\u2026","og_url":"https:\/\/fourstrokebarn.com\/fr\/expedition-retours\/","og_site_name":"Fourstrokebarn","article_publisher":"https:\/\/www.facebook.com\/fourstrokebarn","article_modified_time":"2023-01-18T17:36:21+00:00","og_image":[{"width":1301,"height":831,"url":"https:\/\/fourstrokebarn.com\/wp-content\/uploads\/2021\/09\/aaaa.jpg","type":"image\/jpeg"}],"twitter_card":"summary_large_image","twitter_misc":{"Dur\u00e9e de lecture estim\u00e9e":"8 minutes"},"schema":{"@context":"https:\/\/schema.org","@graph":[{"@type":"WebPage","@id":"https:\/\/fourstrokebarn.com\/fr\/expedition-retours\/","url":"https:\/\/fourstrokebarn.com\/fr\/expedition-retours\/","name":"Exp\u00e9dition &amp; Retours &#183; Fourstrokebarn","isPartOf":{"@id":"https:\/\/fourstrokebarn.com\/fr\/#website"},"datePublished":"2023-01-18T17:36:19+00:00","dateModified":"2023-01-18T17:36:21+00:00","breadcrumb":{"@id":"https:\/\/fourstrokebarn.com\/fr\/expedition-retours\/#breadcrumb"},"inLanguage":"fr-FR","potentialAction":[{"@type":"ReadAction","target":["https:\/\/fourstrokebarn.com\/fr\/expedition-retours\/"]}]},{"@type":"BreadcrumbList","@id":"https:\/\/fourstrokebarn.com\/fr\/expedition-retours\/#breadcrumb","itemListElement":[{"@type":"ListItem","position":1,"name":"Domicile","item":"https:\/\/fourstrokebarn.com\/fr\/cyclomoteurs-honda-4-temps-et-pieces-a-vendre\/"},{"@type":"ListItem","position":2,"name":"Exp\u00e9dition &amp; Retours"}]},{"@type":"WebSite","@id":"https:\/\/fourstrokebarn.com\/fr\/#website","url":"https:\/\/fourstrokebarn.com\/fr\/","name":"Fourstrokebarn","description":"New &amp; used Honda 4-stroke classic bikes &amp; parts","publisher":{"@id":"https:\/\/fourstrokebarn.com\/fr\/#organization"},"potentialAction":[{"@type":"SearchAction","target":{"@type":"EntryPoint","urlTemplate":"https:\/\/fourstrokebarn.com\/fr\/?s={search_term_string}"},"query-input":{"@type":"PropertyValueSpecification","valueRequired":true,"valueName":"search_term_string"}}],"inLanguage":"fr-FR"},{"@type":"Organization","@id":"https:\/\/fourstrokebarn.com\/fr\/#organization","name":"Fourstrokebarn","url":"https:\/\/fourstrokebarn.com\/fr\/","logo":{"@type":"ImageObject","inLanguage":"fr-FR","@id":"https:\/\/fourstrokebarn.com\/fr\/#\/schema\/logo\/image\/","url":"https:\/\/fourstrokebarn.com\/wp-content\/uploads\/2017\/01\/Foutstrokebarn_web_logo_rood.png","contentUrl":"https:\/\/fourstrokebarn.com\/wp-content\/uploads\/2017\/01\/Foutstrokebarn_web_logo_rood.png","width":355,"height":163,"caption":"Fourstrokebarn"},"image":{"@id":"https:\/\/fourstrokebarn.com\/fr\/#\/schema\/logo\/image\/"},"sameAs":["https:\/\/www.facebook.com\/fourstrokebarn"]}]}},"_links":{"self":[{"href":"https:\/\/fourstrokebarn.com\/fr\/wp-json\/wp\/v2\/pages\/185164","targetHints":{"allow":["GET"]}}],"collection":[{"href":"https:\/\/fourstrokebarn.com\/fr\/wp-json\/wp\/v2\/pages"}],"about":[{"href":"https:\/\/fourstrokebarn.com\/fr\/wp-json\/wp\/v2\/types\/page"}],"author":[{"embeddable":true,"href":"https:\/\/fourstrokebarn.com\/fr\/wp-json\/wp\/v2\/users\/1"}],"replies":[{"embeddable":true,"href":"https:\/\/fourstrokebarn.com\/fr\/wp-json\/wp\/v2\/comments?post=185164"}],"version-history":[{"count":1,"href":"https:\/\/fourstrokebarn.com\/fr\/wp-json\/wp\/v2\/pages\/185164\/revisions"}],"predecessor-version":[{"id":185169,"href":"https:\/\/fourstrokebarn.com\/fr\/wp-json\/wp\/v2\/pages\/185164\/revisions\/185169"}],"wp:attachment":[{"href":"https:\/\/fourstrokebarn.com\/fr\/wp-json\/wp\/v2\/media?parent=185164"}],"curies":[{"name":"wp","href":"https:\/\/api.w.org\/{rel}","templated":true}]}}