{"id":198740,"date":"2023-11-11T10:53:09","date_gmt":"2023-11-11T09:53:09","guid":{"rendered":"https:\/\/fourstrokebarn.com\/pieces-honda-nos-a-vendre\/"},"modified":"2023-11-11T15:02:31","modified_gmt":"2023-11-11T14:02:31","slug":"pieces-honda-nos-a-vendre","status":"publish","type":"page","link":"https:\/\/fourstrokebarn.com\/fr\/pieces-honda-nos-a-vendre\/","title":{"rendered":"Pi\u00e8ces Honda NOS \u00e0 vendre"},"content":{"rendered":"<div class=\"wpb-content-wrapper\"><p>[vc_row full_width=\u00a0\u00bbstretch_row\u00a0\u00bb content_placement=\u00a0\u00bbmiddle\u00a0\u00bb font_color=\u00a0\u00bb#000000&Prime; css=\u00a0\u00bb.vc_custom_1698829702211{padding-top: 0px !important;padding-right: 15% !important;padding-bottom: 4% !important;padding-left: 15% !important;background-color: #e9eff1 !important;background-position: center !important;background-repeat: no-repeat !important;background-size: cover !important;}\u00a0\u00bb background_style=\u00a0\u00bbparallax\u00a0\u00bb][vc_column][vc_column_text css=\u00a0\u00bb.vc_custom_1699711302612{margin-top: 0px !important;margin-bottom: 20px !important;border-top-width: 0px !important;padding-top: 0px !important;}\u00a0\u00bb]<\/p>\n<h2 style=\"text-align: center;\"><span style=\"color: #e96c48; font-size: 14px; font-weight: 500; text-transform: uppercase; letter-spacing: 5px;\">GRote stock&#8230;<\/span><\/h2>\n<p style=\"text-align: center;\"><span style=\"color: #000000; font-size: 2.5rem; font-family: NeueEinstellung, sans-serif; font-weight: 500;\">Pi\u00e8ces Honda NOS \u00e0 vendre<\/span><br \/>\n<span style=\"color: #000000; font-size: 22px;\">\u2013<\/span><br \/>\n<span style=\"color: #000000; font-size: 21px;\">Il n\u2019y a pas si longtemps, nous avons pu acheter un \u00e9norme stock de pi\u00e8ces NOS que nous t\u00e9l\u00e9chargeons lentement mais s\u00fbrement sur la boutique en ligne.  <\/span><span style=\"color: #000000; font-size: 21px;\">Jusqu\u2019\u00e0 ce que cela soit fait, vous pouvez voir ce que nous avons disponible sur la liste ci-dessous. <strong>La liste est mise \u00e0 jour en permanence<\/strong>. La combinaison de touches \u00ab Control F \u00bb peut \u00eatre utilis\u00e9e pour rechercher des num\u00e9ros Honda.  <\/span><span style=\"color: #000000; font-size: 21px;\">Pour les prix ou d\u2019autres questions, vous pouvez appeler ou appliquer 0643087945<\/span><\/p>\n<p>[\/vc_column_text][\/vc_column][\/vc_row][vc_row][vc_column][vc_column_text]<iframe loading=\"lazy\" src=\"https:\/\/docs.google.com\/spreadsheets\/d\/e\/2PACX-1vRR4FRR1BJf_amtv2CD_8seVU2xZzxTxtcXTLQCO2Ls-ATfGbLKAcEG0LqjIGuMGa5xzI-EXB5a-Stw\/pubhtml?gid=1115647167&amp;single=true&amp;widget=true&amp;headers=false\" width=\"100%\" height=\"1500\"><\/iframe>[\/vc_column_text][\/vc_column][\/vc_row]<\/p>\n<\/div>","protected":false},"excerpt":{"rendered":"<p>[vc_row full_width=\u00a0\u00bbstretch_row\u00a0\u00bb content_placement=\u00a0\u00bbmiddle\u00a0\u00bb font_color=\u00a0\u00bb#000000&Prime; css=\u00a0\u00bb.vc_custom_1698829702211{padding-top: 0px !important;padding-right: 15% !important;padding-bottom: 4% !important;padding-left: 15% !important;background-color: #e9eff1 !important;background-position: center !important;background-repeat: no-repeat !important;background-size: cover\u2026<\/p>\n","protected":false},"author":1,"featured_media":0,"parent":0,"menu_order":0,"comment_status":"closed","ping_status":"closed","template":"","meta":{"inline_featured_image":false,"_monsterinsights_skip_tracking":false,"_monsterinsights_sitenote_active":false,"_monsterinsights_sitenote_note":"","_monsterinsights_sitenote_category":0,"footnotes":""},"class_list":["post-198740","page","type-page","status-publish","hentry"],"yoast_head":"<!-- This site is optimized with the Yoast SEO Premium plugin v27.5 (Yoast SEO v27.5) - https:\/\/yoast.com\/product\/yoast-seo-premium-wordpress\/ -->\n<title>Des centaines de cyclomoteurs Honda 4 temps et des milliers de pi\u00e8ces<\/title>\n<meta name=\"description\" content=\"La plus grande gamme de cyclomoteurs 4 temps Honda classiques et plus r\u00e9cents, des milliers de pi\u00e8ces neuves et usag\u00e9es, le plus de choix, les prix les plus bas.\" \/>\n<meta name=\"robots\" content=\"index, follow, max-snippet:-1, max-image-preview:large, max-video-preview:-1\" \/>\n<link rel=\"canonical\" href=\"https:\/\/fourstrokebarn.com\/fr\/pieces-honda-nos-a-vendre\/\" \/>\n<meta property=\"og:locale\" content=\"fr_FR\" \/>\n<meta property=\"og:type\" content=\"article\" \/>\n<meta property=\"og:title\" content=\"Pi\u00e8ces Honda NOS \u00e0 vendre\" \/>\n<meta property=\"og:description\" content=\"La plus grande gamme de cyclomoteurs 4 temps Honda classiques et plus r\u00e9cents, des milliers de pi\u00e8ces neuves et usag\u00e9es, le plus de choix, les prix les plus bas.\" \/>\n<meta property=\"og:url\" content=\"https:\/\/fourstrokebarn.com\/fr\/pieces-honda-nos-a-vendre\/\" \/>\n<meta property=\"og:site_name\" content=\"Fourstrokebarn\" \/>\n<meta property=\"article:publisher\" content=\"https:\/\/www.facebook.com\/fourstrokebarn\" \/>\n<meta property=\"article:modified_time\" content=\"2023-11-11T14:02:31+00:00\" \/>\n<meta property=\"og:image\" content=\"https:\/\/fourstrokebarn.com\/wp-content\/uploads\/2021\/09\/aaaa.jpg\" \/>\n\t<meta property=\"og:image:width\" content=\"1301\" \/>\n\t<meta property=\"og:image:height\" content=\"831\" \/>\n\t<meta property=\"og:image:type\" content=\"image\/jpeg\" \/>\n<meta name=\"twitter:card\" content=\"summary_large_image\" \/>\n<meta name=\"twitter:label1\" content=\"Dur\u00e9e de lecture estim\u00e9e\" \/>\n\t<meta name=\"twitter:data1\" content=\"1 minute\" \/>\n<script type=\"application\/ld+json\" class=\"yoast-schema-graph\">{\"@context\":\"https:\\\/\\\/schema.org\",\"@graph\":[{\"@type\":\"WebPage\",\"@id\":\"https:\\\/\\\/fourstrokebarn.com\\\/fr\\\/pieces-honda-nos-a-vendre\\\/\",\"url\":\"https:\\\/\\\/fourstrokebarn.com\\\/fr\\\/pieces-honda-nos-a-vendre\\\/\",\"name\":\"Des centaines de cyclomoteurs Honda 4 temps et des milliers de pi\u00e8ces\",\"isPartOf\":{\"@id\":\"https:\\\/\\\/fourstrokebarn.com\\\/fr\\\/#website\"},\"datePublished\":\"2023-11-11T09:53:09+00:00\",\"dateModified\":\"2023-11-11T14:02:31+00:00\",\"description\":\"La plus grande gamme de cyclomoteurs 4 temps Honda classiques et plus r\u00e9cents, des milliers de pi\u00e8ces neuves et usag\u00e9es, le plus de choix, les prix les plus bas.\",\"breadcrumb\":{\"@id\":\"https:\\\/\\\/fourstrokebarn.com\\\/fr\\\/pieces-honda-nos-a-vendre\\\/#breadcrumb\"},\"inLanguage\":\"fr-FR\",\"potentialAction\":[{\"@type\":\"ReadAction\",\"target\":[\"https:\\\/\\\/fourstrokebarn.com\\\/fr\\\/pieces-honda-nos-a-vendre\\\/\"]}]},{\"@type\":\"BreadcrumbList\",\"@id\":\"https:\\\/\\\/fourstrokebarn.com\\\/fr\\\/pieces-honda-nos-a-vendre\\\/#breadcrumb\",\"itemListElement\":[{\"@type\":\"ListItem\",\"position\":1,\"name\":\"Domicile\",\"item\":\"https:\\\/\\\/fourstrokebarn.com\\\/fr\\\/cyclomoteurs-honda-4-temps-et-pieces-a-vendre\\\/\"},{\"@type\":\"ListItem\",\"position\":2,\"name\":\"Pi\u00e8ces Honda NOS \u00e0 vendre\"}]},{\"@type\":\"WebSite\",\"@id\":\"https:\\\/\\\/fourstrokebarn.com\\\/fr\\\/#website\",\"url\":\"https:\\\/\\\/fourstrokebarn.com\\\/fr\\\/\",\"name\":\"Fourstrokebarn\",\"description\":\"New &amp; used Honda 4-stroke classic bikes &amp; parts\",\"publisher\":{\"@id\":\"https:\\\/\\\/fourstrokebarn.com\\\/fr\\\/#organization\"},\"potentialAction\":[{\"@type\":\"SearchAction\",\"target\":{\"@type\":\"EntryPoint\",\"urlTemplate\":\"https:\\\/\\\/fourstrokebarn.com\\\/fr\\\/?s={search_term_string}\"},\"query-input\":{\"@type\":\"PropertyValueSpecification\",\"valueRequired\":true,\"valueName\":\"search_term_string\"}}],\"inLanguage\":\"fr-FR\"},{\"@type\":\"Organization\",\"@id\":\"https:\\\/\\\/fourstrokebarn.com\\\/fr\\\/#organization\",\"name\":\"Fourstrokebarn\",\"url\":\"https:\\\/\\\/fourstrokebarn.com\\\/fr\\\/\",\"logo\":{\"@type\":\"ImageObject\",\"inLanguage\":\"fr-FR\",\"@id\":\"https:\\\/\\\/fourstrokebarn.com\\\/fr\\\/#\\\/schema\\\/logo\\\/image\\\/\",\"url\":\"https:\\\/\\\/fourstrokebarn.com\\\/wp-content\\\/uploads\\\/2017\\\/01\\\/Foutstrokebarn_web_logo_rood.png\",\"contentUrl\":\"https:\\\/\\\/fourstrokebarn.com\\\/wp-content\\\/uploads\\\/2017\\\/01\\\/Foutstrokebarn_web_logo_rood.png\",\"width\":355,\"height\":163,\"caption\":\"Fourstrokebarn\"},\"image\":{\"@id\":\"https:\\\/\\\/fourstrokebarn.com\\\/fr\\\/#\\\/schema\\\/logo\\\/image\\\/\"},\"sameAs\":[\"https:\\\/\\\/www.facebook.com\\\/fourstrokebarn\"]}]}<\/script>\n<!-- \/ Yoast SEO Premium plugin. -->","yoast_head_json":{"title":"Des centaines de cyclomoteurs Honda 4 temps et des milliers de pi\u00e8ces","description":"La plus grande gamme de cyclomoteurs 4 temps Honda classiques et plus r\u00e9cents, des milliers de pi\u00e8ces neuves et usag\u00e9es, le plus de choix, les prix les plus bas.","robots":{"index":"index","follow":"follow","max-snippet":"max-snippet:-1","max-image-preview":"max-image-preview:large","max-video-preview":"max-video-preview:-1"},"canonical":"https:\/\/fourstrokebarn.com\/fr\/pieces-honda-nos-a-vendre\/","og_locale":"fr_FR","og_type":"article","og_title":"Pi\u00e8ces Honda NOS \u00e0 vendre","og_description":"La plus grande gamme de cyclomoteurs 4 temps Honda classiques et plus r\u00e9cents, des milliers de pi\u00e8ces neuves et usag\u00e9es, le plus de choix, les prix les plus bas.","og_url":"https:\/\/fourstrokebarn.com\/fr\/pieces-honda-nos-a-vendre\/","og_site_name":"Fourstrokebarn","article_publisher":"https:\/\/www.facebook.com\/fourstrokebarn","article_modified_time":"2023-11-11T14:02:31+00:00","og_image":[{"width":1301,"height":831,"url":"https:\/\/fourstrokebarn.com\/wp-content\/uploads\/2021\/09\/aaaa.jpg","type":"image\/jpeg"}],"twitter_card":"summary_large_image","twitter_misc":{"Dur\u00e9e de lecture estim\u00e9e":"1 minute"},"schema":{"@context":"https:\/\/schema.org","@graph":[{"@type":"WebPage","@id":"https:\/\/fourstrokebarn.com\/fr\/pieces-honda-nos-a-vendre\/","url":"https:\/\/fourstrokebarn.com\/fr\/pieces-honda-nos-a-vendre\/","name":"Des centaines de cyclomoteurs Honda 4 temps et des milliers de pi\u00e8ces","isPartOf":{"@id":"https:\/\/fourstrokebarn.com\/fr\/#website"},"datePublished":"2023-11-11T09:53:09+00:00","dateModified":"2023-11-11T14:02:31+00:00","description":"La plus grande gamme de cyclomoteurs 4 temps Honda classiques et plus r\u00e9cents, des milliers de pi\u00e8ces neuves et usag\u00e9es, le plus de choix, les prix les plus bas.","breadcrumb":{"@id":"https:\/\/fourstrokebarn.com\/fr\/pieces-honda-nos-a-vendre\/#breadcrumb"},"inLanguage":"fr-FR","potentialAction":[{"@type":"ReadAction","target":["https:\/\/fourstrokebarn.com\/fr\/pieces-honda-nos-a-vendre\/"]}]},{"@type":"BreadcrumbList","@id":"https:\/\/fourstrokebarn.com\/fr\/pieces-honda-nos-a-vendre\/#breadcrumb","itemListElement":[{"@type":"ListItem","position":1,"name":"Domicile","item":"https:\/\/fourstrokebarn.com\/fr\/cyclomoteurs-honda-4-temps-et-pieces-a-vendre\/"},{"@type":"ListItem","position":2,"name":"Pi\u00e8ces Honda NOS \u00e0 vendre"}]},{"@type":"WebSite","@id":"https:\/\/fourstrokebarn.com\/fr\/#website","url":"https:\/\/fourstrokebarn.com\/fr\/","name":"Fourstrokebarn","description":"New &amp; used Honda 4-stroke classic bikes &amp; parts","publisher":{"@id":"https:\/\/fourstrokebarn.com\/fr\/#organization"},"potentialAction":[{"@type":"SearchAction","target":{"@type":"EntryPoint","urlTemplate":"https:\/\/fourstrokebarn.com\/fr\/?s={search_term_string}"},"query-input":{"@type":"PropertyValueSpecification","valueRequired":true,"valueName":"search_term_string"}}],"inLanguage":"fr-FR"},{"@type":"Organization","@id":"https:\/\/fourstrokebarn.com\/fr\/#organization","name":"Fourstrokebarn","url":"https:\/\/fourstrokebarn.com\/fr\/","logo":{"@type":"ImageObject","inLanguage":"fr-FR","@id":"https:\/\/fourstrokebarn.com\/fr\/#\/schema\/logo\/image\/","url":"https:\/\/fourstrokebarn.com\/wp-content\/uploads\/2017\/01\/Foutstrokebarn_web_logo_rood.png","contentUrl":"https:\/\/fourstrokebarn.com\/wp-content\/uploads\/2017\/01\/Foutstrokebarn_web_logo_rood.png","width":355,"height":163,"caption":"Fourstrokebarn"},"image":{"@id":"https:\/\/fourstrokebarn.com\/fr\/#\/schema\/logo\/image\/"},"sameAs":["https:\/\/www.facebook.com\/fourstrokebarn"]}]}},"_links":{"self":[{"href":"https:\/\/fourstrokebarn.com\/fr\/wp-json\/wp\/v2\/pages\/198740","targetHints":{"allow":["GET"]}}],"collection":[{"href":"https:\/\/fourstrokebarn.com\/fr\/wp-json\/wp\/v2\/pages"}],"about":[{"href":"https:\/\/fourstrokebarn.com\/fr\/wp-json\/wp\/v2\/types\/page"}],"author":[{"embeddable":true,"href":"https:\/\/fourstrokebarn.com\/fr\/wp-json\/wp\/v2\/users\/1"}],"replies":[{"embeddable":true,"href":"https:\/\/fourstrokebarn.com\/fr\/wp-json\/wp\/v2\/comments?post=198740"}],"version-history":[{"count":16,"href":"https:\/\/fourstrokebarn.com\/fr\/wp-json\/wp\/v2\/pages\/198740\/revisions"}],"predecessor-version":[{"id":198793,"href":"https:\/\/fourstrokebarn.com\/fr\/wp-json\/wp\/v2\/pages\/198740\/revisions\/198793"}],"wp:attachment":[{"href":"https:\/\/fourstrokebarn.com\/fr\/wp-json\/wp\/v2\/media?parent=198740"}],"curies":[{"name":"wp","href":"https:\/\/api.w.org\/{rel}","templated":true}]}}