{"id":202810,"date":"2024-03-20T13:53:28","date_gmt":"2024-03-20T12:53:28","guid":{"rendered":"https:\/\/fourstrokebarn.com\/pas-dans-la-boutique-en-ligne-peut-etre-en-stock-apres-tout\/"},"modified":"2025-04-16T15:22:05","modified_gmt":"2025-04-16T13:22:05","slug":"pas-dans-la-boutique-en-ligne-peut-etre-en-stock-apres-tout","status":"publish","type":"page","link":"https:\/\/fourstrokebarn.com\/fr\/pas-dans-la-boutique-en-ligne-peut-etre-en-stock-apres-tout\/","title":{"rendered":"Pas dans la boutique en ligne, peut-\u00eatre en stock apr\u00e8s tout"},"content":{"rendered":"<div class=\"wpb-content-wrapper\"><p>[vc_row full_width=\u00a0\u00bbstretch_row\u00a0\u00bb content_placement=\u00a0\u00bbmiddle\u00a0\u00bb font_color=\u00a0\u00bb#000000&Prime; css=\u00a0\u00bb.vc_custom_1679993753790{padding-top: 4% !important;padding-bottom: 4% !important;background-color: #e9eff1 !important;background-position: center !important;background-repeat: no-repeat !important;background-size: cover !important;}\u00a0\u00bb background_style=\u00a0\u00bbparallax\u00a0\u00bb][vc_column width=\u00a0\u00bb1\/2&Prime;][vc_column_text css=\u00a0\u00bb.vc_custom_1728478956618{margin-top: 0px !important;margin-bottom: 20px !important;border-top-width: 0px !important;padding-top: 0px !important;}\u00a0\u00bb]<\/p>\n<h2><span style=\"color: #e96c48; font-size: 14px; font-weight: 500; text-transform: uppercase; letter-spacing: 5px;\">Eh bien, ce n\u2019est pas ce que vous voulez dire&#8230;<\/span><\/h2>\n<h1 style=\"text-align: left;\">Vous n\u2019avez pas trouv\u00e9 ce que vous cherchiez. Butrrrr&#8230; Cela ne veut pas dire que nous ne l\u2019avons pas !<\/h1>\n<p><span style=\"color: #000000; font-size: 22px;\">\u2013<\/span><br \/>\nNous avons <strong>beaucoup<\/strong> de stock qui n\u2019est pas (encore) sur la boutique en ligne. De pr\u00e9f\u00e9rence, faites-nous savoir ce que vous recherchez via <a href=\"https:\/\/api.whatsapp.com\/send?phone=31643087945&amp;text=Niet%20op%20de%20webshop%2C%20misschien%20toch%20op%20voorraad%20%3F\"><strong>Whatsapp<\/strong><\/a> , et nous verrons si nous ne l\u2019avons vraiment pas.<\/p>\n<p>Vous n\u2019utilisez pas Whatsapp ? Ensuite, vous pouvez \u00e9galement appeler le +31643087945[\/vc_column_text][\/vc_column][vc_column width=\u00a0\u00bb1\/2&Prime;][vc_single_image image=\u00a0\u00bb202808&Prime; img_size=\u00a0\u00bbfull\u00a0\u00bb css=\u00a0\u00bb.vc_custom_1710939188663{margin-top: 0px !important;margin-bottom: 0px !important;padding-top: 0px !important;padding-bottom: 0px !important;}\u00a0\u00bb][vc_column_text el_class=\u00a0\u00bbzoekwhatsapp\u00a0\u00bb]<div class=\"nta_wa_button\" data-id=\"202794\" data-info=\"{&quot;name&quot;:&quot;Je onderdeel niet gevonden?&quot;,&quot;info&quot;:{&quot;number&quot;:&quot;+31643087945&quot;,&quot;title&quot;:&quot;Fourstrokebarn&quot;,&quot;predefinedText&quot;:&quot;[njwa_page_title]&quot;,&quot;willBeBackText&quot;:&quot;I will be back in [njwa_time_work]&quot;,&quot;dayOffsText&quot;:&quot;I will be back soon&quot;,&quot;isAlwaysAvailable&quot;:&quot;ON&quot;,&quot;daysOfWeekWorking&quot;:{&quot;sunday&quot;:{&quot;isWorkingOnDay&quot;:&quot;OFF&quot;,&quot;workHours&quot;:[{&quot;startTime&quot;:&quot;08:00&quot;,&quot;endTime&quot;:&quot;17:30&quot;}]},&quot;monday&quot;:{&quot;isWorkingOnDay&quot;:&quot;OFF&quot;,&quot;workHours&quot;:[{&quot;startTime&quot;:&quot;08:00&quot;,&quot;endTime&quot;:&quot;17:30&quot;}]},&quot;tuesday&quot;:{&quot;isWorkingOnDay&quot;:&quot;OFF&quot;,&quot;workHours&quot;:[{&quot;startTime&quot;:&quot;08:00&quot;,&quot;endTime&quot;:&quot;17:30&quot;}]},&quot;wednesday&quot;:{&quot;isWorkingOnDay&quot;:&quot;OFF&quot;,&quot;workHours&quot;:[{&quot;startTime&quot;:&quot;08:00&quot;,&quot;endTime&quot;:&quot;17:30&quot;}]},&quot;thursday&quot;:{&quot;isWorkingOnDay&quot;:&quot;OFF&quot;,&quot;workHours&quot;:[{&quot;startTime&quot;:&quot;08:00&quot;,&quot;endTime&quot;:&quot;17:30&quot;}]},&quot;friday&quot;:{&quot;isWorkingOnDay&quot;:&quot;OFF&quot;,&quot;workHours&quot;:[{&quot;startTime&quot;:&quot;08:00&quot;,&quot;endTime&quot;:&quot;17:30&quot;}]},&quot;saturday&quot;:{&quot;isWorkingOnDay&quot;:&quot;OFF&quot;,&quot;workHours&quot;:[{&quot;startTime&quot;:&quot;08:00&quot;,&quot;endTime&quot;:&quot;17:30&quot;}]}}},&quot;styles&quot;:{&quot;type&quot;:&quot;round&quot;,&quot;backgroundColor&quot;:&quot;#00e678&quot;,&quot;textColor&quot;:&quot;#fff&quot;,&quot;label&quot;:&quot;Vertel ons waarnaar je op zoek bent!&quot;,&quot;width&quot;:300,&quot;height&quot;:64},&quot;avatar&quot;:false,&quot;options&quot;:{&quot;display&quot;:{&quot;displayCondition&quot;:&quot;showAllPage&quot;,&quot;displayPostCondition&quot;:&quot;showAllPost&quot;,&quot;includePages&quot;:[],&quot;excludePages&quot;:[],&quot;includePosts&quot;:[],&quot;excludePosts&quot;:[],&quot;showOnDesktop&quot;:&quot;ON&quot;,&quot;showOnMobile&quot;:&quot;ON&quot;,&quot;time_symbols&quot;:&quot;h:m&quot;},&quot;styles&quot;:{&quot;title&quot;:&quot;Whatsapp&quot;,&quot;responseText&quot;:&quot;&quot;,&quot;description&quot;:&quot;&quot;,&quot;backgroundColor&quot;:&quot;#00e678&quot;,&quot;textColor&quot;:&quot;#fff&quot;,&quot;titleSize&quot;:18,&quot;accountNameSize&quot;:14,&quot;descriptionTextSize&quot;:12,&quot;regularTextSize&quot;:11,&quot;scrollHeight&quot;:&quot;500&quot;,&quot;isShowScroll&quot;:&quot;OFF&quot;,&quot;isShowResponseText&quot;:&quot;OFF&quot;,&quot;isShowPoweredBy&quot;:&quot;ON&quot;,&quot;btnLabel&quot;:&quot;Help?!&quot;,&quot;btnLabelWidth&quot;:&quot;53&quot;,&quot;btnPosition&quot;:&quot;right&quot;,&quot;btnLeftDistance&quot;:&quot;30&quot;,&quot;btnRightDistance&quot;:&quot;30&quot;,&quot;btnBottomDistance&quot;:&quot;30&quot;,&quot;isShowBtnLabel&quot;:&quot;OFF&quot;,&quot;isShowGDPR&quot;:&quot;OFF&quot;,&quot;gdprContent&quot;:&quot;Please accept our &lt;a href=\\&quot;https:\\\/\\\/ninjateam.org\\\/privacy-policy\\\/\\&quot;&gt;privacy policy&lt;\\\/a&gt; first to start a conversation.&quot;,&quot;widgetType&quot;:&quot;expandable&quot;},&quot;analytics&quot;:{&quot;enabledGoogle&quot;:&quot;OFF&quot;,&quot;enabledFacebook&quot;:&quot;OFF&quot;,&quot;enabledGoogleGA4&quot;:&quot;OFF&quot;}},&quot;gdprStatus&quot;:false,&quot;defaultAvatar&quot;:&quot;https:\\\/\\\/fourstrokebarn.com\\\/wp-content\\\/plugins\\\/whatsapp-for-wordpress\\\/assets\\\/img\\\/whatsapp_logo.svg&quot;}\"><\/div>[\/vc_column_text][\/vc_column][\/vc_row]<\/p>\n<\/div>","protected":false},"excerpt":{"rendered":"<p>[vc_row full_width=\u00a0\u00bbstretch_row\u00a0\u00bb content_placement=\u00a0\u00bbmiddle\u00a0\u00bb font_color=\u00a0\u00bb#000000&Prime; css=\u00a0\u00bb.vc_custom_1679993753790{padding-top: 4% !important;padding-bottom: 4% !important;background-color: #e9eff1 !important;background-position: center !important;background-repeat: no-repeat !important;background-size: cover !important;}\u00a0\u00bb background_style=\u00a0\u00bbparallax\u00a0\u00bb][vc_column width=\u00a0\u00bb1\/2&Prime;][vc_column_text css=\u00a0\u00bb.vc_custom_1728478956618{margin-top:\u2026<\/p>\n","protected":false},"author":1,"featured_media":201491,"parent":0,"menu_order":0,"comment_status":"closed","ping_status":"closed","template":"","meta":{"inline_featured_image":false,"_monsterinsights_skip_tracking":false,"_monsterinsights_sitenote_active":false,"_monsterinsights_sitenote_note":"","_monsterinsights_sitenote_category":0,"footnotes":""},"class_list":["post-202810","page","type-page","status-publish","has-post-thumbnail","hentry"],"yoast_head":"<!-- This site is optimized with the Yoast SEO Premium plugin v27.5 (Yoast SEO v27.5) - https:\/\/yoast.com\/product\/yoast-seo-premium-wordpress\/ -->\n<title>?<\/title>\n<meta name=\"description\" content=\"Vous avez un cyclomoteur ou une moto import\u00e9 du Japon? Nous organiserons cela pour vous. Flexible, transparent et au meilleur prix!\" \/>\n<meta name=\"robots\" content=\"index, follow, max-snippet:-1, max-image-preview:large, max-video-preview:-1\" \/>\n<link rel=\"canonical\" href=\"https:\/\/fourstrokebarn.com\/fr\/pas-dans-la-boutique-en-ligne-peut-etre-en-stock-apres-tout\/\" \/>\n<meta property=\"og:locale\" content=\"fr_FR\" \/>\n<meta property=\"og:type\" content=\"article\" \/>\n<meta property=\"og:title\" content=\"Pas dans la boutique en ligne, peut-\u00eatre en stock apr\u00e8s tout\" \/>\n<meta property=\"og:description\" content=\"Vous avez un cyclomoteur ou une moto import\u00e9 du Japon? Nous organiserons cela pour vous. Flexible, transparent et au meilleur prix!\" \/>\n<meta property=\"og:url\" content=\"https:\/\/fourstrokebarn.com\/fr\/pas-dans-la-boutique-en-ligne-peut-etre-en-stock-apres-tout\/\" \/>\n<meta property=\"og:site_name\" content=\"Fourstrokebarn\" \/>\n<meta property=\"article:publisher\" content=\"https:\/\/www.facebook.com\/fourstrokebarn\" \/>\n<meta property=\"article:modified_time\" content=\"2025-04-16T13:22:05+00:00\" \/>\n<meta property=\"og:image\" content=\"https:\/\/fourstrokebarn.com\/wp-content\/uploads\/2024\/01\/Fourstrokebarn_japan_motorcycle_auctions.jpg\" \/>\n\t<meta property=\"og:image:width\" content=\"1650\" \/>\n\t<meta property=\"og:image:height\" content=\"835\" \/>\n\t<meta property=\"og:image:type\" content=\"image\/jpeg\" \/>\n<meta name=\"twitter:card\" content=\"summary_large_image\" \/>\n<meta name=\"twitter:label1\" content=\"Dur\u00e9e de lecture estim\u00e9e\" \/>\n\t<meta name=\"twitter:data1\" content=\"1 minute\" \/>\n<script type=\"application\/ld+json\" class=\"yoast-schema-graph\">{\"@context\":\"https:\\\/\\\/schema.org\",\"@graph\":[{\"@type\":\"WebPage\",\"@id\":\"https:\\\/\\\/fourstrokebarn.com\\\/fr\\\/pas-dans-la-boutique-en-ligne-peut-etre-en-stock-apres-tout\\\/\",\"url\":\"https:\\\/\\\/fourstrokebarn.com\\\/fr\\\/pas-dans-la-boutique-en-ligne-peut-etre-en-stock-apres-tout\\\/\",\"name\":\"?\",\"isPartOf\":{\"@id\":\"https:\\\/\\\/fourstrokebarn.com\\\/fr\\\/#website\"},\"primaryImageOfPage\":{\"@id\":\"https:\\\/\\\/fourstrokebarn.com\\\/fr\\\/pas-dans-la-boutique-en-ligne-peut-etre-en-stock-apres-tout\\\/#primaryimage\"},\"image\":{\"@id\":\"https:\\\/\\\/fourstrokebarn.com\\\/fr\\\/pas-dans-la-boutique-en-ligne-peut-etre-en-stock-apres-tout\\\/#primaryimage\"},\"thumbnailUrl\":\"https:\\\/\\\/fourstrokebarn.com\\\/wp-content\\\/uploads\\\/2024\\\/01\\\/Fourstrokebarn_japan_motorcycle_auctions.jpg\",\"datePublished\":\"2024-03-20T12:53:28+00:00\",\"dateModified\":\"2025-04-16T13:22:05+00:00\",\"description\":\"Vous avez un cyclomoteur ou une moto import\u00e9 du Japon? Nous organiserons cela pour vous. Flexible, transparent et au meilleur prix!\",\"breadcrumb\":{\"@id\":\"https:\\\/\\\/fourstrokebarn.com\\\/fr\\\/pas-dans-la-boutique-en-ligne-peut-etre-en-stock-apres-tout\\\/#breadcrumb\"},\"inLanguage\":\"fr-FR\",\"potentialAction\":[{\"@type\":\"ReadAction\",\"target\":[\"https:\\\/\\\/fourstrokebarn.com\\\/fr\\\/pas-dans-la-boutique-en-ligne-peut-etre-en-stock-apres-tout\\\/\"]}]},{\"@type\":\"ImageObject\",\"inLanguage\":\"fr-FR\",\"@id\":\"https:\\\/\\\/fourstrokebarn.com\\\/fr\\\/pas-dans-la-boutique-en-ligne-peut-etre-en-stock-apres-tout\\\/#primaryimage\",\"url\":\"https:\\\/\\\/fourstrokebarn.com\\\/wp-content\\\/uploads\\\/2024\\\/01\\\/Fourstrokebarn_japan_motorcycle_auctions.jpg\",\"contentUrl\":\"https:\\\/\\\/fourstrokebarn.com\\\/wp-content\\\/uploads\\\/2024\\\/01\\\/Fourstrokebarn_japan_motorcycle_auctions.jpg\",\"width\":1650,\"height\":835},{\"@type\":\"BreadcrumbList\",\"@id\":\"https:\\\/\\\/fourstrokebarn.com\\\/fr\\\/pas-dans-la-boutique-en-ligne-peut-etre-en-stock-apres-tout\\\/#breadcrumb\",\"itemListElement\":[{\"@type\":\"ListItem\",\"position\":1,\"name\":\"Domicile\",\"item\":\"https:\\\/\\\/fourstrokebarn.com\\\/fr\\\/cyclomoteurs-honda-4-temps-et-pieces-a-vendre\\\/\"},{\"@type\":\"ListItem\",\"position\":2,\"name\":\"Pas dans la boutique en ligne, peut-\u00eatre en stock apr\u00e8s tout\"}]},{\"@type\":\"WebSite\",\"@id\":\"https:\\\/\\\/fourstrokebarn.com\\\/fr\\\/#website\",\"url\":\"https:\\\/\\\/fourstrokebarn.com\\\/fr\\\/\",\"name\":\"Fourstrokebarn\",\"description\":\"New &amp; used Honda 4-stroke classic bikes &amp; parts\",\"publisher\":{\"@id\":\"https:\\\/\\\/fourstrokebarn.com\\\/fr\\\/#organization\"},\"potentialAction\":[{\"@type\":\"SearchAction\",\"target\":{\"@type\":\"EntryPoint\",\"urlTemplate\":\"https:\\\/\\\/fourstrokebarn.com\\\/fr\\\/?s={search_term_string}\"},\"query-input\":{\"@type\":\"PropertyValueSpecification\",\"valueRequired\":true,\"valueName\":\"search_term_string\"}}],\"inLanguage\":\"fr-FR\"},{\"@type\":\"Organization\",\"@id\":\"https:\\\/\\\/fourstrokebarn.com\\\/fr\\\/#organization\",\"name\":\"Fourstrokebarn\",\"url\":\"https:\\\/\\\/fourstrokebarn.com\\\/fr\\\/\",\"logo\":{\"@type\":\"ImageObject\",\"inLanguage\":\"fr-FR\",\"@id\":\"https:\\\/\\\/fourstrokebarn.com\\\/fr\\\/#\\\/schema\\\/logo\\\/image\\\/\",\"url\":\"https:\\\/\\\/fourstrokebarn.com\\\/wp-content\\\/uploads\\\/2017\\\/01\\\/Foutstrokebarn_web_logo_rood.png\",\"contentUrl\":\"https:\\\/\\\/fourstrokebarn.com\\\/wp-content\\\/uploads\\\/2017\\\/01\\\/Foutstrokebarn_web_logo_rood.png\",\"width\":355,\"height\":163,\"caption\":\"Fourstrokebarn\"},\"image\":{\"@id\":\"https:\\\/\\\/fourstrokebarn.com\\\/fr\\\/#\\\/schema\\\/logo\\\/image\\\/\"},\"sameAs\":[\"https:\\\/\\\/www.facebook.com\\\/fourstrokebarn\"]}]}<\/script>\n<!-- \/ Yoast SEO Premium plugin. -->","yoast_head_json":{"title":"?","description":"Vous avez un cyclomoteur ou une moto import\u00e9 du Japon? Nous organiserons cela pour vous. Flexible, transparent et au meilleur prix!","robots":{"index":"index","follow":"follow","max-snippet":"max-snippet:-1","max-image-preview":"max-image-preview:large","max-video-preview":"max-video-preview:-1"},"canonical":"https:\/\/fourstrokebarn.com\/fr\/pas-dans-la-boutique-en-ligne-peut-etre-en-stock-apres-tout\/","og_locale":"fr_FR","og_type":"article","og_title":"Pas dans la boutique en ligne, peut-\u00eatre en stock apr\u00e8s tout","og_description":"Vous avez un cyclomoteur ou une moto import\u00e9 du Japon? Nous organiserons cela pour vous. Flexible, transparent et au meilleur prix!","og_url":"https:\/\/fourstrokebarn.com\/fr\/pas-dans-la-boutique-en-ligne-peut-etre-en-stock-apres-tout\/","og_site_name":"Fourstrokebarn","article_publisher":"https:\/\/www.facebook.com\/fourstrokebarn","article_modified_time":"2025-04-16T13:22:05+00:00","og_image":[{"width":1650,"height":835,"url":"https:\/\/fourstrokebarn.com\/wp-content\/uploads\/2024\/01\/Fourstrokebarn_japan_motorcycle_auctions.jpg","type":"image\/jpeg"}],"twitter_card":"summary_large_image","twitter_misc":{"Dur\u00e9e de lecture estim\u00e9e":"1 minute"},"schema":{"@context":"https:\/\/schema.org","@graph":[{"@type":"WebPage","@id":"https:\/\/fourstrokebarn.com\/fr\/pas-dans-la-boutique-en-ligne-peut-etre-en-stock-apres-tout\/","url":"https:\/\/fourstrokebarn.com\/fr\/pas-dans-la-boutique-en-ligne-peut-etre-en-stock-apres-tout\/","name":"?","isPartOf":{"@id":"https:\/\/fourstrokebarn.com\/fr\/#website"},"primaryImageOfPage":{"@id":"https:\/\/fourstrokebarn.com\/fr\/pas-dans-la-boutique-en-ligne-peut-etre-en-stock-apres-tout\/#primaryimage"},"image":{"@id":"https:\/\/fourstrokebarn.com\/fr\/pas-dans-la-boutique-en-ligne-peut-etre-en-stock-apres-tout\/#primaryimage"},"thumbnailUrl":"https:\/\/fourstrokebarn.com\/wp-content\/uploads\/2024\/01\/Fourstrokebarn_japan_motorcycle_auctions.jpg","datePublished":"2024-03-20T12:53:28+00:00","dateModified":"2025-04-16T13:22:05+00:00","description":"Vous avez un cyclomoteur ou une moto import\u00e9 du Japon? Nous organiserons cela pour vous. Flexible, transparent et au meilleur prix!","breadcrumb":{"@id":"https:\/\/fourstrokebarn.com\/fr\/pas-dans-la-boutique-en-ligne-peut-etre-en-stock-apres-tout\/#breadcrumb"},"inLanguage":"fr-FR","potentialAction":[{"@type":"ReadAction","target":["https:\/\/fourstrokebarn.com\/fr\/pas-dans-la-boutique-en-ligne-peut-etre-en-stock-apres-tout\/"]}]},{"@type":"ImageObject","inLanguage":"fr-FR","@id":"https:\/\/fourstrokebarn.com\/fr\/pas-dans-la-boutique-en-ligne-peut-etre-en-stock-apres-tout\/#primaryimage","url":"https:\/\/fourstrokebarn.com\/wp-content\/uploads\/2024\/01\/Fourstrokebarn_japan_motorcycle_auctions.jpg","contentUrl":"https:\/\/fourstrokebarn.com\/wp-content\/uploads\/2024\/01\/Fourstrokebarn_japan_motorcycle_auctions.jpg","width":1650,"height":835},{"@type":"BreadcrumbList","@id":"https:\/\/fourstrokebarn.com\/fr\/pas-dans-la-boutique-en-ligne-peut-etre-en-stock-apres-tout\/#breadcrumb","itemListElement":[{"@type":"ListItem","position":1,"name":"Domicile","item":"https:\/\/fourstrokebarn.com\/fr\/cyclomoteurs-honda-4-temps-et-pieces-a-vendre\/"},{"@type":"ListItem","position":2,"name":"Pas dans la boutique en ligne, peut-\u00eatre en stock apr\u00e8s tout"}]},{"@type":"WebSite","@id":"https:\/\/fourstrokebarn.com\/fr\/#website","url":"https:\/\/fourstrokebarn.com\/fr\/","name":"Fourstrokebarn","description":"New &amp; used Honda 4-stroke classic bikes &amp; parts","publisher":{"@id":"https:\/\/fourstrokebarn.com\/fr\/#organization"},"potentialAction":[{"@type":"SearchAction","target":{"@type":"EntryPoint","urlTemplate":"https:\/\/fourstrokebarn.com\/fr\/?s={search_term_string}"},"query-input":{"@type":"PropertyValueSpecification","valueRequired":true,"valueName":"search_term_string"}}],"inLanguage":"fr-FR"},{"@type":"Organization","@id":"https:\/\/fourstrokebarn.com\/fr\/#organization","name":"Fourstrokebarn","url":"https:\/\/fourstrokebarn.com\/fr\/","logo":{"@type":"ImageObject","inLanguage":"fr-FR","@id":"https:\/\/fourstrokebarn.com\/fr\/#\/schema\/logo\/image\/","url":"https:\/\/fourstrokebarn.com\/wp-content\/uploads\/2017\/01\/Foutstrokebarn_web_logo_rood.png","contentUrl":"https:\/\/fourstrokebarn.com\/wp-content\/uploads\/2017\/01\/Foutstrokebarn_web_logo_rood.png","width":355,"height":163,"caption":"Fourstrokebarn"},"image":{"@id":"https:\/\/fourstrokebarn.com\/fr\/#\/schema\/logo\/image\/"},"sameAs":["https:\/\/www.facebook.com\/fourstrokebarn"]}]}},"_links":{"self":[{"href":"https:\/\/fourstrokebarn.com\/fr\/wp-json\/wp\/v2\/pages\/202810","targetHints":{"allow":["GET"]}}],"collection":[{"href":"https:\/\/fourstrokebarn.com\/fr\/wp-json\/wp\/v2\/pages"}],"about":[{"href":"https:\/\/fourstrokebarn.com\/fr\/wp-json\/wp\/v2\/types\/page"}],"author":[{"embeddable":true,"href":"https:\/\/fourstrokebarn.com\/fr\/wp-json\/wp\/v2\/users\/1"}],"replies":[{"embeddable":true,"href":"https:\/\/fourstrokebarn.com\/fr\/wp-json\/wp\/v2\/comments?post=202810"}],"version-history":[{"count":33,"href":"https:\/\/fourstrokebarn.com\/fr\/wp-json\/wp\/v2\/pages\/202810\/revisions"}],"predecessor-version":[{"id":211918,"href":"https:\/\/fourstrokebarn.com\/fr\/wp-json\/wp\/v2\/pages\/202810\/revisions\/211918"}],"wp:featuredmedia":[{"embeddable":true,"href":"https:\/\/fourstrokebarn.com\/fr\/wp-json\/wp\/v2\/media\/201491"}],"wp:attachment":[{"href":"https:\/\/fourstrokebarn.com\/fr\/wp-json\/wp\/v2\/media?parent=202810"}],"curies":[{"name":"wp","href":"https:\/\/api.w.org\/{rel}","templated":true}]}}