{"id":205099,"date":"2024-05-22T14:49:40","date_gmt":"2024-05-22T12:49:40","guid":{"rendered":"https:\/\/fourstrokebarn.com\/jauce-com-marche-du-japon-ebay\/"},"modified":"2024-05-22T15:51:50","modified_gmt":"2024-05-22T13:51:50","slug":"jauce-com-marche-du-japon-ebay","status":"publish","type":"page","link":"https:\/\/fourstrokebarn.com\/fr\/jauce-com-marche-du-japon-ebay\/","title":{"rendered":"Jauce.com : March\u00e9 du Japon \/ Ebay"},"content":{"rendered":"<div class=\"wpb-content-wrapper\"><p>[vc_row full_width=\u00a0\u00bbstretch_row\u00a0\u00bb content_placement=\u00a0\u00bbmiddle\u00a0\u00bb font_color=\u00a0\u00bb#000000&Prime; css=\u00a0\u00bb.vc_custom_1679993753790{padding-top: 4% !important;padding-bottom: 4% !important;background-color: #e9eff1 !important;background-position: center !important;background-repeat: no-repeat !important;background-size: cover !important;}\u00a0\u00bb background_style=\u00a0\u00bbparallax\u00a0\u00bb][vc_column width=\u00a0\u00bb1\/2&Prime;][vc_column_text css=\u00a0\u00bb.vc_custom_1716379917127{margin-top: 0px !important;margin-bottom: 20px !important;border-top-width: 0px !important;padding-top: 0px !important;}\u00a0\u00bb]<\/p>\n<h1 style=\"text-align: left;\">Jauce.com : March\u00e9 du Japon \/ Ebay<\/h1>\n<p><span style=\"color: #000000; font-size: 22px;\">\u2013<\/span><br \/>\n<span style=\"color: #000000; font-size: 21px;\">Jauce.com est une plateforme en ligne qui offre aux utilisateurs la possibilit\u00e9 d\u2019acheter et de vendre aux ench\u00e8res des articles initialement destin\u00e9s au march\u00e9 japonais. Cela comprend une large gamme de produits tels que des voitures, des motos, des cyclomoteurs, des appareils \u00e9lectroniques, des objets de collection, etc. La plateforme sert d\u2019interm\u00e9diaire entre les acheteurs internationaux et les vendeurs japonais.<\/span>[\/vc_column_text][vc_btn title=\u00a0\u00bbContactez-nous pour toute question\u00a0\u00bb style=\u00a0\u00bbflat\u00a0\u00bb shape=\u00a0\u00bbsquare\u00a0\u00bb color=\u00a0\u00bbblack\u00a0\u00bb align=\u00a0\u00bbleft\u00a0\u00bb i_align=\u00a0\u00bbright\u00a0\u00bb i_icon_fontawesome=\u00a0\u00bbfas fa-chevron-right\u00a0\u00bb add_icon=\u00a0\u00bbtrue\u00a0\u00bb link=\u00a0\u00bburl:https%3A%2F%2Fauc.fourstrokebarn.com%2Fmanager%2F%3Fp%3Dproject%2Fregister|target:_blank|\u00a0\u00bb css=\u00a0\u00bb.vc_custom_1715708407255{margin-top: -10px !important;padding-top: 3% !important;}\u00a0\u00bb][\/vc_column][vc_column width=\u00a0\u00bb1\/2&Prime;][vc_single_image image=\u00a0\u00bb205097&Prime; img_size=\u00a0\u00bbfull\u00a0\u00bb css=\u00a0\u00bb.vc_custom_1716379984583{margin-top: 0px !important;margin-bottom: 0px !important;padding-top: 0px !important;padding-bottom: 0px !important;}\u00a0\u00bb][\/vc_column][\/vc_row][vc_row full_width=\u00a0\u00bbstretch_row\u00a0\u00bb font_color=\u00a0\u00bb#000000&Prime; css=\u00a0\u00bb.vc_custom_1680004646779{margin-right: 15% !important;margin-left: 15% !important;padding-top: 2% !important;background-color: #ffffff !important;background-position: center !important;background-repeat: no-repeat !important;background-size: cover !important;}\u00a0\u00bb background_style=\u00a0\u00bbparallax\u00a0\u00bb el_class=\u00a0\u00bbimportrij\u00a0\u00bb][vc_column css=\u00a0\u00bb.vc_custom_1680003645375{padding-right: 30px !important;}\u00a0\u00bb][vc_column_text]<\/p>\n<h2 style=\"text-align: center;\"><span style=\"color: #e96c48; font-size: 24px;\">Avantages de Jauce.com<\/span><\/h2>\n<p>[\/vc_column_text][vc_column_text el_class=\u00a0\u00bbseopaginatekst\u00a0\u00bb]<\/p>\n<p style=\"text-align: center;\"><strong>Acc\u00e8s \u00e0 des produits japonais uniques<\/strong> Jauce.com donne acc\u00e8s \u00e0 une grande vari\u00e9t\u00e9 de produits souvent difficiles \u00e0 trouver en dehors du Japon. Cela inclut des voitures JDM rares, des motos, de l\u2019\u00e9lectronique, des mangas, etc.<\/p>\n<p style=\"text-align: center;\"><strong>Interface conviviale<\/strong> Le site web est en anglais. Convivial et facilite la navigation, la recherche et les ench\u00e8res. Cela rend la plateforme accessible aux d\u00e9butants comme aux acheteurs exp\u00e9riment\u00e9s.<\/p>\n<p>[\/vc_column_text][\/vc_column][\/vc_row][vc_row full_width=\u00a0\u00bbstretch_row\u00a0\u00bb font_color=\u00a0\u00bb#000000&Prime; css=\u00a0\u00bb.vc_custom_1680004646779{margin-right: 15% !important;margin-left: 15% !important;padding-top: 2% !important;background-color: #ffffff !important;background-position: center !important;background-repeat: no-repeat !important;background-size: cover !important;}\u00a0\u00bb background_style=\u00a0\u00bbparallax\u00a0\u00bb el_class=\u00a0\u00bbimportrij\u00a0\u00bb][vc_column css=\u00a0\u00bb.vc_custom_1680003645375{padding-right: 30px !important;}\u00a0\u00bb][vc_column_text]<\/p>\n<h2 style=\"text-align: center;\"><span style=\"color: #e96c48; font-size: 24px;\">Importer soi-m\u00eame de petits objets<\/span><\/h2>\n<p>[\/vc_column_text][vc_column_text el_class=\u00a0\u00bbseopaginatekst\u00a0\u00bb]<\/p>\n<p style=\"text-align: center;\">Pour les petits objets, tels que les appareils \u00e9lectroniques, les v\u00eatements et les objets de collection, vous pouvez g\u00e9rer l\u2019ensemble du processus de mani\u00e8re autonome via Jauce.com. La plateforme fournit des instructions claires sur la fa\u00e7on d\u2019ench\u00e9rir, de payer et d\u2019exp\u00e9dier ces articles, ce qui facilite les petits achats et leur livraison.<\/p>\n<p>[\/vc_column_text][vc_btn title=\u00a0\u00bbRegardez les ventes aux ench\u00e8res japonaises en direct\u00a0\u00bb style=\u00a0\u00bbflat\u00a0\u00bb shape=\u00a0\u00bbsquare\u00a0\u00bb color=\u00a0\u00bbblack\u00a0\u00bb align=\u00a0\u00bbcenter\u00a0\u00bb i_align=\u00a0\u00bbright\u00a0\u00bb i_icon_fontawesome=\u00a0\u00bbfas fa-chevron-right\u00a0\u00bb add_icon=\u00a0\u00bbtrue\u00a0\u00bb link=\u00a0\u00bburl:https%3A%2F%2Fwww.jauce.com%2F|target:_blank|\u00a0\u00bb css=\u00a0\u00bb.vc_custom_1716378737132{margin-top: -10px !important;padding-top: 3% !important;}\u00a0\u00bb][\/vc_column][\/vc_row][vc_row full_width=\u00a0\u00bbstretch_row\u00a0\u00bb font_color=\u00a0\u00bb#000000&Prime; css=\u00a0\u00bb.vc_custom_1680004646779{margin-right: 15% !important;margin-left: 15% !important;padding-top: 2% !important;background-color: #ffffff !important;background-position: center !important;background-repeat: no-repeat !important;background-size: cover !important;}\u00a0\u00bb background_style=\u00a0\u00bbparallax\u00a0\u00bb el_class=\u00a0\u00bbimportrij\u00a0\u00bb][vc_column css=\u00a0\u00bb.vc_custom_1680003645375{padding-right: 30px !important;}\u00a0\u00bb][vc_column_text]<\/p>\n<h2 style=\"text-align: center;\"><span style=\"color: #e96c48; font-size: 24px;\">Importation d\u2019objets volumineux \u00e0 l\u2019aide<\/span><\/h2>\n<p>[\/vc_column_text][vc_column_text el_class=\u00a0\u00bbseopaginatekst\u00a0\u00bb]<\/p>\n<h3 style=\"text-align: center;\">Services sp\u00e9cialis\u00e9s pour les grands objets<\/h3>\n<p style=\"text-align: center;\">Lors de l\u2019achat d\u2019articles plus volumineux, tels que des voitures, des motos et des cyclomoteurs, qui ne peuvent pas \u00eatre envoy\u00e9s par courrier ordinaire mais doivent \u00eatre exp\u00e9di\u00e9s dans un conteneur d\u2019exp\u00e9dition, le processus peut \u00eatre plus complexe. C\u2019est l\u00e0 que notre vaste r\u00e9seau au Japon est utile. Nous offrons des services sp\u00e9cialis\u00e9s pour rendre l\u2019ensemble du processus fluide et efficace.<\/p>\n<p>[\/vc_column_text][\/vc_column][\/vc_row][vc_row full_width=\u00a0\u00bbstretch_row\u00a0\u00bb font_color=\u00a0\u00bb#000000&Prime; css=\u00a0\u00bb.vc_custom_1680004646779{margin-right: 15% !important;margin-left: 15% !important;padding-top: 2% !important;background-color: #ffffff !important;background-position: center !important;background-repeat: no-repeat !important;background-size: cover !important;}\u00a0\u00bb background_style=\u00a0\u00bbparallax\u00a0\u00bb el_class=\u00a0\u00bbimportrij\u00a0\u00bb][vc_column css=\u00a0\u00bb.vc_custom_1680003645375{padding-right: 30px !important;}\u00a0\u00bb][vc_column_text]<\/p>\n<h2 style=\"text-align: center;\"><span style=\"color: #e96c48; font-size: 24px;\">Notre r\u00e9seau au Japon<\/span><\/h2>\n<p>[\/vc_column_text][vc_column_text el_class=\u00a0\u00bbseopaginatekst\u00a0\u00bb]<\/p>\n<h3 style=\"text-align: center;\">Achat et ramassage<\/h3>\n<p style=\"text-align: center;\">Gr\u00e2ce \u00e0 notre r\u00e9seau fiable au Japon, nous pouvons faciliter l\u2019achat de vos objets gr\u00e2ce \u00e0 Jauce.com. Une fois que vous avez plac\u00e9 l\u2019ench\u00e8re gagnante, nous nous occuperons du traitement s\u00fbr et efficace de la transaction.<\/p>\n<h3 style=\"text-align: center;\">Stockage<\/h3>\n<p style=\"text-align: center;\">Apr\u00e8s l\u2019achat, nous collectons les objets et les stockons au sec et en toute s\u00e9curit\u00e9 dans nos installations de stockage au Japon. Cela garantira que vos articles restent en parfait \u00e9tat jusqu\u2019\u00e0 ce qu\u2019ils soient pr\u00eats \u00e0 \u00eatre exp\u00e9di\u00e9s.<\/p>\n<h3 style=\"text-align: center;\">Exp\u00e9dition et l\u00e9gislation<\/h3>\n<p style=\"text-align: center;\">Nous veillons \u00e0 ce que tous les articles soient exp\u00e9di\u00e9s conform\u00e9ment aux lois et r\u00e9glementations japonaises et internationales. Cela comprend l\u2019organisation de tous les documents n\u00e9cessaires et le respect des r\u00e9glementations douani\u00e8res. Qu\u2019il s\u2019agisse de fret maritime ou a\u00e9rien, nous assurons une exp\u00e9dition sans tracas \u00e0 votre adresse.<\/p>\n<p>[\/vc_column_text][\/vc_column][\/vc_row][vc_row full_width=\u00a0\u00bbstretch_row\u00a0\u00bb font_color=\u00a0\u00bb#000000&Prime; css=\u00a0\u00bb.vc_custom_1680004646779{margin-right: 15% !important;margin-left: 15% !important;padding-top: 2% !important;background-color: #ffffff !important;background-position: center !important;background-repeat: no-repeat !important;background-size: cover !important;}\u00a0\u00bb background_style=\u00a0\u00bbparallax\u00a0\u00bb el_class=\u00a0\u00bbimportrij\u00a0\u00bb][vc_column css=\u00a0\u00bb.vc_custom_1680003645375{padding-right: 30px !important;}\u00a0\u00bb][vc_column_text]<\/p>\n<h2 style=\"text-align: center;\"><span style=\"color: #e96c48; font-size: 24px;\">Pourquoi l\u2019aide d\u2019un sp\u00e9cialiste\u00a0?<\/span><\/h2>\n<p>[\/vc_column_text][vc_column_text el_class=\u00a0\u00bbseopaginatekst\u00a0\u00bb]<\/p>\n<h3 style=\"text-align: center;\">R\u00e9glementation et douanes<\/h3>\n<p style=\"text-align: center;\">L\u2019importation d\u2019objets volumineux peut \u00eatre compliqu\u00e9e en raison de la r\u00e9glementation et des formalit\u00e9s douani\u00e8res. Nous veillons \u00e0 ce que toute la documentation soit trait\u00e9e correctement, afin que vous n\u2019ayez pas \u00e0 vous soucier des probl\u00e8mes juridiques.<\/p>\n<h3 style=\"text-align: center;\">Logistique<\/h3>\n<p style=\"text-align: center;\">Nous nous occupons de la logistique de l\u2019exp\u00e9dition, y compris l\u2019emballage et le transport en toute s\u00e9curit\u00e9 de votre article dans un conteneur maritime. Cela comprend \u00e9galement la coordination du transport de l\u2019installation d\u2019entreposage au port ou \u00e0 l\u2019a\u00e9roport.<\/p>\n<h3 style=\"text-align: center;\">Gestion des co\u00fbts<\/h3>\n<p style=\"text-align: center;\">Gr\u00e2ce \u00e0 notre exp\u00e9rience, nous pouvons vous aider \u00e0 optimiser les co\u00fbts d\u2019exp\u00e9dition et \u00e0 \u00e9viter les d\u00e9penses impr\u00e9vues. Nous veillerons \u00e0 ce que vous obteniez le meilleur rapport qualit\u00e9-prix pour votre exp\u00e9dition.<\/p>\n<p>[\/vc_column_text][\/vc_column][\/vc_row][vc_row full_width=\u00a0\u00bbstretch_row\u00a0\u00bb font_color=\u00a0\u00bb#000000&Prime; css=\u00a0\u00bb.vc_custom_1680005380515{margin-right: 15% !important;margin-left: 15% !important;padding-top: 2% !important;padding-bottom: 6% !important;background-color: #ffffff !important;background-position: center !important;background-repeat: no-repeat !important;background-size: cover !important;}\u00a0\u00bb background_style=\u00a0\u00bbparallax\u00a0\u00bb el_class=\u00a0\u00bbimportrij\u00a0\u00bb][vc_column css=\u00a0\u00bb.vc_custom_1680003645375{padding-right: 30px !important;}\u00a0\u00bb][vc_column_text css=\u00a0\u00bb.vc_custom_1715708710460{padding-top: 20px !important;}\u00a0\u00bb]<\/p>\n<p style=\"text-align: center;\"><span style=\"color: #000000; font-size: 18px;\">Vous cherchez quelque chose ? Ou par exemple sur Yahoo Japan ou Jauce.com trouv\u00e9 quelque chose que vous voulez voir venir par ici ?? Appel ou Whatsapp (<a href=\"t\u00e9l\u00a0:%20+31643087945\">+31 6 43087945<\/a>)<\/span><\/p>\n<p>[\/vc_column_text][vc_btn title=\u00a0\u00bbEnvoyez-nous un e-mail\u00a0\u00bb style=\u00a0\u00bbflat\u00a0\u00bb shape=\u00a0\u00bbsquare\u00a0\u00bb color=\u00a0\u00bbblack\u00a0\u00bb align=\u00a0\u00bbcenter\u00a0\u00bb i_align=\u00a0\u00bbright\u00a0\u00bb i_icon_fontawesome=\u00a0\u00bbfas fa-chevron-right\u00a0\u00bb add_icon=\u00a0\u00bbtrue\u00a0\u00bb link=\u00a0\u00bburl:mailto%3Akjell%40fourstrokebarn.com|rel:nofollow|\u00a0\u00bb css=\u00a0\u00bb.vc_custom_1680269489648{margin-top: -10px !important;padding-top: 3% !important;}\u00a0\u00bb][\/vc_column][\/vc_row][vc_section][\/vc_section][vc_row full_width=\u00a0\u00bbstretch_row\u00a0\u00bb font_color=\u00a0\u00bb#000000&Prime; css=\u00a0\u00bb.vc_custom_1680004646779{margin-right: 15% !important;margin-left: 15% !important;padding-top: 2% !important;background-color: #ffffff !important;background-position: center !important;background-repeat: no-repeat !important;background-size: cover !important;}\u00a0\u00bb background_style=\u00a0\u00bbparallax\u00a0\u00bb el_class=\u00a0\u00bbimportrij\u00a0\u00bb][vc_column css=\u00a0\u00bb.vc_custom_1680003645375{padding-right: 30px !important;}\u00a0\u00bb][vc_column_text]<\/p>\n<h2 style=\"text-align: center;\"><span style=\"color: #e96c48; font-size: 24px;\">Importation de voitures du Japon<\/span><\/h2>\n<p>[\/vc_column_text][vc_column_text el_class=\u00a0\u00bbseopaginatekst\u00a0\u00bb]<\/p>\n<p style=\"text-align: center;\">Le Japon est connu pour son industrie automobile de haute qualit\u00e9 et nous pouvons vous aider \u00e0 importer la voiture de vos r\u00eaves du Japon. Gr\u00e2ce \u00e0 l\u2019acc\u00e8s \u00e0 des ventes aux ench\u00e8res, \u00e0 des concessionnaires et \u00e0 des vendeurs priv\u00e9s dans tout le Japon, nous pouvons vous guider \u00e0 chaque \u00e9tape du processus d\u2019importation.<\/p>\n<p>[\/vc_column_text][\/vc_column][\/vc_row]<\/p>\n<\/div>","protected":false},"excerpt":{"rendered":"<p>[vc_row full_width=\u00a0\u00bbstretch_row\u00a0\u00bb content_placement=\u00a0\u00bbmiddle\u00a0\u00bb font_color=\u00a0\u00bb#000000&Prime; css=\u00a0\u00bb.vc_custom_1679993753790{padding-top: 4% !important;padding-bottom: 4% !important;background-color: #e9eff1 !important;background-position: center !important;background-repeat: no-repeat !important;background-size: cover !important;}\u00a0\u00bb background_style=\u00a0\u00bbparallax\u00a0\u00bb][vc_column width=\u00a0\u00bb1\/2&Prime;][vc_column_text css=\u00a0\u00bb.vc_custom_1716379917127{margin-top:\u2026<\/p>\n","protected":false},"author":1,"featured_media":205097,"parent":0,"menu_order":0,"comment_status":"closed","ping_status":"closed","template":"","meta":{"inline_featured_image":false,"_monsterinsights_skip_tracking":false,"_monsterinsights_sitenote_active":false,"_monsterinsights_sitenote_note":"","_monsterinsights_sitenote_category":0,"footnotes":""},"class_list":["post-205099","page","type-page","status-publish","has-post-thumbnail","hentry"],"yoast_head":"<!-- This site is optimized with the Yoast SEO Premium plugin v27.5 (Yoast SEO v27.5) - https:\/\/yoast.com\/product\/yoast-seo-premium-wordpress\/ -->\n<title>Jauce.com : March\u00e9 du Japon \/ Ebay<\/title>\n<meta name=\"description\" content=\"Vous avez un cyclomoteur ou une moto import\u00e9 du Japon? Nous organiserons cela pour vous. Flexible, transparent et au meilleur prix!\" \/>\n<meta name=\"robots\" content=\"index, follow, max-snippet:-1, max-image-preview:large, max-video-preview:-1\" \/>\n<link rel=\"canonical\" href=\"https:\/\/fourstrokebarn.com\/fr\/jauce-com-marche-du-japon-ebay\/\" \/>\n<meta property=\"og:locale\" content=\"fr_FR\" \/>\n<meta property=\"og:type\" content=\"article\" \/>\n<meta property=\"og:title\" content=\"Jauce.com : March\u00e9 du Japon \/ Ebay\" \/>\n<meta property=\"og:description\" content=\"Vous avez un cyclomoteur ou une moto import\u00e9 du Japon? Nous organiserons cela pour vous. Flexible, transparent et au meilleur prix!\" \/>\n<meta property=\"og:url\" content=\"https:\/\/fourstrokebarn.com\/fr\/jauce-com-marche-du-japon-ebay\/\" \/>\n<meta property=\"og:site_name\" content=\"Fourstrokebarn\" \/>\n<meta property=\"article:publisher\" content=\"https:\/\/www.facebook.com\/fourstrokebarn\" \/>\n<meta property=\"article:modified_time\" content=\"2024-05-22T13:51:50+00:00\" \/>\n<meta property=\"og:image\" content=\"https:\/\/fourstrokebarn.com\/wp-content\/uploads\/2024\/05\/Screenshot-2024-05-22-at-14.12.15-1024x690.png\" \/>\n\t<meta property=\"og:image:width\" content=\"1024\" \/>\n\t<meta property=\"og:image:height\" content=\"690\" \/>\n\t<meta property=\"og:image:type\" content=\"image\/png\" \/>\n<meta name=\"twitter:card\" content=\"summary_large_image\" \/>\n<meta name=\"twitter:label1\" content=\"Dur\u00e9e de lecture estim\u00e9e\" \/>\n\t<meta name=\"twitter:data1\" content=\"5 minutes\" \/>\n<script type=\"application\/ld+json\" class=\"yoast-schema-graph\">{\"@context\":\"https:\\\/\\\/schema.org\",\"@graph\":[{\"@type\":\"WebPage\",\"@id\":\"https:\\\/\\\/fourstrokebarn.com\\\/fr\\\/jauce-com-marche-du-japon-ebay\\\/\",\"url\":\"https:\\\/\\\/fourstrokebarn.com\\\/fr\\\/jauce-com-marche-du-japon-ebay\\\/\",\"name\":\"Jauce.com : March\u00e9 du Japon \\\/ Ebay\",\"isPartOf\":{\"@id\":\"https:\\\/\\\/fourstrokebarn.com\\\/fr\\\/#website\"},\"primaryImageOfPage\":{\"@id\":\"https:\\\/\\\/fourstrokebarn.com\\\/fr\\\/jauce-com-marche-du-japon-ebay\\\/#primaryimage\"},\"image\":{\"@id\":\"https:\\\/\\\/fourstrokebarn.com\\\/fr\\\/jauce-com-marche-du-japon-ebay\\\/#primaryimage\"},\"thumbnailUrl\":\"https:\\\/\\\/fourstrokebarn.com\\\/wp-content\\\/uploads\\\/2024\\\/05\\\/Screenshot-2024-05-22-at-14.12.15.png\",\"datePublished\":\"2024-05-22T12:49:40+00:00\",\"dateModified\":\"2024-05-22T13:51:50+00:00\",\"description\":\"Vous avez un cyclomoteur ou une moto import\u00e9 du Japon? Nous organiserons cela pour vous. Flexible, transparent et au meilleur prix!\",\"breadcrumb\":{\"@id\":\"https:\\\/\\\/fourstrokebarn.com\\\/fr\\\/jauce-com-marche-du-japon-ebay\\\/#breadcrumb\"},\"inLanguage\":\"fr-FR\",\"potentialAction\":[{\"@type\":\"ReadAction\",\"target\":[\"https:\\\/\\\/fourstrokebarn.com\\\/fr\\\/jauce-com-marche-du-japon-ebay\\\/\"]}]},{\"@type\":\"ImageObject\",\"inLanguage\":\"fr-FR\",\"@id\":\"https:\\\/\\\/fourstrokebarn.com\\\/fr\\\/jauce-com-marche-du-japon-ebay\\\/#primaryimage\",\"url\":\"https:\\\/\\\/fourstrokebarn.com\\\/wp-content\\\/uploads\\\/2024\\\/05\\\/Screenshot-2024-05-22-at-14.12.15.png\",\"contentUrl\":\"https:\\\/\\\/fourstrokebarn.com\\\/wp-content\\\/uploads\\\/2024\\\/05\\\/Screenshot-2024-05-22-at-14.12.15.png\",\"width\":2832,\"height\":1908,\"caption\":\"jauce.com japanese auctions\"},{\"@type\":\"BreadcrumbList\",\"@id\":\"https:\\\/\\\/fourstrokebarn.com\\\/fr\\\/jauce-com-marche-du-japon-ebay\\\/#breadcrumb\",\"itemListElement\":[{\"@type\":\"ListItem\",\"position\":1,\"name\":\"Domicile\",\"item\":\"https:\\\/\\\/fourstrokebarn.com\\\/fr\\\/cyclomoteurs-honda-4-temps-et-pieces-a-vendre\\\/\"},{\"@type\":\"ListItem\",\"position\":2,\"name\":\"Jauce.com : March\u00e9 du Japon \\\/ Ebay\"}]},{\"@type\":\"WebSite\",\"@id\":\"https:\\\/\\\/fourstrokebarn.com\\\/fr\\\/#website\",\"url\":\"https:\\\/\\\/fourstrokebarn.com\\\/fr\\\/\",\"name\":\"Fourstrokebarn\",\"description\":\"New &amp; used Honda 4-stroke classic bikes &amp; parts\",\"publisher\":{\"@id\":\"https:\\\/\\\/fourstrokebarn.com\\\/fr\\\/#organization\"},\"potentialAction\":[{\"@type\":\"SearchAction\",\"target\":{\"@type\":\"EntryPoint\",\"urlTemplate\":\"https:\\\/\\\/fourstrokebarn.com\\\/fr\\\/?s={search_term_string}\"},\"query-input\":{\"@type\":\"PropertyValueSpecification\",\"valueRequired\":true,\"valueName\":\"search_term_string\"}}],\"inLanguage\":\"fr-FR\"},{\"@type\":\"Organization\",\"@id\":\"https:\\\/\\\/fourstrokebarn.com\\\/fr\\\/#organization\",\"name\":\"Fourstrokebarn\",\"url\":\"https:\\\/\\\/fourstrokebarn.com\\\/fr\\\/\",\"logo\":{\"@type\":\"ImageObject\",\"inLanguage\":\"fr-FR\",\"@id\":\"https:\\\/\\\/fourstrokebarn.com\\\/fr\\\/#\\\/schema\\\/logo\\\/image\\\/\",\"url\":\"https:\\\/\\\/fourstrokebarn.com\\\/wp-content\\\/uploads\\\/2017\\\/01\\\/Foutstrokebarn_web_logo_rood.png\",\"contentUrl\":\"https:\\\/\\\/fourstrokebarn.com\\\/wp-content\\\/uploads\\\/2017\\\/01\\\/Foutstrokebarn_web_logo_rood.png\",\"width\":355,\"height\":163,\"caption\":\"Fourstrokebarn\"},\"image\":{\"@id\":\"https:\\\/\\\/fourstrokebarn.com\\\/fr\\\/#\\\/schema\\\/logo\\\/image\\\/\"},\"sameAs\":[\"https:\\\/\\\/www.facebook.com\\\/fourstrokebarn\"]}]}<\/script>\n<!-- \/ Yoast SEO Premium plugin. -->","yoast_head_json":{"title":"Jauce.com : March\u00e9 du Japon \/ Ebay","description":"Vous avez un cyclomoteur ou une moto import\u00e9 du Japon? Nous organiserons cela pour vous. Flexible, transparent et au meilleur prix!","robots":{"index":"index","follow":"follow","max-snippet":"max-snippet:-1","max-image-preview":"max-image-preview:large","max-video-preview":"max-video-preview:-1"},"canonical":"https:\/\/fourstrokebarn.com\/fr\/jauce-com-marche-du-japon-ebay\/","og_locale":"fr_FR","og_type":"article","og_title":"Jauce.com : March\u00e9 du Japon \/ Ebay","og_description":"Vous avez un cyclomoteur ou une moto import\u00e9 du Japon? Nous organiserons cela pour vous. Flexible, transparent et au meilleur prix!","og_url":"https:\/\/fourstrokebarn.com\/fr\/jauce-com-marche-du-japon-ebay\/","og_site_name":"Fourstrokebarn","article_publisher":"https:\/\/www.facebook.com\/fourstrokebarn","article_modified_time":"2024-05-22T13:51:50+00:00","og_image":[{"width":1024,"height":690,"url":"https:\/\/fourstrokebarn.com\/wp-content\/uploads\/2024\/05\/Screenshot-2024-05-22-at-14.12.15-1024x690.png","type":"image\/png"}],"twitter_card":"summary_large_image","twitter_misc":{"Dur\u00e9e de lecture estim\u00e9e":"5 minutes"},"schema":{"@context":"https:\/\/schema.org","@graph":[{"@type":"WebPage","@id":"https:\/\/fourstrokebarn.com\/fr\/jauce-com-marche-du-japon-ebay\/","url":"https:\/\/fourstrokebarn.com\/fr\/jauce-com-marche-du-japon-ebay\/","name":"Jauce.com : March\u00e9 du Japon \/ Ebay","isPartOf":{"@id":"https:\/\/fourstrokebarn.com\/fr\/#website"},"primaryImageOfPage":{"@id":"https:\/\/fourstrokebarn.com\/fr\/jauce-com-marche-du-japon-ebay\/#primaryimage"},"image":{"@id":"https:\/\/fourstrokebarn.com\/fr\/jauce-com-marche-du-japon-ebay\/#primaryimage"},"thumbnailUrl":"https:\/\/fourstrokebarn.com\/wp-content\/uploads\/2024\/05\/Screenshot-2024-05-22-at-14.12.15.png","datePublished":"2024-05-22T12:49:40+00:00","dateModified":"2024-05-22T13:51:50+00:00","description":"Vous avez un cyclomoteur ou une moto import\u00e9 du Japon? Nous organiserons cela pour vous. Flexible, transparent et au meilleur prix!","breadcrumb":{"@id":"https:\/\/fourstrokebarn.com\/fr\/jauce-com-marche-du-japon-ebay\/#breadcrumb"},"inLanguage":"fr-FR","potentialAction":[{"@type":"ReadAction","target":["https:\/\/fourstrokebarn.com\/fr\/jauce-com-marche-du-japon-ebay\/"]}]},{"@type":"ImageObject","inLanguage":"fr-FR","@id":"https:\/\/fourstrokebarn.com\/fr\/jauce-com-marche-du-japon-ebay\/#primaryimage","url":"https:\/\/fourstrokebarn.com\/wp-content\/uploads\/2024\/05\/Screenshot-2024-05-22-at-14.12.15.png","contentUrl":"https:\/\/fourstrokebarn.com\/wp-content\/uploads\/2024\/05\/Screenshot-2024-05-22-at-14.12.15.png","width":2832,"height":1908,"caption":"jauce.com japanese auctions"},{"@type":"BreadcrumbList","@id":"https:\/\/fourstrokebarn.com\/fr\/jauce-com-marche-du-japon-ebay\/#breadcrumb","itemListElement":[{"@type":"ListItem","position":1,"name":"Domicile","item":"https:\/\/fourstrokebarn.com\/fr\/cyclomoteurs-honda-4-temps-et-pieces-a-vendre\/"},{"@type":"ListItem","position":2,"name":"Jauce.com : March\u00e9 du Japon \/ Ebay"}]},{"@type":"WebSite","@id":"https:\/\/fourstrokebarn.com\/fr\/#website","url":"https:\/\/fourstrokebarn.com\/fr\/","name":"Fourstrokebarn","description":"New &amp; used Honda 4-stroke classic bikes &amp; parts","publisher":{"@id":"https:\/\/fourstrokebarn.com\/fr\/#organization"},"potentialAction":[{"@type":"SearchAction","target":{"@type":"EntryPoint","urlTemplate":"https:\/\/fourstrokebarn.com\/fr\/?s={search_term_string}"},"query-input":{"@type":"PropertyValueSpecification","valueRequired":true,"valueName":"search_term_string"}}],"inLanguage":"fr-FR"},{"@type":"Organization","@id":"https:\/\/fourstrokebarn.com\/fr\/#organization","name":"Fourstrokebarn","url":"https:\/\/fourstrokebarn.com\/fr\/","logo":{"@type":"ImageObject","inLanguage":"fr-FR","@id":"https:\/\/fourstrokebarn.com\/fr\/#\/schema\/logo\/image\/","url":"https:\/\/fourstrokebarn.com\/wp-content\/uploads\/2017\/01\/Foutstrokebarn_web_logo_rood.png","contentUrl":"https:\/\/fourstrokebarn.com\/wp-content\/uploads\/2017\/01\/Foutstrokebarn_web_logo_rood.png","width":355,"height":163,"caption":"Fourstrokebarn"},"image":{"@id":"https:\/\/fourstrokebarn.com\/fr\/#\/schema\/logo\/image\/"},"sameAs":["https:\/\/www.facebook.com\/fourstrokebarn"]}]}},"_links":{"self":[{"href":"https:\/\/fourstrokebarn.com\/fr\/wp-json\/wp\/v2\/pages\/205099","targetHints":{"allow":["GET"]}}],"collection":[{"href":"https:\/\/fourstrokebarn.com\/fr\/wp-json\/wp\/v2\/pages"}],"about":[{"href":"https:\/\/fourstrokebarn.com\/fr\/wp-json\/wp\/v2\/types\/page"}],"author":[{"embeddable":true,"href":"https:\/\/fourstrokebarn.com\/fr\/wp-json\/wp\/v2\/users\/1"}],"replies":[{"embeddable":true,"href":"https:\/\/fourstrokebarn.com\/fr\/wp-json\/wp\/v2\/comments?post=205099"}],"version-history":[{"count":10,"href":"https:\/\/fourstrokebarn.com\/fr\/wp-json\/wp\/v2\/pages\/205099\/revisions"}],"predecessor-version":[{"id":205126,"href":"https:\/\/fourstrokebarn.com\/fr\/wp-json\/wp\/v2\/pages\/205099\/revisions\/205126"}],"wp:featuredmedia":[{"embeddable":true,"href":"https:\/\/fourstrokebarn.com\/fr\/wp-json\/wp\/v2\/media\/205097"}],"wp:attachment":[{"href":"https:\/\/fourstrokebarn.com\/fr\/wp-json\/wp\/v2\/media?parent=205099"}],"curies":[{"name":"wp","href":"https:\/\/api.w.org\/{rel}","templated":true}]}}