{"id":185379,"date":"2021-06-27T07:04:46","date_gmt":"2021-06-27T07:04:46","guid":{"rendered":"https:\/\/fourstrokebarn.com\/product\/suzuki-rb50-gag-8089-km\/"},"modified":"2024-12-12T12:22:19","modified_gmt":"2024-12-12T11:22:19","slug":"suzuki-rb50-gag-read-km-stand-8089","status":"publish","type":"product","link":"https:\/\/fourstrokebarn.com\/fr\/produit\/suzuki-rb50-gag-read-km-stand-8089\/","title":{"rendered":"Suzuki RB50 GAG \u2013 8089 km"},"content":{"rendered":"<p>Ce gag Suzuki RB50 est import\u00e9 directement du Japon. Actuellement, il n\u2019a pas encore de plaque d\u2019immatriculation. Nous pouvons nous en occuper si vous le souhaitez. Une moustache, un cyclomoteur ou une plaque d\u2019immatriculation de moto est possible.<\/p>\n<p>Le prix comprend 21% de TVA. En cas d\u2019achat d\u2019entreprise, cela peut \u00eatre demand\u00e9 en retour.<\/p>\n","protected":false},"excerpt":{"rendered":"<p>Le 23-06-2021, un autre grand lot de Honda (et aussi quelques autres marques) est arriv\u00e9 \u00e0 la Fourstrokebarn, y compris cette Suzuki RB50 gag.<\/p>\n<p>\u00c0 court terme, il y a plus de photos disponibles de ce cyclomoteur. Si vous souhaitez plus d\u2019informations sur ce cyclomoteur, veuillez appeler ou envoyer un e-mail. Bien s\u00fbr, vous pouvez aussi simplement passer par le caf\u00e9 est pr\u00eat. (le samedi nous sommes ouverts les autres jours sur rendez-vous)<\/p>\n<p>Plus de photos et d\u2019informations suppl\u00e9mentaires seront disponibles sur le site d\u00e8s que possible.<\/p>\n<p>Tous ces cyclomoteurs et motos \u00ab d\u2019importation japonaise \u00bb sont officiellement import\u00e9s. Tous les frais et taxes d\u2019importation ont \u00e9t\u00e9 pay\u00e9s. Le prix inclut la TVA, de sorte que la TVA est d\u00e9ductible pour un achat professionnel.<\/p>\n","protected":false},"featured_media":164347,"comment_status":"open","ping_status":"closed","template":"","meta":{"inline_featured_image":false,"_monsterinsights_skip_tracking":false,"_monsterinsights_sitenote_active":false,"_monsterinsights_sitenote_note":"","_monsterinsights_sitenote_category":0},"product_brand":[],"product_cat":[9319,9379],"product_tag":[9428,9429,9427],"class_list":{"0":"post-185379","1":"product","2":"type-product","3":"status-publish","4":"has-post-thumbnail","6":"product_cat-cyclomoteurs","7":"product_cat-suzuki-fr","8":"product_tag-suzuki-fr","9":"product_tag-yamaha-fr","10":"product_tag-yamaha-yb-four-fr","11":"product_shipping_class-bromfiets","13":"first","14":"instock","15":"taxable","16":"shipping-taxable","17":"purchasable","18":"product-type-simple"},"yoast_head":"<!-- This site is optimized with the Yoast SEO Premium plugin v27.5 (Yoast SEO v27.5) - https:\/\/yoast.com\/product\/yoast-seo-premium-wordpress\/ -->\n<title>Suzuki RB50 GAG - 8089 km &#183; Fourstrokebarn Honda &amp; Parts<\/title>\n<meta name=\"description\" content=\"Le 23-06-2021, un autre grand lot de Honda (et aussi quelques autres marques) est arriv\u00e9 \u00e0 la Fourstrokebarn, y compris cette Suzuki RB50 gag. \u00c0 court terme, il y a plus de photos disponibles de ce cyclomoteur. Si vous souhaitez plus d\u2019informations sur ce cyclomoteur, veuillez appeler ou envoyer un e-mail. Bien s\u00fbr, vous pouvez aussi simplement passer par le caf\u00e9 est pr\u00eat. (le samedi nous sommes ouverts les autres jours sur rendez-vous) Plus de photos et d\u2019informations suppl\u00e9mentaires seront disponibles sur le site d\u00e8s que possible. Tous ces cyclomoteurs et motos \u00ab d\u2019importation japonaise \u00bb sont officiellement import\u00e9s. Tous les frais et taxes d\u2019importation ont \u00e9t\u00e9 pay\u00e9s. Le prix inclut la TVA, de sorte que la TVA est d\u00e9ductible pour un achat professionnel. &euro;1.750,00 &#183; Cyclomoteurs, Suzuki. Suzuki RB50 gag. Lire le kilom\u00e9trage 8089\" \/>\n<meta name=\"robots\" content=\"index, follow, max-snippet:-1, max-image-preview:large, max-video-preview:-1\" \/>\n<link rel=\"canonical\" href=\"https:\/\/fourstrokebarn.com\/fr\/produit\/suzuki-rb50-gag-read-km-stand-8089\/\" \/>\n<meta property=\"og:locale\" content=\"fr_FR\" \/>\n<meta property=\"og:type\" content=\"article\" \/>\n<meta property=\"og:title\" content=\"Suzuki RB50 GAG - 8089 km\" \/>\n<meta property=\"og:description\" content=\"Le 23-06-2021, un autre grand lot de Honda (et aussi quelques autres marques) est arriv\u00e9 \u00e0 la Fourstrokebarn, y compris cette Suzuki RB50 gag. \u00c0 court terme, il y a plus de photos disponibles de ce cyclomoteur. Si vous souhaitez plus d\u2019informations sur ce cyclomoteur, veuillez appeler ou envoyer un e-mail. Bien s\u00fbr, vous pouvez aussi simplement passer par le caf\u00e9 est pr\u00eat. (le samedi nous sommes ouverts les autres jours sur rendez-vous) Plus de photos et d\u2019informations suppl\u00e9mentaires seront disponibles sur le site d\u00e8s que possible. Tous ces cyclomoteurs et motos \u00ab d\u2019importation japonaise \u00bb sont officiellement import\u00e9s. Tous les frais et taxes d\u2019importation ont \u00e9t\u00e9 pay\u00e9s. Le prix inclut la TVA, de sorte que la TVA est d\u00e9ductible pour un achat professionnel. &euro;1.750,00 &#183; Cyclomoteurs, Suzuki. Suzuki RB50 gag. Lire le kilom\u00e9trage 8089\" \/>\n<meta property=\"og:url\" content=\"https:\/\/fourstrokebarn.com\/fr\/produit\/suzuki-rb50-gag-read-km-stand-8089\/\" \/>\n<meta property=\"og:site_name\" content=\"Fourstrokebarn\" \/>\n<meta property=\"article:publisher\" content=\"https:\/\/www.facebook.com\/fourstrokebarn\" \/>\n<meta property=\"article:modified_time\" content=\"2024-12-12T11:22:19+00:00\" \/>\n<meta property=\"og:image\" content=\"https:\/\/fourstrokebarn.com\/wp-content\/uploads\/2021\/06\/C14_061.jpg\" \/>\n\t<meta property=\"og:image:width\" content=\"2061\" \/>\n\t<meta property=\"og:image:height\" content=\"2560\" \/>\n\t<meta property=\"og:image:type\" content=\"image\/jpeg\" \/>\n<meta name=\"twitter:card\" content=\"summary_large_image\" \/>\n<meta name=\"twitter:label1\" content=\"Prix\" \/>\n\t<meta name=\"twitter:data1\" content=\"&euro;1.750,00\" \/>\n\t<meta name=\"twitter:label2\" content=\"Disponibilit\u00e9\" \/>\n\t<meta name=\"twitter:data2\" content=\"En stock\" \/>\n<script type=\"application\/ld+json\" class=\"yoast-schema-graph\">{\"@context\":\"https:\\\/\\\/schema.org\",\"@graph\":[{\"@type\":\"WebPage\",\"@id\":\"https:\\\/\\\/fourstrokebarn.com\\\/fr\\\/produit\\\/suzuki-rb50-gag-read-km-stand-8089\\\/\",\"url\":\"https:\\\/\\\/fourstrokebarn.com\\\/fr\\\/produit\\\/suzuki-rb50-gag-read-km-stand-8089\\\/\",\"name\":\"Suzuki RB50 GAG - 8089 km &#183; Fourstrokebarn Honda & Parts\",\"isPartOf\":{\"@id\":\"https:\\\/\\\/fourstrokebarn.com\\\/fr\\\/#website\"},\"primaryImageOfPage\":{\"@id\":\"https:\\\/\\\/fourstrokebarn.com\\\/fr\\\/produit\\\/suzuki-rb50-gag-read-km-stand-8089\\\/#primaryimage\"},\"image\":{\"@id\":\"https:\\\/\\\/fourstrokebarn.com\\\/fr\\\/produit\\\/suzuki-rb50-gag-read-km-stand-8089\\\/#primaryimage\"},\"thumbnailUrl\":\"https:\\\/\\\/fourstrokebarn.com\\\/wp-content\\\/uploads\\\/2021\\\/06\\\/C14_061.jpg\",\"datePublished\":\"2021-06-27T07:04:46+00:00\",\"dateModified\":\"2024-12-12T11:22:19+00:00\",\"description\":\"Le 23-06-2021, un autre grand lot de Honda (et aussi quelques autres marques) est arriv\u00e9 \u00e0 la Fourstrokebarn, y compris cette Suzuki RB50 gag. \u00c0 court terme, il y a plus de photos disponibles de ce cyclomoteur. Si vous souhaitez plus d\u2019informations sur ce cyclomoteur, veuillez appeler ou envoyer un e-mail. Bien s\u00fbr, vous pouvez aussi simplement passer par le caf\u00e9 est pr\u00eat. (le samedi nous sommes ouverts les autres jours sur rendez-vous) Plus de photos et d\u2019informations suppl\u00e9mentaires seront disponibles sur le site d\u00e8s que possible. Tous ces cyclomoteurs et motos \u00ab d\u2019importation japonaise \u00bb sont officiellement import\u00e9s. Tous les frais et taxes d\u2019importation ont \u00e9t\u00e9 pay\u00e9s. Le prix inclut la TVA, de sorte que la TVA est d\u00e9ductible pour un achat professionnel. &euro;1.750,00 &#183; Cyclomoteurs, Suzuki. Suzuki RB50 gag. Lire le kilom\u00e9trage 8089\",\"breadcrumb\":{\"@id\":\"https:\\\/\\\/fourstrokebarn.com\\\/fr\\\/produit\\\/suzuki-rb50-gag-read-km-stand-8089\\\/#breadcrumb\"},\"inLanguage\":\"fr-FR\",\"potentialAction\":[{\"@type\":\"ReadAction\",\"target\":[\"https:\\\/\\\/fourstrokebarn.com\\\/fr\\\/produit\\\/suzuki-rb50-gag-read-km-stand-8089\\\/\"]}]},{\"@type\":\"ImageObject\",\"inLanguage\":\"fr-FR\",\"@id\":\"https:\\\/\\\/fourstrokebarn.com\\\/fr\\\/produit\\\/suzuki-rb50-gag-read-km-stand-8089\\\/#primaryimage\",\"url\":\"https:\\\/\\\/fourstrokebarn.com\\\/wp-content\\\/uploads\\\/2021\\\/06\\\/C14_061.jpg\",\"contentUrl\":\"https:\\\/\\\/fourstrokebarn.com\\\/wp-content\\\/uploads\\\/2021\\\/06\\\/C14_061.jpg\",\"width\":2061,\"height\":2560},{\"@type\":\"BreadcrumbList\",\"@id\":\"https:\\\/\\\/fourstrokebarn.com\\\/fr\\\/produit\\\/suzuki-rb50-gag-read-km-stand-8089\\\/#breadcrumb\",\"itemListElement\":[{\"@type\":\"ListItem\",\"position\":1,\"name\":\"Domicile\",\"item\":\"https:\\\/\\\/fourstrokebarn.com\\\/fr\\\/cyclomoteurs-honda-4-temps-et-pieces-a-vendre\\\/\"},{\"@type\":\"ListItem\",\"position\":2,\"name\":\"Boutique\",\"item\":\"https:\\\/\\\/fourstrokebarn.com\\\/fr\\\/boutique\\\/\"},{\"@type\":\"ListItem\",\"position\":3,\"name\":\"Suzuki RB50 GAG &#8211; 8089 km\"}]},{\"@type\":\"WebSite\",\"@id\":\"https:\\\/\\\/fourstrokebarn.com\\\/fr\\\/#website\",\"url\":\"https:\\\/\\\/fourstrokebarn.com\\\/fr\\\/\",\"name\":\"Fourstrokebarn\",\"description\":\"New &amp; used Honda 4-stroke classic bikes &amp; parts\",\"publisher\":{\"@id\":\"https:\\\/\\\/fourstrokebarn.com\\\/fr\\\/#organization\"},\"potentialAction\":[{\"@type\":\"SearchAction\",\"target\":{\"@type\":\"EntryPoint\",\"urlTemplate\":\"https:\\\/\\\/fourstrokebarn.com\\\/fr\\\/?s={search_term_string}\"},\"query-input\":{\"@type\":\"PropertyValueSpecification\",\"valueRequired\":true,\"valueName\":\"search_term_string\"}}],\"inLanguage\":\"fr-FR\"},{\"@type\":\"Organization\",\"@id\":\"https:\\\/\\\/fourstrokebarn.com\\\/fr\\\/#organization\",\"name\":\"Fourstrokebarn\",\"url\":\"https:\\\/\\\/fourstrokebarn.com\\\/fr\\\/\",\"logo\":{\"@type\":\"ImageObject\",\"inLanguage\":\"fr-FR\",\"@id\":\"https:\\\/\\\/fourstrokebarn.com\\\/fr\\\/#\\\/schema\\\/logo\\\/image\\\/\",\"url\":\"https:\\\/\\\/fourstrokebarn.com\\\/wp-content\\\/uploads\\\/2017\\\/01\\\/Foutstrokebarn_web_logo_rood.png\",\"contentUrl\":\"https:\\\/\\\/fourstrokebarn.com\\\/wp-content\\\/uploads\\\/2017\\\/01\\\/Foutstrokebarn_web_logo_rood.png\",\"width\":355,\"height\":163,\"caption\":\"Fourstrokebarn\"},\"image\":{\"@id\":\"https:\\\/\\\/fourstrokebarn.com\\\/fr\\\/#\\\/schema\\\/logo\\\/image\\\/\"},\"sameAs\":[\"https:\\\/\\\/www.facebook.com\\\/fourstrokebarn\"]}]}<\/script>\n<meta property=\"product:price:amount\" content=\"1750.00\" \/>\n<meta property=\"product:price:currency\" content=\"EUR\" \/>\n<meta property=\"og:availability\" content=\"instock\" \/>\n<meta property=\"product:availability\" content=\"instock\" \/>\n<meta property=\"product:condition\" content=\"new\" \/>\n<!-- \/ Yoast SEO Premium plugin. -->","yoast_head_json":{"title":"Suzuki RB50 GAG - 8089 km &#183; Fourstrokebarn Honda & Parts","description":"Le 23-06-2021, un autre grand lot de Honda (et aussi quelques autres marques) est arriv\u00e9 \u00e0 la Fourstrokebarn, y compris cette Suzuki RB50 gag. \u00c0 court terme, il y a plus de photos disponibles de ce cyclomoteur. Si vous souhaitez plus d\u2019informations sur ce cyclomoteur, veuillez appeler ou envoyer un e-mail. Bien s\u00fbr, vous pouvez aussi simplement passer par le caf\u00e9 est pr\u00eat. (le samedi nous sommes ouverts les autres jours sur rendez-vous) Plus de photos et d\u2019informations suppl\u00e9mentaires seront disponibles sur le site d\u00e8s que possible. Tous ces cyclomoteurs et motos \u00ab d\u2019importation japonaise \u00bb sont officiellement import\u00e9s. Tous les frais et taxes d\u2019importation ont \u00e9t\u00e9 pay\u00e9s. Le prix inclut la TVA, de sorte que la TVA est d\u00e9ductible pour un achat professionnel. &euro;1.750,00 &#183; Cyclomoteurs, Suzuki. Suzuki RB50 gag. Lire le kilom\u00e9trage 8089","robots":{"index":"index","follow":"follow","max-snippet":"max-snippet:-1","max-image-preview":"max-image-preview:large","max-video-preview":"max-video-preview:-1"},"canonical":"https:\/\/fourstrokebarn.com\/fr\/produit\/suzuki-rb50-gag-read-km-stand-8089\/","og_locale":"fr_FR","og_type":"article","og_title":"Suzuki RB50 GAG - 8089 km","og_description":"Le 23-06-2021, un autre grand lot de Honda (et aussi quelques autres marques) est arriv\u00e9 \u00e0 la Fourstrokebarn, y compris cette Suzuki RB50 gag. \u00c0 court terme, il y a plus de photos disponibles de ce cyclomoteur. Si vous souhaitez plus d\u2019informations sur ce cyclomoteur, veuillez appeler ou envoyer un e-mail. Bien s\u00fbr, vous pouvez aussi simplement passer par le caf\u00e9 est pr\u00eat. (le samedi nous sommes ouverts les autres jours sur rendez-vous) Plus de photos et d\u2019informations suppl\u00e9mentaires seront disponibles sur le site d\u00e8s que possible. Tous ces cyclomoteurs et motos \u00ab d\u2019importation japonaise \u00bb sont officiellement import\u00e9s. Tous les frais et taxes d\u2019importation ont \u00e9t\u00e9 pay\u00e9s. Le prix inclut la TVA, de sorte que la TVA est d\u00e9ductible pour un achat professionnel. &euro;1.750,00 &#183; Cyclomoteurs, Suzuki. Suzuki RB50 gag. Lire le kilom\u00e9trage 8089","og_url":"https:\/\/fourstrokebarn.com\/fr\/produit\/suzuki-rb50-gag-read-km-stand-8089\/","og_site_name":"Fourstrokebarn","article_publisher":"https:\/\/www.facebook.com\/fourstrokebarn","article_modified_time":"2024-12-12T11:22:19+00:00","og_image":[{"width":2061,"height":2560,"url":"https:\/\/fourstrokebarn.com\/wp-content\/uploads\/2021\/06\/C14_061.jpg","type":"image\/jpeg"}],"twitter_card":"summary_large_image","twitter_misc":{"Prix":"&euro;1.750,00","Disponibilit\u00e9":"En stock"},"schema":{"@context":"https:\/\/schema.org","@graph":[{"@type":"WebPage","@id":"https:\/\/fourstrokebarn.com\/fr\/produit\/suzuki-rb50-gag-read-km-stand-8089\/","url":"https:\/\/fourstrokebarn.com\/fr\/produit\/suzuki-rb50-gag-read-km-stand-8089\/","name":"Suzuki RB50 GAG - 8089 km &#183; Fourstrokebarn Honda & Parts","isPartOf":{"@id":"https:\/\/fourstrokebarn.com\/fr\/#website"},"primaryImageOfPage":{"@id":"https:\/\/fourstrokebarn.com\/fr\/produit\/suzuki-rb50-gag-read-km-stand-8089\/#primaryimage"},"image":{"@id":"https:\/\/fourstrokebarn.com\/fr\/produit\/suzuki-rb50-gag-read-km-stand-8089\/#primaryimage"},"thumbnailUrl":"https:\/\/fourstrokebarn.com\/wp-content\/uploads\/2021\/06\/C14_061.jpg","datePublished":"2021-06-27T07:04:46+00:00","dateModified":"2024-12-12T11:22:19+00:00","description":"Le 23-06-2021, un autre grand lot de Honda (et aussi quelques autres marques) est arriv\u00e9 \u00e0 la Fourstrokebarn, y compris cette Suzuki RB50 gag. \u00c0 court terme, il y a plus de photos disponibles de ce cyclomoteur. Si vous souhaitez plus d\u2019informations sur ce cyclomoteur, veuillez appeler ou envoyer un e-mail. Bien s\u00fbr, vous pouvez aussi simplement passer par le caf\u00e9 est pr\u00eat. (le samedi nous sommes ouverts les autres jours sur rendez-vous) Plus de photos et d\u2019informations suppl\u00e9mentaires seront disponibles sur le site d\u00e8s que possible. Tous ces cyclomoteurs et motos \u00ab d\u2019importation japonaise \u00bb sont officiellement import\u00e9s. Tous les frais et taxes d\u2019importation ont \u00e9t\u00e9 pay\u00e9s. Le prix inclut la TVA, de sorte que la TVA est d\u00e9ductible pour un achat professionnel. &euro;1.750,00 &#183; Cyclomoteurs, Suzuki. Suzuki RB50 gag. Lire le kilom\u00e9trage 8089","breadcrumb":{"@id":"https:\/\/fourstrokebarn.com\/fr\/produit\/suzuki-rb50-gag-read-km-stand-8089\/#breadcrumb"},"inLanguage":"fr-FR","potentialAction":[{"@type":"ReadAction","target":["https:\/\/fourstrokebarn.com\/fr\/produit\/suzuki-rb50-gag-read-km-stand-8089\/"]}]},{"@type":"ImageObject","inLanguage":"fr-FR","@id":"https:\/\/fourstrokebarn.com\/fr\/produit\/suzuki-rb50-gag-read-km-stand-8089\/#primaryimage","url":"https:\/\/fourstrokebarn.com\/wp-content\/uploads\/2021\/06\/C14_061.jpg","contentUrl":"https:\/\/fourstrokebarn.com\/wp-content\/uploads\/2021\/06\/C14_061.jpg","width":2061,"height":2560},{"@type":"BreadcrumbList","@id":"https:\/\/fourstrokebarn.com\/fr\/produit\/suzuki-rb50-gag-read-km-stand-8089\/#breadcrumb","itemListElement":[{"@type":"ListItem","position":1,"name":"Domicile","item":"https:\/\/fourstrokebarn.com\/fr\/cyclomoteurs-honda-4-temps-et-pieces-a-vendre\/"},{"@type":"ListItem","position":2,"name":"Boutique","item":"https:\/\/fourstrokebarn.com\/fr\/boutique\/"},{"@type":"ListItem","position":3,"name":"Suzuki RB50 GAG &#8211; 8089 km"}]},{"@type":"WebSite","@id":"https:\/\/fourstrokebarn.com\/fr\/#website","url":"https:\/\/fourstrokebarn.com\/fr\/","name":"Fourstrokebarn","description":"New &amp; used Honda 4-stroke classic bikes &amp; parts","publisher":{"@id":"https:\/\/fourstrokebarn.com\/fr\/#organization"},"potentialAction":[{"@type":"SearchAction","target":{"@type":"EntryPoint","urlTemplate":"https:\/\/fourstrokebarn.com\/fr\/?s={search_term_string}"},"query-input":{"@type":"PropertyValueSpecification","valueRequired":true,"valueName":"search_term_string"}}],"inLanguage":"fr-FR"},{"@type":"Organization","@id":"https:\/\/fourstrokebarn.com\/fr\/#organization","name":"Fourstrokebarn","url":"https:\/\/fourstrokebarn.com\/fr\/","logo":{"@type":"ImageObject","inLanguage":"fr-FR","@id":"https:\/\/fourstrokebarn.com\/fr\/#\/schema\/logo\/image\/","url":"https:\/\/fourstrokebarn.com\/wp-content\/uploads\/2017\/01\/Foutstrokebarn_web_logo_rood.png","contentUrl":"https:\/\/fourstrokebarn.com\/wp-content\/uploads\/2017\/01\/Foutstrokebarn_web_logo_rood.png","width":355,"height":163,"caption":"Fourstrokebarn"},"image":{"@id":"https:\/\/fourstrokebarn.com\/fr\/#\/schema\/logo\/image\/"},"sameAs":["https:\/\/www.facebook.com\/fourstrokebarn"]}]},"product_price_amount":"1750.00","product_price_currency":"EUR","og_availability":"instock","product_availability":"instock","product_condition":"new"},"_links":{"self":[{"href":"https:\/\/fourstrokebarn.com\/fr\/wp-json\/wp\/v2\/product\/185379","targetHints":{"allow":["GET"]}}],"collection":[{"href":"https:\/\/fourstrokebarn.com\/fr\/wp-json\/wp\/v2\/product"}],"about":[{"href":"https:\/\/fourstrokebarn.com\/fr\/wp-json\/wp\/v2\/types\/product"}],"replies":[{"embeddable":true,"href":"https:\/\/fourstrokebarn.com\/fr\/wp-json\/wp\/v2\/comments?post=185379"}],"wp:featuredmedia":[{"embeddable":true,"href":"https:\/\/fourstrokebarn.com\/fr\/wp-json\/wp\/v2\/media\/164347"}],"wp:attachment":[{"href":"https:\/\/fourstrokebarn.com\/fr\/wp-json\/wp\/v2\/media?parent=185379"}],"wp:term":[{"taxonomy":"product_brand","embeddable":true,"href":"https:\/\/fourstrokebarn.com\/fr\/wp-json\/wp\/v2\/product_brand?post=185379"},{"taxonomy":"product_cat","embeddable":true,"href":"https:\/\/fourstrokebarn.com\/fr\/wp-json\/wp\/v2\/product_cat?post=185379"},{"taxonomy":"product_tag","embeddable":true,"href":"https:\/\/fourstrokebarn.com\/fr\/wp-json\/wp\/v2\/product_tag?post=185379"}],"curies":[{"name":"wp","href":"https:\/\/api.w.org\/{rel}","templated":true}]}}