{"id":185385,"date":"2020-11-18T12:49:36","date_gmt":"2020-11-18T12:49:36","guid":{"rendered":"https:\/\/fourstrokebarn.com\/product\/honda-md90-livraison-du-courrier-cub-rouge\/"},"modified":"2026-01-08T13:34:24","modified_gmt":"2026-01-08T12:34:24","slug":"honda-md90-mail-delivery-cub-red","status":"publish","type":"product","link":"https:\/\/fourstrokebarn.com\/fr\/produit\/honda-md90-mail-delivery-cub-red\/","title":{"rendered":"Honda MD90 Livraison du courrier Cub Rouge"},"content":{"rendered":"<p>La Honda MD90 Mail Delivery Cub est une version sp\u00e9ciale du Super Cub pour la livraison du courrier. Gr\u00e2ce aux porte-bagages robustes, vous pouvez mettre beaucoup de poids dessus et le moteur riche en couple et les petites roues garantissent qu\u2019il est agr\u00e9able et maniable en ville. Cette copie est en parfait \u00e9tat.<\/p>\n<p>Nous avons import\u00e9 cette Honda directement du Japon. Le prix comprend 21% de TVA. Dans le cas d\u2019achats commerciaux, la TVA peut donc \u00eatre r\u00e9cup\u00e9r\u00e9e. Actuellement, ce produit n\u2019a pas encore de plaque d\u2019immatriculation, mais cela est possible moyennant un co\u00fbt suppl\u00e9mentaire (cyclomoteur, cyclomoteur ou moto).<\/p>\n","protected":false},"excerpt":{"rendered":"<p>Version sp\u00e9ciale du Super Cub pour la poste. En bon \u00e9tat.<\/p>\n","protected":false},"featured_media":158809,"comment_status":"open","ping_status":"closed","template":"","meta":{"inline_featured_image":false,"_monsterinsights_skip_tracking":false,"_monsterinsights_sitenote_active":false,"_monsterinsights_sitenote_note":"","_monsterinsights_sitenote_category":0},"product_brand":[],"product_cat":[9319,9329,9339],"product_tag":[],"class_list":{"0":"post-185385","1":"product","2":"type-product","3":"status-publish","4":"has-post-thumbnail","6":"product_cat-cyclomoteurs","7":"product_cat-honda-c50-c70-c90","8":"product_cat-importation-au-japon","9":"product_shipping_class-bromfiets","11":"first","12":"instock","13":"taxable","14":"shipping-taxable","15":"purchasable","16":"product-type-simple"},"yoast_head":"<!-- This site is optimized with the Yoast SEO Premium plugin v27.5 (Yoast SEO v27.5) - https:\/\/yoast.com\/product\/yoast-seo-premium-wordpress\/ -->\n<title>Honda MD90 Livraison du courrier Cub Rouge &#183; Fourstrokebarn Honda &amp; Parts<\/title>\n<meta name=\"description\" content=\"Version sp\u00e9ciale du Super Cub pour la poste. En bon \u00e9tat. &euro;1.750,00 &#183; Cyclomoteurs, Honda C50, C70, C90, Importation au Japon.\" \/>\n<meta name=\"robots\" content=\"index, follow, max-snippet:-1, max-image-preview:large, max-video-preview:-1\" \/>\n<link rel=\"canonical\" href=\"https:\/\/fourstrokebarn.com\/fr\/produit\/honda-md90-mail-delivery-cub-red\/\" \/>\n<meta property=\"og:locale\" content=\"fr_FR\" \/>\n<meta property=\"og:type\" content=\"article\" \/>\n<meta property=\"og:title\" content=\"Honda MD90 Livraison du courrier Cub Rouge\" \/>\n<meta property=\"og:description\" content=\"Version sp\u00e9ciale du Super Cub pour la poste. En bon \u00e9tat. &euro;1.750,00 &#183; Cyclomoteurs, Honda C50, C70, C90, Importation au Japon.\" \/>\n<meta property=\"og:url\" content=\"https:\/\/fourstrokebarn.com\/fr\/produit\/honda-md90-mail-delivery-cub-red\/\" \/>\n<meta property=\"og:site_name\" content=\"Fourstrokebarn\" \/>\n<meta property=\"article:publisher\" content=\"https:\/\/www.facebook.com\/fourstrokebarn\" \/>\n<meta property=\"article:modified_time\" content=\"2026-01-08T12:34:24+00:00\" \/>\n<meta property=\"og:image\" content=\"https:\/\/fourstrokebarn.com\/wp-content\/uploads\/2020\/11\/hondaMD50.jpg\" \/>\n\t<meta property=\"og:image:width\" content=\"2061\" \/>\n\t<meta property=\"og:image:height\" content=\"2560\" \/>\n\t<meta property=\"og:image:type\" content=\"image\/jpeg\" \/>\n<meta name=\"twitter:card\" content=\"summary_large_image\" \/>\n<meta name=\"twitter:label1\" content=\"Prix\" \/>\n\t<meta name=\"twitter:data1\" content=\"&euro;1.750,00\" \/>\n\t<meta name=\"twitter:label2\" content=\"Disponibilit\u00e9\" \/>\n\t<meta name=\"twitter:data2\" content=\"En stock\" \/>\n<script type=\"application\/ld+json\" class=\"yoast-schema-graph\">{\"@context\":\"https:\\\/\\\/schema.org\",\"@graph\":[{\"@type\":\"WebPage\",\"@id\":\"https:\\\/\\\/fourstrokebarn.com\\\/fr\\\/produit\\\/honda-md90-mail-delivery-cub-red\\\/\",\"url\":\"https:\\\/\\\/fourstrokebarn.com\\\/fr\\\/produit\\\/honda-md90-mail-delivery-cub-red\\\/\",\"name\":\"Honda MD90 Livraison du courrier Cub Rouge &#183; Fourstrokebarn Honda & Parts\",\"isPartOf\":{\"@id\":\"https:\\\/\\\/fourstrokebarn.com\\\/fr\\\/#website\"},\"primaryImageOfPage\":{\"@id\":\"https:\\\/\\\/fourstrokebarn.com\\\/fr\\\/produit\\\/honda-md90-mail-delivery-cub-red\\\/#primaryimage\"},\"image\":{\"@id\":\"https:\\\/\\\/fourstrokebarn.com\\\/fr\\\/produit\\\/honda-md90-mail-delivery-cub-red\\\/#primaryimage\"},\"thumbnailUrl\":\"https:\\\/\\\/fourstrokebarn.com\\\/wp-content\\\/uploads\\\/2020\\\/11\\\/hondaMD50.jpg\",\"datePublished\":\"2020-11-18T12:49:36+00:00\",\"dateModified\":\"2026-01-08T12:34:24+00:00\",\"description\":\"Version sp\u00e9ciale du Super Cub pour la poste. En bon \u00e9tat. &euro;1.750,00 &#183; Cyclomoteurs, Honda C50, C70, C90, Importation au Japon.\",\"breadcrumb\":{\"@id\":\"https:\\\/\\\/fourstrokebarn.com\\\/fr\\\/produit\\\/honda-md90-mail-delivery-cub-red\\\/#breadcrumb\"},\"inLanguage\":\"fr-FR\",\"potentialAction\":[{\"@type\":\"ReadAction\",\"target\":[\"https:\\\/\\\/fourstrokebarn.com\\\/fr\\\/produit\\\/honda-md90-mail-delivery-cub-red\\\/\"]}]},{\"@type\":\"ImageObject\",\"inLanguage\":\"fr-FR\",\"@id\":\"https:\\\/\\\/fourstrokebarn.com\\\/fr\\\/produit\\\/honda-md90-mail-delivery-cub-red\\\/#primaryimage\",\"url\":\"https:\\\/\\\/fourstrokebarn.com\\\/wp-content\\\/uploads\\\/2020\\\/11\\\/hondaMD50.jpg\",\"contentUrl\":\"https:\\\/\\\/fourstrokebarn.com\\\/wp-content\\\/uploads\\\/2020\\\/11\\\/hondaMD50.jpg\",\"width\":2061,\"height\":2560},{\"@type\":\"BreadcrumbList\",\"@id\":\"https:\\\/\\\/fourstrokebarn.com\\\/fr\\\/produit\\\/honda-md90-mail-delivery-cub-red\\\/#breadcrumb\",\"itemListElement\":[{\"@type\":\"ListItem\",\"position\":1,\"name\":\"Domicile\",\"item\":\"https:\\\/\\\/fourstrokebarn.com\\\/fr\\\/cyclomoteurs-honda-4-temps-et-pieces-a-vendre\\\/\"},{\"@type\":\"ListItem\",\"position\":2,\"name\":\"Boutique\",\"item\":\"https:\\\/\\\/fourstrokebarn.com\\\/fr\\\/boutique\\\/\"},{\"@type\":\"ListItem\",\"position\":3,\"name\":\"Honda MD90 Livraison du courrier Cub Rouge\"}]},{\"@type\":\"WebSite\",\"@id\":\"https:\\\/\\\/fourstrokebarn.com\\\/fr\\\/#website\",\"url\":\"https:\\\/\\\/fourstrokebarn.com\\\/fr\\\/\",\"name\":\"Fourstrokebarn\",\"description\":\"New &amp; used Honda 4-stroke classic bikes &amp; parts\",\"publisher\":{\"@id\":\"https:\\\/\\\/fourstrokebarn.com\\\/fr\\\/#organization\"},\"potentialAction\":[{\"@type\":\"SearchAction\",\"target\":{\"@type\":\"EntryPoint\",\"urlTemplate\":\"https:\\\/\\\/fourstrokebarn.com\\\/fr\\\/?s={search_term_string}\"},\"query-input\":{\"@type\":\"PropertyValueSpecification\",\"valueRequired\":true,\"valueName\":\"search_term_string\"}}],\"inLanguage\":\"fr-FR\"},{\"@type\":\"Organization\",\"@id\":\"https:\\\/\\\/fourstrokebarn.com\\\/fr\\\/#organization\",\"name\":\"Fourstrokebarn\",\"url\":\"https:\\\/\\\/fourstrokebarn.com\\\/fr\\\/\",\"logo\":{\"@type\":\"ImageObject\",\"inLanguage\":\"fr-FR\",\"@id\":\"https:\\\/\\\/fourstrokebarn.com\\\/fr\\\/#\\\/schema\\\/logo\\\/image\\\/\",\"url\":\"https:\\\/\\\/fourstrokebarn.com\\\/wp-content\\\/uploads\\\/2017\\\/01\\\/Foutstrokebarn_web_logo_rood.png\",\"contentUrl\":\"https:\\\/\\\/fourstrokebarn.com\\\/wp-content\\\/uploads\\\/2017\\\/01\\\/Foutstrokebarn_web_logo_rood.png\",\"width\":355,\"height\":163,\"caption\":\"Fourstrokebarn\"},\"image\":{\"@id\":\"https:\\\/\\\/fourstrokebarn.com\\\/fr\\\/#\\\/schema\\\/logo\\\/image\\\/\"},\"sameAs\":[\"https:\\\/\\\/www.facebook.com\\\/fourstrokebarn\"]}]}<\/script>\n<meta property=\"product:price:amount\" content=\"1750.00\" \/>\n<meta property=\"product:price:currency\" content=\"EUR\" \/>\n<meta property=\"og:availability\" content=\"instock\" \/>\n<meta property=\"product:availability\" content=\"instock\" \/>\n<meta property=\"product:condition\" content=\"new\" \/>\n<!-- \/ Yoast SEO Premium plugin. -->","yoast_head_json":{"title":"Honda MD90 Livraison du courrier Cub Rouge &#183; Fourstrokebarn Honda & Parts","description":"Version sp\u00e9ciale du Super Cub pour la poste. En bon \u00e9tat. &euro;1.750,00 &#183; Cyclomoteurs, Honda C50, C70, C90, Importation au Japon.","robots":{"index":"index","follow":"follow","max-snippet":"max-snippet:-1","max-image-preview":"max-image-preview:large","max-video-preview":"max-video-preview:-1"},"canonical":"https:\/\/fourstrokebarn.com\/fr\/produit\/honda-md90-mail-delivery-cub-red\/","og_locale":"fr_FR","og_type":"article","og_title":"Honda MD90 Livraison du courrier Cub Rouge","og_description":"Version sp\u00e9ciale du Super Cub pour la poste. En bon \u00e9tat. &euro;1.750,00 &#183; Cyclomoteurs, Honda C50, C70, C90, Importation au Japon.","og_url":"https:\/\/fourstrokebarn.com\/fr\/produit\/honda-md90-mail-delivery-cub-red\/","og_site_name":"Fourstrokebarn","article_publisher":"https:\/\/www.facebook.com\/fourstrokebarn","article_modified_time":"2026-01-08T12:34:24+00:00","og_image":[{"width":2061,"height":2560,"url":"https:\/\/fourstrokebarn.com\/wp-content\/uploads\/2020\/11\/hondaMD50.jpg","type":"image\/jpeg"}],"twitter_card":"summary_large_image","twitter_misc":{"Prix":"&euro;1.750,00","Disponibilit\u00e9":"En stock"},"schema":{"@context":"https:\/\/schema.org","@graph":[{"@type":"WebPage","@id":"https:\/\/fourstrokebarn.com\/fr\/produit\/honda-md90-mail-delivery-cub-red\/","url":"https:\/\/fourstrokebarn.com\/fr\/produit\/honda-md90-mail-delivery-cub-red\/","name":"Honda MD90 Livraison du courrier Cub Rouge &#183; Fourstrokebarn Honda & Parts","isPartOf":{"@id":"https:\/\/fourstrokebarn.com\/fr\/#website"},"primaryImageOfPage":{"@id":"https:\/\/fourstrokebarn.com\/fr\/produit\/honda-md90-mail-delivery-cub-red\/#primaryimage"},"image":{"@id":"https:\/\/fourstrokebarn.com\/fr\/produit\/honda-md90-mail-delivery-cub-red\/#primaryimage"},"thumbnailUrl":"https:\/\/fourstrokebarn.com\/wp-content\/uploads\/2020\/11\/hondaMD50.jpg","datePublished":"2020-11-18T12:49:36+00:00","dateModified":"2026-01-08T12:34:24+00:00","description":"Version sp\u00e9ciale du Super Cub pour la poste. En bon \u00e9tat. &euro;1.750,00 &#183; Cyclomoteurs, Honda C50, C70, C90, Importation au Japon.","breadcrumb":{"@id":"https:\/\/fourstrokebarn.com\/fr\/produit\/honda-md90-mail-delivery-cub-red\/#breadcrumb"},"inLanguage":"fr-FR","potentialAction":[{"@type":"ReadAction","target":["https:\/\/fourstrokebarn.com\/fr\/produit\/honda-md90-mail-delivery-cub-red\/"]}]},{"@type":"ImageObject","inLanguage":"fr-FR","@id":"https:\/\/fourstrokebarn.com\/fr\/produit\/honda-md90-mail-delivery-cub-red\/#primaryimage","url":"https:\/\/fourstrokebarn.com\/wp-content\/uploads\/2020\/11\/hondaMD50.jpg","contentUrl":"https:\/\/fourstrokebarn.com\/wp-content\/uploads\/2020\/11\/hondaMD50.jpg","width":2061,"height":2560},{"@type":"BreadcrumbList","@id":"https:\/\/fourstrokebarn.com\/fr\/produit\/honda-md90-mail-delivery-cub-red\/#breadcrumb","itemListElement":[{"@type":"ListItem","position":1,"name":"Domicile","item":"https:\/\/fourstrokebarn.com\/fr\/cyclomoteurs-honda-4-temps-et-pieces-a-vendre\/"},{"@type":"ListItem","position":2,"name":"Boutique","item":"https:\/\/fourstrokebarn.com\/fr\/boutique\/"},{"@type":"ListItem","position":3,"name":"Honda MD90 Livraison du courrier Cub Rouge"}]},{"@type":"WebSite","@id":"https:\/\/fourstrokebarn.com\/fr\/#website","url":"https:\/\/fourstrokebarn.com\/fr\/","name":"Fourstrokebarn","description":"New &amp; used Honda 4-stroke classic bikes &amp; parts","publisher":{"@id":"https:\/\/fourstrokebarn.com\/fr\/#organization"},"potentialAction":[{"@type":"SearchAction","target":{"@type":"EntryPoint","urlTemplate":"https:\/\/fourstrokebarn.com\/fr\/?s={search_term_string}"},"query-input":{"@type":"PropertyValueSpecification","valueRequired":true,"valueName":"search_term_string"}}],"inLanguage":"fr-FR"},{"@type":"Organization","@id":"https:\/\/fourstrokebarn.com\/fr\/#organization","name":"Fourstrokebarn","url":"https:\/\/fourstrokebarn.com\/fr\/","logo":{"@type":"ImageObject","inLanguage":"fr-FR","@id":"https:\/\/fourstrokebarn.com\/fr\/#\/schema\/logo\/image\/","url":"https:\/\/fourstrokebarn.com\/wp-content\/uploads\/2017\/01\/Foutstrokebarn_web_logo_rood.png","contentUrl":"https:\/\/fourstrokebarn.com\/wp-content\/uploads\/2017\/01\/Foutstrokebarn_web_logo_rood.png","width":355,"height":163,"caption":"Fourstrokebarn"},"image":{"@id":"https:\/\/fourstrokebarn.com\/fr\/#\/schema\/logo\/image\/"},"sameAs":["https:\/\/www.facebook.com\/fourstrokebarn"]}]},"product_price_amount":"1750.00","product_price_currency":"EUR","og_availability":"instock","product_availability":"instock","product_condition":"new"},"_links":{"self":[{"href":"https:\/\/fourstrokebarn.com\/fr\/wp-json\/wp\/v2\/product\/185385","targetHints":{"allow":["GET"]}}],"collection":[{"href":"https:\/\/fourstrokebarn.com\/fr\/wp-json\/wp\/v2\/product"}],"about":[{"href":"https:\/\/fourstrokebarn.com\/fr\/wp-json\/wp\/v2\/types\/product"}],"replies":[{"embeddable":true,"href":"https:\/\/fourstrokebarn.com\/fr\/wp-json\/wp\/v2\/comments?post=185385"}],"wp:featuredmedia":[{"embeddable":true,"href":"https:\/\/fourstrokebarn.com\/fr\/wp-json\/wp\/v2\/media\/158809"}],"wp:attachment":[{"href":"https:\/\/fourstrokebarn.com\/fr\/wp-json\/wp\/v2\/media?parent=185385"}],"wp:term":[{"taxonomy":"product_brand","embeddable":true,"href":"https:\/\/fourstrokebarn.com\/fr\/wp-json\/wp\/v2\/product_brand?post=185385"},{"taxonomy":"product_cat","embeddable":true,"href":"https:\/\/fourstrokebarn.com\/fr\/wp-json\/wp\/v2\/product_cat?post=185385"},{"taxonomy":"product_tag","embeddable":true,"href":"https:\/\/fourstrokebarn.com\/fr\/wp-json\/wp\/v2\/product_tag?post=185385"}],"curies":[{"name":"wp","href":"https:\/\/api.w.org\/{rel}","templated":true}]}}