{"id":185390,"date":"2020-10-16T06:10:52","date_gmt":"2020-10-16T06:10:52","guid":{"rendered":"https:\/\/fourstrokebarn.com\/product\/honda-monkey_cherry\/"},"modified":"2026-01-08T13:34:27","modified_gmt":"2026-01-08T12:34:27","slug":"honda-monkey-2","status":"publish","type":"product","link":"https:\/\/fourstrokebarn.com\/fr\/produit\/honda-monkey-2\/","title":{"rendered":"Honda monkey_cherry"},"content":{"rendered":"<p><strong>Pour plus d\u2019informations, vous pouvez toujours m\u2019appeler ou m\u2019envoyer un courriel.<br \/>\n<\/strong> Ce cyclomoteur ou moto a \u00e9t\u00e9 ajout\u00e9 \u00e0 notre stock le 14\/10\/2020. Plus de photos et d\u2019informations suppl\u00e9mentaires seront disponibles sur le site d\u00e8s que possible.<\/p>\n<p>Si vous ne voulez pas attendre cela, vous pouvez bien s\u00fbr aussi envoyer un message Whatsapp \u00ab&nbsp;<a href=\"https:\/\/wa.me\/31643087945\">https:\/\/wa.me\/31643087945<\/a>&nbsp;\u00bb. Ensuite, nous envoyons quelques photos et vid\u00e9os (si d\u00e9j\u00e0 disponibles) ou nous prenons rendez-vous pour regarder le cyclomoteur en direct!<\/p>\n<p>Nous avons import\u00e9 cette Honda Monkey blanche directement du Japon. Le prix comprend 21% de TVA. Dans le cas d\u2019achats professionnels, la TVA peut donc \u00eatre r\u00e9cup\u00e9r\u00e9e. Ce cyclomoteur n\u2019a pas encore de plaque d\u2019immatriculation. Ce cyclomoteur peut \u00eatre livr\u00e9 avec plaque d\u2019immatriculation (moustache, normale et plaque d\u2019immatriculation de moto est possible.<\/p>\n<p>&nbsp;<\/p>\n","protected":false},"excerpt":{"rendered":"<p>Nous avons import\u00e9 ce singe Honda directement du Japon. Le prix comprend 21% de TVA. Dans le cas d\u2019achats professionnels, la TVA peut donc \u00eatre r\u00e9cup\u00e9r\u00e9e. Ce cyclomoteur n\u2019a pas encore de plaque d\u2019immatriculation. Ce cyclomoteur peut \u00eatre livr\u00e9 avec plaque d\u2019immatriculation (moustache, normale et plaque d\u2019immatriculation de moto est possible.<\/p>\n<p>Cat\u00e9gorie de produit: <a href=\"https:\/\/fourstrokebarn.com\/fr\/productcategorie\/cyclomoteurs\/honda-monkey\/\">Honda Monkey<\/a><\/p>\n","protected":false},"featured_media":158146,"comment_status":"closed","ping_status":"closed","template":"","meta":{"inline_featured_image":false,"_monsterinsights_skip_tracking":false,"_monsterinsights_sitenote_active":false,"_monsterinsights_sitenote_note":"","_monsterinsights_sitenote_category":0},"product_brand":[],"product_cat":[9319,9365,9339],"product_tag":[9433],"class_list":{"0":"post-185390","1":"product","2":"type-product","3":"status-publish","4":"has-post-thumbnail","6":"product_cat-cyclomoteurs","7":"product_cat-honda-monkey","8":"product_cat-importation-au-japon","9":"product_tag-gorille","10":"product_shipping_class-bromfiets","12":"first","13":"instock","14":"taxable","15":"shipping-taxable","16":"purchasable","17":"product-type-simple"},"yoast_head":"<!-- This site is optimized with the Yoast SEO Premium plugin v27.5 (Yoast SEO v27.5) - https:\/\/yoast.com\/product\/yoast-seo-premium-wordpress\/ -->\n<title>Honda monkey_cherry &#183; Fourstrokebarn Honda &amp; Parts<\/title>\n<meta name=\"description\" content=\"Nous avons import\u00e9 ce singe Honda directement du Japon. Le prix comprend 21% de TVA. Dans le cas d\u2019achats professionnels, la TVA peut donc \u00eatre r\u00e9cup\u00e9r\u00e9e. Ce cyclomoteur n\u2019a pas encore de plaque d\u2019immatriculation. Ce cyclomoteur peut \u00eatre livr\u00e9 avec plaque d\u2019immatriculation (moustache, normale et plaque d\u2019immatriculation de moto est possible. Cat\u00e9gorie de produit: Honda Monkey &euro;2.350,00 &#183; Cyclomoteurs, Honda Monkey, Importation au Japon.\" \/>\n<meta name=\"robots\" content=\"index, follow, max-snippet:-1, max-image-preview:large, max-video-preview:-1\" \/>\n<link rel=\"canonical\" href=\"https:\/\/fourstrokebarn.com\/fr\/produit\/honda-monkey-2\/\" \/>\n<meta property=\"og:locale\" content=\"fr_FR\" \/>\n<meta property=\"og:type\" content=\"article\" \/>\n<meta property=\"og:title\" content=\"Honda monkey_cherry\" \/>\n<meta property=\"og:description\" content=\"Nous avons import\u00e9 ce singe Honda directement du Japon. Le prix comprend 21% de TVA. Dans le cas d\u2019achats professionnels, la TVA peut donc \u00eatre r\u00e9cup\u00e9r\u00e9e. Ce cyclomoteur n\u2019a pas encore de plaque d\u2019immatriculation. Ce cyclomoteur peut \u00eatre livr\u00e9 avec plaque d\u2019immatriculation (moustache, normale et plaque d\u2019immatriculation de moto est possible. Cat\u00e9gorie de produit: Honda Monkey &euro;2.350,00 &#183; Cyclomoteurs, Honda Monkey, Importation au Japon.\" \/>\n<meta property=\"og:url\" content=\"https:\/\/fourstrokebarn.com\/fr\/produit\/honda-monkey-2\/\" \/>\n<meta property=\"og:site_name\" content=\"Fourstrokebarn\" \/>\n<meta property=\"article:publisher\" content=\"https:\/\/www.facebook.com\/fourstrokebarn\" \/>\n<meta property=\"article:modified_time\" content=\"2026-01-08T12:34:27+00:00\" \/>\n<meta property=\"og:image\" content=\"https:\/\/fourstrokebarn.com\/wp-content\/uploads\/2020\/10\/monkey_cherry.jpg\" \/>\n\t<meta property=\"og:image:width\" content=\"2061\" \/>\n\t<meta property=\"og:image:height\" content=\"2560\" \/>\n\t<meta property=\"og:image:type\" content=\"image\/jpeg\" \/>\n<meta name=\"twitter:card\" content=\"summary_large_image\" \/>\n<meta name=\"twitter:label1\" content=\"Prix\" \/>\n\t<meta name=\"twitter:data1\" content=\"&euro;2.350,00\" \/>\n\t<meta name=\"twitter:label2\" content=\"Disponibilit\u00e9\" \/>\n\t<meta name=\"twitter:data2\" content=\"En stock\" \/>\n<script type=\"application\/ld+json\" class=\"yoast-schema-graph\">{\"@context\":\"https:\\\/\\\/schema.org\",\"@graph\":[{\"@type\":\"WebPage\",\"@id\":\"https:\\\/\\\/fourstrokebarn.com\\\/fr\\\/produit\\\/honda-monkey-2\\\/\",\"url\":\"https:\\\/\\\/fourstrokebarn.com\\\/fr\\\/produit\\\/honda-monkey-2\\\/\",\"name\":\"Honda monkey_cherry &#183; Fourstrokebarn Honda & Parts\",\"isPartOf\":{\"@id\":\"https:\\\/\\\/fourstrokebarn.com\\\/fr\\\/#website\"},\"primaryImageOfPage\":{\"@id\":\"https:\\\/\\\/fourstrokebarn.com\\\/fr\\\/produit\\\/honda-monkey-2\\\/#primaryimage\"},\"image\":{\"@id\":\"https:\\\/\\\/fourstrokebarn.com\\\/fr\\\/produit\\\/honda-monkey-2\\\/#primaryimage\"},\"thumbnailUrl\":\"https:\\\/\\\/fourstrokebarn.com\\\/wp-content\\\/uploads\\\/2020\\\/10\\\/monkey_cherry.jpg\",\"datePublished\":\"2020-10-16T06:10:52+00:00\",\"dateModified\":\"2026-01-08T12:34:27+00:00\",\"description\":\"Nous avons import\u00e9 ce singe Honda directement du Japon. Le prix comprend 21% de TVA. Dans le cas d\u2019achats professionnels, la TVA peut donc \u00eatre r\u00e9cup\u00e9r\u00e9e. Ce cyclomoteur n\u2019a pas encore de plaque d\u2019immatriculation. Ce cyclomoteur peut \u00eatre livr\u00e9 avec plaque d\u2019immatriculation (moustache, normale et plaque d\u2019immatriculation de moto est possible. Cat\u00e9gorie de produit: Honda Monkey &euro;2.350,00 &#183; Cyclomoteurs, Honda Monkey, Importation au Japon.\",\"breadcrumb\":{\"@id\":\"https:\\\/\\\/fourstrokebarn.com\\\/fr\\\/produit\\\/honda-monkey-2\\\/#breadcrumb\"},\"inLanguage\":\"fr-FR\",\"potentialAction\":[{\"@type\":\"ReadAction\",\"target\":[\"https:\\\/\\\/fourstrokebarn.com\\\/fr\\\/produit\\\/honda-monkey-2\\\/\"]}]},{\"@type\":\"ImageObject\",\"inLanguage\":\"fr-FR\",\"@id\":\"https:\\\/\\\/fourstrokebarn.com\\\/fr\\\/produit\\\/honda-monkey-2\\\/#primaryimage\",\"url\":\"https:\\\/\\\/fourstrokebarn.com\\\/wp-content\\\/uploads\\\/2020\\\/10\\\/monkey_cherry.jpg\",\"contentUrl\":\"https:\\\/\\\/fourstrokebarn.com\\\/wp-content\\\/uploads\\\/2020\\\/10\\\/monkey_cherry.jpg\",\"width\":2061,\"height\":2560,\"caption\":\"Honda monkey_cherry\"},{\"@type\":\"BreadcrumbList\",\"@id\":\"https:\\\/\\\/fourstrokebarn.com\\\/fr\\\/produit\\\/honda-monkey-2\\\/#breadcrumb\",\"itemListElement\":[{\"@type\":\"ListItem\",\"position\":1,\"name\":\"Domicile\",\"item\":\"https:\\\/\\\/fourstrokebarn.com\\\/fr\\\/cyclomoteurs-honda-4-temps-et-pieces-a-vendre\\\/\"},{\"@type\":\"ListItem\",\"position\":2,\"name\":\"Boutique\",\"item\":\"https:\\\/\\\/fourstrokebarn.com\\\/fr\\\/boutique\\\/\"},{\"@type\":\"ListItem\",\"position\":3,\"name\":\"Honda monkey_cherry\"}]},{\"@type\":\"WebSite\",\"@id\":\"https:\\\/\\\/fourstrokebarn.com\\\/fr\\\/#website\",\"url\":\"https:\\\/\\\/fourstrokebarn.com\\\/fr\\\/\",\"name\":\"Fourstrokebarn\",\"description\":\"New &amp; used Honda 4-stroke classic bikes &amp; parts\",\"publisher\":{\"@id\":\"https:\\\/\\\/fourstrokebarn.com\\\/fr\\\/#organization\"},\"potentialAction\":[{\"@type\":\"SearchAction\",\"target\":{\"@type\":\"EntryPoint\",\"urlTemplate\":\"https:\\\/\\\/fourstrokebarn.com\\\/fr\\\/?s={search_term_string}\"},\"query-input\":{\"@type\":\"PropertyValueSpecification\",\"valueRequired\":true,\"valueName\":\"search_term_string\"}}],\"inLanguage\":\"fr-FR\"},{\"@type\":\"Organization\",\"@id\":\"https:\\\/\\\/fourstrokebarn.com\\\/fr\\\/#organization\",\"name\":\"Fourstrokebarn\",\"url\":\"https:\\\/\\\/fourstrokebarn.com\\\/fr\\\/\",\"logo\":{\"@type\":\"ImageObject\",\"inLanguage\":\"fr-FR\",\"@id\":\"https:\\\/\\\/fourstrokebarn.com\\\/fr\\\/#\\\/schema\\\/logo\\\/image\\\/\",\"url\":\"https:\\\/\\\/fourstrokebarn.com\\\/wp-content\\\/uploads\\\/2017\\\/01\\\/Foutstrokebarn_web_logo_rood.png\",\"contentUrl\":\"https:\\\/\\\/fourstrokebarn.com\\\/wp-content\\\/uploads\\\/2017\\\/01\\\/Foutstrokebarn_web_logo_rood.png\",\"width\":355,\"height\":163,\"caption\":\"Fourstrokebarn\"},\"image\":{\"@id\":\"https:\\\/\\\/fourstrokebarn.com\\\/fr\\\/#\\\/schema\\\/logo\\\/image\\\/\"},\"sameAs\":[\"https:\\\/\\\/www.facebook.com\\\/fourstrokebarn\"]}]}<\/script>\n<meta property=\"product:price:amount\" content=\"2350.00\" \/>\n<meta property=\"product:price:currency\" content=\"EUR\" \/>\n<meta property=\"og:availability\" content=\"instock\" \/>\n<meta property=\"product:availability\" content=\"instock\" \/>\n<meta property=\"product:condition\" content=\"new\" \/>\n<!-- \/ Yoast SEO Premium plugin. -->","yoast_head_json":{"title":"Honda monkey_cherry &#183; Fourstrokebarn Honda & Parts","description":"Nous avons import\u00e9 ce singe Honda directement du Japon. Le prix comprend 21% de TVA. Dans le cas d\u2019achats professionnels, la TVA peut donc \u00eatre r\u00e9cup\u00e9r\u00e9e. Ce cyclomoteur n\u2019a pas encore de plaque d\u2019immatriculation. Ce cyclomoteur peut \u00eatre livr\u00e9 avec plaque d\u2019immatriculation (moustache, normale et plaque d\u2019immatriculation de moto est possible. Cat\u00e9gorie de produit: Honda Monkey &euro;2.350,00 &#183; Cyclomoteurs, Honda Monkey, Importation au Japon.","robots":{"index":"index","follow":"follow","max-snippet":"max-snippet:-1","max-image-preview":"max-image-preview:large","max-video-preview":"max-video-preview:-1"},"canonical":"https:\/\/fourstrokebarn.com\/fr\/produit\/honda-monkey-2\/","og_locale":"fr_FR","og_type":"article","og_title":"Honda monkey_cherry","og_description":"Nous avons import\u00e9 ce singe Honda directement du Japon. Le prix comprend 21% de TVA. Dans le cas d\u2019achats professionnels, la TVA peut donc \u00eatre r\u00e9cup\u00e9r\u00e9e. Ce cyclomoteur n\u2019a pas encore de plaque d\u2019immatriculation. Ce cyclomoteur peut \u00eatre livr\u00e9 avec plaque d\u2019immatriculation (moustache, normale et plaque d\u2019immatriculation de moto est possible. Cat\u00e9gorie de produit: Honda Monkey &euro;2.350,00 &#183; Cyclomoteurs, Honda Monkey, Importation au Japon.","og_url":"https:\/\/fourstrokebarn.com\/fr\/produit\/honda-monkey-2\/","og_site_name":"Fourstrokebarn","article_publisher":"https:\/\/www.facebook.com\/fourstrokebarn","article_modified_time":"2026-01-08T12:34:27+00:00","og_image":[{"width":2061,"height":2560,"url":"https:\/\/fourstrokebarn.com\/wp-content\/uploads\/2020\/10\/monkey_cherry.jpg","type":"image\/jpeg"}],"twitter_card":"summary_large_image","twitter_misc":{"Prix":"&euro;2.350,00","Disponibilit\u00e9":"En stock"},"schema":{"@context":"https:\/\/schema.org","@graph":[{"@type":"WebPage","@id":"https:\/\/fourstrokebarn.com\/fr\/produit\/honda-monkey-2\/","url":"https:\/\/fourstrokebarn.com\/fr\/produit\/honda-monkey-2\/","name":"Honda monkey_cherry &#183; Fourstrokebarn Honda & Parts","isPartOf":{"@id":"https:\/\/fourstrokebarn.com\/fr\/#website"},"primaryImageOfPage":{"@id":"https:\/\/fourstrokebarn.com\/fr\/produit\/honda-monkey-2\/#primaryimage"},"image":{"@id":"https:\/\/fourstrokebarn.com\/fr\/produit\/honda-monkey-2\/#primaryimage"},"thumbnailUrl":"https:\/\/fourstrokebarn.com\/wp-content\/uploads\/2020\/10\/monkey_cherry.jpg","datePublished":"2020-10-16T06:10:52+00:00","dateModified":"2026-01-08T12:34:27+00:00","description":"Nous avons import\u00e9 ce singe Honda directement du Japon. Le prix comprend 21% de TVA. Dans le cas d\u2019achats professionnels, la TVA peut donc \u00eatre r\u00e9cup\u00e9r\u00e9e. Ce cyclomoteur n\u2019a pas encore de plaque d\u2019immatriculation. Ce cyclomoteur peut \u00eatre livr\u00e9 avec plaque d\u2019immatriculation (moustache, normale et plaque d\u2019immatriculation de moto est possible. Cat\u00e9gorie de produit: Honda Monkey &euro;2.350,00 &#183; Cyclomoteurs, Honda Monkey, Importation au Japon.","breadcrumb":{"@id":"https:\/\/fourstrokebarn.com\/fr\/produit\/honda-monkey-2\/#breadcrumb"},"inLanguage":"fr-FR","potentialAction":[{"@type":"ReadAction","target":["https:\/\/fourstrokebarn.com\/fr\/produit\/honda-monkey-2\/"]}]},{"@type":"ImageObject","inLanguage":"fr-FR","@id":"https:\/\/fourstrokebarn.com\/fr\/produit\/honda-monkey-2\/#primaryimage","url":"https:\/\/fourstrokebarn.com\/wp-content\/uploads\/2020\/10\/monkey_cherry.jpg","contentUrl":"https:\/\/fourstrokebarn.com\/wp-content\/uploads\/2020\/10\/monkey_cherry.jpg","width":2061,"height":2560,"caption":"Honda monkey_cherry"},{"@type":"BreadcrumbList","@id":"https:\/\/fourstrokebarn.com\/fr\/produit\/honda-monkey-2\/#breadcrumb","itemListElement":[{"@type":"ListItem","position":1,"name":"Domicile","item":"https:\/\/fourstrokebarn.com\/fr\/cyclomoteurs-honda-4-temps-et-pieces-a-vendre\/"},{"@type":"ListItem","position":2,"name":"Boutique","item":"https:\/\/fourstrokebarn.com\/fr\/boutique\/"},{"@type":"ListItem","position":3,"name":"Honda monkey_cherry"}]},{"@type":"WebSite","@id":"https:\/\/fourstrokebarn.com\/fr\/#website","url":"https:\/\/fourstrokebarn.com\/fr\/","name":"Fourstrokebarn","description":"New &amp; used Honda 4-stroke classic bikes &amp; parts","publisher":{"@id":"https:\/\/fourstrokebarn.com\/fr\/#organization"},"potentialAction":[{"@type":"SearchAction","target":{"@type":"EntryPoint","urlTemplate":"https:\/\/fourstrokebarn.com\/fr\/?s={search_term_string}"},"query-input":{"@type":"PropertyValueSpecification","valueRequired":true,"valueName":"search_term_string"}}],"inLanguage":"fr-FR"},{"@type":"Organization","@id":"https:\/\/fourstrokebarn.com\/fr\/#organization","name":"Fourstrokebarn","url":"https:\/\/fourstrokebarn.com\/fr\/","logo":{"@type":"ImageObject","inLanguage":"fr-FR","@id":"https:\/\/fourstrokebarn.com\/fr\/#\/schema\/logo\/image\/","url":"https:\/\/fourstrokebarn.com\/wp-content\/uploads\/2017\/01\/Foutstrokebarn_web_logo_rood.png","contentUrl":"https:\/\/fourstrokebarn.com\/wp-content\/uploads\/2017\/01\/Foutstrokebarn_web_logo_rood.png","width":355,"height":163,"caption":"Fourstrokebarn"},"image":{"@id":"https:\/\/fourstrokebarn.com\/fr\/#\/schema\/logo\/image\/"},"sameAs":["https:\/\/www.facebook.com\/fourstrokebarn"]}]},"product_price_amount":"2350.00","product_price_currency":"EUR","og_availability":"instock","product_availability":"instock","product_condition":"new"},"_links":{"self":[{"href":"https:\/\/fourstrokebarn.com\/fr\/wp-json\/wp\/v2\/product\/185390","targetHints":{"allow":["GET"]}}],"collection":[{"href":"https:\/\/fourstrokebarn.com\/fr\/wp-json\/wp\/v2\/product"}],"about":[{"href":"https:\/\/fourstrokebarn.com\/fr\/wp-json\/wp\/v2\/types\/product"}],"replies":[{"embeddable":true,"href":"https:\/\/fourstrokebarn.com\/fr\/wp-json\/wp\/v2\/comments?post=185390"}],"wp:featuredmedia":[{"embeddable":true,"href":"https:\/\/fourstrokebarn.com\/fr\/wp-json\/wp\/v2\/media\/158146"}],"wp:attachment":[{"href":"https:\/\/fourstrokebarn.com\/fr\/wp-json\/wp\/v2\/media?parent=185390"}],"wp:term":[{"taxonomy":"product_brand","embeddable":true,"href":"https:\/\/fourstrokebarn.com\/fr\/wp-json\/wp\/v2\/product_brand?post=185390"},{"taxonomy":"product_cat","embeddable":true,"href":"https:\/\/fourstrokebarn.com\/fr\/wp-json\/wp\/v2\/product_cat?post=185390"},{"taxonomy":"product_tag","embeddable":true,"href":"https:\/\/fourstrokebarn.com\/fr\/wp-json\/wp\/v2\/product_tag?post=185390"}],"curies":[{"name":"wp","href":"https:\/\/api.w.org\/{rel}","templated":true}]}}