{"id":185763,"date":"2017-09-18T12:42:33","date_gmt":"2023-01-19T12:20:44","guid":{"rendered":"https:\/\/fourstrokebarn.com\/product\/documentation-honda-manuel-honda-c310-telechargement-gratuit\/"},"modified":"2023-01-19T12:20:44","modified_gmt":"2023-01-19T12:20:44","slug":"documentation-honda-manual-honda-c310","status":"publish","type":"product","link":"https:\/\/fourstrokebarn.com\/fr\/produit\/documentation-honda-manual-honda-c310\/","title":{"rendered":"Documentation Honda \u00ab&nbsp;Manuel Honda C310&nbsp;\u00bb **T\u00e9l\u00e9chargement gratuit**"},"content":{"rendered":"<p>T\u00e9l\u00e9chargement gratuit \u00ab&nbsp;Manuel Honda C310&nbsp;\u00bb.<\/p>\n","protected":false},"excerpt":{"rendered":"<p>Nos manuels, manuels d\u2019atelier, listes de pi\u00e8ces et autres sont enti\u00e8rement gratuits et vous pouvez les t\u00e9l\u00e9charger directement. Si vous avez un manuel qui n\u2019est pas encore r\u00e9pertori\u00e9 ici, vous pouvez nous l\u2019envoyer num\u00e9riquement et nous l\u2019enregistrerons afin que d\u2019autres passionn\u00e9s puissent \u00e9galement l\u2019utiliser \u00e0 nouveau.<\/p>\n<p>&nbsp;<\/p>\n","protected":false},"featured_media":146596,"comment_status":"open","ping_status":"closed","template":"","meta":{"inline_featured_image":false,"_monsterinsights_skip_tracking":false,"_monsterinsights_sitenote_active":false,"_monsterinsights_sitenote_note":"","_monsterinsights_sitenote_category":0},"product_brand":[],"product_cat":[9484,9499,9500],"product_tag":[9503],"class_list":{"0":"post-185763","1":"product","2":"type-product","3":"status-publish","4":"has-post-thumbnail","6":"product_cat-documentation","7":"product_cat-entretien","8":"product_cat-telecharger","9":"product_tag-manuels-fr","11":"first","12":"instock","13":"downloadable","14":"virtual","15":"sold-individually","16":"taxable","17":"purchasable","18":"product-type-simple"},"yoast_head":"<!-- This site is optimized with the Yoast SEO Premium plugin v27.5 (Yoast SEO v27.5) - https:\/\/yoast.com\/product\/yoast-seo-premium-wordpress\/ -->\n<title>Documentation Honda \u00ab&nbsp;Manuel Honda C310&nbsp;\u00bb **T\u00e9l\u00e9chargement gratuit** &#183; Fourstrokebarn Honda &amp; Parts<\/title>\n<meta name=\"description\" content=\"Nos manuels, manuels d\u2019atelier, listes de pi\u00e8ces et autres sont enti\u00e8rement gratuits et vous pouvez les t\u00e9l\u00e9charger directement. Si vous avez un manuel qui n\u2019est pas encore r\u00e9pertori\u00e9 ici, vous pouvez nous l\u2019envoyer num\u00e9riquement et nous l\u2019enregistrerons afin que d\u2019autres passionn\u00e9s puissent \u00e9galement l\u2019utiliser \u00e0 nouveau. &nbsp; &euro;0,00 &#183; Documentation, Entretien, T\u00e9l\u00e9charger.\" \/>\n<meta name=\"robots\" content=\"index, follow, max-snippet:-1, max-image-preview:large, max-video-preview:-1\" \/>\n<link rel=\"canonical\" href=\"https:\/\/fourstrokebarn.com\/fr\/produit\/documentation-honda-manual-honda-c310\/\" \/>\n<meta property=\"og:locale\" content=\"fr_FR\" \/>\n<meta property=\"og:type\" content=\"article\" \/>\n<meta property=\"og:title\" content=\"Documentation Honda \u00ab&nbsp;Manuel Honda C310&nbsp;\u00bb **T\u00e9l\u00e9chargement gratuit**\" \/>\n<meta property=\"og:description\" content=\"Nos manuels, manuels d\u2019atelier, listes de pi\u00e8ces et autres sont enti\u00e8rement gratuits et vous pouvez les t\u00e9l\u00e9charger directement. Si vous avez un manuel qui n\u2019est pas encore r\u00e9pertori\u00e9 ici, vous pouvez nous l\u2019envoyer num\u00e9riquement et nous l\u2019enregistrerons afin que d\u2019autres passionn\u00e9s puissent \u00e9galement l\u2019utiliser \u00e0 nouveau. &nbsp; &euro;0,00 &#183; Documentation, Entretien, T\u00e9l\u00e9charger.\" \/>\n<meta property=\"og:url\" content=\"https:\/\/fourstrokebarn.com\/fr\/produit\/documentation-honda-manual-honda-c310\/\" \/>\n<meta property=\"og:site_name\" content=\"Fourstrokebarn\" \/>\n<meta property=\"article:publisher\" content=\"https:\/\/www.facebook.com\/fourstrokebarn\" \/>\n<meta property=\"og:image\" content=\"https:\/\/fourstrokebarn.com\/wp-content\/uploads\/2016\/12\/Honda-C310-met-beenkap-L.jpg\" \/>\n\t<meta property=\"og:image:width\" content=\"1900\" \/>\n\t<meta property=\"og:image:height\" content=\"2361\" \/>\n\t<meta property=\"og:image:type\" content=\"image\/jpeg\" \/>\n<meta name=\"twitter:card\" content=\"summary_large_image\" \/>\n<meta name=\"twitter:label1\" content=\"Prix\" \/>\n\t<meta name=\"twitter:data1\" content=\"&euro;0,00\" \/>\n\t<meta name=\"twitter:label2\" content=\"Disponibilit\u00e9\" \/>\n\t<meta name=\"twitter:data2\" content=\"En stock\" \/>\n<script type=\"application\/ld+json\" class=\"yoast-schema-graph\">{\"@context\":\"https:\\\/\\\/schema.org\",\"@graph\":[{\"@type\":\"WebPage\",\"@id\":\"https:\\\/\\\/fourstrokebarn.com\\\/fr\\\/produit\\\/documentation-honda-manual-honda-c310\\\/\",\"url\":\"https:\\\/\\\/fourstrokebarn.com\\\/fr\\\/produit\\\/documentation-honda-manual-honda-c310\\\/\",\"name\":\"Documentation Honda \u00ab&nbsp;Manuel Honda C310&nbsp;\u00bb **T\u00e9l\u00e9chargement gratuit** &#183; Fourstrokebarn Honda & Parts\",\"isPartOf\":{\"@id\":\"https:\\\/\\\/fourstrokebarn.com\\\/fr\\\/#website\"},\"primaryImageOfPage\":{\"@id\":\"https:\\\/\\\/fourstrokebarn.com\\\/fr\\\/produit\\\/documentation-honda-manual-honda-c310\\\/#primaryimage\"},\"image\":{\"@id\":\"https:\\\/\\\/fourstrokebarn.com\\\/fr\\\/produit\\\/documentation-honda-manual-honda-c310\\\/#primaryimage\"},\"thumbnailUrl\":\"https:\\\/\\\/fourstrokebarn.com\\\/wp-content\\\/uploads\\\/2016\\\/12\\\/Honda-C310-met-beenkap-L.jpg\",\"datePublished\":\"2023-01-19T12:20:44+00:00\",\"description\":\"Nos manuels, manuels d\u2019atelier, listes de pi\u00e8ces et autres sont enti\u00e8rement gratuits et vous pouvez les t\u00e9l\u00e9charger directement. Si vous avez un manuel qui n\u2019est pas encore r\u00e9pertori\u00e9 ici, vous pouvez nous l\u2019envoyer num\u00e9riquement et nous l\u2019enregistrerons afin que d\u2019autres passionn\u00e9s puissent \u00e9galement l\u2019utiliser \u00e0 nouveau. &nbsp; &euro;0,00 &#183; Documentation, Entretien, T\u00e9l\u00e9charger.\",\"breadcrumb\":{\"@id\":\"https:\\\/\\\/fourstrokebarn.com\\\/fr\\\/produit\\\/documentation-honda-manual-honda-c310\\\/#breadcrumb\"},\"inLanguage\":\"fr-FR\",\"potentialAction\":[{\"@type\":\"ReadAction\",\"target\":[\"https:\\\/\\\/fourstrokebarn.com\\\/fr\\\/produit\\\/documentation-honda-manual-honda-c310\\\/\"]}]},{\"@type\":\"ImageObject\",\"inLanguage\":\"fr-FR\",\"@id\":\"https:\\\/\\\/fourstrokebarn.com\\\/fr\\\/produit\\\/documentation-honda-manual-honda-c310\\\/#primaryimage\",\"url\":\"https:\\\/\\\/fourstrokebarn.com\\\/wp-content\\\/uploads\\\/2016\\\/12\\\/Honda-C310-met-beenkap-L.jpg\",\"contentUrl\":\"https:\\\/\\\/fourstrokebarn.com\\\/wp-content\\\/uploads\\\/2016\\\/12\\\/Honda-C310-met-beenkap-L.jpg\",\"width\":1900,\"height\":2361,\"caption\":\"Honda C310 zonder beenkap\"},{\"@type\":\"BreadcrumbList\",\"@id\":\"https:\\\/\\\/fourstrokebarn.com\\\/fr\\\/produit\\\/documentation-honda-manual-honda-c310\\\/#breadcrumb\",\"itemListElement\":[{\"@type\":\"ListItem\",\"position\":1,\"name\":\"Domicile\",\"item\":\"https:\\\/\\\/fourstrokebarn.com\\\/fr\\\/cyclomoteurs-honda-4-temps-et-pieces-a-vendre\\\/\"},{\"@type\":\"ListItem\",\"position\":2,\"name\":\"Boutique\",\"item\":\"https:\\\/\\\/fourstrokebarn.com\\\/fr\\\/boutique\\\/\"},{\"@type\":\"ListItem\",\"position\":3,\"name\":\"Documentation Honda \u00ab&nbsp;Manuel Honda C310&nbsp;\u00bb **T\u00e9l\u00e9chargement gratuit**\"}]},{\"@type\":\"WebSite\",\"@id\":\"https:\\\/\\\/fourstrokebarn.com\\\/fr\\\/#website\",\"url\":\"https:\\\/\\\/fourstrokebarn.com\\\/fr\\\/\",\"name\":\"Fourstrokebarn\",\"description\":\"New &amp; used Honda 4-stroke classic bikes &amp; parts\",\"publisher\":{\"@id\":\"https:\\\/\\\/fourstrokebarn.com\\\/fr\\\/#organization\"},\"potentialAction\":[{\"@type\":\"SearchAction\",\"target\":{\"@type\":\"EntryPoint\",\"urlTemplate\":\"https:\\\/\\\/fourstrokebarn.com\\\/fr\\\/?s={search_term_string}\"},\"query-input\":{\"@type\":\"PropertyValueSpecification\",\"valueRequired\":true,\"valueName\":\"search_term_string\"}}],\"inLanguage\":\"fr-FR\"},{\"@type\":\"Organization\",\"@id\":\"https:\\\/\\\/fourstrokebarn.com\\\/fr\\\/#organization\",\"name\":\"Fourstrokebarn\",\"url\":\"https:\\\/\\\/fourstrokebarn.com\\\/fr\\\/\",\"logo\":{\"@type\":\"ImageObject\",\"inLanguage\":\"fr-FR\",\"@id\":\"https:\\\/\\\/fourstrokebarn.com\\\/fr\\\/#\\\/schema\\\/logo\\\/image\\\/\",\"url\":\"https:\\\/\\\/fourstrokebarn.com\\\/wp-content\\\/uploads\\\/2017\\\/01\\\/Foutstrokebarn_web_logo_rood.png\",\"contentUrl\":\"https:\\\/\\\/fourstrokebarn.com\\\/wp-content\\\/uploads\\\/2017\\\/01\\\/Foutstrokebarn_web_logo_rood.png\",\"width\":355,\"height\":163,\"caption\":\"Fourstrokebarn\"},\"image\":{\"@id\":\"https:\\\/\\\/fourstrokebarn.com\\\/fr\\\/#\\\/schema\\\/logo\\\/image\\\/\"},\"sameAs\":[\"https:\\\/\\\/www.facebook.com\\\/fourstrokebarn\"]}]}<\/script>\n<meta property=\"product:price:amount\" content=\"0.00\" \/>\n<meta property=\"product:price:currency\" content=\"EUR\" \/>\n<meta property=\"og:availability\" content=\"instock\" \/>\n<meta property=\"product:availability\" content=\"instock\" \/>\n<meta property=\"product:condition\" content=\"new\" \/>\n<!-- \/ Yoast SEO Premium plugin. -->","yoast_head_json":{"title":"Documentation Honda \u00ab&nbsp;Manuel Honda C310&nbsp;\u00bb **T\u00e9l\u00e9chargement gratuit** &#183; Fourstrokebarn Honda & Parts","description":"Nos manuels, manuels d\u2019atelier, listes de pi\u00e8ces et autres sont enti\u00e8rement gratuits et vous pouvez les t\u00e9l\u00e9charger directement. Si vous avez un manuel qui n\u2019est pas encore r\u00e9pertori\u00e9 ici, vous pouvez nous l\u2019envoyer num\u00e9riquement et nous l\u2019enregistrerons afin que d\u2019autres passionn\u00e9s puissent \u00e9galement l\u2019utiliser \u00e0 nouveau. &nbsp; &euro;0,00 &#183; Documentation, Entretien, T\u00e9l\u00e9charger.","robots":{"index":"index","follow":"follow","max-snippet":"max-snippet:-1","max-image-preview":"max-image-preview:large","max-video-preview":"max-video-preview:-1"},"canonical":"https:\/\/fourstrokebarn.com\/fr\/produit\/documentation-honda-manual-honda-c310\/","og_locale":"fr_FR","og_type":"article","og_title":"Documentation Honda \u00ab&nbsp;Manuel Honda C310&nbsp;\u00bb **T\u00e9l\u00e9chargement gratuit**","og_description":"Nos manuels, manuels d\u2019atelier, listes de pi\u00e8ces et autres sont enti\u00e8rement gratuits et vous pouvez les t\u00e9l\u00e9charger directement. Si vous avez un manuel qui n\u2019est pas encore r\u00e9pertori\u00e9 ici, vous pouvez nous l\u2019envoyer num\u00e9riquement et nous l\u2019enregistrerons afin que d\u2019autres passionn\u00e9s puissent \u00e9galement l\u2019utiliser \u00e0 nouveau. &nbsp; &euro;0,00 &#183; Documentation, Entretien, T\u00e9l\u00e9charger.","og_url":"https:\/\/fourstrokebarn.com\/fr\/produit\/documentation-honda-manual-honda-c310\/","og_site_name":"Fourstrokebarn","article_publisher":"https:\/\/www.facebook.com\/fourstrokebarn","og_image":[{"width":1900,"height":2361,"url":"https:\/\/fourstrokebarn.com\/wp-content\/uploads\/2016\/12\/Honda-C310-met-beenkap-L.jpg","type":"image\/jpeg"}],"twitter_card":"summary_large_image","twitter_misc":{"Prix":"&euro;0,00","Disponibilit\u00e9":"En stock"},"schema":{"@context":"https:\/\/schema.org","@graph":[{"@type":"WebPage","@id":"https:\/\/fourstrokebarn.com\/fr\/produit\/documentation-honda-manual-honda-c310\/","url":"https:\/\/fourstrokebarn.com\/fr\/produit\/documentation-honda-manual-honda-c310\/","name":"Documentation Honda \u00ab&nbsp;Manuel Honda C310&nbsp;\u00bb **T\u00e9l\u00e9chargement gratuit** &#183; Fourstrokebarn Honda & Parts","isPartOf":{"@id":"https:\/\/fourstrokebarn.com\/fr\/#website"},"primaryImageOfPage":{"@id":"https:\/\/fourstrokebarn.com\/fr\/produit\/documentation-honda-manual-honda-c310\/#primaryimage"},"image":{"@id":"https:\/\/fourstrokebarn.com\/fr\/produit\/documentation-honda-manual-honda-c310\/#primaryimage"},"thumbnailUrl":"https:\/\/fourstrokebarn.com\/wp-content\/uploads\/2016\/12\/Honda-C310-met-beenkap-L.jpg","datePublished":"2023-01-19T12:20:44+00:00","description":"Nos manuels, manuels d\u2019atelier, listes de pi\u00e8ces et autres sont enti\u00e8rement gratuits et vous pouvez les t\u00e9l\u00e9charger directement. Si vous avez un manuel qui n\u2019est pas encore r\u00e9pertori\u00e9 ici, vous pouvez nous l\u2019envoyer num\u00e9riquement et nous l\u2019enregistrerons afin que d\u2019autres passionn\u00e9s puissent \u00e9galement l\u2019utiliser \u00e0 nouveau. &nbsp; &euro;0,00 &#183; Documentation, Entretien, T\u00e9l\u00e9charger.","breadcrumb":{"@id":"https:\/\/fourstrokebarn.com\/fr\/produit\/documentation-honda-manual-honda-c310\/#breadcrumb"},"inLanguage":"fr-FR","potentialAction":[{"@type":"ReadAction","target":["https:\/\/fourstrokebarn.com\/fr\/produit\/documentation-honda-manual-honda-c310\/"]}]},{"@type":"ImageObject","inLanguage":"fr-FR","@id":"https:\/\/fourstrokebarn.com\/fr\/produit\/documentation-honda-manual-honda-c310\/#primaryimage","url":"https:\/\/fourstrokebarn.com\/wp-content\/uploads\/2016\/12\/Honda-C310-met-beenkap-L.jpg","contentUrl":"https:\/\/fourstrokebarn.com\/wp-content\/uploads\/2016\/12\/Honda-C310-met-beenkap-L.jpg","width":1900,"height":2361,"caption":"Honda C310 zonder beenkap"},{"@type":"BreadcrumbList","@id":"https:\/\/fourstrokebarn.com\/fr\/produit\/documentation-honda-manual-honda-c310\/#breadcrumb","itemListElement":[{"@type":"ListItem","position":1,"name":"Domicile","item":"https:\/\/fourstrokebarn.com\/fr\/cyclomoteurs-honda-4-temps-et-pieces-a-vendre\/"},{"@type":"ListItem","position":2,"name":"Boutique","item":"https:\/\/fourstrokebarn.com\/fr\/boutique\/"},{"@type":"ListItem","position":3,"name":"Documentation Honda \u00ab&nbsp;Manuel Honda C310&nbsp;\u00bb **T\u00e9l\u00e9chargement gratuit**"}]},{"@type":"WebSite","@id":"https:\/\/fourstrokebarn.com\/fr\/#website","url":"https:\/\/fourstrokebarn.com\/fr\/","name":"Fourstrokebarn","description":"New &amp; used Honda 4-stroke classic bikes &amp; parts","publisher":{"@id":"https:\/\/fourstrokebarn.com\/fr\/#organization"},"potentialAction":[{"@type":"SearchAction","target":{"@type":"EntryPoint","urlTemplate":"https:\/\/fourstrokebarn.com\/fr\/?s={search_term_string}"},"query-input":{"@type":"PropertyValueSpecification","valueRequired":true,"valueName":"search_term_string"}}],"inLanguage":"fr-FR"},{"@type":"Organization","@id":"https:\/\/fourstrokebarn.com\/fr\/#organization","name":"Fourstrokebarn","url":"https:\/\/fourstrokebarn.com\/fr\/","logo":{"@type":"ImageObject","inLanguage":"fr-FR","@id":"https:\/\/fourstrokebarn.com\/fr\/#\/schema\/logo\/image\/","url":"https:\/\/fourstrokebarn.com\/wp-content\/uploads\/2017\/01\/Foutstrokebarn_web_logo_rood.png","contentUrl":"https:\/\/fourstrokebarn.com\/wp-content\/uploads\/2017\/01\/Foutstrokebarn_web_logo_rood.png","width":355,"height":163,"caption":"Fourstrokebarn"},"image":{"@id":"https:\/\/fourstrokebarn.com\/fr\/#\/schema\/logo\/image\/"},"sameAs":["https:\/\/www.facebook.com\/fourstrokebarn"]}]},"product_price_amount":"0.00","product_price_currency":"EUR","og_availability":"instock","product_availability":"instock","product_condition":"new"},"_links":{"self":[{"href":"https:\/\/fourstrokebarn.com\/fr\/wp-json\/wp\/v2\/product\/185763","targetHints":{"allow":["GET"]}}],"collection":[{"href":"https:\/\/fourstrokebarn.com\/fr\/wp-json\/wp\/v2\/product"}],"about":[{"href":"https:\/\/fourstrokebarn.com\/fr\/wp-json\/wp\/v2\/types\/product"}],"replies":[{"embeddable":true,"href":"https:\/\/fourstrokebarn.com\/fr\/wp-json\/wp\/v2\/comments?post=185763"}],"wp:featuredmedia":[{"embeddable":true,"href":"https:\/\/fourstrokebarn.com\/fr\/wp-json\/wp\/v2\/media\/146596"}],"wp:attachment":[{"href":"https:\/\/fourstrokebarn.com\/fr\/wp-json\/wp\/v2\/media?parent=185763"}],"wp:term":[{"taxonomy":"product_brand","embeddable":true,"href":"https:\/\/fourstrokebarn.com\/fr\/wp-json\/wp\/v2\/product_brand?post=185763"},{"taxonomy":"product_cat","embeddable":true,"href":"https:\/\/fourstrokebarn.com\/fr\/wp-json\/wp\/v2\/product_cat?post=185763"},{"taxonomy":"product_tag","embeddable":true,"href":"https:\/\/fourstrokebarn.com\/fr\/wp-json\/wp\/v2\/product_tag?post=185763"}],"curies":[{"name":"wp","href":"https:\/\/api.w.org\/{rel}","templated":true}]}}