{"id":187092,"date":"2021-02-10T11:57:15","date_gmt":"2021-02-10T11:57:15","guid":{"rendered":"https:\/\/fourstrokebarn.com\/product\/bandelette-reactive-a-huile-honda-c310-c320-7750\/"},"modified":"2026-04-22T17:49:20","modified_gmt":"2026-04-22T15:49:20","slug":"bandelette-reactive-a-huile-honda-c310-c320-7750","status":"publish","type":"product","link":"https:\/\/fourstrokebarn.com\/fr\/produit\/bandelette-reactive-a-huile-honda-c310-c320-7750\/","title":{"rendered":"Jauge d\u2019huile NOS Honda C310 C320"},"content":{"rendered":"<p>Jauge d\u2019huile Honda C310 C320<\/p>\n","protected":false},"excerpt":{"rendered":"<p>Jauge d\u2019huile neuve avec des dommages sur les \u00e9tag\u00e8res pour Honda C310, C320.  <\/p>\n<p>De nombreuses pi\u00e8ces sont \u00e9galement disponibles d\u2019occasion \u2013 beaucoup moins chers, sans compromettre la qualit\u00e9.<br \/>\nNotre offre continue de cro\u00eetre chaque jour. Vous ne trouvez pas de pi\u00e8ce (neuve ou d\u2019occasion) ? Nous sommes l\u00e0 pour vous aider \u2014 contactez-nous simplement.  <\/p>\n","protected":false},"featured_media":217476,"comment_status":"open","ping_status":"closed","template":"","meta":{"inline_featured_image":false,"_monsterinsights_skip_tracking":false,"_monsterinsights_sitenote_active":false,"_monsterinsights_sitenote_note":"","_monsterinsights_sitenote_category":0},"product_brand":[],"product_cat":[9549,9324],"product_tag":[10365],"class_list":{"0":"post-187092","1":"product","2":"type-product","3":"status-publish","4":"has-post-thumbnail","6":"product_cat-bloc-moteur-pieces","7":"product_cat-pieces-de-cyclomoteur","8":"product_tag-bandelette-reactive-a-lhuile","9":"product_shipping_class-onderdelen","11":"first","12":"instock","13":"taxable","14":"shipping-taxable","15":"purchasable","16":"product-type-simple"},"yoast_head":"<!-- This site is optimized with the Yoast SEO Premium plugin v27.6 (Yoast SEO v27.6) - https:\/\/yoast.com\/product\/yoast-seo-premium-wordpress\/ -->\n<title>&amp; Jauge d\u2019huile de pi\u00e8ces Honda C310 C320<\/title>\n<meta name=\"description\" content=\"Jauge d\u2019huile neuve avec des dommages sur les \u00e9tag\u00e8res pour Honda C310, C320.  De nombreuses pi\u00e8ces sont \u00e9galement disponibles d\u2019occasion \u2013 beaucoup moins chers, sans compromettre la qualit\u00e9.  Notre offre continue de cro\u00eetre chaque jour. Vous ne trouvez pas de pi\u00e8ce (neuve ou d\u2019occasion) ? Nous sommes l\u00e0 pour vous aider \u2014 contactez-nous simplement.  &euro;27,50 &#183; Bloc moteur (pi\u00e8ces), Pi\u00e8ces de cyclomoteur. Jauge d\u2019huile Honda C310 C320\" \/>\n<meta name=\"robots\" content=\"index, follow, max-snippet:-1, max-image-preview:large, max-video-preview:-1\" \/>\n<link rel=\"canonical\" href=\"https:\/\/fourstrokebarn.com\/fr\/produit\/bandelette-reactive-a-huile-honda-c310-c320-7750\/\" \/>\n<meta property=\"og:locale\" content=\"fr_FR\" \/>\n<meta property=\"og:type\" content=\"article\" \/>\n<meta property=\"og:title\" content=\"Jauge d\u2019huile NOS Honda C310 C320\" \/>\n<meta property=\"og:description\" content=\"Jauge d\u2019huile neuve avec des dommages sur les \u00e9tag\u00e8res pour Honda C310, C320.  De nombreuses pi\u00e8ces sont \u00e9galement disponibles d\u2019occasion \u2013 beaucoup moins chers, sans compromettre la qualit\u00e9.  Notre offre continue de cro\u00eetre chaque jour. Vous ne trouvez pas de pi\u00e8ce (neuve ou d\u2019occasion) ? Nous sommes l\u00e0 pour vous aider \u2014 contactez-nous simplement.  &euro;27,50 &#183; Bloc moteur (pi\u00e8ces), Pi\u00e8ces de cyclomoteur. Jauge d\u2019huile Honda C310 C320\" \/>\n<meta property=\"og:url\" content=\"https:\/\/fourstrokebarn.com\/fr\/produit\/bandelette-reactive-a-huile-honda-c310-c320-7750\/\" \/>\n<meta property=\"og:site_name\" content=\"Fourstrokebarn\" \/>\n<meta property=\"article:publisher\" content=\"https:\/\/www.facebook.com\/fourstrokebarn\" \/>\n<meta property=\"article:modified_time\" content=\"2026-04-22T15:49:20+00:00\" \/>\n<meta property=\"og:image\" content=\"https:\/\/fourstrokebarn.com\/wp-content\/uploads\/2021\/02\/Nieuw-project-7.jpg\" \/>\n\t<meta property=\"og:image:width\" content=\"1620\" \/>\n\t<meta property=\"og:image:height\" content=\"2160\" \/>\n\t<meta property=\"og:image:type\" content=\"image\/jpeg\" \/>\n<meta name=\"twitter:card\" content=\"summary_large_image\" \/>\n<meta name=\"twitter:label1\" content=\"Prix\" \/>\n\t<meta name=\"twitter:data1\" content=\"&euro;27,50\" \/>\n\t<meta name=\"twitter:label2\" content=\"Disponibilit\u00e9\" \/>\n\t<meta name=\"twitter:data2\" content=\"En stock\" \/>\n<script type=\"application\/ld+json\" class=\"yoast-schema-graph\">{\"@context\":\"https:\\\/\\\/schema.org\",\"@graph\":[{\"@type\":\"WebPage\",\"@id\":\"https:\\\/\\\/fourstrokebarn.com\\\/fr\\\/produit\\\/bandelette-reactive-a-huile-honda-c310-c320-7750\\\/\",\"url\":\"https:\\\/\\\/fourstrokebarn.com\\\/fr\\\/produit\\\/bandelette-reactive-a-huile-honda-c310-c320-7750\\\/\",\"name\":\"& Jauge d\u2019huile de pi\u00e8ces Honda C310 C320\",\"isPartOf\":{\"@id\":\"https:\\\/\\\/fourstrokebarn.com\\\/fr\\\/#website\"},\"primaryImageOfPage\":{\"@id\":\"https:\\\/\\\/fourstrokebarn.com\\\/fr\\\/produit\\\/bandelette-reactive-a-huile-honda-c310-c320-7750\\\/#primaryimage\"},\"image\":{\"@id\":\"https:\\\/\\\/fourstrokebarn.com\\\/fr\\\/produit\\\/bandelette-reactive-a-huile-honda-c310-c320-7750\\\/#primaryimage\"},\"thumbnailUrl\":\"https:\\\/\\\/fourstrokebarn.com\\\/wp-content\\\/uploads\\\/2021\\\/02\\\/Nieuw-project-7.jpg\",\"datePublished\":\"2021-02-10T11:57:15+00:00\",\"dateModified\":\"2026-04-22T15:49:20+00:00\",\"description\":\"Jauge d\u2019huile neuve avec des dommages sur les \u00e9tag\u00e8res pour Honda C310, C320. De nombreuses pi\u00e8ces sont \u00e9galement disponibles d\u2019occasion \u2013 beaucoup moins chers, sans compromettre la qualit\u00e9. Notre offre continue de cro\u00eetre chaque jour. Vous ne trouvez pas de pi\u00e8ce (neuve ou d\u2019occasion) ? Nous sommes l\u00e0 pour vous aider \u2014 contactez-nous simplement. &euro;27,50 &#183; Bloc moteur (pi\u00e8ces), Pi\u00e8ces de cyclomoteur. Jauge d\u2019huile Honda C310 C320\",\"breadcrumb\":{\"@id\":\"https:\\\/\\\/fourstrokebarn.com\\\/fr\\\/produit\\\/bandelette-reactive-a-huile-honda-c310-c320-7750\\\/#breadcrumb\"},\"inLanguage\":\"fr-FR\",\"potentialAction\":[{\"@type\":\"ReadAction\",\"target\":[\"https:\\\/\\\/fourstrokebarn.com\\\/fr\\\/produit\\\/bandelette-reactive-a-huile-honda-c310-c320-7750\\\/\"]}]},{\"@type\":\"ImageObject\",\"inLanguage\":\"fr-FR\",\"@id\":\"https:\\\/\\\/fourstrokebarn.com\\\/fr\\\/produit\\\/bandelette-reactive-a-huile-honda-c310-c320-7750\\\/#primaryimage\",\"url\":\"https:\\\/\\\/fourstrokebarn.com\\\/wp-content\\\/uploads\\\/2021\\\/02\\\/Nieuw-project-7.jpg\",\"contentUrl\":\"https:\\\/\\\/fourstrokebarn.com\\\/wp-content\\\/uploads\\\/2021\\\/02\\\/Nieuw-project-7.jpg\",\"width\":1620,\"height\":2160,\"caption\":\"Bouchon de remplissage d\u2019huile - Jauge de relev\u00e9 - Honda-C310S-c320s_143832_1_G\"},{\"@type\":\"BreadcrumbList\",\"@id\":\"https:\\\/\\\/fourstrokebarn.com\\\/fr\\\/produit\\\/bandelette-reactive-a-huile-honda-c310-c320-7750\\\/#breadcrumb\",\"itemListElement\":[{\"@type\":\"ListItem\",\"position\":1,\"name\":\"Domicile\",\"item\":\"https:\\\/\\\/fourstrokebarn.com\\\/fr\\\/cyclomoteurs-honda-4-temps-et-pieces-a-vendre\\\/\"},{\"@type\":\"ListItem\",\"position\":2,\"name\":\"Boutique\",\"item\":\"https:\\\/\\\/fourstrokebarn.com\\\/fr\\\/boutique\\\/\"},{\"@type\":\"ListItem\",\"position\":3,\"name\":\"Jauge d\u2019huile NOS Honda C310 C320\"}]},{\"@type\":\"WebSite\",\"@id\":\"https:\\\/\\\/fourstrokebarn.com\\\/fr\\\/#website\",\"url\":\"https:\\\/\\\/fourstrokebarn.com\\\/fr\\\/\",\"name\":\"Fourstrokebarn\",\"description\":\"New &amp; used Honda 4-stroke classic bikes &amp; parts\",\"publisher\":{\"@id\":\"https:\\\/\\\/fourstrokebarn.com\\\/fr\\\/#organization\"},\"potentialAction\":[{\"@type\":\"SearchAction\",\"target\":{\"@type\":\"EntryPoint\",\"urlTemplate\":\"https:\\\/\\\/fourstrokebarn.com\\\/fr\\\/?s={search_term_string}\"},\"query-input\":{\"@type\":\"PropertyValueSpecification\",\"valueRequired\":true,\"valueName\":\"search_term_string\"}}],\"inLanguage\":\"fr-FR\"},{\"@type\":\"Organization\",\"@id\":\"https:\\\/\\\/fourstrokebarn.com\\\/fr\\\/#organization\",\"name\":\"Fourstrokebarn\",\"url\":\"https:\\\/\\\/fourstrokebarn.com\\\/fr\\\/\",\"logo\":{\"@type\":\"ImageObject\",\"inLanguage\":\"fr-FR\",\"@id\":\"https:\\\/\\\/fourstrokebarn.com\\\/fr\\\/#\\\/schema\\\/logo\\\/image\\\/\",\"url\":\"https:\\\/\\\/fourstrokebarn.com\\\/wp-content\\\/uploads\\\/2017\\\/01\\\/Foutstrokebarn_web_logo_rood.png\",\"contentUrl\":\"https:\\\/\\\/fourstrokebarn.com\\\/wp-content\\\/uploads\\\/2017\\\/01\\\/Foutstrokebarn_web_logo_rood.png\",\"width\":355,\"height\":163,\"caption\":\"Fourstrokebarn\"},\"image\":{\"@id\":\"https:\\\/\\\/fourstrokebarn.com\\\/fr\\\/#\\\/schema\\\/logo\\\/image\\\/\"},\"sameAs\":[\"https:\\\/\\\/www.facebook.com\\\/fourstrokebarn\"]}]}<\/script>\n<meta property=\"product:price:amount\" content=\"27.50\" \/>\n<meta property=\"product:price:currency\" content=\"EUR\" \/>\n<meta property=\"og:availability\" content=\"instock\" \/>\n<meta property=\"product:availability\" content=\"instock\" \/>\n<meta property=\"product:retailer_item_id\" content=\"15650-027-000\" \/>\n<meta property=\"product:condition\" content=\"new\" \/>\n<!-- \/ Yoast SEO Premium plugin. -->","yoast_head_json":{"title":"& Jauge d\u2019huile de pi\u00e8ces Honda C310 C320","description":"Jauge d\u2019huile neuve avec des dommages sur les \u00e9tag\u00e8res pour Honda C310, C320.  De nombreuses pi\u00e8ces sont \u00e9galement disponibles d\u2019occasion \u2013 beaucoup moins chers, sans compromettre la qualit\u00e9.  Notre offre continue de cro\u00eetre chaque jour. Vous ne trouvez pas de pi\u00e8ce (neuve ou d\u2019occasion) ? Nous sommes l\u00e0 pour vous aider \u2014 contactez-nous simplement.  &euro;27,50 &#183; Bloc moteur (pi\u00e8ces), Pi\u00e8ces de cyclomoteur. Jauge d\u2019huile Honda C310 C320","robots":{"index":"index","follow":"follow","max-snippet":"max-snippet:-1","max-image-preview":"max-image-preview:large","max-video-preview":"max-video-preview:-1"},"canonical":"https:\/\/fourstrokebarn.com\/fr\/produit\/bandelette-reactive-a-huile-honda-c310-c320-7750\/","og_locale":"fr_FR","og_type":"article","og_title":"Jauge d\u2019huile NOS Honda C310 C320","og_description":"Jauge d\u2019huile neuve avec des dommages sur les \u00e9tag\u00e8res pour Honda C310, C320.  De nombreuses pi\u00e8ces sont \u00e9galement disponibles d\u2019occasion \u2013 beaucoup moins chers, sans compromettre la qualit\u00e9.  Notre offre continue de cro\u00eetre chaque jour. Vous ne trouvez pas de pi\u00e8ce (neuve ou d\u2019occasion) ? Nous sommes l\u00e0 pour vous aider \u2014 contactez-nous simplement.  &euro;27,50 &#183; Bloc moteur (pi\u00e8ces), Pi\u00e8ces de cyclomoteur. Jauge d\u2019huile Honda C310 C320","og_url":"https:\/\/fourstrokebarn.com\/fr\/produit\/bandelette-reactive-a-huile-honda-c310-c320-7750\/","og_site_name":"Fourstrokebarn","article_publisher":"https:\/\/www.facebook.com\/fourstrokebarn","article_modified_time":"2026-04-22T15:49:20+00:00","og_image":[{"width":1620,"height":2160,"url":"https:\/\/fourstrokebarn.com\/wp-content\/uploads\/2021\/02\/Nieuw-project-7.jpg","type":"image\/jpeg"}],"twitter_card":"summary_large_image","twitter_misc":{"Prix":"&euro;27,50","Disponibilit\u00e9":"En stock"},"schema":{"@context":"https:\/\/schema.org","@graph":[{"@type":"WebPage","@id":"https:\/\/fourstrokebarn.com\/fr\/produit\/bandelette-reactive-a-huile-honda-c310-c320-7750\/","url":"https:\/\/fourstrokebarn.com\/fr\/produit\/bandelette-reactive-a-huile-honda-c310-c320-7750\/","name":"& Jauge d\u2019huile de pi\u00e8ces Honda C310 C320","isPartOf":{"@id":"https:\/\/fourstrokebarn.com\/fr\/#website"},"primaryImageOfPage":{"@id":"https:\/\/fourstrokebarn.com\/fr\/produit\/bandelette-reactive-a-huile-honda-c310-c320-7750\/#primaryimage"},"image":{"@id":"https:\/\/fourstrokebarn.com\/fr\/produit\/bandelette-reactive-a-huile-honda-c310-c320-7750\/#primaryimage"},"thumbnailUrl":"https:\/\/fourstrokebarn.com\/wp-content\/uploads\/2021\/02\/Nieuw-project-7.jpg","datePublished":"2021-02-10T11:57:15+00:00","dateModified":"2026-04-22T15:49:20+00:00","description":"Jauge d\u2019huile neuve avec des dommages sur les \u00e9tag\u00e8res pour Honda C310, C320. De nombreuses pi\u00e8ces sont \u00e9galement disponibles d\u2019occasion \u2013 beaucoup moins chers, sans compromettre la qualit\u00e9. Notre offre continue de cro\u00eetre chaque jour. Vous ne trouvez pas de pi\u00e8ce (neuve ou d\u2019occasion) ? Nous sommes l\u00e0 pour vous aider \u2014 contactez-nous simplement. &euro;27,50 &#183; Bloc moteur (pi\u00e8ces), Pi\u00e8ces de cyclomoteur. Jauge d\u2019huile Honda C310 C320","breadcrumb":{"@id":"https:\/\/fourstrokebarn.com\/fr\/produit\/bandelette-reactive-a-huile-honda-c310-c320-7750\/#breadcrumb"},"inLanguage":"fr-FR","potentialAction":[{"@type":"ReadAction","target":["https:\/\/fourstrokebarn.com\/fr\/produit\/bandelette-reactive-a-huile-honda-c310-c320-7750\/"]}]},{"@type":"ImageObject","inLanguage":"fr-FR","@id":"https:\/\/fourstrokebarn.com\/fr\/produit\/bandelette-reactive-a-huile-honda-c310-c320-7750\/#primaryimage","url":"https:\/\/fourstrokebarn.com\/wp-content\/uploads\/2021\/02\/Nieuw-project-7.jpg","contentUrl":"https:\/\/fourstrokebarn.com\/wp-content\/uploads\/2021\/02\/Nieuw-project-7.jpg","width":1620,"height":2160,"caption":"Bouchon de remplissage d\u2019huile - Jauge de relev\u00e9 - Honda-C310S-c320s_143832_1_G"},{"@type":"BreadcrumbList","@id":"https:\/\/fourstrokebarn.com\/fr\/produit\/bandelette-reactive-a-huile-honda-c310-c320-7750\/#breadcrumb","itemListElement":[{"@type":"ListItem","position":1,"name":"Domicile","item":"https:\/\/fourstrokebarn.com\/fr\/cyclomoteurs-honda-4-temps-et-pieces-a-vendre\/"},{"@type":"ListItem","position":2,"name":"Boutique","item":"https:\/\/fourstrokebarn.com\/fr\/boutique\/"},{"@type":"ListItem","position":3,"name":"Jauge d\u2019huile NOS Honda C310 C320"}]},{"@type":"WebSite","@id":"https:\/\/fourstrokebarn.com\/fr\/#website","url":"https:\/\/fourstrokebarn.com\/fr\/","name":"Fourstrokebarn","description":"New &amp; used Honda 4-stroke classic bikes &amp; parts","publisher":{"@id":"https:\/\/fourstrokebarn.com\/fr\/#organization"},"potentialAction":[{"@type":"SearchAction","target":{"@type":"EntryPoint","urlTemplate":"https:\/\/fourstrokebarn.com\/fr\/?s={search_term_string}"},"query-input":{"@type":"PropertyValueSpecification","valueRequired":true,"valueName":"search_term_string"}}],"inLanguage":"fr-FR"},{"@type":"Organization","@id":"https:\/\/fourstrokebarn.com\/fr\/#organization","name":"Fourstrokebarn","url":"https:\/\/fourstrokebarn.com\/fr\/","logo":{"@type":"ImageObject","inLanguage":"fr-FR","@id":"https:\/\/fourstrokebarn.com\/fr\/#\/schema\/logo\/image\/","url":"https:\/\/fourstrokebarn.com\/wp-content\/uploads\/2017\/01\/Foutstrokebarn_web_logo_rood.png","contentUrl":"https:\/\/fourstrokebarn.com\/wp-content\/uploads\/2017\/01\/Foutstrokebarn_web_logo_rood.png","width":355,"height":163,"caption":"Fourstrokebarn"},"image":{"@id":"https:\/\/fourstrokebarn.com\/fr\/#\/schema\/logo\/image\/"},"sameAs":["https:\/\/www.facebook.com\/fourstrokebarn"]}]},"product_price_amount":"27.50","product_price_currency":"EUR","og_availability":"instock","product_availability":"instock","product_retailer_item_id":"15650-027-000","product_condition":"new"},"_links":{"self":[{"href":"https:\/\/fourstrokebarn.com\/fr\/wp-json\/wp\/v2\/product\/187092","targetHints":{"allow":["GET"]}}],"collection":[{"href":"https:\/\/fourstrokebarn.com\/fr\/wp-json\/wp\/v2\/product"}],"about":[{"href":"https:\/\/fourstrokebarn.com\/fr\/wp-json\/wp\/v2\/types\/product"}],"replies":[{"embeddable":true,"href":"https:\/\/fourstrokebarn.com\/fr\/wp-json\/wp\/v2\/comments?post=187092"}],"wp:featuredmedia":[{"embeddable":true,"href":"https:\/\/fourstrokebarn.com\/fr\/wp-json\/wp\/v2\/media\/217476"}],"wp:attachment":[{"href":"https:\/\/fourstrokebarn.com\/fr\/wp-json\/wp\/v2\/media?parent=187092"}],"wp:term":[{"taxonomy":"product_brand","embeddable":true,"href":"https:\/\/fourstrokebarn.com\/fr\/wp-json\/wp\/v2\/product_brand?post=187092"},{"taxonomy":"product_cat","embeddable":true,"href":"https:\/\/fourstrokebarn.com\/fr\/wp-json\/wp\/v2\/product_cat?post=187092"},{"taxonomy":"product_tag","embeddable":true,"href":"https:\/\/fourstrokebarn.com\/fr\/wp-json\/wp\/v2\/product_tag?post=187092"}],"curies":[{"name":"wp","href":"https:\/\/api.w.org\/{rel}","templated":true}]}}