{"id":188004,"date":"2020-10-04T12:26:53","date_gmt":"2020-10-04T12:26:53","guid":{"rendered":"https:\/\/fourstrokebarn.com\/product\/robinet-essence-honda-ss50-cd50-c320-s90-imi\/"},"modified":"2024-09-28T12:02:59","modified_gmt":"2024-09-28T10:02:59","slug":"robinet-a-essence-honda-ss50-cd50-c320-s90-imi","status":"publish","type":"product","link":"https:\/\/fourstrokebarn.com\/fr\/produit\/robinet-a-essence-honda-ss50-cd50-c320-s90-imi\/","title":{"rendered":"Robinet essence Honda Ss50\/Cd50\/C320\/S90 Imi"},"content":{"rendered":"<p>Robinet essence Honda Ss50 \/ Cd50 \/ C320 \/ S90 Imi. Honda n\u00b0 16950-070-700T.<\/p>\n","protected":false},"excerpt":{"rendered":"<p>Robinet essence Honda Ss50 \/ Cd50 \/ C320 \/ S90 Imi. Honda n\u00b0 16950-070-700T (16950070700T). De nombreux produits sont \u00e9galement utilis\u00e9s en stock et tous ne sont pas encore sur le site. Si vous souhaitez utiliser ce produit et que vous ne le trouvez pas sur le site, veuillez appeler ou envoyer un e-mail.<\/p>\n","protected":false},"featured_media":159445,"comment_status":"open","ping_status":"closed","template":"","meta":{"inline_featured_image":false,"_monsterinsights_skip_tracking":false,"_monsterinsights_sitenote_active":false,"_monsterinsights_sitenote_note":"","_monsterinsights_sitenote_category":0},"product_brand":[],"product_cat":[9543,9324],"product_tag":[9887,9888],"class_list":{"0":"post-188004","1":"product","2":"type-product","3":"status-publish","4":"has-post-thumbnail","6":"product_cat-carburateur-reservoir-pieces-essence","7":"product_cat-pieces-de-cyclomoteur","8":"product_tag-combustible","9":"product_tag-essence","10":"product_shipping_class-onderdelen","12":"first","13":"instock","14":"taxable","15":"shipping-taxable","16":"purchasable","17":"product-type-simple"},"yoast_head":"<!-- This site is optimized with the Yoast SEO Premium plugin v27.6 (Yoast SEO v27.6) - https:\/\/yoast.com\/product\/yoast-seo-premium-wordpress\/ -->\n<title>Robinet essence Honda Ss50\/Cd50\/C320\/S90 Imi &#183; Fourstrokebarn Honda &amp; Parts<\/title>\n<meta name=\"description\" content=\"Robinet essence Honda Ss50 \/ Cd50 \/ C320 \/ S90 Imi. Honda n\u00b0 16950-070-700T (16950070700T). De nombreux produits sont \u00e9galement utilis\u00e9s en stock et tous ne sont pas encore sur le site. Si vous souhaitez utiliser ce produit et que vous ne le trouvez pas sur le site, veuillez appeler ou envoyer un e-mail. &euro;21,90 &#183; Carburateur, R\u00e9servoir, Pi\u00e8ces essence, Pi\u00e8ces de cyclomoteur.\" \/>\n<meta name=\"robots\" content=\"index, follow, max-snippet:-1, max-image-preview:large, max-video-preview:-1\" \/>\n<link rel=\"canonical\" href=\"https:\/\/fourstrokebarn.com\/fr\/produit\/robinet-a-essence-honda-ss50-cd50-c320-s90-imi\/\" \/>\n<meta property=\"og:locale\" content=\"fr_FR\" \/>\n<meta property=\"og:type\" content=\"article\" \/>\n<meta property=\"og:title\" content=\"Robinet essence Honda Ss50\/Cd50\/C320\/S90 Imi\" \/>\n<meta property=\"og:description\" content=\"Robinet essence Honda Ss50 \/ Cd50 \/ C320 \/ S90 Imi. Honda n\u00b0 16950-070-700T (16950070700T). De nombreux produits sont \u00e9galement utilis\u00e9s en stock et tous ne sont pas encore sur le site. Si vous souhaitez utiliser ce produit et que vous ne le trouvez pas sur le site, veuillez appeler ou envoyer un e-mail. &euro;21,90 &#183; Carburateur, R\u00e9servoir, Pi\u00e8ces essence, Pi\u00e8ces de cyclomoteur.\" \/>\n<meta property=\"og:url\" content=\"https:\/\/fourstrokebarn.com\/fr\/produit\/robinet-a-essence-honda-ss50-cd50-c320-s90-imi\/\" \/>\n<meta property=\"og:site_name\" content=\"Fourstrokebarn\" \/>\n<meta property=\"article:publisher\" content=\"https:\/\/www.facebook.com\/fourstrokebarn\" \/>\n<meta property=\"article:modified_time\" content=\"2024-09-28T10:02:59+00:00\" \/>\n<meta property=\"og:image\" content=\"https:\/\/fourstrokebarn.com\/wp-content\/uploads\/2021\/01\/9083-1-scaled.jpg\" \/>\n\t<meta property=\"og:image:width\" content=\"2061\" \/>\n\t<meta property=\"og:image:height\" content=\"2560\" \/>\n\t<meta property=\"og:image:type\" content=\"image\/jpeg\" \/>\n<meta name=\"twitter:card\" content=\"summary_large_image\" \/>\n<meta name=\"twitter:label1\" content=\"Prix\" \/>\n\t<meta name=\"twitter:data1\" content=\"&euro;21,90\" \/>\n\t<meta name=\"twitter:label2\" content=\"Disponibilit\u00e9\" \/>\n\t<meta name=\"twitter:data2\" content=\"En stock\" \/>\n<script type=\"application\/ld+json\" class=\"yoast-schema-graph\">{\"@context\":\"https:\\\/\\\/schema.org\",\"@graph\":[{\"@type\":\"WebPage\",\"@id\":\"https:\\\/\\\/fourstrokebarn.com\\\/fr\\\/produit\\\/robinet-a-essence-honda-ss50-cd50-c320-s90-imi\\\/\",\"url\":\"https:\\\/\\\/fourstrokebarn.com\\\/fr\\\/produit\\\/robinet-a-essence-honda-ss50-cd50-c320-s90-imi\\\/\",\"name\":\"Robinet essence Honda Ss50\\\/Cd50\\\/C320\\\/S90 Imi &#183; Fourstrokebarn Honda & Parts\",\"isPartOf\":{\"@id\":\"https:\\\/\\\/fourstrokebarn.com\\\/fr\\\/#website\"},\"primaryImageOfPage\":{\"@id\":\"https:\\\/\\\/fourstrokebarn.com\\\/fr\\\/produit\\\/robinet-a-essence-honda-ss50-cd50-c320-s90-imi\\\/#primaryimage\"},\"image\":{\"@id\":\"https:\\\/\\\/fourstrokebarn.com\\\/fr\\\/produit\\\/robinet-a-essence-honda-ss50-cd50-c320-s90-imi\\\/#primaryimage\"},\"thumbnailUrl\":\"https:\\\/\\\/fourstrokebarn.com\\\/wp-content\\\/uploads\\\/2021\\\/01\\\/9083-1-scaled.jpg\",\"datePublished\":\"2020-10-04T12:26:53+00:00\",\"dateModified\":\"2024-09-28T10:02:59+00:00\",\"description\":\"Robinet essence Honda Ss50 \\\/ Cd50 \\\/ C320 \\\/ S90 Imi. Honda n\u00b0 16950-070-700T (16950070700T). De nombreux produits sont \u00e9galement utilis\u00e9s en stock et tous ne sont pas encore sur le site. Si vous souhaitez utiliser ce produit et que vous ne le trouvez pas sur le site, veuillez appeler ou envoyer un e-mail. &euro;21,90 &#183; Carburateur, R\u00e9servoir, Pi\u00e8ces essence, Pi\u00e8ces de cyclomoteur.\",\"breadcrumb\":{\"@id\":\"https:\\\/\\\/fourstrokebarn.com\\\/fr\\\/produit\\\/robinet-a-essence-honda-ss50-cd50-c320-s90-imi\\\/#breadcrumb\"},\"inLanguage\":\"fr-FR\",\"potentialAction\":[{\"@type\":\"ReadAction\",\"target\":[\"https:\\\/\\\/fourstrokebarn.com\\\/fr\\\/produit\\\/robinet-a-essence-honda-ss50-cd50-c320-s90-imi\\\/\"]}]},{\"@type\":\"ImageObject\",\"inLanguage\":\"fr-FR\",\"@id\":\"https:\\\/\\\/fourstrokebarn.com\\\/fr\\\/produit\\\/robinet-a-essence-honda-ss50-cd50-c320-s90-imi\\\/#primaryimage\",\"url\":\"https:\\\/\\\/fourstrokebarn.com\\\/wp-content\\\/uploads\\\/2021\\\/01\\\/9083-1-scaled.jpg\",\"contentUrl\":\"https:\\\/\\\/fourstrokebarn.com\\\/wp-content\\\/uploads\\\/2021\\\/01\\\/9083-1-scaled.jpg\",\"width\":2061,\"height\":2560},{\"@type\":\"BreadcrumbList\",\"@id\":\"https:\\\/\\\/fourstrokebarn.com\\\/fr\\\/produit\\\/robinet-a-essence-honda-ss50-cd50-c320-s90-imi\\\/#breadcrumb\",\"itemListElement\":[{\"@type\":\"ListItem\",\"position\":1,\"name\":\"Domicile\",\"item\":\"https:\\\/\\\/fourstrokebarn.com\\\/fr\\\/cyclomoteurs-honda-4-temps-et-pieces-a-vendre\\\/\"},{\"@type\":\"ListItem\",\"position\":2,\"name\":\"Boutique\",\"item\":\"https:\\\/\\\/fourstrokebarn.com\\\/fr\\\/boutique\\\/\"},{\"@type\":\"ListItem\",\"position\":3,\"name\":\"Robinet essence Honda Ss50\\\/Cd50\\\/C320\\\/S90 Imi\"}]},{\"@type\":\"WebSite\",\"@id\":\"https:\\\/\\\/fourstrokebarn.com\\\/fr\\\/#website\",\"url\":\"https:\\\/\\\/fourstrokebarn.com\\\/fr\\\/\",\"name\":\"Fourstrokebarn\",\"description\":\"New &amp; used Honda 4-stroke classic bikes &amp; parts\",\"publisher\":{\"@id\":\"https:\\\/\\\/fourstrokebarn.com\\\/fr\\\/#organization\"},\"potentialAction\":[{\"@type\":\"SearchAction\",\"target\":{\"@type\":\"EntryPoint\",\"urlTemplate\":\"https:\\\/\\\/fourstrokebarn.com\\\/fr\\\/?s={search_term_string}\"},\"query-input\":{\"@type\":\"PropertyValueSpecification\",\"valueRequired\":true,\"valueName\":\"search_term_string\"}}],\"inLanguage\":\"fr-FR\"},{\"@type\":\"Organization\",\"@id\":\"https:\\\/\\\/fourstrokebarn.com\\\/fr\\\/#organization\",\"name\":\"Fourstrokebarn\",\"url\":\"https:\\\/\\\/fourstrokebarn.com\\\/fr\\\/\",\"logo\":{\"@type\":\"ImageObject\",\"inLanguage\":\"fr-FR\",\"@id\":\"https:\\\/\\\/fourstrokebarn.com\\\/fr\\\/#\\\/schema\\\/logo\\\/image\\\/\",\"url\":\"https:\\\/\\\/fourstrokebarn.com\\\/wp-content\\\/uploads\\\/2017\\\/01\\\/Foutstrokebarn_web_logo_rood.png\",\"contentUrl\":\"https:\\\/\\\/fourstrokebarn.com\\\/wp-content\\\/uploads\\\/2017\\\/01\\\/Foutstrokebarn_web_logo_rood.png\",\"width\":355,\"height\":163,\"caption\":\"Fourstrokebarn\"},\"image\":{\"@id\":\"https:\\\/\\\/fourstrokebarn.com\\\/fr\\\/#\\\/schema\\\/logo\\\/image\\\/\"},\"sameAs\":[\"https:\\\/\\\/www.facebook.com\\\/fourstrokebarn\"]}]}<\/script>\n<meta property=\"product:price:amount\" content=\"21.90\" \/>\n<meta property=\"product:price:currency\" content=\"EUR\" \/>\n<meta property=\"og:availability\" content=\"instock\" \/>\n<meta property=\"product:availability\" content=\"instock\" \/>\n<meta property=\"product:retailer_item_id\" content=\"16950-070-700T\" \/>\n<meta property=\"product:condition\" content=\"new\" \/>\n<!-- \/ Yoast SEO Premium plugin. -->","yoast_head_json":{"title":"Robinet essence Honda Ss50\/Cd50\/C320\/S90 Imi &#183; Fourstrokebarn Honda & Parts","description":"Robinet essence Honda Ss50 \/ Cd50 \/ C320 \/ S90 Imi. Honda n\u00b0 16950-070-700T (16950070700T). De nombreux produits sont \u00e9galement utilis\u00e9s en stock et tous ne sont pas encore sur le site. Si vous souhaitez utiliser ce produit et que vous ne le trouvez pas sur le site, veuillez appeler ou envoyer un e-mail. &euro;21,90 &#183; Carburateur, R\u00e9servoir, Pi\u00e8ces essence, Pi\u00e8ces de cyclomoteur.","robots":{"index":"index","follow":"follow","max-snippet":"max-snippet:-1","max-image-preview":"max-image-preview:large","max-video-preview":"max-video-preview:-1"},"canonical":"https:\/\/fourstrokebarn.com\/fr\/produit\/robinet-a-essence-honda-ss50-cd50-c320-s90-imi\/","og_locale":"fr_FR","og_type":"article","og_title":"Robinet essence Honda Ss50\/Cd50\/C320\/S90 Imi","og_description":"Robinet essence Honda Ss50 \/ Cd50 \/ C320 \/ S90 Imi. Honda n\u00b0 16950-070-700T (16950070700T). De nombreux produits sont \u00e9galement utilis\u00e9s en stock et tous ne sont pas encore sur le site. Si vous souhaitez utiliser ce produit et que vous ne le trouvez pas sur le site, veuillez appeler ou envoyer un e-mail. &euro;21,90 &#183; Carburateur, R\u00e9servoir, Pi\u00e8ces essence, Pi\u00e8ces de cyclomoteur.","og_url":"https:\/\/fourstrokebarn.com\/fr\/produit\/robinet-a-essence-honda-ss50-cd50-c320-s90-imi\/","og_site_name":"Fourstrokebarn","article_publisher":"https:\/\/www.facebook.com\/fourstrokebarn","article_modified_time":"2024-09-28T10:02:59+00:00","og_image":[{"width":2061,"height":2560,"url":"https:\/\/fourstrokebarn.com\/wp-content\/uploads\/2021\/01\/9083-1-scaled.jpg","type":"image\/jpeg"}],"twitter_card":"summary_large_image","twitter_misc":{"Prix":"&euro;21,90","Disponibilit\u00e9":"En stock"},"schema":{"@context":"https:\/\/schema.org","@graph":[{"@type":"WebPage","@id":"https:\/\/fourstrokebarn.com\/fr\/produit\/robinet-a-essence-honda-ss50-cd50-c320-s90-imi\/","url":"https:\/\/fourstrokebarn.com\/fr\/produit\/robinet-a-essence-honda-ss50-cd50-c320-s90-imi\/","name":"Robinet essence Honda Ss50\/Cd50\/C320\/S90 Imi &#183; Fourstrokebarn Honda & Parts","isPartOf":{"@id":"https:\/\/fourstrokebarn.com\/fr\/#website"},"primaryImageOfPage":{"@id":"https:\/\/fourstrokebarn.com\/fr\/produit\/robinet-a-essence-honda-ss50-cd50-c320-s90-imi\/#primaryimage"},"image":{"@id":"https:\/\/fourstrokebarn.com\/fr\/produit\/robinet-a-essence-honda-ss50-cd50-c320-s90-imi\/#primaryimage"},"thumbnailUrl":"https:\/\/fourstrokebarn.com\/wp-content\/uploads\/2021\/01\/9083-1-scaled.jpg","datePublished":"2020-10-04T12:26:53+00:00","dateModified":"2024-09-28T10:02:59+00:00","description":"Robinet essence Honda Ss50 \/ Cd50 \/ C320 \/ S90 Imi. Honda n\u00b0 16950-070-700T (16950070700T). De nombreux produits sont \u00e9galement utilis\u00e9s en stock et tous ne sont pas encore sur le site. Si vous souhaitez utiliser ce produit et que vous ne le trouvez pas sur le site, veuillez appeler ou envoyer un e-mail. &euro;21,90 &#183; Carburateur, R\u00e9servoir, Pi\u00e8ces essence, Pi\u00e8ces de cyclomoteur.","breadcrumb":{"@id":"https:\/\/fourstrokebarn.com\/fr\/produit\/robinet-a-essence-honda-ss50-cd50-c320-s90-imi\/#breadcrumb"},"inLanguage":"fr-FR","potentialAction":[{"@type":"ReadAction","target":["https:\/\/fourstrokebarn.com\/fr\/produit\/robinet-a-essence-honda-ss50-cd50-c320-s90-imi\/"]}]},{"@type":"ImageObject","inLanguage":"fr-FR","@id":"https:\/\/fourstrokebarn.com\/fr\/produit\/robinet-a-essence-honda-ss50-cd50-c320-s90-imi\/#primaryimage","url":"https:\/\/fourstrokebarn.com\/wp-content\/uploads\/2021\/01\/9083-1-scaled.jpg","contentUrl":"https:\/\/fourstrokebarn.com\/wp-content\/uploads\/2021\/01\/9083-1-scaled.jpg","width":2061,"height":2560},{"@type":"BreadcrumbList","@id":"https:\/\/fourstrokebarn.com\/fr\/produit\/robinet-a-essence-honda-ss50-cd50-c320-s90-imi\/#breadcrumb","itemListElement":[{"@type":"ListItem","position":1,"name":"Domicile","item":"https:\/\/fourstrokebarn.com\/fr\/cyclomoteurs-honda-4-temps-et-pieces-a-vendre\/"},{"@type":"ListItem","position":2,"name":"Boutique","item":"https:\/\/fourstrokebarn.com\/fr\/boutique\/"},{"@type":"ListItem","position":3,"name":"Robinet essence Honda Ss50\/Cd50\/C320\/S90 Imi"}]},{"@type":"WebSite","@id":"https:\/\/fourstrokebarn.com\/fr\/#website","url":"https:\/\/fourstrokebarn.com\/fr\/","name":"Fourstrokebarn","description":"New &amp; used Honda 4-stroke classic bikes &amp; parts","publisher":{"@id":"https:\/\/fourstrokebarn.com\/fr\/#organization"},"potentialAction":[{"@type":"SearchAction","target":{"@type":"EntryPoint","urlTemplate":"https:\/\/fourstrokebarn.com\/fr\/?s={search_term_string}"},"query-input":{"@type":"PropertyValueSpecification","valueRequired":true,"valueName":"search_term_string"}}],"inLanguage":"fr-FR"},{"@type":"Organization","@id":"https:\/\/fourstrokebarn.com\/fr\/#organization","name":"Fourstrokebarn","url":"https:\/\/fourstrokebarn.com\/fr\/","logo":{"@type":"ImageObject","inLanguage":"fr-FR","@id":"https:\/\/fourstrokebarn.com\/fr\/#\/schema\/logo\/image\/","url":"https:\/\/fourstrokebarn.com\/wp-content\/uploads\/2017\/01\/Foutstrokebarn_web_logo_rood.png","contentUrl":"https:\/\/fourstrokebarn.com\/wp-content\/uploads\/2017\/01\/Foutstrokebarn_web_logo_rood.png","width":355,"height":163,"caption":"Fourstrokebarn"},"image":{"@id":"https:\/\/fourstrokebarn.com\/fr\/#\/schema\/logo\/image\/"},"sameAs":["https:\/\/www.facebook.com\/fourstrokebarn"]}]},"product_price_amount":"21.90","product_price_currency":"EUR","og_availability":"instock","product_availability":"instock","product_retailer_item_id":"16950-070-700T","product_condition":"new"},"_links":{"self":[{"href":"https:\/\/fourstrokebarn.com\/fr\/wp-json\/wp\/v2\/product\/188004","targetHints":{"allow":["GET"]}}],"collection":[{"href":"https:\/\/fourstrokebarn.com\/fr\/wp-json\/wp\/v2\/product"}],"about":[{"href":"https:\/\/fourstrokebarn.com\/fr\/wp-json\/wp\/v2\/types\/product"}],"replies":[{"embeddable":true,"href":"https:\/\/fourstrokebarn.com\/fr\/wp-json\/wp\/v2\/comments?post=188004"}],"wp:featuredmedia":[{"embeddable":true,"href":"https:\/\/fourstrokebarn.com\/fr\/wp-json\/wp\/v2\/media\/159445"}],"wp:attachment":[{"href":"https:\/\/fourstrokebarn.com\/fr\/wp-json\/wp\/v2\/media?parent=188004"}],"wp:term":[{"taxonomy":"product_brand","embeddable":true,"href":"https:\/\/fourstrokebarn.com\/fr\/wp-json\/wp\/v2\/product_brand?post=188004"},{"taxonomy":"product_cat","embeddable":true,"href":"https:\/\/fourstrokebarn.com\/fr\/wp-json\/wp\/v2\/product_cat?post=188004"},{"taxonomy":"product_tag","embeddable":true,"href":"https:\/\/fourstrokebarn.com\/fr\/wp-json\/wp\/v2\/product_tag?post=188004"}],"curies":[{"name":"wp","href":"https:\/\/api.w.org\/{rel}","templated":true}]}}