{"id":188022,"date":"2020-10-04T12:26:42","date_gmt":"2023-01-19T13:42:47","guid":{"rendered":"https:\/\/fourstrokebarn.com\/product\/soupape-essence-camino-zundapp-noviofiltre-m12-1-00\/"},"modified":"2025-05-24T12:06:44","modified_gmt":"2025-05-24T10:06:44","slug":"robinet-dessence-camino-zundapp-noviofilter-m12-1-00","status":"publish","type":"product","link":"https:\/\/fourstrokebarn.com\/fr\/produit\/robinet-dessence-camino-zundapp-noviofilter-m12-1-00\/","title":{"rendered":"Soupape essence Camino\/Zundapp\/Novio+Filtre M12-1.00"},"content":{"rendered":"<p>Robinet essence Camino\/Zundapp\/Novio+Filter M12-1.00. Honda n\u00b0 16950-Cam-MF.<\/p>\n","protected":false},"excerpt":{"rendered":"<p>Robinet essence Camino\/Zundapp\/Novio+Filter M12-1.00. Honda n\u00b0 16950-Cam-MF (16950Cammf). De nombreux produits sont \u00e9galement utilis\u00e9s en stock et tous ne sont pas encore sur le site. Si vous souhaitez utiliser ce produit et que vous ne le trouvez pas sur le site, veuillez appeler ou envoyer un e-mail.<\/p>\n","protected":false},"featured_media":159462,"comment_status":"open","ping_status":"closed","template":"","meta":{"inline_featured_image":false,"_monsterinsights_skip_tracking":false,"_monsterinsights_sitenote_active":false,"_monsterinsights_sitenote_note":"","_monsterinsights_sitenote_category":0},"product_brand":[],"product_cat":[9543,9324],"product_tag":[9887,9888],"class_list":{"0":"post-188022","1":"product","2":"type-product","3":"status-publish","4":"has-post-thumbnail","6":"product_cat-carburateur-reservoir-pieces-essence","7":"product_cat-pieces-de-cyclomoteur","8":"product_tag-combustible","9":"product_tag-essence","10":"product_shipping_class-onderdelen","12":"first","13":"instock","14":"taxable","15":"shipping-taxable","16":"purchasable","17":"product-type-simple"},"yoast_head":"<!-- This site is optimized with the Yoast SEO Premium plugin v27.4 (Yoast SEO v27.4) - https:\/\/yoast.com\/product\/yoast-seo-premium-wordpress\/ -->\n<title>Soupape essence Camino\/Zundapp\/Novio+Filtre M12-1.00 &#183; Fourstrokebarn Honda &amp; Parts<\/title>\n<meta name=\"description\" content=\"Robinet essence Camino\/Zundapp\/Novio+Filter M12-1.00. Honda n\u00b0 16950-Cam-MF (16950Cammf). De nombreux produits sont \u00e9galement utilis\u00e9s en stock et tous ne sont pas encore sur le site. Si vous souhaitez utiliser ce produit et que vous ne le trouvez pas sur le site, veuillez appeler ou envoyer un e-mail. &euro;9,90 &#183; Carburateur, R\u00e9servoir, Pi\u00e8ces essence, Pi\u00e8ces de cyclomoteur.\" \/>\n<meta name=\"robots\" content=\"index, follow, max-snippet:-1, max-image-preview:large, max-video-preview:-1\" \/>\n<link rel=\"canonical\" href=\"https:\/\/fourstrokebarn.com\/fr\/produit\/robinet-dessence-camino-zundapp-noviofilter-m12-1-00\/\" \/>\n<meta property=\"og:locale\" content=\"fr_FR\" \/>\n<meta property=\"og:type\" content=\"article\" \/>\n<meta property=\"og:title\" content=\"Soupape essence Camino\/Zundapp\/Novio+Filtre M12-1.00\" \/>\n<meta property=\"og:description\" content=\"Robinet essence Camino\/Zundapp\/Novio+Filter M12-1.00. Honda n\u00b0 16950-Cam-MF (16950Cammf). De nombreux produits sont \u00e9galement utilis\u00e9s en stock et tous ne sont pas encore sur le site. Si vous souhaitez utiliser ce produit et que vous ne le trouvez pas sur le site, veuillez appeler ou envoyer un e-mail. &euro;9,90 &#183; Carburateur, R\u00e9servoir, Pi\u00e8ces essence, Pi\u00e8ces de cyclomoteur.\" \/>\n<meta property=\"og:url\" content=\"https:\/\/fourstrokebarn.com\/fr\/produit\/robinet-dessence-camino-zundapp-noviofilter-m12-1-00\/\" \/>\n<meta property=\"og:site_name\" content=\"Fourstrokebarn\" \/>\n<meta property=\"article:publisher\" content=\"https:\/\/www.facebook.com\/fourstrokebarn\" \/>\n<meta property=\"article:modified_time\" content=\"2025-05-24T10:06:44+00:00\" \/>\n<meta property=\"og:image\" content=\"https:\/\/fourstrokebarn.com\/wp-content\/uploads\/2021\/01\/9088-1.jpg\" \/>\n\t<meta property=\"og:image:width\" content=\"2020\" \/>\n\t<meta property=\"og:image:height\" content=\"2510\" \/>\n\t<meta property=\"og:image:type\" content=\"image\/jpeg\" \/>\n<meta name=\"twitter:card\" content=\"summary_large_image\" \/>\n<meta name=\"twitter:label1\" content=\"Prix\" \/>\n\t<meta name=\"twitter:data1\" content=\"&euro;9,90\" \/>\n\t<meta name=\"twitter:label2\" content=\"Disponibilit\u00e9\" \/>\n\t<meta name=\"twitter:data2\" content=\"En stock\" \/>\n<script type=\"application\/ld+json\" class=\"yoast-schema-graph\">{\"@context\":\"https:\\\/\\\/schema.org\",\"@graph\":[{\"@type\":\"WebPage\",\"@id\":\"https:\\\/\\\/fourstrokebarn.com\\\/fr\\\/produit\\\/robinet-dessence-camino-zundapp-noviofilter-m12-1-00\\\/\",\"url\":\"https:\\\/\\\/fourstrokebarn.com\\\/fr\\\/produit\\\/robinet-dessence-camino-zundapp-noviofilter-m12-1-00\\\/\",\"name\":\"Soupape essence Camino\\\/Zundapp\\\/Novio+Filtre M12-1.00 &#183; Fourstrokebarn Honda & Parts\",\"isPartOf\":{\"@id\":\"https:\\\/\\\/fourstrokebarn.com\\\/fr\\\/#website\"},\"primaryImageOfPage\":{\"@id\":\"https:\\\/\\\/fourstrokebarn.com\\\/fr\\\/produit\\\/robinet-dessence-camino-zundapp-noviofilter-m12-1-00\\\/#primaryimage\"},\"image\":{\"@id\":\"https:\\\/\\\/fourstrokebarn.com\\\/fr\\\/produit\\\/robinet-dessence-camino-zundapp-noviofilter-m12-1-00\\\/#primaryimage\"},\"thumbnailUrl\":\"https:\\\/\\\/fourstrokebarn.com\\\/wp-content\\\/uploads\\\/2021\\\/01\\\/9088-1.jpg\",\"datePublished\":\"2023-01-19T13:42:47+00:00\",\"dateModified\":\"2025-05-24T10:06:44+00:00\",\"description\":\"Robinet essence Camino\\\/Zundapp\\\/Novio+Filter M12-1.00. Honda n\u00b0 16950-Cam-MF (16950Cammf). De nombreux produits sont \u00e9galement utilis\u00e9s en stock et tous ne sont pas encore sur le site. Si vous souhaitez utiliser ce produit et que vous ne le trouvez pas sur le site, veuillez appeler ou envoyer un e-mail. &euro;9,90 &#183; Carburateur, R\u00e9servoir, Pi\u00e8ces essence, Pi\u00e8ces de cyclomoteur.\",\"breadcrumb\":{\"@id\":\"https:\\\/\\\/fourstrokebarn.com\\\/fr\\\/produit\\\/robinet-dessence-camino-zundapp-noviofilter-m12-1-00\\\/#breadcrumb\"},\"inLanguage\":\"fr-FR\",\"potentialAction\":[{\"@type\":\"ReadAction\",\"target\":[\"https:\\\/\\\/fourstrokebarn.com\\\/fr\\\/produit\\\/robinet-dessence-camino-zundapp-noviofilter-m12-1-00\\\/\"]}]},{\"@type\":\"ImageObject\",\"inLanguage\":\"fr-FR\",\"@id\":\"https:\\\/\\\/fourstrokebarn.com\\\/fr\\\/produit\\\/robinet-dessence-camino-zundapp-noviofilter-m12-1-00\\\/#primaryimage\",\"url\":\"https:\\\/\\\/fourstrokebarn.com\\\/wp-content\\\/uploads\\\/2021\\\/01\\\/9088-1.jpg\",\"contentUrl\":\"https:\\\/\\\/fourstrokebarn.com\\\/wp-content\\\/uploads\\\/2021\\\/01\\\/9088-1.jpg\",\"width\":2020,\"height\":2510},{\"@type\":\"BreadcrumbList\",\"@id\":\"https:\\\/\\\/fourstrokebarn.com\\\/fr\\\/produit\\\/robinet-dessence-camino-zundapp-noviofilter-m12-1-00\\\/#breadcrumb\",\"itemListElement\":[{\"@type\":\"ListItem\",\"position\":1,\"name\":\"Domicile\",\"item\":\"https:\\\/\\\/fourstrokebarn.com\\\/fr\\\/cyclomoteurs-honda-4-temps-et-pieces-a-vendre\\\/\"},{\"@type\":\"ListItem\",\"position\":2,\"name\":\"Boutique\",\"item\":\"https:\\\/\\\/fourstrokebarn.com\\\/fr\\\/boutique\\\/\"},{\"@type\":\"ListItem\",\"position\":3,\"name\":\"Soupape essence Camino\\\/Zundapp\\\/Novio+Filtre M12-1.00\"}]},{\"@type\":\"WebSite\",\"@id\":\"https:\\\/\\\/fourstrokebarn.com\\\/fr\\\/#website\",\"url\":\"https:\\\/\\\/fourstrokebarn.com\\\/fr\\\/\",\"name\":\"Fourstrokebarn\",\"description\":\"New &amp; used Honda 4-stroke classic bikes &amp; parts\",\"publisher\":{\"@id\":\"https:\\\/\\\/fourstrokebarn.com\\\/fr\\\/#organization\"},\"potentialAction\":[{\"@type\":\"SearchAction\",\"target\":{\"@type\":\"EntryPoint\",\"urlTemplate\":\"https:\\\/\\\/fourstrokebarn.com\\\/fr\\\/?s={search_term_string}\"},\"query-input\":{\"@type\":\"PropertyValueSpecification\",\"valueRequired\":true,\"valueName\":\"search_term_string\"}}],\"inLanguage\":\"fr-FR\"},{\"@type\":\"Organization\",\"@id\":\"https:\\\/\\\/fourstrokebarn.com\\\/fr\\\/#organization\",\"name\":\"Fourstrokebarn\",\"url\":\"https:\\\/\\\/fourstrokebarn.com\\\/fr\\\/\",\"logo\":{\"@type\":\"ImageObject\",\"inLanguage\":\"fr-FR\",\"@id\":\"https:\\\/\\\/fourstrokebarn.com\\\/fr\\\/#\\\/schema\\\/logo\\\/image\\\/\",\"url\":\"https:\\\/\\\/fourstrokebarn.com\\\/wp-content\\\/uploads\\\/2017\\\/01\\\/Foutstrokebarn_web_logo_rood.png\",\"contentUrl\":\"https:\\\/\\\/fourstrokebarn.com\\\/wp-content\\\/uploads\\\/2017\\\/01\\\/Foutstrokebarn_web_logo_rood.png\",\"width\":355,\"height\":163,\"caption\":\"Fourstrokebarn\"},\"image\":{\"@id\":\"https:\\\/\\\/fourstrokebarn.com\\\/fr\\\/#\\\/schema\\\/logo\\\/image\\\/\"},\"sameAs\":[\"https:\\\/\\\/www.facebook.com\\\/fourstrokebarn\"]}]}<\/script>\n<meta property=\"product:price:amount\" content=\"9.90\" \/>\n<meta property=\"product:price:currency\" content=\"EUR\" \/>\n<meta property=\"og:availability\" content=\"instock\" \/>\n<meta property=\"product:availability\" content=\"instock\" \/>\n<meta property=\"product:retailer_item_id\" content=\"16950-CAM-MF\" \/>\n<meta property=\"product:condition\" content=\"new\" \/>\n<!-- \/ Yoast SEO Premium plugin. -->","yoast_head_json":{"title":"Soupape essence Camino\/Zundapp\/Novio+Filtre M12-1.00 &#183; Fourstrokebarn Honda & Parts","description":"Robinet essence Camino\/Zundapp\/Novio+Filter M12-1.00. Honda n\u00b0 16950-Cam-MF (16950Cammf). De nombreux produits sont \u00e9galement utilis\u00e9s en stock et tous ne sont pas encore sur le site. Si vous souhaitez utiliser ce produit et que vous ne le trouvez pas sur le site, veuillez appeler ou envoyer un e-mail. &euro;9,90 &#183; Carburateur, R\u00e9servoir, Pi\u00e8ces essence, Pi\u00e8ces de cyclomoteur.","robots":{"index":"index","follow":"follow","max-snippet":"max-snippet:-1","max-image-preview":"max-image-preview:large","max-video-preview":"max-video-preview:-1"},"canonical":"https:\/\/fourstrokebarn.com\/fr\/produit\/robinet-dessence-camino-zundapp-noviofilter-m12-1-00\/","og_locale":"fr_FR","og_type":"article","og_title":"Soupape essence Camino\/Zundapp\/Novio+Filtre M12-1.00","og_description":"Robinet essence Camino\/Zundapp\/Novio+Filter M12-1.00. Honda n\u00b0 16950-Cam-MF (16950Cammf). De nombreux produits sont \u00e9galement utilis\u00e9s en stock et tous ne sont pas encore sur le site. Si vous souhaitez utiliser ce produit et que vous ne le trouvez pas sur le site, veuillez appeler ou envoyer un e-mail. &euro;9,90 &#183; Carburateur, R\u00e9servoir, Pi\u00e8ces essence, Pi\u00e8ces de cyclomoteur.","og_url":"https:\/\/fourstrokebarn.com\/fr\/produit\/robinet-dessence-camino-zundapp-noviofilter-m12-1-00\/","og_site_name":"Fourstrokebarn","article_publisher":"https:\/\/www.facebook.com\/fourstrokebarn","article_modified_time":"2025-05-24T10:06:44+00:00","og_image":[{"width":2020,"height":2510,"url":"https:\/\/fourstrokebarn.com\/wp-content\/uploads\/2021\/01\/9088-1.jpg","type":"image\/jpeg"}],"twitter_card":"summary_large_image","twitter_misc":{"Prix":"&euro;9,90","Disponibilit\u00e9":"En stock"},"schema":{"@context":"https:\/\/schema.org","@graph":[{"@type":"WebPage","@id":"https:\/\/fourstrokebarn.com\/fr\/produit\/robinet-dessence-camino-zundapp-noviofilter-m12-1-00\/","url":"https:\/\/fourstrokebarn.com\/fr\/produit\/robinet-dessence-camino-zundapp-noviofilter-m12-1-00\/","name":"Soupape essence Camino\/Zundapp\/Novio+Filtre M12-1.00 &#183; Fourstrokebarn Honda & Parts","isPartOf":{"@id":"https:\/\/fourstrokebarn.com\/fr\/#website"},"primaryImageOfPage":{"@id":"https:\/\/fourstrokebarn.com\/fr\/produit\/robinet-dessence-camino-zundapp-noviofilter-m12-1-00\/#primaryimage"},"image":{"@id":"https:\/\/fourstrokebarn.com\/fr\/produit\/robinet-dessence-camino-zundapp-noviofilter-m12-1-00\/#primaryimage"},"thumbnailUrl":"https:\/\/fourstrokebarn.com\/wp-content\/uploads\/2021\/01\/9088-1.jpg","datePublished":"2023-01-19T13:42:47+00:00","dateModified":"2025-05-24T10:06:44+00:00","description":"Robinet essence Camino\/Zundapp\/Novio+Filter M12-1.00. Honda n\u00b0 16950-Cam-MF (16950Cammf). De nombreux produits sont \u00e9galement utilis\u00e9s en stock et tous ne sont pas encore sur le site. Si vous souhaitez utiliser ce produit et que vous ne le trouvez pas sur le site, veuillez appeler ou envoyer un e-mail. &euro;9,90 &#183; Carburateur, R\u00e9servoir, Pi\u00e8ces essence, Pi\u00e8ces de cyclomoteur.","breadcrumb":{"@id":"https:\/\/fourstrokebarn.com\/fr\/produit\/robinet-dessence-camino-zundapp-noviofilter-m12-1-00\/#breadcrumb"},"inLanguage":"fr-FR","potentialAction":[{"@type":"ReadAction","target":["https:\/\/fourstrokebarn.com\/fr\/produit\/robinet-dessence-camino-zundapp-noviofilter-m12-1-00\/"]}]},{"@type":"ImageObject","inLanguage":"fr-FR","@id":"https:\/\/fourstrokebarn.com\/fr\/produit\/robinet-dessence-camino-zundapp-noviofilter-m12-1-00\/#primaryimage","url":"https:\/\/fourstrokebarn.com\/wp-content\/uploads\/2021\/01\/9088-1.jpg","contentUrl":"https:\/\/fourstrokebarn.com\/wp-content\/uploads\/2021\/01\/9088-1.jpg","width":2020,"height":2510},{"@type":"BreadcrumbList","@id":"https:\/\/fourstrokebarn.com\/fr\/produit\/robinet-dessence-camino-zundapp-noviofilter-m12-1-00\/#breadcrumb","itemListElement":[{"@type":"ListItem","position":1,"name":"Domicile","item":"https:\/\/fourstrokebarn.com\/fr\/cyclomoteurs-honda-4-temps-et-pieces-a-vendre\/"},{"@type":"ListItem","position":2,"name":"Boutique","item":"https:\/\/fourstrokebarn.com\/fr\/boutique\/"},{"@type":"ListItem","position":3,"name":"Soupape essence Camino\/Zundapp\/Novio+Filtre M12-1.00"}]},{"@type":"WebSite","@id":"https:\/\/fourstrokebarn.com\/fr\/#website","url":"https:\/\/fourstrokebarn.com\/fr\/","name":"Fourstrokebarn","description":"New &amp; used Honda 4-stroke classic bikes &amp; parts","publisher":{"@id":"https:\/\/fourstrokebarn.com\/fr\/#organization"},"potentialAction":[{"@type":"SearchAction","target":{"@type":"EntryPoint","urlTemplate":"https:\/\/fourstrokebarn.com\/fr\/?s={search_term_string}"},"query-input":{"@type":"PropertyValueSpecification","valueRequired":true,"valueName":"search_term_string"}}],"inLanguage":"fr-FR"},{"@type":"Organization","@id":"https:\/\/fourstrokebarn.com\/fr\/#organization","name":"Fourstrokebarn","url":"https:\/\/fourstrokebarn.com\/fr\/","logo":{"@type":"ImageObject","inLanguage":"fr-FR","@id":"https:\/\/fourstrokebarn.com\/fr\/#\/schema\/logo\/image\/","url":"https:\/\/fourstrokebarn.com\/wp-content\/uploads\/2017\/01\/Foutstrokebarn_web_logo_rood.png","contentUrl":"https:\/\/fourstrokebarn.com\/wp-content\/uploads\/2017\/01\/Foutstrokebarn_web_logo_rood.png","width":355,"height":163,"caption":"Fourstrokebarn"},"image":{"@id":"https:\/\/fourstrokebarn.com\/fr\/#\/schema\/logo\/image\/"},"sameAs":["https:\/\/www.facebook.com\/fourstrokebarn"]}]},"product_price_amount":"9.90","product_price_currency":"EUR","og_availability":"instock","product_availability":"instock","product_retailer_item_id":"16950-CAM-MF","product_condition":"new"},"_links":{"self":[{"href":"https:\/\/fourstrokebarn.com\/fr\/wp-json\/wp\/v2\/product\/188022","targetHints":{"allow":["GET"]}}],"collection":[{"href":"https:\/\/fourstrokebarn.com\/fr\/wp-json\/wp\/v2\/product"}],"about":[{"href":"https:\/\/fourstrokebarn.com\/fr\/wp-json\/wp\/v2\/types\/product"}],"replies":[{"embeddable":true,"href":"https:\/\/fourstrokebarn.com\/fr\/wp-json\/wp\/v2\/comments?post=188022"}],"wp:featuredmedia":[{"embeddable":true,"href":"https:\/\/fourstrokebarn.com\/fr\/wp-json\/wp\/v2\/media\/159462"}],"wp:attachment":[{"href":"https:\/\/fourstrokebarn.com\/fr\/wp-json\/wp\/v2\/media?parent=188022"}],"wp:term":[{"taxonomy":"product_brand","embeddable":true,"href":"https:\/\/fourstrokebarn.com\/fr\/wp-json\/wp\/v2\/product_brand?post=188022"},{"taxonomy":"product_cat","embeddable":true,"href":"https:\/\/fourstrokebarn.com\/fr\/wp-json\/wp\/v2\/product_cat?post=188022"},{"taxonomy":"product_tag","embeddable":true,"href":"https:\/\/fourstrokebarn.com\/fr\/wp-json\/wp\/v2\/product_tag?post=188022"}],"curies":[{"name":"wp","href":"https:\/\/api.w.org\/{rel}","templated":true}]}}