{"id":188112,"date":"2020-10-25T12:09:44","date_gmt":"2023-01-19T13:45:40","guid":{"rendered":"https:\/\/fourstrokebarn.com\/product\/poignee-de-frein-honda-novio-amigo-maxi-r-magura\/"},"modified":"2023-01-19T13:45:40","modified_gmt":"2023-01-19T13:45:40","slug":"poignee-de-frein-honda-novio-amigo-maxi-r-magura","status":"publish","type":"product","link":"https:\/\/fourstrokebarn.com\/fr\/produit\/poignee-de-frein-honda-novio-amigo-maxi-r-magura\/","title":{"rendered":"Poign\u00e9e de frein Honda Novio\/Amigo\/Maxi (R) Magura"},"content":{"rendered":"<p>Atelier de freinage Honda Novio\/Amigo\/Maxi (R) Magura. Honda no 53170-093-013 (53170093013). De nombreux produits ont \u00e9galement \u00e9t\u00e9 utilis\u00e9s en stock mais tous ne sont pas encore sur le site. Si vous souhaitez utiliser ce produit et que vous ne le trouvez pas sur le site, veuillez appeler ou envoyer un e-mail. <\/p>\n","protected":false},"excerpt":{"rendered":"<p>Atelier de freinage Honda Novio\/Amigo\/Maxi (R) Magura. Honda n\u00b0 53170-093-013.<\/p>\n","protected":false},"featured_media":156949,"comment_status":"open","ping_status":"closed","template":"","meta":{"inline_featured_image":false,"_monsterinsights_skip_tracking":false,"_monsterinsights_sitenote_active":false,"_monsterinsights_sitenote_note":"","_monsterinsights_sitenote_category":0},"product_brand":[],"product_cat":[9611,9324],"product_tag":[10527,10550,9736],"class_list":{"0":"post-188112","1":"product","2":"type-product","3":"status-publish","4":"has-post-thumbnail","6":"product_cat-guidon-et-leviers","7":"product_cat-pieces-de-cyclomoteur","8":"product_tag-commerce","9":"product_tag-leviers","10":"product_tag-volant","11":"product_shipping_class-onderdelen","13":"first","14":"instock","15":"taxable","16":"shipping-taxable","17":"purchasable","18":"product-type-simple"},"yoast_head":"<!-- This site is optimized with the Yoast SEO Premium plugin v27.5 (Yoast SEO v27.5) - https:\/\/yoast.com\/product\/yoast-seo-premium-wordpress\/ -->\n<title>Poign\u00e9e de frein Honda Novio\/Amigo\/Maxi (R) Magura &#183; Fourstrokebarn Honda &amp; Parts<\/title>\n<meta name=\"description\" content=\"Atelier de freinage Honda Novio\/Amigo\/Maxi (R) Magura. Honda n\u00b0 53170-093-013. &euro;7,95 &#183; Guidon et leviers, Pi\u00e8ces de cyclomoteur.\" \/>\n<meta name=\"robots\" content=\"index, follow, max-snippet:-1, max-image-preview:large, max-video-preview:-1\" \/>\n<link rel=\"canonical\" href=\"https:\/\/fourstrokebarn.com\/fr\/produit\/poignee-de-frein-honda-novio-amigo-maxi-r-magura\/\" \/>\n<meta property=\"og:locale\" content=\"fr_FR\" \/>\n<meta property=\"og:type\" content=\"article\" \/>\n<meta property=\"og:title\" content=\"Poign\u00e9e de frein Honda Novio\/Amigo\/Maxi (R) Magura\" \/>\n<meta property=\"og:description\" content=\"Atelier de freinage Honda Novio\/Amigo\/Maxi (R) Magura. Honda n\u00b0 53170-093-013. &euro;7,95 &#183; Guidon et leviers, Pi\u00e8ces de cyclomoteur.\" \/>\n<meta property=\"og:url\" content=\"https:\/\/fourstrokebarn.com\/fr\/produit\/poignee-de-frein-honda-novio-amigo-maxi-r-magura\/\" \/>\n<meta property=\"og:site_name\" content=\"Fourstrokebarn\" \/>\n<meta property=\"article:publisher\" content=\"https:\/\/www.facebook.com\/fourstrokebarn\" \/>\n<meta property=\"og:image\" content=\"https:\/\/fourstrokebarn.com\/wp-content\/uploads\/2020\/08\/added-later.png\" \/>\n\t<meta property=\"og:image:width\" content=\"2061\" \/>\n\t<meta property=\"og:image:height\" content=\"2560\" \/>\n\t<meta property=\"og:image:type\" content=\"image\/png\" \/>\n<meta name=\"twitter:card\" content=\"summary_large_image\" \/>\n<meta name=\"twitter:label1\" content=\"Prix\" \/>\n\t<meta name=\"twitter:data1\" content=\"&euro;7,95\" \/>\n\t<meta name=\"twitter:label2\" content=\"Disponibilit\u00e9\" \/>\n\t<meta name=\"twitter:data2\" content=\"En stock\" \/>\n<script type=\"application\/ld+json\" class=\"yoast-schema-graph\">{\"@context\":\"https:\\\/\\\/schema.org\",\"@graph\":[{\"@type\":\"WebPage\",\"@id\":\"https:\\\/\\\/fourstrokebarn.com\\\/fr\\\/produit\\\/poignee-de-frein-honda-novio-amigo-maxi-r-magura\\\/\",\"url\":\"https:\\\/\\\/fourstrokebarn.com\\\/fr\\\/produit\\\/poignee-de-frein-honda-novio-amigo-maxi-r-magura\\\/\",\"name\":\"Poign\u00e9e de frein Honda Novio\\\/Amigo\\\/Maxi (R) Magura &#183; Fourstrokebarn Honda & Parts\",\"isPartOf\":{\"@id\":\"https:\\\/\\\/fourstrokebarn.com\\\/fr\\\/#website\"},\"primaryImageOfPage\":{\"@id\":\"https:\\\/\\\/fourstrokebarn.com\\\/fr\\\/produit\\\/poignee-de-frein-honda-novio-amigo-maxi-r-magura\\\/#primaryimage\"},\"image\":{\"@id\":\"https:\\\/\\\/fourstrokebarn.com\\\/fr\\\/produit\\\/poignee-de-frein-honda-novio-amigo-maxi-r-magura\\\/#primaryimage\"},\"thumbnailUrl\":\"https:\\\/\\\/fourstrokebarn.com\\\/wp-content\\\/uploads\\\/2020\\\/08\\\/added-later.png\",\"datePublished\":\"2023-01-19T13:45:40+00:00\",\"description\":\"Atelier de freinage Honda Novio\\\/Amigo\\\/Maxi (R) Magura. Honda n\u00b0 53170-093-013. &euro;7,95 &#183; Guidon et leviers, Pi\u00e8ces de cyclomoteur.\",\"breadcrumb\":{\"@id\":\"https:\\\/\\\/fourstrokebarn.com\\\/fr\\\/produit\\\/poignee-de-frein-honda-novio-amigo-maxi-r-magura\\\/#breadcrumb\"},\"inLanguage\":\"fr-FR\",\"potentialAction\":[{\"@type\":\"ReadAction\",\"target\":[\"https:\\\/\\\/fourstrokebarn.com\\\/fr\\\/produit\\\/poignee-de-frein-honda-novio-amigo-maxi-r-magura\\\/\"]}]},{\"@type\":\"ImageObject\",\"inLanguage\":\"fr-FR\",\"@id\":\"https:\\\/\\\/fourstrokebarn.com\\\/fr\\\/produit\\\/poignee-de-frein-honda-novio-amigo-maxi-r-magura\\\/#primaryimage\",\"url\":\"https:\\\/\\\/fourstrokebarn.com\\\/wp-content\\\/uploads\\\/2020\\\/08\\\/added-later.png\",\"contentUrl\":\"https:\\\/\\\/fourstrokebarn.com\\\/wp-content\\\/uploads\\\/2020\\\/08\\\/added-later.png\",\"width\":2061,\"height\":2560},{\"@type\":\"BreadcrumbList\",\"@id\":\"https:\\\/\\\/fourstrokebarn.com\\\/fr\\\/produit\\\/poignee-de-frein-honda-novio-amigo-maxi-r-magura\\\/#breadcrumb\",\"itemListElement\":[{\"@type\":\"ListItem\",\"position\":1,\"name\":\"Domicile\",\"item\":\"https:\\\/\\\/fourstrokebarn.com\\\/fr\\\/cyclomoteurs-honda-4-temps-et-pieces-a-vendre\\\/\"},{\"@type\":\"ListItem\",\"position\":2,\"name\":\"Boutique\",\"item\":\"https:\\\/\\\/fourstrokebarn.com\\\/fr\\\/boutique\\\/\"},{\"@type\":\"ListItem\",\"position\":3,\"name\":\"Poign\u00e9e de frein Honda Novio\\\/Amigo\\\/Maxi (R) Magura\"}]},{\"@type\":\"WebSite\",\"@id\":\"https:\\\/\\\/fourstrokebarn.com\\\/fr\\\/#website\",\"url\":\"https:\\\/\\\/fourstrokebarn.com\\\/fr\\\/\",\"name\":\"Fourstrokebarn\",\"description\":\"New &amp; used Honda 4-stroke classic bikes &amp; parts\",\"publisher\":{\"@id\":\"https:\\\/\\\/fourstrokebarn.com\\\/fr\\\/#organization\"},\"potentialAction\":[{\"@type\":\"SearchAction\",\"target\":{\"@type\":\"EntryPoint\",\"urlTemplate\":\"https:\\\/\\\/fourstrokebarn.com\\\/fr\\\/?s={search_term_string}\"},\"query-input\":{\"@type\":\"PropertyValueSpecification\",\"valueRequired\":true,\"valueName\":\"search_term_string\"}}],\"inLanguage\":\"fr-FR\"},{\"@type\":\"Organization\",\"@id\":\"https:\\\/\\\/fourstrokebarn.com\\\/fr\\\/#organization\",\"name\":\"Fourstrokebarn\",\"url\":\"https:\\\/\\\/fourstrokebarn.com\\\/fr\\\/\",\"logo\":{\"@type\":\"ImageObject\",\"inLanguage\":\"fr-FR\",\"@id\":\"https:\\\/\\\/fourstrokebarn.com\\\/fr\\\/#\\\/schema\\\/logo\\\/image\\\/\",\"url\":\"https:\\\/\\\/fourstrokebarn.com\\\/wp-content\\\/uploads\\\/2017\\\/01\\\/Foutstrokebarn_web_logo_rood.png\",\"contentUrl\":\"https:\\\/\\\/fourstrokebarn.com\\\/wp-content\\\/uploads\\\/2017\\\/01\\\/Foutstrokebarn_web_logo_rood.png\",\"width\":355,\"height\":163,\"caption\":\"Fourstrokebarn\"},\"image\":{\"@id\":\"https:\\\/\\\/fourstrokebarn.com\\\/fr\\\/#\\\/schema\\\/logo\\\/image\\\/\"},\"sameAs\":[\"https:\\\/\\\/www.facebook.com\\\/fourstrokebarn\"]}]}<\/script>\n<meta property=\"product:price:amount\" content=\"7.95\" \/>\n<meta property=\"product:price:currency\" content=\"EUR\" \/>\n<meta property=\"og:availability\" content=\"instock\" \/>\n<meta property=\"product:availability\" content=\"instock\" \/>\n<meta property=\"product:retailer_item_id\" content=\"53170-093-013\" \/>\n<meta property=\"product:condition\" content=\"new\" \/>\n<!-- \/ Yoast SEO Premium plugin. -->","yoast_head_json":{"title":"Poign\u00e9e de frein Honda Novio\/Amigo\/Maxi (R) Magura &#183; Fourstrokebarn Honda & Parts","description":"Atelier de freinage Honda Novio\/Amigo\/Maxi (R) Magura. Honda n\u00b0 53170-093-013. &euro;7,95 &#183; Guidon et leviers, Pi\u00e8ces de cyclomoteur.","robots":{"index":"index","follow":"follow","max-snippet":"max-snippet:-1","max-image-preview":"max-image-preview:large","max-video-preview":"max-video-preview:-1"},"canonical":"https:\/\/fourstrokebarn.com\/fr\/produit\/poignee-de-frein-honda-novio-amigo-maxi-r-magura\/","og_locale":"fr_FR","og_type":"article","og_title":"Poign\u00e9e de frein Honda Novio\/Amigo\/Maxi (R) Magura","og_description":"Atelier de freinage Honda Novio\/Amigo\/Maxi (R) Magura. Honda n\u00b0 53170-093-013. &euro;7,95 &#183; Guidon et leviers, Pi\u00e8ces de cyclomoteur.","og_url":"https:\/\/fourstrokebarn.com\/fr\/produit\/poignee-de-frein-honda-novio-amigo-maxi-r-magura\/","og_site_name":"Fourstrokebarn","article_publisher":"https:\/\/www.facebook.com\/fourstrokebarn","og_image":[{"width":2061,"height":2560,"url":"https:\/\/fourstrokebarn.com\/wp-content\/uploads\/2020\/08\/added-later.png","type":"image\/png"}],"twitter_card":"summary_large_image","twitter_misc":{"Prix":"&euro;7,95","Disponibilit\u00e9":"En stock"},"schema":{"@context":"https:\/\/schema.org","@graph":[{"@type":"WebPage","@id":"https:\/\/fourstrokebarn.com\/fr\/produit\/poignee-de-frein-honda-novio-amigo-maxi-r-magura\/","url":"https:\/\/fourstrokebarn.com\/fr\/produit\/poignee-de-frein-honda-novio-amigo-maxi-r-magura\/","name":"Poign\u00e9e de frein Honda Novio\/Amigo\/Maxi (R) Magura &#183; Fourstrokebarn Honda & Parts","isPartOf":{"@id":"https:\/\/fourstrokebarn.com\/fr\/#website"},"primaryImageOfPage":{"@id":"https:\/\/fourstrokebarn.com\/fr\/produit\/poignee-de-frein-honda-novio-amigo-maxi-r-magura\/#primaryimage"},"image":{"@id":"https:\/\/fourstrokebarn.com\/fr\/produit\/poignee-de-frein-honda-novio-amigo-maxi-r-magura\/#primaryimage"},"thumbnailUrl":"https:\/\/fourstrokebarn.com\/wp-content\/uploads\/2020\/08\/added-later.png","datePublished":"2023-01-19T13:45:40+00:00","description":"Atelier de freinage Honda Novio\/Amigo\/Maxi (R) Magura. Honda n\u00b0 53170-093-013. &euro;7,95 &#183; Guidon et leviers, Pi\u00e8ces de cyclomoteur.","breadcrumb":{"@id":"https:\/\/fourstrokebarn.com\/fr\/produit\/poignee-de-frein-honda-novio-amigo-maxi-r-magura\/#breadcrumb"},"inLanguage":"fr-FR","potentialAction":[{"@type":"ReadAction","target":["https:\/\/fourstrokebarn.com\/fr\/produit\/poignee-de-frein-honda-novio-amigo-maxi-r-magura\/"]}]},{"@type":"ImageObject","inLanguage":"fr-FR","@id":"https:\/\/fourstrokebarn.com\/fr\/produit\/poignee-de-frein-honda-novio-amigo-maxi-r-magura\/#primaryimage","url":"https:\/\/fourstrokebarn.com\/wp-content\/uploads\/2020\/08\/added-later.png","contentUrl":"https:\/\/fourstrokebarn.com\/wp-content\/uploads\/2020\/08\/added-later.png","width":2061,"height":2560},{"@type":"BreadcrumbList","@id":"https:\/\/fourstrokebarn.com\/fr\/produit\/poignee-de-frein-honda-novio-amigo-maxi-r-magura\/#breadcrumb","itemListElement":[{"@type":"ListItem","position":1,"name":"Domicile","item":"https:\/\/fourstrokebarn.com\/fr\/cyclomoteurs-honda-4-temps-et-pieces-a-vendre\/"},{"@type":"ListItem","position":2,"name":"Boutique","item":"https:\/\/fourstrokebarn.com\/fr\/boutique\/"},{"@type":"ListItem","position":3,"name":"Poign\u00e9e de frein Honda Novio\/Amigo\/Maxi (R) Magura"}]},{"@type":"WebSite","@id":"https:\/\/fourstrokebarn.com\/fr\/#website","url":"https:\/\/fourstrokebarn.com\/fr\/","name":"Fourstrokebarn","description":"New &amp; used Honda 4-stroke classic bikes &amp; parts","publisher":{"@id":"https:\/\/fourstrokebarn.com\/fr\/#organization"},"potentialAction":[{"@type":"SearchAction","target":{"@type":"EntryPoint","urlTemplate":"https:\/\/fourstrokebarn.com\/fr\/?s={search_term_string}"},"query-input":{"@type":"PropertyValueSpecification","valueRequired":true,"valueName":"search_term_string"}}],"inLanguage":"fr-FR"},{"@type":"Organization","@id":"https:\/\/fourstrokebarn.com\/fr\/#organization","name":"Fourstrokebarn","url":"https:\/\/fourstrokebarn.com\/fr\/","logo":{"@type":"ImageObject","inLanguage":"fr-FR","@id":"https:\/\/fourstrokebarn.com\/fr\/#\/schema\/logo\/image\/","url":"https:\/\/fourstrokebarn.com\/wp-content\/uploads\/2017\/01\/Foutstrokebarn_web_logo_rood.png","contentUrl":"https:\/\/fourstrokebarn.com\/wp-content\/uploads\/2017\/01\/Foutstrokebarn_web_logo_rood.png","width":355,"height":163,"caption":"Fourstrokebarn"},"image":{"@id":"https:\/\/fourstrokebarn.com\/fr\/#\/schema\/logo\/image\/"},"sameAs":["https:\/\/www.facebook.com\/fourstrokebarn"]}]},"product_price_amount":"7.95","product_price_currency":"EUR","og_availability":"instock","product_availability":"instock","product_retailer_item_id":"53170-093-013","product_condition":"new"},"_links":{"self":[{"href":"https:\/\/fourstrokebarn.com\/fr\/wp-json\/wp\/v2\/product\/188112","targetHints":{"allow":["GET"]}}],"collection":[{"href":"https:\/\/fourstrokebarn.com\/fr\/wp-json\/wp\/v2\/product"}],"about":[{"href":"https:\/\/fourstrokebarn.com\/fr\/wp-json\/wp\/v2\/types\/product"}],"replies":[{"embeddable":true,"href":"https:\/\/fourstrokebarn.com\/fr\/wp-json\/wp\/v2\/comments?post=188112"}],"wp:featuredmedia":[{"embeddable":true,"href":"https:\/\/fourstrokebarn.com\/fr\/wp-json\/wp\/v2\/media\/156949"}],"wp:attachment":[{"href":"https:\/\/fourstrokebarn.com\/fr\/wp-json\/wp\/v2\/media?parent=188112"}],"wp:term":[{"taxonomy":"product_brand","embeddable":true,"href":"https:\/\/fourstrokebarn.com\/fr\/wp-json\/wp\/v2\/product_brand?post=188112"},{"taxonomy":"product_cat","embeddable":true,"href":"https:\/\/fourstrokebarn.com\/fr\/wp-json\/wp\/v2\/product_cat?post=188112"},{"taxonomy":"product_tag","embeddable":true,"href":"https:\/\/fourstrokebarn.com\/fr\/wp-json\/wp\/v2\/product_tag?post=188112"}],"curies":[{"name":"wp","href":"https:\/\/api.w.org\/{rel}","templated":true}]}}