{"id":189944,"date":"2019-04-09T09:14:36","date_gmt":"2023-01-20T10:39:49","guid":{"rendered":"https:\/\/fourstrokebarn.com\/product\/poignee-droite-honda-zb50-et-monkey-baja\/"},"modified":"2024-05-18T09:47:12","modified_gmt":"2024-05-18T07:47:12","slug":"poignee-droite-honda-zb50-fr-singe-baja-53165-125-770","status":"publish","type":"product","link":"https:\/\/fourstrokebarn.com\/fr\/produit\/poignee-droite-honda-zb50-fr-singe-baja-53165-125-770\/","title":{"rendered":"Poign\u00e9e droite Honda ZB50 et Monkey Baja"},"content":{"rendered":"<p>Poign\u00e9e droite Honda ZB50 et Monkey Baja. N\u00b0 Honda : 53165-125-770 (53165125770).<\/p>\n","protected":false},"excerpt":{"rendered":"<p>Poign\u00e9e droite (c\u00f4t\u00e9 essence) pour Honda ZB50, Monkey, Z50JM Monkey Baja et CD50 Benly. N\u00b0 Honda : 53165-125-770.<\/p>\n","protected":false},"featured_media":151685,"comment_status":"open","ping_status":"closed","template":"","meta":{"inline_featured_image":false,"_monsterinsights_skip_tracking":false,"_monsterinsights_sitenote_active":false,"_monsterinsights_sitenote_note":"","_monsterinsights_sitenote_category":0},"product_brand":[],"product_cat":[9611,9324],"product_tag":[9736],"class_list":{"0":"post-189944","1":"product","2":"type-product","3":"status-publish","4":"has-post-thumbnail","6":"product_cat-guidon-et-leviers","7":"product_cat-pieces-de-cyclomoteur","8":"product_tag-volant","9":"product_shipping_class-onderdelen","11":"first","12":"instock","13":"taxable","14":"shipping-taxable","15":"purchasable","16":"product-type-simple"},"yoast_head":"<!-- This site is optimized with the Yoast SEO Premium plugin v27.5 (Yoast SEO v27.5) - https:\/\/yoast.com\/product\/yoast-seo-premium-wordpress\/ -->\n<title>Poign\u00e9e droite Honda ZB50 et Monkey Baja &#183; Fourstrokebarn Honda &amp; Parts<\/title>\n<meta name=\"description\" content=\"Poign\u00e9e droite (c\u00f4t\u00e9 essence) pour Honda ZB50, Monkey, Z50JM Monkey Baja et CD50 Benly. N\u00b0 Honda : 53165-125-770.\" \/>\n<meta name=\"robots\" content=\"index, follow, max-snippet:-1, max-image-preview:large, max-video-preview:-1\" \/>\n<link rel=\"canonical\" href=\"https:\/\/fourstrokebarn.com\/fr\/produit\/poignee-droite-honda-zb50-fr-singe-baja-53165-125-770\/\" \/>\n<meta property=\"og:locale\" content=\"fr_FR\" \/>\n<meta property=\"og:type\" content=\"article\" \/>\n<meta property=\"og:title\" content=\"Poign\u00e9e droite Honda ZB50 et Monkey Baja\" \/>\n<meta property=\"og:description\" content=\"Poign\u00e9e droite (c\u00f4t\u00e9 essence) pour Honda ZB50, Monkey, Z50JM Monkey Baja et CD50 Benly. N\u00b0 Honda : 53165-125-770.\" \/>\n<meta property=\"og:url\" content=\"https:\/\/fourstrokebarn.com\/fr\/produit\/poignee-droite-honda-zb50-fr-singe-baja-53165-125-770\/\" \/>\n<meta property=\"og:site_name\" content=\"Fourstrokebarn\" \/>\n<meta property=\"article:publisher\" content=\"https:\/\/www.facebook.com\/fourstrokebarn\" \/>\n<meta property=\"article:modified_time\" content=\"2024-05-18T07:47:12+00:00\" \/>\n<meta property=\"og:image\" content=\"https:\/\/fourstrokebarn.com\/wp-content\/uploads\/2019\/04\/4998-2.jpg\" \/>\n\t<meta property=\"og:image:width\" content=\"950\" \/>\n\t<meta property=\"og:image:height\" content=\"1180\" \/>\n\t<meta property=\"og:image:type\" content=\"image\/jpeg\" \/>\n<meta name=\"twitter:card\" content=\"summary_large_image\" \/>\n<meta name=\"twitter:label1\" content=\"Prix\" \/>\n\t<meta name=\"twitter:data1\" content=\"&euro;14,50\" \/>\n\t<meta name=\"twitter:label2\" content=\"Disponibilit\u00e9\" \/>\n\t<meta name=\"twitter:data2\" content=\"En stock\" \/>\n<script type=\"application\/ld+json\" class=\"yoast-schema-graph\">{\"@context\":\"https:\\\/\\\/schema.org\",\"@graph\":[{\"@type\":\"WebPage\",\"@id\":\"https:\\\/\\\/fourstrokebarn.com\\\/fr\\\/produit\\\/poignee-droite-honda-zb50-fr-singe-baja-53165-125-770\\\/\",\"url\":\"https:\\\/\\\/fourstrokebarn.com\\\/fr\\\/produit\\\/poignee-droite-honda-zb50-fr-singe-baja-53165-125-770\\\/\",\"name\":\"Poign\u00e9e droite Honda ZB50 et Monkey Baja &#183; Fourstrokebarn Honda & Parts\",\"isPartOf\":{\"@id\":\"https:\\\/\\\/fourstrokebarn.com\\\/fr\\\/#website\"},\"primaryImageOfPage\":{\"@id\":\"https:\\\/\\\/fourstrokebarn.com\\\/fr\\\/produit\\\/poignee-droite-honda-zb50-fr-singe-baja-53165-125-770\\\/#primaryimage\"},\"image\":{\"@id\":\"https:\\\/\\\/fourstrokebarn.com\\\/fr\\\/produit\\\/poignee-droite-honda-zb50-fr-singe-baja-53165-125-770\\\/#primaryimage\"},\"thumbnailUrl\":\"https:\\\/\\\/fourstrokebarn.com\\\/wp-content\\\/uploads\\\/2019\\\/04\\\/4998-2.jpg\",\"datePublished\":\"2023-01-20T10:39:49+00:00\",\"dateModified\":\"2024-05-18T07:47:12+00:00\",\"description\":\"Poign\u00e9e droite (c\u00f4t\u00e9 essence) pour Honda ZB50, Monkey, Z50JM Monkey Baja et CD50 Benly. N\u00b0 Honda : 53165-125-770.\",\"breadcrumb\":{\"@id\":\"https:\\\/\\\/fourstrokebarn.com\\\/fr\\\/produit\\\/poignee-droite-honda-zb50-fr-singe-baja-53165-125-770\\\/#breadcrumb\"},\"inLanguage\":\"fr-FR\",\"potentialAction\":[{\"@type\":\"ReadAction\",\"target\":[\"https:\\\/\\\/fourstrokebarn.com\\\/fr\\\/produit\\\/poignee-droite-honda-zb50-fr-singe-baja-53165-125-770\\\/\"]}]},{\"@type\":\"ImageObject\",\"inLanguage\":\"fr-FR\",\"@id\":\"https:\\\/\\\/fourstrokebarn.com\\\/fr\\\/produit\\\/poignee-droite-honda-zb50-fr-singe-baja-53165-125-770\\\/#primaryimage\",\"url\":\"https:\\\/\\\/fourstrokebarn.com\\\/wp-content\\\/uploads\\\/2019\\\/04\\\/4998-2.jpg\",\"contentUrl\":\"https:\\\/\\\/fourstrokebarn.com\\\/wp-content\\\/uploads\\\/2019\\\/04\\\/4998-2.jpg\",\"width\":950,\"height\":1180,\"caption\":\"Handvat rechts Honda ZB50 Z50JM Monkey Baja 53165-125-770\"},{\"@type\":\"BreadcrumbList\",\"@id\":\"https:\\\/\\\/fourstrokebarn.com\\\/fr\\\/produit\\\/poignee-droite-honda-zb50-fr-singe-baja-53165-125-770\\\/#breadcrumb\",\"itemListElement\":[{\"@type\":\"ListItem\",\"position\":1,\"name\":\"Domicile\",\"item\":\"https:\\\/\\\/fourstrokebarn.com\\\/fr\\\/cyclomoteurs-honda-4-temps-et-pieces-a-vendre\\\/\"},{\"@type\":\"ListItem\",\"position\":2,\"name\":\"Boutique\",\"item\":\"https:\\\/\\\/fourstrokebarn.com\\\/fr\\\/boutique\\\/\"},{\"@type\":\"ListItem\",\"position\":3,\"name\":\"Poign\u00e9e droite Honda ZB50 et Monkey Baja\"}]},{\"@type\":\"WebSite\",\"@id\":\"https:\\\/\\\/fourstrokebarn.com\\\/fr\\\/#website\",\"url\":\"https:\\\/\\\/fourstrokebarn.com\\\/fr\\\/\",\"name\":\"Fourstrokebarn\",\"description\":\"New &amp; used Honda 4-stroke classic bikes &amp; parts\",\"publisher\":{\"@id\":\"https:\\\/\\\/fourstrokebarn.com\\\/fr\\\/#organization\"},\"potentialAction\":[{\"@type\":\"SearchAction\",\"target\":{\"@type\":\"EntryPoint\",\"urlTemplate\":\"https:\\\/\\\/fourstrokebarn.com\\\/fr\\\/?s={search_term_string}\"},\"query-input\":{\"@type\":\"PropertyValueSpecification\",\"valueRequired\":true,\"valueName\":\"search_term_string\"}}],\"inLanguage\":\"fr-FR\"},{\"@type\":\"Organization\",\"@id\":\"https:\\\/\\\/fourstrokebarn.com\\\/fr\\\/#organization\",\"name\":\"Fourstrokebarn\",\"url\":\"https:\\\/\\\/fourstrokebarn.com\\\/fr\\\/\",\"logo\":{\"@type\":\"ImageObject\",\"inLanguage\":\"fr-FR\",\"@id\":\"https:\\\/\\\/fourstrokebarn.com\\\/fr\\\/#\\\/schema\\\/logo\\\/image\\\/\",\"url\":\"https:\\\/\\\/fourstrokebarn.com\\\/wp-content\\\/uploads\\\/2017\\\/01\\\/Foutstrokebarn_web_logo_rood.png\",\"contentUrl\":\"https:\\\/\\\/fourstrokebarn.com\\\/wp-content\\\/uploads\\\/2017\\\/01\\\/Foutstrokebarn_web_logo_rood.png\",\"width\":355,\"height\":163,\"caption\":\"Fourstrokebarn\"},\"image\":{\"@id\":\"https:\\\/\\\/fourstrokebarn.com\\\/fr\\\/#\\\/schema\\\/logo\\\/image\\\/\"},\"sameAs\":[\"https:\\\/\\\/www.facebook.com\\\/fourstrokebarn\"]}]}<\/script>\n<meta property=\"product:price:amount\" content=\"14.50\" \/>\n<meta property=\"product:price:currency\" content=\"EUR\" \/>\n<meta property=\"og:availability\" content=\"instock\" \/>\n<meta property=\"product:availability\" content=\"instock\" \/>\n<meta property=\"product:retailer_item_id\" content=\"53165-125-770\" \/>\n<meta property=\"product:condition\" content=\"new\" \/>\n<!-- \/ Yoast SEO Premium plugin. -->","yoast_head_json":{"title":"Poign\u00e9e droite Honda ZB50 et Monkey Baja &#183; Fourstrokebarn Honda & Parts","description":"Poign\u00e9e droite (c\u00f4t\u00e9 essence) pour Honda ZB50, Monkey, Z50JM Monkey Baja et CD50 Benly. N\u00b0 Honda : 53165-125-770.","robots":{"index":"index","follow":"follow","max-snippet":"max-snippet:-1","max-image-preview":"max-image-preview:large","max-video-preview":"max-video-preview:-1"},"canonical":"https:\/\/fourstrokebarn.com\/fr\/produit\/poignee-droite-honda-zb50-fr-singe-baja-53165-125-770\/","og_locale":"fr_FR","og_type":"article","og_title":"Poign\u00e9e droite Honda ZB50 et Monkey Baja","og_description":"Poign\u00e9e droite (c\u00f4t\u00e9 essence) pour Honda ZB50, Monkey, Z50JM Monkey Baja et CD50 Benly. N\u00b0 Honda : 53165-125-770.","og_url":"https:\/\/fourstrokebarn.com\/fr\/produit\/poignee-droite-honda-zb50-fr-singe-baja-53165-125-770\/","og_site_name":"Fourstrokebarn","article_publisher":"https:\/\/www.facebook.com\/fourstrokebarn","article_modified_time":"2024-05-18T07:47:12+00:00","og_image":[{"width":950,"height":1180,"url":"https:\/\/fourstrokebarn.com\/wp-content\/uploads\/2019\/04\/4998-2.jpg","type":"image\/jpeg"}],"twitter_card":"summary_large_image","twitter_misc":{"Prix":"&euro;14,50","Disponibilit\u00e9":"En stock"},"schema":{"@context":"https:\/\/schema.org","@graph":[{"@type":"WebPage","@id":"https:\/\/fourstrokebarn.com\/fr\/produit\/poignee-droite-honda-zb50-fr-singe-baja-53165-125-770\/","url":"https:\/\/fourstrokebarn.com\/fr\/produit\/poignee-droite-honda-zb50-fr-singe-baja-53165-125-770\/","name":"Poign\u00e9e droite Honda ZB50 et Monkey Baja &#183; Fourstrokebarn Honda & Parts","isPartOf":{"@id":"https:\/\/fourstrokebarn.com\/fr\/#website"},"primaryImageOfPage":{"@id":"https:\/\/fourstrokebarn.com\/fr\/produit\/poignee-droite-honda-zb50-fr-singe-baja-53165-125-770\/#primaryimage"},"image":{"@id":"https:\/\/fourstrokebarn.com\/fr\/produit\/poignee-droite-honda-zb50-fr-singe-baja-53165-125-770\/#primaryimage"},"thumbnailUrl":"https:\/\/fourstrokebarn.com\/wp-content\/uploads\/2019\/04\/4998-2.jpg","datePublished":"2023-01-20T10:39:49+00:00","dateModified":"2024-05-18T07:47:12+00:00","description":"Poign\u00e9e droite (c\u00f4t\u00e9 essence) pour Honda ZB50, Monkey, Z50JM Monkey Baja et CD50 Benly. N\u00b0 Honda : 53165-125-770.","breadcrumb":{"@id":"https:\/\/fourstrokebarn.com\/fr\/produit\/poignee-droite-honda-zb50-fr-singe-baja-53165-125-770\/#breadcrumb"},"inLanguage":"fr-FR","potentialAction":[{"@type":"ReadAction","target":["https:\/\/fourstrokebarn.com\/fr\/produit\/poignee-droite-honda-zb50-fr-singe-baja-53165-125-770\/"]}]},{"@type":"ImageObject","inLanguage":"fr-FR","@id":"https:\/\/fourstrokebarn.com\/fr\/produit\/poignee-droite-honda-zb50-fr-singe-baja-53165-125-770\/#primaryimage","url":"https:\/\/fourstrokebarn.com\/wp-content\/uploads\/2019\/04\/4998-2.jpg","contentUrl":"https:\/\/fourstrokebarn.com\/wp-content\/uploads\/2019\/04\/4998-2.jpg","width":950,"height":1180,"caption":"Handvat rechts Honda ZB50 Z50JM Monkey Baja 53165-125-770"},{"@type":"BreadcrumbList","@id":"https:\/\/fourstrokebarn.com\/fr\/produit\/poignee-droite-honda-zb50-fr-singe-baja-53165-125-770\/#breadcrumb","itemListElement":[{"@type":"ListItem","position":1,"name":"Domicile","item":"https:\/\/fourstrokebarn.com\/fr\/cyclomoteurs-honda-4-temps-et-pieces-a-vendre\/"},{"@type":"ListItem","position":2,"name":"Boutique","item":"https:\/\/fourstrokebarn.com\/fr\/boutique\/"},{"@type":"ListItem","position":3,"name":"Poign\u00e9e droite Honda ZB50 et Monkey Baja"}]},{"@type":"WebSite","@id":"https:\/\/fourstrokebarn.com\/fr\/#website","url":"https:\/\/fourstrokebarn.com\/fr\/","name":"Fourstrokebarn","description":"New &amp; used Honda 4-stroke classic bikes &amp; parts","publisher":{"@id":"https:\/\/fourstrokebarn.com\/fr\/#organization"},"potentialAction":[{"@type":"SearchAction","target":{"@type":"EntryPoint","urlTemplate":"https:\/\/fourstrokebarn.com\/fr\/?s={search_term_string}"},"query-input":{"@type":"PropertyValueSpecification","valueRequired":true,"valueName":"search_term_string"}}],"inLanguage":"fr-FR"},{"@type":"Organization","@id":"https:\/\/fourstrokebarn.com\/fr\/#organization","name":"Fourstrokebarn","url":"https:\/\/fourstrokebarn.com\/fr\/","logo":{"@type":"ImageObject","inLanguage":"fr-FR","@id":"https:\/\/fourstrokebarn.com\/fr\/#\/schema\/logo\/image\/","url":"https:\/\/fourstrokebarn.com\/wp-content\/uploads\/2017\/01\/Foutstrokebarn_web_logo_rood.png","contentUrl":"https:\/\/fourstrokebarn.com\/wp-content\/uploads\/2017\/01\/Foutstrokebarn_web_logo_rood.png","width":355,"height":163,"caption":"Fourstrokebarn"},"image":{"@id":"https:\/\/fourstrokebarn.com\/fr\/#\/schema\/logo\/image\/"},"sameAs":["https:\/\/www.facebook.com\/fourstrokebarn"]}]},"product_price_amount":"14.50","product_price_currency":"EUR","og_availability":"instock","product_availability":"instock","product_retailer_item_id":"53165-125-770","product_condition":"new"},"_links":{"self":[{"href":"https:\/\/fourstrokebarn.com\/fr\/wp-json\/wp\/v2\/product\/189944","targetHints":{"allow":["GET"]}}],"collection":[{"href":"https:\/\/fourstrokebarn.com\/fr\/wp-json\/wp\/v2\/product"}],"about":[{"href":"https:\/\/fourstrokebarn.com\/fr\/wp-json\/wp\/v2\/types\/product"}],"replies":[{"embeddable":true,"href":"https:\/\/fourstrokebarn.com\/fr\/wp-json\/wp\/v2\/comments?post=189944"}],"wp:featuredmedia":[{"embeddable":true,"href":"https:\/\/fourstrokebarn.com\/fr\/wp-json\/wp\/v2\/media\/151685"}],"wp:attachment":[{"href":"https:\/\/fourstrokebarn.com\/fr\/wp-json\/wp\/v2\/media?parent=189944"}],"wp:term":[{"taxonomy":"product_brand","embeddable":true,"href":"https:\/\/fourstrokebarn.com\/fr\/wp-json\/wp\/v2\/product_brand?post=189944"},{"taxonomy":"product_cat","embeddable":true,"href":"https:\/\/fourstrokebarn.com\/fr\/wp-json\/wp\/v2\/product_cat?post=189944"},{"taxonomy":"product_tag","embeddable":true,"href":"https:\/\/fourstrokebarn.com\/fr\/wp-json\/wp\/v2\/product_tag?post=189944"}],"curies":[{"name":"wp","href":"https:\/\/api.w.org\/{rel}","templated":true}]}}