{"id":190237,"date":"2018-04-29T07:08:13","date_gmt":"2018-04-29T07:08:13","guid":{"rendered":"https:\/\/fourstrokebarn.com\/product\/boitier-de-phare-honda-monkey-z50j\/"},"modified":"2025-08-04T13:47:56","modified_gmt":"2025-08-04T11:47:56","slug":"boitier-de-phare-honda-monkey-z50j-61301-165-013za","status":"publish","type":"product","link":"https:\/\/fourstrokebarn.com\/fr\/produit\/boitier-de-phare-honda-monkey-z50j-61301-165-013za\/","title":{"rendered":"Bo\u00eetier de phare Honda Monkey Z50J"},"content":{"rendered":"<p>Nouveau bo\u00eetier de phare d\u2019origine pour la Honda Monkey Z50J. N\u00b0 Honda : 61301-165-013ZA (61301165013ZA).<\/p>\n","protected":false},"excerpt":{"rendered":"<p>Nouveau bo\u00eetier de phare noir pour la Honda Monkey Z50J. N\u00b0 Honda : 61301-165-013ZA.<\/p>\n","protected":false},"featured_media":149367,"comment_status":"open","ping_status":"closed","template":"","meta":{"inline_featured_image":false,"_monsterinsights_skip_tracking":false,"_monsterinsights_sitenote_active":false,"_monsterinsights_sitenote_note":"","_monsterinsights_sitenote_category":0},"product_brand":[],"product_cat":[9596,9324],"product_tag":[9759],"class_list":{"0":"post-190237","1":"product","2":"type-product","3":"status-publish","4":"has-post-thumbnail","6":"product_cat-eclairage-et-electricite-2","7":"product_cat-pieces-de-cyclomoteur","8":"product_tag-eclairage","9":"product_shipping_class-onderdelen","11":"first","12":"instock","13":"taxable","14":"shipping-taxable","15":"purchasable","16":"product-type-simple"},"yoast_head":"<!-- This site is optimized with the Yoast SEO Premium plugin v27.4 (Yoast SEO v27.4) - https:\/\/yoast.com\/product\/yoast-seo-premium-wordpress\/ -->\n<title>Bo\u00eetier de phare Honda Monkey Z50J &#183; Fourstrokebarn Honda &amp; Parts<\/title>\n<meta name=\"description\" content=\"Nouveau bo\u00eetier de phare noir pour la Honda Monkey Z50J. N\u00b0 Honda : 61301-165-013ZA. &euro;63,50 &#183; \u00c9clairage et \u00e9lectricit\u00e9, Pi\u00e8ces de cyclomoteur.\" \/>\n<meta name=\"robots\" content=\"index, follow, max-snippet:-1, max-image-preview:large, max-video-preview:-1\" \/>\n<link rel=\"canonical\" href=\"https:\/\/fourstrokebarn.com\/fr\/produit\/boitier-de-phare-honda-monkey-z50j-61301-165-013za\/\" \/>\n<meta property=\"og:locale\" content=\"fr_FR\" \/>\n<meta property=\"og:type\" content=\"article\" \/>\n<meta property=\"og:title\" content=\"Bo\u00eetier de phare Honda Monkey Z50J\" \/>\n<meta property=\"og:description\" content=\"Nouveau bo\u00eetier de phare noir pour la Honda Monkey Z50J. N\u00b0 Honda : 61301-165-013ZA. &euro;63,50 &#183; \u00c9clairage et \u00e9lectricit\u00e9, Pi\u00e8ces de cyclomoteur.\" \/>\n<meta property=\"og:url\" content=\"https:\/\/fourstrokebarn.com\/fr\/produit\/boitier-de-phare-honda-monkey-z50j-61301-165-013za\/\" \/>\n<meta property=\"og:site_name\" content=\"Fourstrokebarn\" \/>\n<meta property=\"article:publisher\" content=\"https:\/\/www.facebook.com\/fourstrokebarn\" \/>\n<meta property=\"article:modified_time\" content=\"2025-08-04T11:47:56+00:00\" \/>\n<meta property=\"og:image\" content=\"https:\/\/fourstrokebarn.com\/wp-content\/uploads\/2018\/04\/3679-4.jpg\" \/>\n\t<meta property=\"og:image:width\" content=\"950\" \/>\n\t<meta property=\"og:image:height\" content=\"1180\" \/>\n\t<meta property=\"og:image:type\" content=\"image\/jpeg\" \/>\n<meta name=\"twitter:card\" content=\"summary_large_image\" \/>\n<meta name=\"twitter:label1\" content=\"Prix\" \/>\n\t<meta name=\"twitter:data1\" content=\"&euro;63,50\" \/>\n\t<meta name=\"twitter:label2\" content=\"Disponibilit\u00e9\" \/>\n\t<meta name=\"twitter:data2\" content=\"En stock\" \/>\n<script type=\"application\/ld+json\" class=\"yoast-schema-graph\">{\"@context\":\"https:\\\/\\\/schema.org\",\"@graph\":[{\"@type\":\"WebPage\",\"@id\":\"https:\\\/\\\/fourstrokebarn.com\\\/fr\\\/produit\\\/boitier-de-phare-honda-monkey-z50j-61301-165-013za\\\/\",\"url\":\"https:\\\/\\\/fourstrokebarn.com\\\/fr\\\/produit\\\/boitier-de-phare-honda-monkey-z50j-61301-165-013za\\\/\",\"name\":\"Bo\u00eetier de phare Honda Monkey Z50J &#183; Fourstrokebarn Honda & Parts\",\"isPartOf\":{\"@id\":\"https:\\\/\\\/fourstrokebarn.com\\\/fr\\\/#website\"},\"primaryImageOfPage\":{\"@id\":\"https:\\\/\\\/fourstrokebarn.com\\\/fr\\\/produit\\\/boitier-de-phare-honda-monkey-z50j-61301-165-013za\\\/#primaryimage\"},\"image\":{\"@id\":\"https:\\\/\\\/fourstrokebarn.com\\\/fr\\\/produit\\\/boitier-de-phare-honda-monkey-z50j-61301-165-013za\\\/#primaryimage\"},\"thumbnailUrl\":\"https:\\\/\\\/fourstrokebarn.com\\\/wp-content\\\/uploads\\\/2018\\\/04\\\/3679-4.jpg\",\"datePublished\":\"2018-04-29T07:08:13+00:00\",\"dateModified\":\"2025-08-04T11:47:56+00:00\",\"description\":\"Nouveau bo\u00eetier de phare noir pour la Honda Monkey Z50J. N\u00b0 Honda : 61301-165-013ZA. &euro;63,50 &#183; \u00c9clairage et \u00e9lectricit\u00e9, Pi\u00e8ces de cyclomoteur.\",\"breadcrumb\":{\"@id\":\"https:\\\/\\\/fourstrokebarn.com\\\/fr\\\/produit\\\/boitier-de-phare-honda-monkey-z50j-61301-165-013za\\\/#breadcrumb\"},\"inLanguage\":\"fr-FR\",\"potentialAction\":[{\"@type\":\"ReadAction\",\"target\":[\"https:\\\/\\\/fourstrokebarn.com\\\/fr\\\/produit\\\/boitier-de-phare-honda-monkey-z50j-61301-165-013za\\\/\"]}]},{\"@type\":\"ImageObject\",\"inLanguage\":\"fr-FR\",\"@id\":\"https:\\\/\\\/fourstrokebarn.com\\\/fr\\\/produit\\\/boitier-de-phare-honda-monkey-z50j-61301-165-013za\\\/#primaryimage\",\"url\":\"https:\\\/\\\/fourstrokebarn.com\\\/wp-content\\\/uploads\\\/2018\\\/04\\\/3679-4.jpg\",\"contentUrl\":\"https:\\\/\\\/fourstrokebarn.com\\\/wp-content\\\/uploads\\\/2018\\\/04\\\/3679-4.jpg\",\"width\":950,\"height\":1180,\"caption\":\"Koplamphuis Honda Monkey Z50J 61301-165-013ZA\"},{\"@type\":\"BreadcrumbList\",\"@id\":\"https:\\\/\\\/fourstrokebarn.com\\\/fr\\\/produit\\\/boitier-de-phare-honda-monkey-z50j-61301-165-013za\\\/#breadcrumb\",\"itemListElement\":[{\"@type\":\"ListItem\",\"position\":1,\"name\":\"Domicile\",\"item\":\"https:\\\/\\\/fourstrokebarn.com\\\/fr\\\/cyclomoteurs-honda-4-temps-et-pieces-a-vendre\\\/\"},{\"@type\":\"ListItem\",\"position\":2,\"name\":\"Boutique\",\"item\":\"https:\\\/\\\/fourstrokebarn.com\\\/fr\\\/boutique\\\/\"},{\"@type\":\"ListItem\",\"position\":3,\"name\":\"Bo\u00eetier de phare Honda Monkey Z50J\"}]},{\"@type\":\"WebSite\",\"@id\":\"https:\\\/\\\/fourstrokebarn.com\\\/fr\\\/#website\",\"url\":\"https:\\\/\\\/fourstrokebarn.com\\\/fr\\\/\",\"name\":\"Fourstrokebarn\",\"description\":\"New &amp; used Honda 4-stroke classic bikes &amp; parts\",\"publisher\":{\"@id\":\"https:\\\/\\\/fourstrokebarn.com\\\/fr\\\/#organization\"},\"potentialAction\":[{\"@type\":\"SearchAction\",\"target\":{\"@type\":\"EntryPoint\",\"urlTemplate\":\"https:\\\/\\\/fourstrokebarn.com\\\/fr\\\/?s={search_term_string}\"},\"query-input\":{\"@type\":\"PropertyValueSpecification\",\"valueRequired\":true,\"valueName\":\"search_term_string\"}}],\"inLanguage\":\"fr-FR\"},{\"@type\":\"Organization\",\"@id\":\"https:\\\/\\\/fourstrokebarn.com\\\/fr\\\/#organization\",\"name\":\"Fourstrokebarn\",\"url\":\"https:\\\/\\\/fourstrokebarn.com\\\/fr\\\/\",\"logo\":{\"@type\":\"ImageObject\",\"inLanguage\":\"fr-FR\",\"@id\":\"https:\\\/\\\/fourstrokebarn.com\\\/fr\\\/#\\\/schema\\\/logo\\\/image\\\/\",\"url\":\"https:\\\/\\\/fourstrokebarn.com\\\/wp-content\\\/uploads\\\/2017\\\/01\\\/Foutstrokebarn_web_logo_rood.png\",\"contentUrl\":\"https:\\\/\\\/fourstrokebarn.com\\\/wp-content\\\/uploads\\\/2017\\\/01\\\/Foutstrokebarn_web_logo_rood.png\",\"width\":355,\"height\":163,\"caption\":\"Fourstrokebarn\"},\"image\":{\"@id\":\"https:\\\/\\\/fourstrokebarn.com\\\/fr\\\/#\\\/schema\\\/logo\\\/image\\\/\"},\"sameAs\":[\"https:\\\/\\\/www.facebook.com\\\/fourstrokebarn\"]}]}<\/script>\n<meta property=\"product:price:amount\" content=\"63.50\" \/>\n<meta property=\"product:price:currency\" content=\"EUR\" \/>\n<meta property=\"og:availability\" content=\"instock\" \/>\n<meta property=\"product:availability\" content=\"instock\" \/>\n<meta property=\"product:retailer_item_id\" content=\"61301-165-013ZA\" \/>\n<meta property=\"product:condition\" content=\"new\" \/>\n<!-- \/ Yoast SEO Premium plugin. -->","yoast_head_json":{"title":"Bo\u00eetier de phare Honda Monkey Z50J &#183; Fourstrokebarn Honda & Parts","description":"Nouveau bo\u00eetier de phare noir pour la Honda Monkey Z50J. N\u00b0 Honda : 61301-165-013ZA. &euro;63,50 &#183; \u00c9clairage et \u00e9lectricit\u00e9, Pi\u00e8ces de cyclomoteur.","robots":{"index":"index","follow":"follow","max-snippet":"max-snippet:-1","max-image-preview":"max-image-preview:large","max-video-preview":"max-video-preview:-1"},"canonical":"https:\/\/fourstrokebarn.com\/fr\/produit\/boitier-de-phare-honda-monkey-z50j-61301-165-013za\/","og_locale":"fr_FR","og_type":"article","og_title":"Bo\u00eetier de phare Honda Monkey Z50J","og_description":"Nouveau bo\u00eetier de phare noir pour la Honda Monkey Z50J. N\u00b0 Honda : 61301-165-013ZA. &euro;63,50 &#183; \u00c9clairage et \u00e9lectricit\u00e9, Pi\u00e8ces de cyclomoteur.","og_url":"https:\/\/fourstrokebarn.com\/fr\/produit\/boitier-de-phare-honda-monkey-z50j-61301-165-013za\/","og_site_name":"Fourstrokebarn","article_publisher":"https:\/\/www.facebook.com\/fourstrokebarn","article_modified_time":"2025-08-04T11:47:56+00:00","og_image":[{"width":950,"height":1180,"url":"https:\/\/fourstrokebarn.com\/wp-content\/uploads\/2018\/04\/3679-4.jpg","type":"image\/jpeg"}],"twitter_card":"summary_large_image","twitter_misc":{"Prix":"&euro;63,50","Disponibilit\u00e9":"En stock"},"schema":{"@context":"https:\/\/schema.org","@graph":[{"@type":"WebPage","@id":"https:\/\/fourstrokebarn.com\/fr\/produit\/boitier-de-phare-honda-monkey-z50j-61301-165-013za\/","url":"https:\/\/fourstrokebarn.com\/fr\/produit\/boitier-de-phare-honda-monkey-z50j-61301-165-013za\/","name":"Bo\u00eetier de phare Honda Monkey Z50J &#183; Fourstrokebarn Honda & Parts","isPartOf":{"@id":"https:\/\/fourstrokebarn.com\/fr\/#website"},"primaryImageOfPage":{"@id":"https:\/\/fourstrokebarn.com\/fr\/produit\/boitier-de-phare-honda-monkey-z50j-61301-165-013za\/#primaryimage"},"image":{"@id":"https:\/\/fourstrokebarn.com\/fr\/produit\/boitier-de-phare-honda-monkey-z50j-61301-165-013za\/#primaryimage"},"thumbnailUrl":"https:\/\/fourstrokebarn.com\/wp-content\/uploads\/2018\/04\/3679-4.jpg","datePublished":"2018-04-29T07:08:13+00:00","dateModified":"2025-08-04T11:47:56+00:00","description":"Nouveau bo\u00eetier de phare noir pour la Honda Monkey Z50J. N\u00b0 Honda : 61301-165-013ZA. &euro;63,50 &#183; \u00c9clairage et \u00e9lectricit\u00e9, Pi\u00e8ces de cyclomoteur.","breadcrumb":{"@id":"https:\/\/fourstrokebarn.com\/fr\/produit\/boitier-de-phare-honda-monkey-z50j-61301-165-013za\/#breadcrumb"},"inLanguage":"fr-FR","potentialAction":[{"@type":"ReadAction","target":["https:\/\/fourstrokebarn.com\/fr\/produit\/boitier-de-phare-honda-monkey-z50j-61301-165-013za\/"]}]},{"@type":"ImageObject","inLanguage":"fr-FR","@id":"https:\/\/fourstrokebarn.com\/fr\/produit\/boitier-de-phare-honda-monkey-z50j-61301-165-013za\/#primaryimage","url":"https:\/\/fourstrokebarn.com\/wp-content\/uploads\/2018\/04\/3679-4.jpg","contentUrl":"https:\/\/fourstrokebarn.com\/wp-content\/uploads\/2018\/04\/3679-4.jpg","width":950,"height":1180,"caption":"Koplamphuis Honda Monkey Z50J 61301-165-013ZA"},{"@type":"BreadcrumbList","@id":"https:\/\/fourstrokebarn.com\/fr\/produit\/boitier-de-phare-honda-monkey-z50j-61301-165-013za\/#breadcrumb","itemListElement":[{"@type":"ListItem","position":1,"name":"Domicile","item":"https:\/\/fourstrokebarn.com\/fr\/cyclomoteurs-honda-4-temps-et-pieces-a-vendre\/"},{"@type":"ListItem","position":2,"name":"Boutique","item":"https:\/\/fourstrokebarn.com\/fr\/boutique\/"},{"@type":"ListItem","position":3,"name":"Bo\u00eetier de phare Honda Monkey Z50J"}]},{"@type":"WebSite","@id":"https:\/\/fourstrokebarn.com\/fr\/#website","url":"https:\/\/fourstrokebarn.com\/fr\/","name":"Fourstrokebarn","description":"New &amp; used Honda 4-stroke classic bikes &amp; parts","publisher":{"@id":"https:\/\/fourstrokebarn.com\/fr\/#organization"},"potentialAction":[{"@type":"SearchAction","target":{"@type":"EntryPoint","urlTemplate":"https:\/\/fourstrokebarn.com\/fr\/?s={search_term_string}"},"query-input":{"@type":"PropertyValueSpecification","valueRequired":true,"valueName":"search_term_string"}}],"inLanguage":"fr-FR"},{"@type":"Organization","@id":"https:\/\/fourstrokebarn.com\/fr\/#organization","name":"Fourstrokebarn","url":"https:\/\/fourstrokebarn.com\/fr\/","logo":{"@type":"ImageObject","inLanguage":"fr-FR","@id":"https:\/\/fourstrokebarn.com\/fr\/#\/schema\/logo\/image\/","url":"https:\/\/fourstrokebarn.com\/wp-content\/uploads\/2017\/01\/Foutstrokebarn_web_logo_rood.png","contentUrl":"https:\/\/fourstrokebarn.com\/wp-content\/uploads\/2017\/01\/Foutstrokebarn_web_logo_rood.png","width":355,"height":163,"caption":"Fourstrokebarn"},"image":{"@id":"https:\/\/fourstrokebarn.com\/fr\/#\/schema\/logo\/image\/"},"sameAs":["https:\/\/www.facebook.com\/fourstrokebarn"]}]},"product_price_amount":"63.50","product_price_currency":"EUR","og_availability":"instock","product_availability":"instock","product_retailer_item_id":"61301-165-013ZA","product_condition":"new"},"_links":{"self":[{"href":"https:\/\/fourstrokebarn.com\/fr\/wp-json\/wp\/v2\/product\/190237","targetHints":{"allow":["GET"]}}],"collection":[{"href":"https:\/\/fourstrokebarn.com\/fr\/wp-json\/wp\/v2\/product"}],"about":[{"href":"https:\/\/fourstrokebarn.com\/fr\/wp-json\/wp\/v2\/types\/product"}],"replies":[{"embeddable":true,"href":"https:\/\/fourstrokebarn.com\/fr\/wp-json\/wp\/v2\/comments?post=190237"}],"wp:featuredmedia":[{"embeddable":true,"href":"https:\/\/fourstrokebarn.com\/fr\/wp-json\/wp\/v2\/media\/149367"}],"wp:attachment":[{"href":"https:\/\/fourstrokebarn.com\/fr\/wp-json\/wp\/v2\/media?parent=190237"}],"wp:term":[{"taxonomy":"product_brand","embeddable":true,"href":"https:\/\/fourstrokebarn.com\/fr\/wp-json\/wp\/v2\/product_brand?post=190237"},{"taxonomy":"product_cat","embeddable":true,"href":"https:\/\/fourstrokebarn.com\/fr\/wp-json\/wp\/v2\/product_cat?post=190237"},{"taxonomy":"product_tag","embeddable":true,"href":"https:\/\/fourstrokebarn.com\/fr\/wp-json\/wp\/v2\/product_tag?post=190237"}],"curies":[{"name":"wp","href":"https:\/\/api.w.org\/{rel}","templated":true}]}}