{"id":190981,"date":"2017-05-27T10:49:55","date_gmt":"2017-05-27T08:49:55","guid":{"rendered":"https:\/\/fourstrokebarn.com\/product\/pedale-de-frein-essieu-central-honda-ss50-cd50\/"},"modified":"2025-09-20T11:24:40","modified_gmt":"2025-09-20T09:24:40","slug":"pedale-de-frein-essieu-honda-ss50-cd50-50526-051-010","status":"publish","type":"product","link":"https:\/\/fourstrokebarn.com\/fr\/produit\/pedale-de-frein-essieu-honda-ss50-cd50-50526-051-010\/","title":{"rendered":"P\u00e9dale de frein\/essieu central Honda SS50 CD50"},"content":{"rendered":"<p>Support central de p\u00e9dale de frein Honda SS50 CD50. Honda no : 50526-051-010 (50526051010).<\/p>\n","protected":false},"excerpt":{"rendered":"<p>Support central de p\u00e9dale de frein Honda SS50 CD50. N\u00b0 Honda : 50526-051-010.<\/p>\n","protected":false},"featured_media":147202,"comment_status":"open","ping_status":"closed","template":"","meta":{"inline_featured_image":false,"_monsterinsights_skip_tracking":false,"_monsterinsights_sitenote_active":false,"_monsterinsights_sitenote_note":"","_monsterinsights_sitenote_category":0},"product_brand":[],"product_cat":[9575,9598,9324],"product_tag":[10916,10117,10236],"class_list":{"0":"post-190981","1":"product","2":"type-product","3":"status-publish","4":"has-post-thumbnail","6":"product_cat-essieux-boulons-ecrous-rondelles","7":"product_cat-pedales-repose-pieds-barre-de-steppe-et-support","8":"product_cat-pieces-de-cyclomoteur","9":"product_tag-assen-fr","10":"product_tag-frein","11":"product_tag-pedale-de-frein","12":"product_shipping_class-onderdelen","14":"first","15":"instock","16":"taxable","17":"shipping-taxable","18":"purchasable","19":"product-type-simple"},"yoast_head":"<!-- This site is optimized with the Yoast SEO Premium plugin v27.4 (Yoast SEO v27.4) - https:\/\/yoast.com\/product\/yoast-seo-premium-wordpress\/ -->\n<title>P\u00e9dale de frein\/essieu central Honda SS50 CD50 &#183; Fourstrokebarn Honda &amp; Parts<\/title>\n<meta name=\"description\" content=\"Support central de p\u00e9dale de frein Honda SS50 CD50. N\u00b0 Honda : 50526-051-010. &euro;14,50 &#183; Essieux, boulons, \u00e9crous, rondelles, P\u00e9dales, repose-pieds, barre de steppe et support, Pi\u00e8ces de cyclomoteur.\" \/>\n<meta name=\"robots\" content=\"index, follow, max-snippet:-1, max-image-preview:large, max-video-preview:-1\" \/>\n<link rel=\"canonical\" href=\"https:\/\/fourstrokebarn.com\/fr\/produit\/pedale-de-frein-essieu-honda-ss50-cd50-50526-051-010\/\" \/>\n<meta property=\"og:locale\" content=\"fr_FR\" \/>\n<meta property=\"og:type\" content=\"article\" \/>\n<meta property=\"og:title\" content=\"P\u00e9dale de frein\/essieu central Honda SS50 CD50\" \/>\n<meta property=\"og:description\" content=\"Support central de p\u00e9dale de frein Honda SS50 CD50. N\u00b0 Honda : 50526-051-010. &euro;14,50 &#183; Essieux, boulons, \u00e9crous, rondelles, P\u00e9dales, repose-pieds, barre de steppe et support, Pi\u00e8ces de cyclomoteur.\" \/>\n<meta property=\"og:url\" content=\"https:\/\/fourstrokebarn.com\/fr\/produit\/pedale-de-frein-essieu-honda-ss50-cd50-50526-051-010\/\" \/>\n<meta property=\"og:site_name\" content=\"Fourstrokebarn\" \/>\n<meta property=\"article:publisher\" content=\"https:\/\/www.facebook.com\/fourstrokebarn\" \/>\n<meta property=\"article:modified_time\" content=\"2025-09-20T09:24:40+00:00\" \/>\n<meta property=\"og:image\" content=\"https:\/\/fourstrokebarn.com\/wp-content\/uploads\/2017\/04\/50526-051-010_2.jpg\" \/>\n\t<meta property=\"og:image:width\" content=\"1900\" \/>\n\t<meta property=\"og:image:height\" content=\"2361\" \/>\n\t<meta property=\"og:image:type\" content=\"image\/jpeg\" \/>\n<meta name=\"twitter:card\" content=\"summary_large_image\" \/>\n<meta name=\"twitter:label1\" content=\"Prix\" \/>\n\t<meta name=\"twitter:data1\" content=\"&euro;14,50\" \/>\n\t<meta name=\"twitter:label2\" content=\"Disponibilit\u00e9\" \/>\n\t<meta name=\"twitter:data2\" content=\"En stock\" \/>\n<script type=\"application\/ld+json\" class=\"yoast-schema-graph\">{\"@context\":\"https:\\\/\\\/schema.org\",\"@graph\":[{\"@type\":\"WebPage\",\"@id\":\"https:\\\/\\\/fourstrokebarn.com\\\/fr\\\/produit\\\/pedale-de-frein-essieu-honda-ss50-cd50-50526-051-010\\\/\",\"url\":\"https:\\\/\\\/fourstrokebarn.com\\\/fr\\\/produit\\\/pedale-de-frein-essieu-honda-ss50-cd50-50526-051-010\\\/\",\"name\":\"P\u00e9dale de frein\\\/essieu central Honda SS50 CD50 &#183; Fourstrokebarn Honda & Parts\",\"isPartOf\":{\"@id\":\"https:\\\/\\\/fourstrokebarn.com\\\/fr\\\/#website\"},\"primaryImageOfPage\":{\"@id\":\"https:\\\/\\\/fourstrokebarn.com\\\/fr\\\/produit\\\/pedale-de-frein-essieu-honda-ss50-cd50-50526-051-010\\\/#primaryimage\"},\"image\":{\"@id\":\"https:\\\/\\\/fourstrokebarn.com\\\/fr\\\/produit\\\/pedale-de-frein-essieu-honda-ss50-cd50-50526-051-010\\\/#primaryimage\"},\"thumbnailUrl\":\"https:\\\/\\\/fourstrokebarn.com\\\/wp-content\\\/uploads\\\/2017\\\/04\\\/50526-051-010_2.jpg\",\"datePublished\":\"2017-05-27T08:49:55+00:00\",\"dateModified\":\"2025-09-20T09:24:40+00:00\",\"description\":\"Support central de p\u00e9dale de frein Honda SS50 CD50. N\u00b0 Honda : 50526-051-010. &euro;14,50 &#183; Essieux, boulons, \u00e9crous, rondelles, P\u00e9dales, repose-pieds, barre de steppe et support, Pi\u00e8ces de cyclomoteur.\",\"breadcrumb\":{\"@id\":\"https:\\\/\\\/fourstrokebarn.com\\\/fr\\\/produit\\\/pedale-de-frein-essieu-honda-ss50-cd50-50526-051-010\\\/#breadcrumb\"},\"inLanguage\":\"fr-FR\",\"potentialAction\":[{\"@type\":\"ReadAction\",\"target\":[\"https:\\\/\\\/fourstrokebarn.com\\\/fr\\\/produit\\\/pedale-de-frein-essieu-honda-ss50-cd50-50526-051-010\\\/\"]}]},{\"@type\":\"ImageObject\",\"inLanguage\":\"fr-FR\",\"@id\":\"https:\\\/\\\/fourstrokebarn.com\\\/fr\\\/produit\\\/pedale-de-frein-essieu-honda-ss50-cd50-50526-051-010\\\/#primaryimage\",\"url\":\"https:\\\/\\\/fourstrokebarn.com\\\/wp-content\\\/uploads\\\/2017\\\/04\\\/50526-051-010_2.jpg\",\"contentUrl\":\"https:\\\/\\\/fourstrokebarn.com\\\/wp-content\\\/uploads\\\/2017\\\/04\\\/50526-051-010_2.jpg\",\"width\":1900,\"height\":2361},{\"@type\":\"BreadcrumbList\",\"@id\":\"https:\\\/\\\/fourstrokebarn.com\\\/fr\\\/produit\\\/pedale-de-frein-essieu-honda-ss50-cd50-50526-051-010\\\/#breadcrumb\",\"itemListElement\":[{\"@type\":\"ListItem\",\"position\":1,\"name\":\"Domicile\",\"item\":\"https:\\\/\\\/fourstrokebarn.com\\\/fr\\\/cyclomoteurs-honda-4-temps-et-pieces-a-vendre\\\/\"},{\"@type\":\"ListItem\",\"position\":2,\"name\":\"Boutique\",\"item\":\"https:\\\/\\\/fourstrokebarn.com\\\/fr\\\/boutique\\\/\"},{\"@type\":\"ListItem\",\"position\":3,\"name\":\"P\u00e9dale de frein\\\/essieu central Honda SS50 CD50\"}]},{\"@type\":\"WebSite\",\"@id\":\"https:\\\/\\\/fourstrokebarn.com\\\/fr\\\/#website\",\"url\":\"https:\\\/\\\/fourstrokebarn.com\\\/fr\\\/\",\"name\":\"Fourstrokebarn\",\"description\":\"New &amp; used Honda 4-stroke classic bikes &amp; parts\",\"publisher\":{\"@id\":\"https:\\\/\\\/fourstrokebarn.com\\\/fr\\\/#organization\"},\"potentialAction\":[{\"@type\":\"SearchAction\",\"target\":{\"@type\":\"EntryPoint\",\"urlTemplate\":\"https:\\\/\\\/fourstrokebarn.com\\\/fr\\\/?s={search_term_string}\"},\"query-input\":{\"@type\":\"PropertyValueSpecification\",\"valueRequired\":true,\"valueName\":\"search_term_string\"}}],\"inLanguage\":\"fr-FR\"},{\"@type\":\"Organization\",\"@id\":\"https:\\\/\\\/fourstrokebarn.com\\\/fr\\\/#organization\",\"name\":\"Fourstrokebarn\",\"url\":\"https:\\\/\\\/fourstrokebarn.com\\\/fr\\\/\",\"logo\":{\"@type\":\"ImageObject\",\"inLanguage\":\"fr-FR\",\"@id\":\"https:\\\/\\\/fourstrokebarn.com\\\/fr\\\/#\\\/schema\\\/logo\\\/image\\\/\",\"url\":\"https:\\\/\\\/fourstrokebarn.com\\\/wp-content\\\/uploads\\\/2017\\\/01\\\/Foutstrokebarn_web_logo_rood.png\",\"contentUrl\":\"https:\\\/\\\/fourstrokebarn.com\\\/wp-content\\\/uploads\\\/2017\\\/01\\\/Foutstrokebarn_web_logo_rood.png\",\"width\":355,\"height\":163,\"caption\":\"Fourstrokebarn\"},\"image\":{\"@id\":\"https:\\\/\\\/fourstrokebarn.com\\\/fr\\\/#\\\/schema\\\/logo\\\/image\\\/\"},\"sameAs\":[\"https:\\\/\\\/www.facebook.com\\\/fourstrokebarn\"]}]}<\/script>\n<meta property=\"product:price:amount\" content=\"14.50\" \/>\n<meta property=\"product:price:currency\" content=\"EUR\" \/>\n<meta property=\"og:availability\" content=\"instock\" \/>\n<meta property=\"product:availability\" content=\"instock\" \/>\n<meta property=\"product:retailer_item_id\" content=\"50526-051-010\" \/>\n<meta property=\"product:condition\" content=\"new\" \/>\n<!-- \/ Yoast SEO Premium plugin. -->","yoast_head_json":{"title":"P\u00e9dale de frein\/essieu central Honda SS50 CD50 &#183; Fourstrokebarn Honda & Parts","description":"Support central de p\u00e9dale de frein Honda SS50 CD50. N\u00b0 Honda : 50526-051-010. &euro;14,50 &#183; Essieux, boulons, \u00e9crous, rondelles, P\u00e9dales, repose-pieds, barre de steppe et support, Pi\u00e8ces de cyclomoteur.","robots":{"index":"index","follow":"follow","max-snippet":"max-snippet:-1","max-image-preview":"max-image-preview:large","max-video-preview":"max-video-preview:-1"},"canonical":"https:\/\/fourstrokebarn.com\/fr\/produit\/pedale-de-frein-essieu-honda-ss50-cd50-50526-051-010\/","og_locale":"fr_FR","og_type":"article","og_title":"P\u00e9dale de frein\/essieu central Honda SS50 CD50","og_description":"Support central de p\u00e9dale de frein Honda SS50 CD50. N\u00b0 Honda : 50526-051-010. &euro;14,50 &#183; Essieux, boulons, \u00e9crous, rondelles, P\u00e9dales, repose-pieds, barre de steppe et support, Pi\u00e8ces de cyclomoteur.","og_url":"https:\/\/fourstrokebarn.com\/fr\/produit\/pedale-de-frein-essieu-honda-ss50-cd50-50526-051-010\/","og_site_name":"Fourstrokebarn","article_publisher":"https:\/\/www.facebook.com\/fourstrokebarn","article_modified_time":"2025-09-20T09:24:40+00:00","og_image":[{"width":1900,"height":2361,"url":"https:\/\/fourstrokebarn.com\/wp-content\/uploads\/2017\/04\/50526-051-010_2.jpg","type":"image\/jpeg"}],"twitter_card":"summary_large_image","twitter_misc":{"Prix":"&euro;14,50","Disponibilit\u00e9":"En stock"},"schema":{"@context":"https:\/\/schema.org","@graph":[{"@type":"WebPage","@id":"https:\/\/fourstrokebarn.com\/fr\/produit\/pedale-de-frein-essieu-honda-ss50-cd50-50526-051-010\/","url":"https:\/\/fourstrokebarn.com\/fr\/produit\/pedale-de-frein-essieu-honda-ss50-cd50-50526-051-010\/","name":"P\u00e9dale de frein\/essieu central Honda SS50 CD50 &#183; Fourstrokebarn Honda & Parts","isPartOf":{"@id":"https:\/\/fourstrokebarn.com\/fr\/#website"},"primaryImageOfPage":{"@id":"https:\/\/fourstrokebarn.com\/fr\/produit\/pedale-de-frein-essieu-honda-ss50-cd50-50526-051-010\/#primaryimage"},"image":{"@id":"https:\/\/fourstrokebarn.com\/fr\/produit\/pedale-de-frein-essieu-honda-ss50-cd50-50526-051-010\/#primaryimage"},"thumbnailUrl":"https:\/\/fourstrokebarn.com\/wp-content\/uploads\/2017\/04\/50526-051-010_2.jpg","datePublished":"2017-05-27T08:49:55+00:00","dateModified":"2025-09-20T09:24:40+00:00","description":"Support central de p\u00e9dale de frein Honda SS50 CD50. N\u00b0 Honda : 50526-051-010. &euro;14,50 &#183; Essieux, boulons, \u00e9crous, rondelles, P\u00e9dales, repose-pieds, barre de steppe et support, Pi\u00e8ces de cyclomoteur.","breadcrumb":{"@id":"https:\/\/fourstrokebarn.com\/fr\/produit\/pedale-de-frein-essieu-honda-ss50-cd50-50526-051-010\/#breadcrumb"},"inLanguage":"fr-FR","potentialAction":[{"@type":"ReadAction","target":["https:\/\/fourstrokebarn.com\/fr\/produit\/pedale-de-frein-essieu-honda-ss50-cd50-50526-051-010\/"]}]},{"@type":"ImageObject","inLanguage":"fr-FR","@id":"https:\/\/fourstrokebarn.com\/fr\/produit\/pedale-de-frein-essieu-honda-ss50-cd50-50526-051-010\/#primaryimage","url":"https:\/\/fourstrokebarn.com\/wp-content\/uploads\/2017\/04\/50526-051-010_2.jpg","contentUrl":"https:\/\/fourstrokebarn.com\/wp-content\/uploads\/2017\/04\/50526-051-010_2.jpg","width":1900,"height":2361},{"@type":"BreadcrumbList","@id":"https:\/\/fourstrokebarn.com\/fr\/produit\/pedale-de-frein-essieu-honda-ss50-cd50-50526-051-010\/#breadcrumb","itemListElement":[{"@type":"ListItem","position":1,"name":"Domicile","item":"https:\/\/fourstrokebarn.com\/fr\/cyclomoteurs-honda-4-temps-et-pieces-a-vendre\/"},{"@type":"ListItem","position":2,"name":"Boutique","item":"https:\/\/fourstrokebarn.com\/fr\/boutique\/"},{"@type":"ListItem","position":3,"name":"P\u00e9dale de frein\/essieu central Honda SS50 CD50"}]},{"@type":"WebSite","@id":"https:\/\/fourstrokebarn.com\/fr\/#website","url":"https:\/\/fourstrokebarn.com\/fr\/","name":"Fourstrokebarn","description":"New &amp; used Honda 4-stroke classic bikes &amp; parts","publisher":{"@id":"https:\/\/fourstrokebarn.com\/fr\/#organization"},"potentialAction":[{"@type":"SearchAction","target":{"@type":"EntryPoint","urlTemplate":"https:\/\/fourstrokebarn.com\/fr\/?s={search_term_string}"},"query-input":{"@type":"PropertyValueSpecification","valueRequired":true,"valueName":"search_term_string"}}],"inLanguage":"fr-FR"},{"@type":"Organization","@id":"https:\/\/fourstrokebarn.com\/fr\/#organization","name":"Fourstrokebarn","url":"https:\/\/fourstrokebarn.com\/fr\/","logo":{"@type":"ImageObject","inLanguage":"fr-FR","@id":"https:\/\/fourstrokebarn.com\/fr\/#\/schema\/logo\/image\/","url":"https:\/\/fourstrokebarn.com\/wp-content\/uploads\/2017\/01\/Foutstrokebarn_web_logo_rood.png","contentUrl":"https:\/\/fourstrokebarn.com\/wp-content\/uploads\/2017\/01\/Foutstrokebarn_web_logo_rood.png","width":355,"height":163,"caption":"Fourstrokebarn"},"image":{"@id":"https:\/\/fourstrokebarn.com\/fr\/#\/schema\/logo\/image\/"},"sameAs":["https:\/\/www.facebook.com\/fourstrokebarn"]}]},"product_price_amount":"14.50","product_price_currency":"EUR","og_availability":"instock","product_availability":"instock","product_retailer_item_id":"50526-051-010","product_condition":"new"},"_links":{"self":[{"href":"https:\/\/fourstrokebarn.com\/fr\/wp-json\/wp\/v2\/product\/190981","targetHints":{"allow":["GET"]}}],"collection":[{"href":"https:\/\/fourstrokebarn.com\/fr\/wp-json\/wp\/v2\/product"}],"about":[{"href":"https:\/\/fourstrokebarn.com\/fr\/wp-json\/wp\/v2\/types\/product"}],"replies":[{"embeddable":true,"href":"https:\/\/fourstrokebarn.com\/fr\/wp-json\/wp\/v2\/comments?post=190981"}],"wp:featuredmedia":[{"embeddable":true,"href":"https:\/\/fourstrokebarn.com\/fr\/wp-json\/wp\/v2\/media\/147202"}],"wp:attachment":[{"href":"https:\/\/fourstrokebarn.com\/fr\/wp-json\/wp\/v2\/media?parent=190981"}],"wp:term":[{"taxonomy":"product_brand","embeddable":true,"href":"https:\/\/fourstrokebarn.com\/fr\/wp-json\/wp\/v2\/product_brand?post=190981"},{"taxonomy":"product_cat","embeddable":true,"href":"https:\/\/fourstrokebarn.com\/fr\/wp-json\/wp\/v2\/product_cat?post=190981"},{"taxonomy":"product_tag","embeddable":true,"href":"https:\/\/fourstrokebarn.com\/fr\/wp-json\/wp\/v2\/product_tag?post=190981"}],"curies":[{"name":"wp","href":"https:\/\/api.w.org\/{rel}","templated":true}]}}