{"id":191895,"date":"2023-01-31T12:35:59","date_gmt":"2023-01-31T12:38:53","guid":{"rendered":"https:\/\/fourstrokebarn.com\/product\/sticker-set-reservoir-et-cadre-blanc-honda-ss50-k1-10994\/"},"modified":"2023-01-31T12:38:53","modified_gmt":"2023-01-31T12:38:53","slug":"autocollant-set-reservoir-et-cadre-blanc-honda-ss50-k1-10994","status":"publish","type":"product","link":"https:\/\/fourstrokebarn.com\/fr\/produit\/autocollant-set-reservoir-et-cadre-blanc-honda-ss50-k1-10994\/","title":{"rendered":"Sticker set r\u00e9servoir et cadre blanc Honda SS50 k1 (10994)"},"content":{"rendered":"<p>Sticker set r\u00e9servoir et cadre blanc Honda SS50 k1 (10994)<\/p>\n","protected":false},"excerpt":{"rendered":"<p>Nouveau jeu autocollant r\u00e9servoir et cadre blanc pour Honda SS50 k1. Imitation et \u00e0 l\u2019\u00e9tat neuf. Sticker set tank sticker frame sticker tank sticker set frame sticker set complete. Num\u00e9ro Honda : 87145-051-920<\/p>\n","protected":false},"featured_media":191675,"comment_status":"open","ping_status":"closed","template":"","meta":{"inline_featured_image":false,"_monsterinsights_skip_tracking":false,"_monsterinsights_sitenote_active":false,"_monsterinsights_sitenote_note":"","_monsterinsights_sitenote_category":0},"product_brand":[],"product_cat":[9618,9324],"product_tag":[11053],"class_list":{"0":"post-191895","1":"product","2":"type-product","3":"status-publish","4":"has-post-thumbnail","6":"product_cat-autocollants-et-emblemes","7":"product_cat-pieces-de-cyclomoteur","8":"product_tag-sticker-set-reservoir-et-cadre-blanc","9":"product_shipping_class-onderdelen","11":"first","12":"instock","13":"taxable","14":"shipping-taxable","15":"purchasable","16":"product-type-simple"},"yoast_head":"<!-- This site is optimized with the Yoast SEO Premium plugin v27.4 (Yoast SEO v27.4) - https:\/\/yoast.com\/product\/yoast-seo-premium-wordpress\/ -->\n<title>Sticker set r\u00e9servoir et cadre blanc Honda SS50 k1 (10994) &#183; Fourstrokebarn Honda &amp; Parts<\/title>\n<meta name=\"description\" content=\"Nouveau jeu autocollant r\u00e9servoir et cadre blanc pour Honda SS50 k1. Imitation et \u00e0 l\u2019\u00e9tat neuf. Sticker set tank sticker frame sticker tank sticker set frame sticker set complete. Num\u00e9ro Honda : 87145-051-920 &euro;34,90 &#183; Autocollants et embl\u00e8mes, Pi\u00e8ces de cyclomoteur.\" \/>\n<meta name=\"robots\" content=\"index, follow, max-snippet:-1, max-image-preview:large, max-video-preview:-1\" \/>\n<link rel=\"canonical\" href=\"https:\/\/fourstrokebarn.com\/fr\/produit\/autocollant-set-reservoir-et-cadre-blanc-honda-ss50-k1-10994\/\" \/>\n<meta property=\"og:locale\" content=\"fr_FR\" \/>\n<meta property=\"og:type\" content=\"article\" \/>\n<meta property=\"og:title\" content=\"Sticker set r\u00e9servoir et cadre blanc Honda SS50 k1 (10994)\" \/>\n<meta property=\"og:description\" content=\"Nouveau jeu autocollant r\u00e9servoir et cadre blanc pour Honda SS50 k1. Imitation et \u00e0 l\u2019\u00e9tat neuf. Sticker set tank sticker frame sticker tank sticker set frame sticker set complete. Num\u00e9ro Honda : 87145-051-920 &euro;34,90 &#183; Autocollants et embl\u00e8mes, Pi\u00e8ces de cyclomoteur.\" \/>\n<meta property=\"og:url\" content=\"https:\/\/fourstrokebarn.com\/fr\/produit\/autocollant-set-reservoir-et-cadre-blanc-honda-ss50-k1-10994\/\" \/>\n<meta property=\"og:site_name\" content=\"Fourstrokebarn\" \/>\n<meta property=\"article:publisher\" content=\"https:\/\/www.facebook.com\/fourstrokebarn\" \/>\n<meta property=\"og:image\" content=\"https:\/\/fourstrokebarn.com\/wp-content\/uploads\/2023\/01\/10994-1.jpg\" \/>\n\t<meta property=\"og:image:width\" content=\"966\" \/>\n\t<meta property=\"og:image:height\" content=\"1201\" \/>\n\t<meta property=\"og:image:type\" content=\"image\/jpeg\" \/>\n<meta name=\"twitter:card\" content=\"summary_large_image\" \/>\n<meta name=\"twitter:label1\" content=\"Prix\" \/>\n\t<meta name=\"twitter:data1\" content=\"&euro;34,90\" \/>\n\t<meta name=\"twitter:label2\" content=\"Disponibilit\u00e9\" \/>\n\t<meta name=\"twitter:data2\" content=\"En stock\" \/>\n<script type=\"application\/ld+json\" class=\"yoast-schema-graph\">{\"@context\":\"https:\\\/\\\/schema.org\",\"@graph\":[{\"@type\":\"WebPage\",\"@id\":\"https:\\\/\\\/fourstrokebarn.com\\\/fr\\\/produit\\\/autocollant-set-reservoir-et-cadre-blanc-honda-ss50-k1-10994\\\/\",\"url\":\"https:\\\/\\\/fourstrokebarn.com\\\/fr\\\/produit\\\/autocollant-set-reservoir-et-cadre-blanc-honda-ss50-k1-10994\\\/\",\"name\":\"Sticker set r\u00e9servoir et cadre blanc Honda SS50 k1 (10994) &#183; Fourstrokebarn Honda & Parts\",\"isPartOf\":{\"@id\":\"https:\\\/\\\/fourstrokebarn.com\\\/fr\\\/#website\"},\"primaryImageOfPage\":{\"@id\":\"https:\\\/\\\/fourstrokebarn.com\\\/fr\\\/produit\\\/autocollant-set-reservoir-et-cadre-blanc-honda-ss50-k1-10994\\\/#primaryimage\"},\"image\":{\"@id\":\"https:\\\/\\\/fourstrokebarn.com\\\/fr\\\/produit\\\/autocollant-set-reservoir-et-cadre-blanc-honda-ss50-k1-10994\\\/#primaryimage\"},\"thumbnailUrl\":\"https:\\\/\\\/fourstrokebarn.com\\\/wp-content\\\/uploads\\\/2023\\\/01\\\/10994-1.jpg\",\"datePublished\":\"2023-01-31T12:38:53+00:00\",\"description\":\"Nouveau jeu autocollant r\u00e9servoir et cadre blanc pour Honda SS50 k1. Imitation et \u00e0 l\u2019\u00e9tat neuf. Sticker set tank sticker frame sticker tank sticker set frame sticker set complete. Num\u00e9ro Honda : 87145-051-920 &euro;34,90 &#183; Autocollants et embl\u00e8mes, Pi\u00e8ces de cyclomoteur.\",\"breadcrumb\":{\"@id\":\"https:\\\/\\\/fourstrokebarn.com\\\/fr\\\/produit\\\/autocollant-set-reservoir-et-cadre-blanc-honda-ss50-k1-10994\\\/#breadcrumb\"},\"inLanguage\":\"fr-FR\",\"potentialAction\":[{\"@type\":\"ReadAction\",\"target\":[\"https:\\\/\\\/fourstrokebarn.com\\\/fr\\\/produit\\\/autocollant-set-reservoir-et-cadre-blanc-honda-ss50-k1-10994\\\/\"]}]},{\"@type\":\"ImageObject\",\"inLanguage\":\"fr-FR\",\"@id\":\"https:\\\/\\\/fourstrokebarn.com\\\/fr\\\/produit\\\/autocollant-set-reservoir-et-cadre-blanc-honda-ss50-k1-10994\\\/#primaryimage\",\"url\":\"https:\\\/\\\/fourstrokebarn.com\\\/wp-content\\\/uploads\\\/2023\\\/01\\\/10994-1.jpg\",\"contentUrl\":\"https:\\\/\\\/fourstrokebarn.com\\\/wp-content\\\/uploads\\\/2023\\\/01\\\/10994-1.jpg\",\"width\":966,\"height\":1201},{\"@type\":\"BreadcrumbList\",\"@id\":\"https:\\\/\\\/fourstrokebarn.com\\\/fr\\\/produit\\\/autocollant-set-reservoir-et-cadre-blanc-honda-ss50-k1-10994\\\/#breadcrumb\",\"itemListElement\":[{\"@type\":\"ListItem\",\"position\":1,\"name\":\"Domicile\",\"item\":\"https:\\\/\\\/fourstrokebarn.com\\\/fr\\\/cyclomoteurs-honda-4-temps-et-pieces-a-vendre\\\/\"},{\"@type\":\"ListItem\",\"position\":2,\"name\":\"Boutique\",\"item\":\"https:\\\/\\\/fourstrokebarn.com\\\/fr\\\/boutique\\\/\"},{\"@type\":\"ListItem\",\"position\":3,\"name\":\"Sticker set r\u00e9servoir et cadre blanc Honda SS50 k1 (10994)\"}]},{\"@type\":\"WebSite\",\"@id\":\"https:\\\/\\\/fourstrokebarn.com\\\/fr\\\/#website\",\"url\":\"https:\\\/\\\/fourstrokebarn.com\\\/fr\\\/\",\"name\":\"Fourstrokebarn\",\"description\":\"New &amp; used Honda 4-stroke classic bikes &amp; parts\",\"publisher\":{\"@id\":\"https:\\\/\\\/fourstrokebarn.com\\\/fr\\\/#organization\"},\"potentialAction\":[{\"@type\":\"SearchAction\",\"target\":{\"@type\":\"EntryPoint\",\"urlTemplate\":\"https:\\\/\\\/fourstrokebarn.com\\\/fr\\\/?s={search_term_string}\"},\"query-input\":{\"@type\":\"PropertyValueSpecification\",\"valueRequired\":true,\"valueName\":\"search_term_string\"}}],\"inLanguage\":\"fr-FR\"},{\"@type\":\"Organization\",\"@id\":\"https:\\\/\\\/fourstrokebarn.com\\\/fr\\\/#organization\",\"name\":\"Fourstrokebarn\",\"url\":\"https:\\\/\\\/fourstrokebarn.com\\\/fr\\\/\",\"logo\":{\"@type\":\"ImageObject\",\"inLanguage\":\"fr-FR\",\"@id\":\"https:\\\/\\\/fourstrokebarn.com\\\/fr\\\/#\\\/schema\\\/logo\\\/image\\\/\",\"url\":\"https:\\\/\\\/fourstrokebarn.com\\\/wp-content\\\/uploads\\\/2017\\\/01\\\/Foutstrokebarn_web_logo_rood.png\",\"contentUrl\":\"https:\\\/\\\/fourstrokebarn.com\\\/wp-content\\\/uploads\\\/2017\\\/01\\\/Foutstrokebarn_web_logo_rood.png\",\"width\":355,\"height\":163,\"caption\":\"Fourstrokebarn\"},\"image\":{\"@id\":\"https:\\\/\\\/fourstrokebarn.com\\\/fr\\\/#\\\/schema\\\/logo\\\/image\\\/\"},\"sameAs\":[\"https:\\\/\\\/www.facebook.com\\\/fourstrokebarn\"]}]}<\/script>\n<meta property=\"product:price:amount\" content=\"34.90\" \/>\n<meta property=\"product:price:currency\" content=\"EUR\" \/>\n<meta property=\"og:availability\" content=\"instock\" \/>\n<meta property=\"product:availability\" content=\"instock\" \/>\n<meta property=\"product:retailer_item_id\" content=\"87145-051-920\" \/>\n<meta property=\"product:condition\" content=\"new\" \/>\n<!-- \/ Yoast SEO Premium plugin. -->","yoast_head_json":{"title":"Sticker set r\u00e9servoir et cadre blanc Honda SS50 k1 (10994) &#183; Fourstrokebarn Honda & Parts","description":"Nouveau jeu autocollant r\u00e9servoir et cadre blanc pour Honda SS50 k1. Imitation et \u00e0 l\u2019\u00e9tat neuf. Sticker set tank sticker frame sticker tank sticker set frame sticker set complete. Num\u00e9ro Honda : 87145-051-920 &euro;34,90 &#183; Autocollants et embl\u00e8mes, Pi\u00e8ces de cyclomoteur.","robots":{"index":"index","follow":"follow","max-snippet":"max-snippet:-1","max-image-preview":"max-image-preview:large","max-video-preview":"max-video-preview:-1"},"canonical":"https:\/\/fourstrokebarn.com\/fr\/produit\/autocollant-set-reservoir-et-cadre-blanc-honda-ss50-k1-10994\/","og_locale":"fr_FR","og_type":"article","og_title":"Sticker set r\u00e9servoir et cadre blanc Honda SS50 k1 (10994)","og_description":"Nouveau jeu autocollant r\u00e9servoir et cadre blanc pour Honda SS50 k1. Imitation et \u00e0 l\u2019\u00e9tat neuf. Sticker set tank sticker frame sticker tank sticker set frame sticker set complete. Num\u00e9ro Honda : 87145-051-920 &euro;34,90 &#183; Autocollants et embl\u00e8mes, Pi\u00e8ces de cyclomoteur.","og_url":"https:\/\/fourstrokebarn.com\/fr\/produit\/autocollant-set-reservoir-et-cadre-blanc-honda-ss50-k1-10994\/","og_site_name":"Fourstrokebarn","article_publisher":"https:\/\/www.facebook.com\/fourstrokebarn","og_image":[{"width":966,"height":1201,"url":"https:\/\/fourstrokebarn.com\/wp-content\/uploads\/2023\/01\/10994-1.jpg","type":"image\/jpeg"}],"twitter_card":"summary_large_image","twitter_misc":{"Prix":"&euro;34,90","Disponibilit\u00e9":"En stock"},"schema":{"@context":"https:\/\/schema.org","@graph":[{"@type":"WebPage","@id":"https:\/\/fourstrokebarn.com\/fr\/produit\/autocollant-set-reservoir-et-cadre-blanc-honda-ss50-k1-10994\/","url":"https:\/\/fourstrokebarn.com\/fr\/produit\/autocollant-set-reservoir-et-cadre-blanc-honda-ss50-k1-10994\/","name":"Sticker set r\u00e9servoir et cadre blanc Honda SS50 k1 (10994) &#183; Fourstrokebarn Honda & Parts","isPartOf":{"@id":"https:\/\/fourstrokebarn.com\/fr\/#website"},"primaryImageOfPage":{"@id":"https:\/\/fourstrokebarn.com\/fr\/produit\/autocollant-set-reservoir-et-cadre-blanc-honda-ss50-k1-10994\/#primaryimage"},"image":{"@id":"https:\/\/fourstrokebarn.com\/fr\/produit\/autocollant-set-reservoir-et-cadre-blanc-honda-ss50-k1-10994\/#primaryimage"},"thumbnailUrl":"https:\/\/fourstrokebarn.com\/wp-content\/uploads\/2023\/01\/10994-1.jpg","datePublished":"2023-01-31T12:38:53+00:00","description":"Nouveau jeu autocollant r\u00e9servoir et cadre blanc pour Honda SS50 k1. Imitation et \u00e0 l\u2019\u00e9tat neuf. Sticker set tank sticker frame sticker tank sticker set frame sticker set complete. Num\u00e9ro Honda : 87145-051-920 &euro;34,90 &#183; Autocollants et embl\u00e8mes, Pi\u00e8ces de cyclomoteur.","breadcrumb":{"@id":"https:\/\/fourstrokebarn.com\/fr\/produit\/autocollant-set-reservoir-et-cadre-blanc-honda-ss50-k1-10994\/#breadcrumb"},"inLanguage":"fr-FR","potentialAction":[{"@type":"ReadAction","target":["https:\/\/fourstrokebarn.com\/fr\/produit\/autocollant-set-reservoir-et-cadre-blanc-honda-ss50-k1-10994\/"]}]},{"@type":"ImageObject","inLanguage":"fr-FR","@id":"https:\/\/fourstrokebarn.com\/fr\/produit\/autocollant-set-reservoir-et-cadre-blanc-honda-ss50-k1-10994\/#primaryimage","url":"https:\/\/fourstrokebarn.com\/wp-content\/uploads\/2023\/01\/10994-1.jpg","contentUrl":"https:\/\/fourstrokebarn.com\/wp-content\/uploads\/2023\/01\/10994-1.jpg","width":966,"height":1201},{"@type":"BreadcrumbList","@id":"https:\/\/fourstrokebarn.com\/fr\/produit\/autocollant-set-reservoir-et-cadre-blanc-honda-ss50-k1-10994\/#breadcrumb","itemListElement":[{"@type":"ListItem","position":1,"name":"Domicile","item":"https:\/\/fourstrokebarn.com\/fr\/cyclomoteurs-honda-4-temps-et-pieces-a-vendre\/"},{"@type":"ListItem","position":2,"name":"Boutique","item":"https:\/\/fourstrokebarn.com\/fr\/boutique\/"},{"@type":"ListItem","position":3,"name":"Sticker set r\u00e9servoir et cadre blanc Honda SS50 k1 (10994)"}]},{"@type":"WebSite","@id":"https:\/\/fourstrokebarn.com\/fr\/#website","url":"https:\/\/fourstrokebarn.com\/fr\/","name":"Fourstrokebarn","description":"New &amp; used Honda 4-stroke classic bikes &amp; parts","publisher":{"@id":"https:\/\/fourstrokebarn.com\/fr\/#organization"},"potentialAction":[{"@type":"SearchAction","target":{"@type":"EntryPoint","urlTemplate":"https:\/\/fourstrokebarn.com\/fr\/?s={search_term_string}"},"query-input":{"@type":"PropertyValueSpecification","valueRequired":true,"valueName":"search_term_string"}}],"inLanguage":"fr-FR"},{"@type":"Organization","@id":"https:\/\/fourstrokebarn.com\/fr\/#organization","name":"Fourstrokebarn","url":"https:\/\/fourstrokebarn.com\/fr\/","logo":{"@type":"ImageObject","inLanguage":"fr-FR","@id":"https:\/\/fourstrokebarn.com\/fr\/#\/schema\/logo\/image\/","url":"https:\/\/fourstrokebarn.com\/wp-content\/uploads\/2017\/01\/Foutstrokebarn_web_logo_rood.png","contentUrl":"https:\/\/fourstrokebarn.com\/wp-content\/uploads\/2017\/01\/Foutstrokebarn_web_logo_rood.png","width":355,"height":163,"caption":"Fourstrokebarn"},"image":{"@id":"https:\/\/fourstrokebarn.com\/fr\/#\/schema\/logo\/image\/"},"sameAs":["https:\/\/www.facebook.com\/fourstrokebarn"]}]},"product_price_amount":"34.90","product_price_currency":"EUR","og_availability":"instock","product_availability":"instock","product_retailer_item_id":"87145-051-920","product_condition":"new"},"_links":{"self":[{"href":"https:\/\/fourstrokebarn.com\/fr\/wp-json\/wp\/v2\/product\/191895","targetHints":{"allow":["GET"]}}],"collection":[{"href":"https:\/\/fourstrokebarn.com\/fr\/wp-json\/wp\/v2\/product"}],"about":[{"href":"https:\/\/fourstrokebarn.com\/fr\/wp-json\/wp\/v2\/types\/product"}],"replies":[{"embeddable":true,"href":"https:\/\/fourstrokebarn.com\/fr\/wp-json\/wp\/v2\/comments?post=191895"}],"wp:featuredmedia":[{"embeddable":true,"href":"https:\/\/fourstrokebarn.com\/fr\/wp-json\/wp\/v2\/media\/191675"}],"wp:attachment":[{"href":"https:\/\/fourstrokebarn.com\/fr\/wp-json\/wp\/v2\/media?parent=191895"}],"wp:term":[{"taxonomy":"product_brand","embeddable":true,"href":"https:\/\/fourstrokebarn.com\/fr\/wp-json\/wp\/v2\/product_brand?post=191895"},{"taxonomy":"product_cat","embeddable":true,"href":"https:\/\/fourstrokebarn.com\/fr\/wp-json\/wp\/v2\/product_cat?post=191895"},{"taxonomy":"product_tag","embeddable":true,"href":"https:\/\/fourstrokebarn.com\/fr\/wp-json\/wp\/v2\/product_tag?post=191895"}],"curies":[{"name":"wp","href":"https:\/\/api.w.org\/{rel}","templated":true}]}}