{"id":208828,"date":"2024-11-28T15:37:55","date_gmt":"2024-12-09T08:50:07","guid":{"rendered":"https:\/\/fourstrokebarn.com\/?post_type=product&#038;p=208828"},"modified":"2024-12-09T09:50:07","modified_gmt":"2024-12-09T08:50:07","slug":"honda-cb50-wit_blauw-12594-km-kopie-kopie-2","status":"publish","type":"product","link":"https:\/\/fourstrokebarn.com\/fr\/produit\/honda-cb50-wit_blauw-12594-km-kopie-kopie-2\/","title":{"rendered":"Honda Monkey Z50A \u2013 5955 km."},"content":{"rendered":"<p>Honda Monkey Z50A \u2013 5955 km.<\/p>\n","protected":false},"excerpt":{"rendered":"<p>Honda Monkey Z50A d\u2019origine \u2013 5955 km.. L\u2019\u00e9tat de cette Honda est utilis\u00e9|\u00c9tat correct. Cette Honda a \u00e9t\u00e9 import\u00e9e par nos soins du Japon. Le prix comprend une TVA de 21%, que les acheteurs d\u2019affaires peuvent r\u00e9gler.<\/p>\n<p>Ce deux-roues n\u2019est pas encore \u00e9quip\u00e9 d\u2019une plaque d\u2019immatriculation. Nous pouvons nous en occuper si vous le souhaitez (cyclomoteur, cyclomoteur et moto). Nous pouvons \u00e9galement livrer avec des documents d\u2019exportation et nous pouvons exp\u00e9dier ce v\u00e9lo dans le monde entier.<\/p>\n<p>S\u2019il vous pla\u00eet contactez-nous pour les possibilit\u00e9s.<\/p>\n","protected":false},"featured_media":210108,"comment_status":"closed","ping_status":"closed","template":"","meta":{"inline_featured_image":false,"_monsterinsights_skip_tracking":false,"_monsterinsights_sitenote_active":false,"_monsterinsights_sitenote_note":"","_monsterinsights_sitenote_category":0},"product_brand":[],"product_cat":[9313],"product_tag":[9423],"class_list":{"0":"post-208828","1":"product","2":"type-product","3":"status-publish","4":"has-post-thumbnail","6":"product_cat-cyclomoteurs-vendus","7":"product_tag-singe","8":"product_shipping_class-bromfiets","10":"first","11":"outofstock","12":"taxable","13":"shipping-taxable","14":"product-type-simple"},"yoast_head":"<!-- This site is optimized with the Yoast SEO Premium plugin v27.4 (Yoast SEO v27.4) - https:\/\/yoast.com\/product\/yoast-seo-premium-wordpress\/ -->\n<title>Honda Monkey Z50A - 5955 km. &#183; Fourstrokebarn Honda &amp; Parts<\/title>\n<meta name=\"description\" content=\"Honda Monkey Z50A d\u2019origine - 5955 km.. L\u2019\u00e9tat de cette Honda est utilis\u00e9|\u00c9tat correct. Cette Honda a \u00e9t\u00e9 import\u00e9e par nos soins du Japon. Le prix comprend une TVA de 21%, que les acheteurs d\u2019affaires peuvent r\u00e9gler. Ce deux-roues n\u2019est pas encore \u00e9quip\u00e9 d\u2019une plaque d\u2019immatriculation. Nous pouvons nous en occuper si vous le souhaitez (cyclomoteur, cyclomoteur et moto). Nous pouvons \u00e9galement livrer avec des documents d\u2019exportation et nous pouvons exp\u00e9dier ce v\u00e9lo dans le monde entier. S\u2019il vous pla\u00eet contactez-nous pour les possibilit\u00e9s.  &#183; Cyclomoteurs vendus.\" \/>\n<meta name=\"robots\" content=\"index, follow, max-snippet:-1, max-image-preview:large, max-video-preview:-1\" \/>\n<link rel=\"canonical\" href=\"https:\/\/fourstrokebarn.com\/fr\/produit\/honda-cb50-wit_blauw-12594-km-kopie-kopie-2\/\" \/>\n<meta property=\"og:locale\" content=\"fr_FR\" \/>\n<meta property=\"og:type\" content=\"article\" \/>\n<meta property=\"og:title\" content=\"Honda Monkey Z50A - 5955 km.\" \/>\n<meta property=\"og:description\" content=\"Honda Monkey Z50A d\u2019origine - 5955 km.. L\u2019\u00e9tat de cette Honda est utilis\u00e9|\u00c9tat correct. Cette Honda a \u00e9t\u00e9 import\u00e9e par nos soins du Japon. Le prix comprend une TVA de 21%, que les acheteurs d\u2019affaires peuvent r\u00e9gler. Ce deux-roues n\u2019est pas encore \u00e9quip\u00e9 d\u2019une plaque d\u2019immatriculation. Nous pouvons nous en occuper si vous le souhaitez (cyclomoteur, cyclomoteur et moto). Nous pouvons \u00e9galement livrer avec des documents d\u2019exportation et nous pouvons exp\u00e9dier ce v\u00e9lo dans le monde entier. S\u2019il vous pla\u00eet contactez-nous pour les possibilit\u00e9s.  &#183; Cyclomoteurs vendus.\" \/>\n<meta property=\"og:url\" content=\"https:\/\/fourstrokebarn.com\/fr\/produit\/honda-cb50-wit_blauw-12594-km-kopie-kopie-2\/\" \/>\n<meta property=\"og:site_name\" content=\"Fourstrokebarn\" \/>\n<meta property=\"article:publisher\" content=\"https:\/\/www.facebook.com\/fourstrokebarn\" \/>\n<meta property=\"og:image\" content=\"https:\/\/fourstrokebarn.com\/wp-content\/uploads\/2024\/11\/14112024-59gr.jpg\" \/>\n\t<meta property=\"og:image:width\" content=\"2061\" \/>\n\t<meta property=\"og:image:height\" content=\"2560\" \/>\n\t<meta property=\"og:image:type\" content=\"image\/jpeg\" \/>\n<meta name=\"twitter:card\" content=\"summary_large_image\" \/>\n<meta name=\"twitter:label1\" content=\"Prix\" \/>\n\t<meta name=\"twitter:data1\" content=\"\" \/>\n\t<meta name=\"twitter:label2\" content=\"Disponibilit\u00e9\" \/>\n\t<meta name=\"twitter:data2\" content=\"Rupture de stock\" \/>\n<script type=\"application\/ld+json\" class=\"yoast-schema-graph\">{\"@context\":\"https:\\\/\\\/schema.org\",\"@graph\":[{\"@type\":\"WebPage\",\"@id\":\"https:\\\/\\\/fourstrokebarn.com\\\/fr\\\/produit\\\/honda-cb50-wit_blauw-12594-km-kopie-kopie-2\\\/\",\"url\":\"https:\\\/\\\/fourstrokebarn.com\\\/fr\\\/produit\\\/honda-cb50-wit_blauw-12594-km-kopie-kopie-2\\\/\",\"name\":\"Honda Monkey Z50A - 5955 km. &#183; Fourstrokebarn Honda & Parts\",\"isPartOf\":{\"@id\":\"https:\\\/\\\/fourstrokebarn.com\\\/fr\\\/#website\"},\"primaryImageOfPage\":{\"@id\":\"https:\\\/\\\/fourstrokebarn.com\\\/fr\\\/produit\\\/honda-cb50-wit_blauw-12594-km-kopie-kopie-2\\\/#primaryimage\"},\"image\":{\"@id\":\"https:\\\/\\\/fourstrokebarn.com\\\/fr\\\/produit\\\/honda-cb50-wit_blauw-12594-km-kopie-kopie-2\\\/#primaryimage\"},\"thumbnailUrl\":\"https:\\\/\\\/fourstrokebarn.com\\\/wp-content\\\/uploads\\\/2024\\\/11\\\/14112024-73gr.jpg\",\"datePublished\":\"2024-12-09T08:50:07+00:00\",\"description\":\"Honda Monkey Z50A d\u2019origine - 5955 km.. L\u2019\u00e9tat de cette Honda est utilis\u00e9|\u00c9tat correct. Cette Honda a \u00e9t\u00e9 import\u00e9e par nos soins du Japon. Le prix comprend une TVA de 21%, que les acheteurs d\u2019affaires peuvent r\u00e9gler. Ce deux-roues n\u2019est pas encore \u00e9quip\u00e9 d\u2019une plaque d\u2019immatriculation. Nous pouvons nous en occuper si vous le souhaitez (cyclomoteur, cyclomoteur et moto). Nous pouvons \u00e9galement livrer avec des documents d\u2019exportation et nous pouvons exp\u00e9dier ce v\u00e9lo dans le monde entier. S\u2019il vous pla\u00eet contactez-nous pour les possibilit\u00e9s. &#183; Cyclomoteurs vendus.\",\"breadcrumb\":{\"@id\":\"https:\\\/\\\/fourstrokebarn.com\\\/fr\\\/produit\\\/honda-cb50-wit_blauw-12594-km-kopie-kopie-2\\\/#breadcrumb\"},\"inLanguage\":\"fr-FR\",\"potentialAction\":[{\"@type\":\"ReadAction\",\"target\":[\"https:\\\/\\\/fourstrokebarn.com\\\/fr\\\/produit\\\/honda-cb50-wit_blauw-12594-km-kopie-kopie-2\\\/\"]}]},{\"@type\":\"ImageObject\",\"inLanguage\":\"fr-FR\",\"@id\":\"https:\\\/\\\/fourstrokebarn.com\\\/fr\\\/produit\\\/honda-cb50-wit_blauw-12594-km-kopie-kopie-2\\\/#primaryimage\",\"url\":\"https:\\\/\\\/fourstrokebarn.com\\\/wp-content\\\/uploads\\\/2024\\\/11\\\/14112024-73gr.jpg\",\"contentUrl\":\"https:\\\/\\\/fourstrokebarn.com\\\/wp-content\\\/uploads\\\/2024\\\/11\\\/14112024-73gr.jpg\",\"width\":2061,\"height\":2560,\"caption\":\"Honda Monkey\"},{\"@type\":\"BreadcrumbList\",\"@id\":\"https:\\\/\\\/fourstrokebarn.com\\\/fr\\\/produit\\\/honda-cb50-wit_blauw-12594-km-kopie-kopie-2\\\/#breadcrumb\",\"itemListElement\":[{\"@type\":\"ListItem\",\"position\":1,\"name\":\"Domicile\",\"item\":\"https:\\\/\\\/fourstrokebarn.com\\\/fr\\\/cyclomoteurs-honda-4-temps-et-pieces-a-vendre\\\/\"},{\"@type\":\"ListItem\",\"position\":2,\"name\":\"Boutique\",\"item\":\"https:\\\/\\\/fourstrokebarn.com\\\/fr\\\/boutique\\\/\"},{\"@type\":\"ListItem\",\"position\":3,\"name\":\"Honda Monkey Z50A &#8211; 5955 km.\"}]},{\"@type\":\"WebSite\",\"@id\":\"https:\\\/\\\/fourstrokebarn.com\\\/fr\\\/#website\",\"url\":\"https:\\\/\\\/fourstrokebarn.com\\\/fr\\\/\",\"name\":\"Fourstrokebarn\",\"description\":\"New &amp; used Honda 4-stroke classic bikes &amp; parts\",\"publisher\":{\"@id\":\"https:\\\/\\\/fourstrokebarn.com\\\/fr\\\/#organization\"},\"potentialAction\":[{\"@type\":\"SearchAction\",\"target\":{\"@type\":\"EntryPoint\",\"urlTemplate\":\"https:\\\/\\\/fourstrokebarn.com\\\/fr\\\/?s={search_term_string}\"},\"query-input\":{\"@type\":\"PropertyValueSpecification\",\"valueRequired\":true,\"valueName\":\"search_term_string\"}}],\"inLanguage\":\"fr-FR\"},{\"@type\":\"Organization\",\"@id\":\"https:\\\/\\\/fourstrokebarn.com\\\/fr\\\/#organization\",\"name\":\"Fourstrokebarn\",\"url\":\"https:\\\/\\\/fourstrokebarn.com\\\/fr\\\/\",\"logo\":{\"@type\":\"ImageObject\",\"inLanguage\":\"fr-FR\",\"@id\":\"https:\\\/\\\/fourstrokebarn.com\\\/fr\\\/#\\\/schema\\\/logo\\\/image\\\/\",\"url\":\"https:\\\/\\\/fourstrokebarn.com\\\/wp-content\\\/uploads\\\/2017\\\/01\\\/Foutstrokebarn_web_logo_rood.png\",\"contentUrl\":\"https:\\\/\\\/fourstrokebarn.com\\\/wp-content\\\/uploads\\\/2017\\\/01\\\/Foutstrokebarn_web_logo_rood.png\",\"width\":355,\"height\":163,\"caption\":\"Fourstrokebarn\"},\"image\":{\"@id\":\"https:\\\/\\\/fourstrokebarn.com\\\/fr\\\/#\\\/schema\\\/logo\\\/image\\\/\"},\"sameAs\":[\"https:\\\/\\\/www.facebook.com\\\/fourstrokebarn\"]}]}<\/script>\n<meta property=\"product:price:currency\" content=\"EUR\" \/>\n<meta property=\"og:availability\" content=\"out of stock\" \/>\n<meta property=\"product:availability\" content=\"out of stock\" \/>\n<meta property=\"product:retailer_item_id\" content=\"Honda Monkey Z50A - 5955 km.\" \/>\n<meta property=\"product:condition\" content=\"new\" \/>\n<!-- \/ Yoast SEO Premium plugin. -->","yoast_head_json":{"title":"Honda Monkey Z50A - 5955 km. &#183; Fourstrokebarn Honda & Parts","description":"Honda Monkey Z50A d\u2019origine - 5955 km.. L\u2019\u00e9tat de cette Honda est utilis\u00e9|\u00c9tat correct. Cette Honda a \u00e9t\u00e9 import\u00e9e par nos soins du Japon. Le prix comprend une TVA de 21%, que les acheteurs d\u2019affaires peuvent r\u00e9gler. Ce deux-roues n\u2019est pas encore \u00e9quip\u00e9 d\u2019une plaque d\u2019immatriculation. Nous pouvons nous en occuper si vous le souhaitez (cyclomoteur, cyclomoteur et moto). Nous pouvons \u00e9galement livrer avec des documents d\u2019exportation et nous pouvons exp\u00e9dier ce v\u00e9lo dans le monde entier. S\u2019il vous pla\u00eet contactez-nous pour les possibilit\u00e9s.  &#183; Cyclomoteurs vendus.","robots":{"index":"index","follow":"follow","max-snippet":"max-snippet:-1","max-image-preview":"max-image-preview:large","max-video-preview":"max-video-preview:-1"},"canonical":"https:\/\/fourstrokebarn.com\/fr\/produit\/honda-cb50-wit_blauw-12594-km-kopie-kopie-2\/","og_locale":"fr_FR","og_type":"article","og_title":"Honda Monkey Z50A - 5955 km.","og_description":"Honda Monkey Z50A d\u2019origine - 5955 km.. L\u2019\u00e9tat de cette Honda est utilis\u00e9|\u00c9tat correct. Cette Honda a \u00e9t\u00e9 import\u00e9e par nos soins du Japon. Le prix comprend une TVA de 21%, que les acheteurs d\u2019affaires peuvent r\u00e9gler. Ce deux-roues n\u2019est pas encore \u00e9quip\u00e9 d\u2019une plaque d\u2019immatriculation. Nous pouvons nous en occuper si vous le souhaitez (cyclomoteur, cyclomoteur et moto). Nous pouvons \u00e9galement livrer avec des documents d\u2019exportation et nous pouvons exp\u00e9dier ce v\u00e9lo dans le monde entier. S\u2019il vous pla\u00eet contactez-nous pour les possibilit\u00e9s.  &#183; Cyclomoteurs vendus.","og_url":"https:\/\/fourstrokebarn.com\/fr\/produit\/honda-cb50-wit_blauw-12594-km-kopie-kopie-2\/","og_site_name":"Fourstrokebarn","article_publisher":"https:\/\/www.facebook.com\/fourstrokebarn","og_image":[{"width":2061,"height":2560,"url":"https:\/\/fourstrokebarn.com\/wp-content\/uploads\/2024\/11\/14112024-59gr.jpg","type":"image\/jpeg"}],"twitter_card":"summary_large_image","twitter_misc":{"Prix":"","Disponibilit\u00e9":"Rupture de stock"},"schema":{"@context":"https:\/\/schema.org","@graph":[{"@type":"WebPage","@id":"https:\/\/fourstrokebarn.com\/fr\/produit\/honda-cb50-wit_blauw-12594-km-kopie-kopie-2\/","url":"https:\/\/fourstrokebarn.com\/fr\/produit\/honda-cb50-wit_blauw-12594-km-kopie-kopie-2\/","name":"Honda Monkey Z50A - 5955 km. &#183; Fourstrokebarn Honda & Parts","isPartOf":{"@id":"https:\/\/fourstrokebarn.com\/fr\/#website"},"primaryImageOfPage":{"@id":"https:\/\/fourstrokebarn.com\/fr\/produit\/honda-cb50-wit_blauw-12594-km-kopie-kopie-2\/#primaryimage"},"image":{"@id":"https:\/\/fourstrokebarn.com\/fr\/produit\/honda-cb50-wit_blauw-12594-km-kopie-kopie-2\/#primaryimage"},"thumbnailUrl":"https:\/\/fourstrokebarn.com\/wp-content\/uploads\/2024\/11\/14112024-73gr.jpg","datePublished":"2024-12-09T08:50:07+00:00","description":"Honda Monkey Z50A d\u2019origine - 5955 km.. L\u2019\u00e9tat de cette Honda est utilis\u00e9|\u00c9tat correct. Cette Honda a \u00e9t\u00e9 import\u00e9e par nos soins du Japon. Le prix comprend une TVA de 21%, que les acheteurs d\u2019affaires peuvent r\u00e9gler. Ce deux-roues n\u2019est pas encore \u00e9quip\u00e9 d\u2019une plaque d\u2019immatriculation. Nous pouvons nous en occuper si vous le souhaitez (cyclomoteur, cyclomoteur et moto). Nous pouvons \u00e9galement livrer avec des documents d\u2019exportation et nous pouvons exp\u00e9dier ce v\u00e9lo dans le monde entier. S\u2019il vous pla\u00eet contactez-nous pour les possibilit\u00e9s. &#183; Cyclomoteurs vendus.","breadcrumb":{"@id":"https:\/\/fourstrokebarn.com\/fr\/produit\/honda-cb50-wit_blauw-12594-km-kopie-kopie-2\/#breadcrumb"},"inLanguage":"fr-FR","potentialAction":[{"@type":"ReadAction","target":["https:\/\/fourstrokebarn.com\/fr\/produit\/honda-cb50-wit_blauw-12594-km-kopie-kopie-2\/"]}]},{"@type":"ImageObject","inLanguage":"fr-FR","@id":"https:\/\/fourstrokebarn.com\/fr\/produit\/honda-cb50-wit_blauw-12594-km-kopie-kopie-2\/#primaryimage","url":"https:\/\/fourstrokebarn.com\/wp-content\/uploads\/2024\/11\/14112024-73gr.jpg","contentUrl":"https:\/\/fourstrokebarn.com\/wp-content\/uploads\/2024\/11\/14112024-73gr.jpg","width":2061,"height":2560,"caption":"Honda Monkey"},{"@type":"BreadcrumbList","@id":"https:\/\/fourstrokebarn.com\/fr\/produit\/honda-cb50-wit_blauw-12594-km-kopie-kopie-2\/#breadcrumb","itemListElement":[{"@type":"ListItem","position":1,"name":"Domicile","item":"https:\/\/fourstrokebarn.com\/fr\/cyclomoteurs-honda-4-temps-et-pieces-a-vendre\/"},{"@type":"ListItem","position":2,"name":"Boutique","item":"https:\/\/fourstrokebarn.com\/fr\/boutique\/"},{"@type":"ListItem","position":3,"name":"Honda Monkey Z50A &#8211; 5955 km."}]},{"@type":"WebSite","@id":"https:\/\/fourstrokebarn.com\/fr\/#website","url":"https:\/\/fourstrokebarn.com\/fr\/","name":"Fourstrokebarn","description":"New &amp; used Honda 4-stroke classic bikes &amp; parts","publisher":{"@id":"https:\/\/fourstrokebarn.com\/fr\/#organization"},"potentialAction":[{"@type":"SearchAction","target":{"@type":"EntryPoint","urlTemplate":"https:\/\/fourstrokebarn.com\/fr\/?s={search_term_string}"},"query-input":{"@type":"PropertyValueSpecification","valueRequired":true,"valueName":"search_term_string"}}],"inLanguage":"fr-FR"},{"@type":"Organization","@id":"https:\/\/fourstrokebarn.com\/fr\/#organization","name":"Fourstrokebarn","url":"https:\/\/fourstrokebarn.com\/fr\/","logo":{"@type":"ImageObject","inLanguage":"fr-FR","@id":"https:\/\/fourstrokebarn.com\/fr\/#\/schema\/logo\/image\/","url":"https:\/\/fourstrokebarn.com\/wp-content\/uploads\/2017\/01\/Foutstrokebarn_web_logo_rood.png","contentUrl":"https:\/\/fourstrokebarn.com\/wp-content\/uploads\/2017\/01\/Foutstrokebarn_web_logo_rood.png","width":355,"height":163,"caption":"Fourstrokebarn"},"image":{"@id":"https:\/\/fourstrokebarn.com\/fr\/#\/schema\/logo\/image\/"},"sameAs":["https:\/\/www.facebook.com\/fourstrokebarn"]}]},"product_price_currency":"EUR","og_availability":"out of stock","product_availability":"out of stock","product_retailer_item_id":"Honda Monkey Z50A - 5955 km.","product_condition":"new"},"_links":{"self":[{"href":"https:\/\/fourstrokebarn.com\/fr\/wp-json\/wp\/v2\/product\/208828","targetHints":{"allow":["GET"]}}],"collection":[{"href":"https:\/\/fourstrokebarn.com\/fr\/wp-json\/wp\/v2\/product"}],"about":[{"href":"https:\/\/fourstrokebarn.com\/fr\/wp-json\/wp\/v2\/types\/product"}],"replies":[{"embeddable":true,"href":"https:\/\/fourstrokebarn.com\/fr\/wp-json\/wp\/v2\/comments?post=208828"}],"wp:featuredmedia":[{"embeddable":true,"href":"https:\/\/fourstrokebarn.com\/fr\/wp-json\/wp\/v2\/media\/210108"}],"wp:attachment":[{"href":"https:\/\/fourstrokebarn.com\/fr\/wp-json\/wp\/v2\/media?parent=208828"}],"wp:term":[{"taxonomy":"product_brand","embeddable":true,"href":"https:\/\/fourstrokebarn.com\/fr\/wp-json\/wp\/v2\/product_brand?post=208828"},{"taxonomy":"product_cat","embeddable":true,"href":"https:\/\/fourstrokebarn.com\/fr\/wp-json\/wp\/v2\/product_cat?post=208828"},{"taxonomy":"product_tag","embeddable":true,"href":"https:\/\/fourstrokebarn.com\/fr\/wp-json\/wp\/v2\/product_tag?post=208828"}],"curies":[{"name":"wp","href":"https:\/\/api.w.org\/{rel}","templated":true}]}}