{"id":213851,"date":"2025-09-13T12:45:31","date_gmt":"2025-09-13T10:45:31","guid":{"rendered":"https:\/\/fourstrokebarn.com\/product\/honda-super-cub-50-hello-kitty-edition-tout-neuf-importation-du-japon\/"},"modified":"2026-03-12T12:41:45","modified_gmt":"2026-03-12T11:41:45","slug":"honda-super-cub-50-hello-kitty-edition-tout-neuf-importation-du-japon","status":"publish","type":"product","link":"https:\/\/fourstrokebarn.com\/fr\/produit\/honda-super-cub-50-hello-kitty-edition-tout-neuf-importation-du-japon\/","title":{"rendered":"Honda Super Cub 50 Hello Kitty Edition \u2013 Tout neuf"},"content":{"rendered":"<p class=\"p1\">Super mignon et rare : l\u2019\u00e9dition officielle Honda Super Cub 50 Hello Kitty. Tout neuf, avec les d\u00e9tails Sanrio d\u2019origine. <\/p>\n","protected":false},"excerpt":{"rendered":"<p class=\"p1\">La Honda Super Cub est la moto la plus vendue au monde de tous les temps. Mais cette <span class=\"s1\"><b>\u00e9dition Hello Kitty<\/b><\/span> porte cette ic\u00f4ne \u00e0 un tout autre niveau. <\/p>\n<p class=\"p1\">Honda s\u2019est associ\u00e9 \u00e0 Sanrio pour cr\u00e9er une s\u00e9rie limit\u00e9e pleine de graphismes ludiques Hello Kitty et de d\u00e9tails originaux.<\/p>\n<p class=\"p3\"><span class=\"s2\">\u2714\ufe0f <\/span><b>Version cyclomoteur 50cc<\/b><b><\/b><\/p>\n<p class=\"p3\"><span class=\"s2\">\u2714\ufe0f <\/span><b>Nouveau, jamais mont\u00e9 auparavant<\/b><b><\/b><\/p>\n<p class=\"p3\"><span class=\"s2\">\u2714\ufe0f <\/span><b>Version japonaise originale.<\/b><b><\/b><\/p>\n<p class=\"p1\">\u2714\ufe0f <span class=\"s1\"><b>Pi\u00e8ce de collection unique<\/b><\/span><\/p>\n","protected":false},"featured_media":215712,"comment_status":"closed","ping_status":"closed","template":"","meta":{"inline_featured_image":false,"_monsterinsights_skip_tracking":false,"_monsterinsights_sitenote_active":false,"_monsterinsights_sitenote_note":"","_monsterinsights_sitenote_category":0},"product_brand":[],"product_cat":[9319,9329],"product_tag":[],"class_list":{"0":"post-213851","1":"product","2":"type-product","3":"status-publish","4":"has-post-thumbnail","6":"product_cat-cyclomoteurs","7":"product_cat-honda-c50-c70-c90","8":"product_shipping_class-bromfiets","10":"first","11":"instock","12":"taxable","13":"shipping-taxable","14":"purchasable","15":"product-type-simple"},"yoast_head":"<!-- This site is optimized with the Yoast SEO Premium plugin v27.5 (Yoast SEO v27.5) - https:\/\/yoast.com\/product\/yoast-seo-premium-wordpress\/ -->\n<title>Honda Super Cub 50 Hello Kitty Edition \u00e0 vendre \u2013 Nouveau du Japon<\/title>\n<meta name=\"description\" content=\"Honda Super Cub 50 \u00c9dition Hello Kitty Rare (Honda Super Cub 50). Tout neuf, import\u00e9 directement du Japon. Objet de collection unique, exclusif \u00e0 Fourstrokebarn.\" \/>\n<meta name=\"robots\" content=\"index, follow, max-snippet:-1, max-image-preview:large, max-video-preview:-1\" \/>\n<link rel=\"canonical\" href=\"https:\/\/fourstrokebarn.com\/fr\/produit\/honda-super-cub-50-hello-kitty-edition-tout-neuf-importation-du-japon\/\" \/>\n<meta property=\"og:locale\" content=\"fr_FR\" \/>\n<meta property=\"og:type\" content=\"article\" \/>\n<meta property=\"og:title\" content=\"Honda Super Cub 50 Hello Kitty Edition \u2013 Tout neuf\" \/>\n<meta property=\"og:description\" content=\"Honda Super Cub 50 \u00c9dition Hello Kitty Rare (Honda Super Cub 50). Tout neuf, import\u00e9 directement du Japon. Objet de collection unique, exclusif \u00e0 Fourstrokebarn.\" \/>\n<meta property=\"og:url\" content=\"https:\/\/fourstrokebarn.com\/fr\/produit\/honda-super-cub-50-hello-kitty-edition-tout-neuf-importation-du-japon\/\" \/>\n<meta property=\"og:site_name\" content=\"Fourstrokebarn\" \/>\n<meta property=\"article:publisher\" content=\"https:\/\/www.facebook.com\/fourstrokebarn\" \/>\n<meta property=\"article:modified_time\" content=\"2026-03-12T11:41:45+00:00\" \/>\n<meta property=\"og:image\" content=\"https:\/\/fourstrokebarn.com\/wp-content\/uploads\/2025\/09\/IMG_0390-1.jpg\" \/>\n\t<meta property=\"og:image:width\" content=\"1620\" \/>\n\t<meta property=\"og:image:height\" content=\"2160\" \/>\n\t<meta property=\"og:image:type\" content=\"image\/jpeg\" \/>\n<meta name=\"twitter:card\" content=\"summary_large_image\" \/>\n<meta name=\"twitter:label1\" content=\"Prix\" \/>\n\t<meta name=\"twitter:data1\" content=\"&euro;3.950,00\" \/>\n\t<meta name=\"twitter:label2\" content=\"Disponibilit\u00e9\" \/>\n\t<meta name=\"twitter:data2\" content=\"En stock\" \/>\n<script type=\"application\/ld+json\" class=\"yoast-schema-graph\">{\"@context\":\"https:\\\/\\\/schema.org\",\"@graph\":[{\"@type\":\"WebPage\",\"@id\":\"https:\\\/\\\/fourstrokebarn.com\\\/fr\\\/produit\\\/honda-super-cub-50-hello-kitty-edition-tout-neuf-importation-du-japon\\\/\",\"url\":\"https:\\\/\\\/fourstrokebarn.com\\\/fr\\\/produit\\\/honda-super-cub-50-hello-kitty-edition-tout-neuf-importation-du-japon\\\/\",\"name\":\"Honda Super Cub 50 Hello Kitty Edition \u00e0 vendre \u2013 Nouveau du Japon\",\"isPartOf\":{\"@id\":\"https:\\\/\\\/fourstrokebarn.com\\\/fr\\\/#website\"},\"primaryImageOfPage\":{\"@id\":\"https:\\\/\\\/fourstrokebarn.com\\\/fr\\\/produit\\\/honda-super-cub-50-hello-kitty-edition-tout-neuf-importation-du-japon\\\/#primaryimage\"},\"image\":{\"@id\":\"https:\\\/\\\/fourstrokebarn.com\\\/fr\\\/produit\\\/honda-super-cub-50-hello-kitty-edition-tout-neuf-importation-du-japon\\\/#primaryimage\"},\"thumbnailUrl\":\"https:\\\/\\\/fourstrokebarn.com\\\/wp-content\\\/uploads\\\/2025\\\/09\\\/IMG_0390-1.jpg\",\"datePublished\":\"2025-09-13T10:45:31+00:00\",\"dateModified\":\"2026-03-12T11:41:45+00:00\",\"description\":\"Honda Super Cub 50 \u00c9dition Hello Kitty Rare (Honda Super Cub 50). Tout neuf, import\u00e9 directement du Japon. Objet de collection unique, exclusif \u00e0 Fourstrokebarn.\",\"breadcrumb\":{\"@id\":\"https:\\\/\\\/fourstrokebarn.com\\\/fr\\\/produit\\\/honda-super-cub-50-hello-kitty-edition-tout-neuf-importation-du-japon\\\/#breadcrumb\"},\"inLanguage\":\"fr-FR\",\"potentialAction\":[{\"@type\":\"ReadAction\",\"target\":[\"https:\\\/\\\/fourstrokebarn.com\\\/fr\\\/produit\\\/honda-super-cub-50-hello-kitty-edition-tout-neuf-importation-du-japon\\\/\"]}]},{\"@type\":\"ImageObject\",\"inLanguage\":\"fr-FR\",\"@id\":\"https:\\\/\\\/fourstrokebarn.com\\\/fr\\\/produit\\\/honda-super-cub-50-hello-kitty-edition-tout-neuf-importation-du-japon\\\/#primaryimage\",\"url\":\"https:\\\/\\\/fourstrokebarn.com\\\/wp-content\\\/uploads\\\/2025\\\/09\\\/IMG_0390-1.jpg\",\"contentUrl\":\"https:\\\/\\\/fourstrokebarn.com\\\/wp-content\\\/uploads\\\/2025\\\/09\\\/IMG_0390-1.jpg\",\"width\":1620,\"height\":2160,\"caption\":\"Honda Super Cub 50 \u00c9dition Hello Kitty\"},{\"@type\":\"BreadcrumbList\",\"@id\":\"https:\\\/\\\/fourstrokebarn.com\\\/fr\\\/produit\\\/honda-super-cub-50-hello-kitty-edition-tout-neuf-importation-du-japon\\\/#breadcrumb\",\"itemListElement\":[{\"@type\":\"ListItem\",\"position\":1,\"name\":\"Domicile\",\"item\":\"https:\\\/\\\/fourstrokebarn.com\\\/fr\\\/cyclomoteurs-honda-4-temps-et-pieces-a-vendre\\\/\"},{\"@type\":\"ListItem\",\"position\":2,\"name\":\"Boutique\",\"item\":\"https:\\\/\\\/fourstrokebarn.com\\\/fr\\\/boutique\\\/\"},{\"@type\":\"ListItem\",\"position\":3,\"name\":\"Honda Super Cub 50 Hello Kitty Edition \u2013 Tout neuf\"}]},{\"@type\":\"WebSite\",\"@id\":\"https:\\\/\\\/fourstrokebarn.com\\\/fr\\\/#website\",\"url\":\"https:\\\/\\\/fourstrokebarn.com\\\/fr\\\/\",\"name\":\"Fourstrokebarn\",\"description\":\"New &amp; used Honda 4-stroke classic bikes &amp; parts\",\"publisher\":{\"@id\":\"https:\\\/\\\/fourstrokebarn.com\\\/fr\\\/#organization\"},\"potentialAction\":[{\"@type\":\"SearchAction\",\"target\":{\"@type\":\"EntryPoint\",\"urlTemplate\":\"https:\\\/\\\/fourstrokebarn.com\\\/fr\\\/?s={search_term_string}\"},\"query-input\":{\"@type\":\"PropertyValueSpecification\",\"valueRequired\":true,\"valueName\":\"search_term_string\"}}],\"inLanguage\":\"fr-FR\"},{\"@type\":\"Organization\",\"@id\":\"https:\\\/\\\/fourstrokebarn.com\\\/fr\\\/#organization\",\"name\":\"Fourstrokebarn\",\"url\":\"https:\\\/\\\/fourstrokebarn.com\\\/fr\\\/\",\"logo\":{\"@type\":\"ImageObject\",\"inLanguage\":\"fr-FR\",\"@id\":\"https:\\\/\\\/fourstrokebarn.com\\\/fr\\\/#\\\/schema\\\/logo\\\/image\\\/\",\"url\":\"https:\\\/\\\/fourstrokebarn.com\\\/wp-content\\\/uploads\\\/2017\\\/01\\\/Foutstrokebarn_web_logo_rood.png\",\"contentUrl\":\"https:\\\/\\\/fourstrokebarn.com\\\/wp-content\\\/uploads\\\/2017\\\/01\\\/Foutstrokebarn_web_logo_rood.png\",\"width\":355,\"height\":163,\"caption\":\"Fourstrokebarn\"},\"image\":{\"@id\":\"https:\\\/\\\/fourstrokebarn.com\\\/fr\\\/#\\\/schema\\\/logo\\\/image\\\/\"},\"sameAs\":[\"https:\\\/\\\/www.facebook.com\\\/fourstrokebarn\"]}]}<\/script>\n<meta property=\"product:price:amount\" content=\"3950.00\" \/>\n<meta property=\"product:price:currency\" content=\"EUR\" \/>\n<meta property=\"og:availability\" content=\"instock\" \/>\n<meta property=\"product:availability\" content=\"instock\" \/>\n<meta property=\"product:condition\" content=\"new\" \/>\n<!-- \/ Yoast SEO Premium plugin. -->","yoast_head_json":{"title":"Honda Super Cub 50 Hello Kitty Edition \u00e0 vendre \u2013 Nouveau du Japon","description":"Honda Super Cub 50 \u00c9dition Hello Kitty Rare (Honda Super Cub 50). Tout neuf, import\u00e9 directement du Japon. Objet de collection unique, exclusif \u00e0 Fourstrokebarn.","robots":{"index":"index","follow":"follow","max-snippet":"max-snippet:-1","max-image-preview":"max-image-preview:large","max-video-preview":"max-video-preview:-1"},"canonical":"https:\/\/fourstrokebarn.com\/fr\/produit\/honda-super-cub-50-hello-kitty-edition-tout-neuf-importation-du-japon\/","og_locale":"fr_FR","og_type":"article","og_title":"Honda Super Cub 50 Hello Kitty Edition \u2013 Tout neuf","og_description":"Honda Super Cub 50 \u00c9dition Hello Kitty Rare (Honda Super Cub 50). Tout neuf, import\u00e9 directement du Japon. Objet de collection unique, exclusif \u00e0 Fourstrokebarn.","og_url":"https:\/\/fourstrokebarn.com\/fr\/produit\/honda-super-cub-50-hello-kitty-edition-tout-neuf-importation-du-japon\/","og_site_name":"Fourstrokebarn","article_publisher":"https:\/\/www.facebook.com\/fourstrokebarn","article_modified_time":"2026-03-12T11:41:45+00:00","og_image":[{"width":1620,"height":2160,"url":"https:\/\/fourstrokebarn.com\/wp-content\/uploads\/2025\/09\/IMG_0390-1.jpg","type":"image\/jpeg"}],"twitter_card":"summary_large_image","twitter_misc":{"Prix":"&euro;3.950,00","Disponibilit\u00e9":"En stock"},"schema":{"@context":"https:\/\/schema.org","@graph":[{"@type":"WebPage","@id":"https:\/\/fourstrokebarn.com\/fr\/produit\/honda-super-cub-50-hello-kitty-edition-tout-neuf-importation-du-japon\/","url":"https:\/\/fourstrokebarn.com\/fr\/produit\/honda-super-cub-50-hello-kitty-edition-tout-neuf-importation-du-japon\/","name":"Honda Super Cub 50 Hello Kitty Edition \u00e0 vendre \u2013 Nouveau du Japon","isPartOf":{"@id":"https:\/\/fourstrokebarn.com\/fr\/#website"},"primaryImageOfPage":{"@id":"https:\/\/fourstrokebarn.com\/fr\/produit\/honda-super-cub-50-hello-kitty-edition-tout-neuf-importation-du-japon\/#primaryimage"},"image":{"@id":"https:\/\/fourstrokebarn.com\/fr\/produit\/honda-super-cub-50-hello-kitty-edition-tout-neuf-importation-du-japon\/#primaryimage"},"thumbnailUrl":"https:\/\/fourstrokebarn.com\/wp-content\/uploads\/2025\/09\/IMG_0390-1.jpg","datePublished":"2025-09-13T10:45:31+00:00","dateModified":"2026-03-12T11:41:45+00:00","description":"Honda Super Cub 50 \u00c9dition Hello Kitty Rare (Honda Super Cub 50). Tout neuf, import\u00e9 directement du Japon. Objet de collection unique, exclusif \u00e0 Fourstrokebarn.","breadcrumb":{"@id":"https:\/\/fourstrokebarn.com\/fr\/produit\/honda-super-cub-50-hello-kitty-edition-tout-neuf-importation-du-japon\/#breadcrumb"},"inLanguage":"fr-FR","potentialAction":[{"@type":"ReadAction","target":["https:\/\/fourstrokebarn.com\/fr\/produit\/honda-super-cub-50-hello-kitty-edition-tout-neuf-importation-du-japon\/"]}]},{"@type":"ImageObject","inLanguage":"fr-FR","@id":"https:\/\/fourstrokebarn.com\/fr\/produit\/honda-super-cub-50-hello-kitty-edition-tout-neuf-importation-du-japon\/#primaryimage","url":"https:\/\/fourstrokebarn.com\/wp-content\/uploads\/2025\/09\/IMG_0390-1.jpg","contentUrl":"https:\/\/fourstrokebarn.com\/wp-content\/uploads\/2025\/09\/IMG_0390-1.jpg","width":1620,"height":2160,"caption":"Honda Super Cub 50 \u00c9dition Hello Kitty"},{"@type":"BreadcrumbList","@id":"https:\/\/fourstrokebarn.com\/fr\/produit\/honda-super-cub-50-hello-kitty-edition-tout-neuf-importation-du-japon\/#breadcrumb","itemListElement":[{"@type":"ListItem","position":1,"name":"Domicile","item":"https:\/\/fourstrokebarn.com\/fr\/cyclomoteurs-honda-4-temps-et-pieces-a-vendre\/"},{"@type":"ListItem","position":2,"name":"Boutique","item":"https:\/\/fourstrokebarn.com\/fr\/boutique\/"},{"@type":"ListItem","position":3,"name":"Honda Super Cub 50 Hello Kitty Edition \u2013 Tout neuf"}]},{"@type":"WebSite","@id":"https:\/\/fourstrokebarn.com\/fr\/#website","url":"https:\/\/fourstrokebarn.com\/fr\/","name":"Fourstrokebarn","description":"New &amp; used Honda 4-stroke classic bikes &amp; parts","publisher":{"@id":"https:\/\/fourstrokebarn.com\/fr\/#organization"},"potentialAction":[{"@type":"SearchAction","target":{"@type":"EntryPoint","urlTemplate":"https:\/\/fourstrokebarn.com\/fr\/?s={search_term_string}"},"query-input":{"@type":"PropertyValueSpecification","valueRequired":true,"valueName":"search_term_string"}}],"inLanguage":"fr-FR"},{"@type":"Organization","@id":"https:\/\/fourstrokebarn.com\/fr\/#organization","name":"Fourstrokebarn","url":"https:\/\/fourstrokebarn.com\/fr\/","logo":{"@type":"ImageObject","inLanguage":"fr-FR","@id":"https:\/\/fourstrokebarn.com\/fr\/#\/schema\/logo\/image\/","url":"https:\/\/fourstrokebarn.com\/wp-content\/uploads\/2017\/01\/Foutstrokebarn_web_logo_rood.png","contentUrl":"https:\/\/fourstrokebarn.com\/wp-content\/uploads\/2017\/01\/Foutstrokebarn_web_logo_rood.png","width":355,"height":163,"caption":"Fourstrokebarn"},"image":{"@id":"https:\/\/fourstrokebarn.com\/fr\/#\/schema\/logo\/image\/"},"sameAs":["https:\/\/www.facebook.com\/fourstrokebarn"]}]},"product_price_amount":"3950.00","product_price_currency":"EUR","og_availability":"instock","product_availability":"instock","product_condition":"new"},"_links":{"self":[{"href":"https:\/\/fourstrokebarn.com\/fr\/wp-json\/wp\/v2\/product\/213851","targetHints":{"allow":["GET"]}}],"collection":[{"href":"https:\/\/fourstrokebarn.com\/fr\/wp-json\/wp\/v2\/product"}],"about":[{"href":"https:\/\/fourstrokebarn.com\/fr\/wp-json\/wp\/v2\/types\/product"}],"replies":[{"embeddable":true,"href":"https:\/\/fourstrokebarn.com\/fr\/wp-json\/wp\/v2\/comments?post=213851"}],"wp:featuredmedia":[{"embeddable":true,"href":"https:\/\/fourstrokebarn.com\/fr\/wp-json\/wp\/v2\/media\/215712"}],"wp:attachment":[{"href":"https:\/\/fourstrokebarn.com\/fr\/wp-json\/wp\/v2\/media?parent=213851"}],"wp:term":[{"taxonomy":"product_brand","embeddable":true,"href":"https:\/\/fourstrokebarn.com\/fr\/wp-json\/wp\/v2\/product_brand?post=213851"},{"taxonomy":"product_cat","embeddable":true,"href":"https:\/\/fourstrokebarn.com\/fr\/wp-json\/wp\/v2\/product_cat?post=213851"},{"taxonomy":"product_tag","embeddable":true,"href":"https:\/\/fourstrokebarn.com\/fr\/wp-json\/wp\/v2\/product_tag?post=213851"}],"curies":[{"name":"wp","href":"https:\/\/api.w.org\/{rel}","templated":true}]}}