{"id":215473,"date":"2026-03-12T23:02:40","date_gmt":"2026-03-12T22:02:40","guid":{"rendered":"https:\/\/fourstrokebarn.com\/?post_type=product&#038;p=215473"},"modified":"2026-03-12T23:02:40","modified_gmt":"2026-03-12T22:02:40","slug":"honda-nsr-250r-26327-km-kopie-kopie-kopie-2","status":"publish","type":"product","link":"https:\/\/fourstrokebarn.com\/fr\/produit\/honda-nsr-250r-26327-km-kopie-kopie-kopie-2\/","title":{"rendered":"Suzuki GS50 \u2013 2503 km. (87)"},"content":{"rendered":"<p>Suzuki GS50 \u2013 2503 km. (87)<\/p>\n","protected":false},"excerpt":{"rendered":"<p>Cette Suzuki GS50 d\u2019origine \u2013 2503 km. (87) a \u00e9t\u00e9 import\u00e9 par nous-m\u00eames du Japon. L\u2019\u00e9tat de cette Suzuki GS50 \u2013 2503 km. (87).   <\/p>\n<p>Le prix comprend 21% de TVA, que les acheteurs professionnels peuvent r\u00e9gler.<\/p>\n<p>Ce deux-roues n\u2019est pas encore \u00e9quip\u00e9 d\u2019une plaque d\u2019immatriculation. Nous pouvons nous en occuper si nous le souhaitons. Nous pouvons \u00e9galement livrer avec des documents d\u2019exportation et nous pouvons exp\u00e9dier ce v\u00e9lo dans le monde entier.<\/p>\n<p>Si vous voulez plus d\u2019informations sur ce deux-roues, envoyez-lui une application.<\/p>\n<p>S\u2019il vous pla\u00eet contactez-nous pour les possibilit\u00e9s.<\/p>\n","protected":false},"featured_media":215608,"comment_status":"closed","ping_status":"closed","template":"","meta":{"inline_featured_image":false,"_monsterinsights_skip_tracking":false,"_monsterinsights_sitenote_active":false,"_monsterinsights_sitenote_note":"","_monsterinsights_sitenote_category":0},"product_brand":[],"product_cat":[9319,9379],"product_tag":[],"class_list":{"0":"post-215473","1":"product","2":"type-product","3":"status-publish","4":"has-post-thumbnail","6":"product_cat-cyclomoteurs","7":"product_cat-suzuki-fr","8":"product_shipping_class-bromfiets","10":"first","11":"instock","12":"taxable","13":"shipping-taxable","14":"purchasable","15":"product-type-simple"},"yoast_head":"<!-- This site is optimized with the Yoast SEO Premium plugin v27.5 (Yoast SEO v27.5) - https:\/\/yoast.com\/product\/yoast-seo-premium-wordpress\/ -->\n<title>Honda &amp; pi\u00e8ces Suzuki GS50 - 2503 km. (87)<\/title>\n<meta name=\"description\" content=\"Suzuki GS50 - 2503 km. (87)\" \/>\n<meta name=\"robots\" content=\"index, follow, max-snippet:-1, max-image-preview:large, max-video-preview:-1\" \/>\n<link rel=\"canonical\" href=\"https:\/\/fourstrokebarn.com\/fr\/produit\/honda-nsr-250r-26327-km-kopie-kopie-kopie-2\/\" \/>\n<meta property=\"og:locale\" content=\"fr_FR\" \/>\n<meta property=\"og:type\" content=\"article\" \/>\n<meta property=\"og:title\" content=\"Suzuki GS50 - 2503 km. (87)\" \/>\n<meta property=\"og:description\" content=\"Suzuki GS50 - 2503 km. (87)\" \/>\n<meta property=\"og:url\" content=\"https:\/\/fourstrokebarn.com\/fr\/produit\/honda-nsr-250r-26327-km-kopie-kopie-kopie-2\/\" \/>\n<meta property=\"og:site_name\" content=\"Fourstrokebarn\" \/>\n<meta property=\"article:publisher\" content=\"https:\/\/www.facebook.com\/fourstrokebarn\" \/>\n<meta property=\"og:image\" content=\"https:\/\/fourstrokebarn.com\/wp-content\/uploads\/2026\/02\/IMG_0334.jpg\" \/>\n\t<meta property=\"og:image:width\" content=\"1620\" \/>\n\t<meta property=\"og:image:height\" content=\"2160\" \/>\n\t<meta property=\"og:image:type\" content=\"image\/jpeg\" \/>\n<meta name=\"twitter:card\" content=\"summary_large_image\" \/>\n<meta name=\"twitter:label1\" content=\"Prix\" \/>\n\t<meta name=\"twitter:data1\" content=\"&euro;1.450,00\" \/>\n\t<meta name=\"twitter:label2\" content=\"Disponibilit\u00e9\" \/>\n\t<meta name=\"twitter:data2\" content=\"En stock\" \/>\n<script type=\"application\/ld+json\" class=\"yoast-schema-graph\">{\"@context\":\"https:\\\/\\\/schema.org\",\"@graph\":[{\"@type\":\"WebPage\",\"@id\":\"https:\\\/\\\/fourstrokebarn.com\\\/fr\\\/produit\\\/honda-nsr-250r-26327-km-kopie-kopie-kopie-2\\\/\",\"url\":\"https:\\\/\\\/fourstrokebarn.com\\\/fr\\\/produit\\\/honda-nsr-250r-26327-km-kopie-kopie-kopie-2\\\/\",\"name\":\"Honda & pi\u00e8ces Suzuki GS50 - 2503 km. (87)\",\"isPartOf\":{\"@id\":\"https:\\\/\\\/fourstrokebarn.com\\\/fr\\\/#website\"},\"primaryImageOfPage\":{\"@id\":\"https:\\\/\\\/fourstrokebarn.com\\\/fr\\\/produit\\\/honda-nsr-250r-26327-km-kopie-kopie-kopie-2\\\/#primaryimage\"},\"image\":{\"@id\":\"https:\\\/\\\/fourstrokebarn.com\\\/fr\\\/produit\\\/honda-nsr-250r-26327-km-kopie-kopie-kopie-2\\\/#primaryimage\"},\"thumbnailUrl\":\"https:\\\/\\\/fourstrokebarn.com\\\/wp-content\\\/uploads\\\/2026\\\/02\\\/IMG_0334.jpg\",\"datePublished\":\"2026-03-12T22:02:40+00:00\",\"description\":\"Suzuki GS50 - 2503 km. (87)\",\"breadcrumb\":{\"@id\":\"https:\\\/\\\/fourstrokebarn.com\\\/fr\\\/produit\\\/honda-nsr-250r-26327-km-kopie-kopie-kopie-2\\\/#breadcrumb\"},\"inLanguage\":\"fr-FR\",\"potentialAction\":[{\"@type\":\"ReadAction\",\"target\":[\"https:\\\/\\\/fourstrokebarn.com\\\/fr\\\/produit\\\/honda-nsr-250r-26327-km-kopie-kopie-kopie-2\\\/\"]}]},{\"@type\":\"ImageObject\",\"inLanguage\":\"fr-FR\",\"@id\":\"https:\\\/\\\/fourstrokebarn.com\\\/fr\\\/produit\\\/honda-nsr-250r-26327-km-kopie-kopie-kopie-2\\\/#primaryimage\",\"url\":\"https:\\\/\\\/fourstrokebarn.com\\\/wp-content\\\/uploads\\\/2026\\\/02\\\/IMG_0334.jpg\",\"contentUrl\":\"https:\\\/\\\/fourstrokebarn.com\\\/wp-content\\\/uploads\\\/2026\\\/02\\\/IMG_0334.jpg\",\"width\":1620,\"height\":2160,\"caption\":\"Suzuki GS50 - 2503 km. (87)\"},{\"@type\":\"BreadcrumbList\",\"@id\":\"https:\\\/\\\/fourstrokebarn.com\\\/fr\\\/produit\\\/honda-nsr-250r-26327-km-kopie-kopie-kopie-2\\\/#breadcrumb\",\"itemListElement\":[{\"@type\":\"ListItem\",\"position\":1,\"name\":\"Domicile\",\"item\":\"https:\\\/\\\/fourstrokebarn.com\\\/fr\\\/cyclomoteurs-honda-4-temps-et-pieces-a-vendre\\\/\"},{\"@type\":\"ListItem\",\"position\":2,\"name\":\"Boutique\",\"item\":\"https:\\\/\\\/fourstrokebarn.com\\\/fr\\\/boutique\\\/\"},{\"@type\":\"ListItem\",\"position\":3,\"name\":\"Suzuki GS50 \u2013 2503 km. (87)\"}]},{\"@type\":\"WebSite\",\"@id\":\"https:\\\/\\\/fourstrokebarn.com\\\/fr\\\/#website\",\"url\":\"https:\\\/\\\/fourstrokebarn.com\\\/fr\\\/\",\"name\":\"Fourstrokebarn\",\"description\":\"New &amp; used Honda 4-stroke classic bikes &amp; parts\",\"publisher\":{\"@id\":\"https:\\\/\\\/fourstrokebarn.com\\\/fr\\\/#organization\"},\"potentialAction\":[{\"@type\":\"SearchAction\",\"target\":{\"@type\":\"EntryPoint\",\"urlTemplate\":\"https:\\\/\\\/fourstrokebarn.com\\\/fr\\\/?s={search_term_string}\"},\"query-input\":{\"@type\":\"PropertyValueSpecification\",\"valueRequired\":true,\"valueName\":\"search_term_string\"}}],\"inLanguage\":\"fr-FR\"},{\"@type\":\"Organization\",\"@id\":\"https:\\\/\\\/fourstrokebarn.com\\\/fr\\\/#organization\",\"name\":\"Fourstrokebarn\",\"url\":\"https:\\\/\\\/fourstrokebarn.com\\\/fr\\\/\",\"logo\":{\"@type\":\"ImageObject\",\"inLanguage\":\"fr-FR\",\"@id\":\"https:\\\/\\\/fourstrokebarn.com\\\/fr\\\/#\\\/schema\\\/logo\\\/image\\\/\",\"url\":\"https:\\\/\\\/fourstrokebarn.com\\\/wp-content\\\/uploads\\\/2017\\\/01\\\/Foutstrokebarn_web_logo_rood.png\",\"contentUrl\":\"https:\\\/\\\/fourstrokebarn.com\\\/wp-content\\\/uploads\\\/2017\\\/01\\\/Foutstrokebarn_web_logo_rood.png\",\"width\":355,\"height\":163,\"caption\":\"Fourstrokebarn\"},\"image\":{\"@id\":\"https:\\\/\\\/fourstrokebarn.com\\\/fr\\\/#\\\/schema\\\/logo\\\/image\\\/\"},\"sameAs\":[\"https:\\\/\\\/www.facebook.com\\\/fourstrokebarn\"]}]}<\/script>\n<meta property=\"product:price:amount\" content=\"1450.00\" \/>\n<meta property=\"product:price:currency\" content=\"EUR\" \/>\n<meta property=\"og:availability\" content=\"instock\" \/>\n<meta property=\"product:availability\" content=\"instock\" \/>\n<meta property=\"product:condition\" content=\"new\" \/>\n<!-- \/ Yoast SEO Premium plugin. -->","yoast_head_json":{"title":"Honda & pi\u00e8ces Suzuki GS50 - 2503 km. (87)","description":"Suzuki GS50 - 2503 km. (87)","robots":{"index":"index","follow":"follow","max-snippet":"max-snippet:-1","max-image-preview":"max-image-preview:large","max-video-preview":"max-video-preview:-1"},"canonical":"https:\/\/fourstrokebarn.com\/fr\/produit\/honda-nsr-250r-26327-km-kopie-kopie-kopie-2\/","og_locale":"fr_FR","og_type":"article","og_title":"Suzuki GS50 - 2503 km. (87)","og_description":"Suzuki GS50 - 2503 km. (87)","og_url":"https:\/\/fourstrokebarn.com\/fr\/produit\/honda-nsr-250r-26327-km-kopie-kopie-kopie-2\/","og_site_name":"Fourstrokebarn","article_publisher":"https:\/\/www.facebook.com\/fourstrokebarn","og_image":[{"width":1620,"height":2160,"url":"https:\/\/fourstrokebarn.com\/wp-content\/uploads\/2026\/02\/IMG_0334.jpg","type":"image\/jpeg"}],"twitter_card":"summary_large_image","twitter_misc":{"Prix":"&euro;1.450,00","Disponibilit\u00e9":"En stock"},"schema":{"@context":"https:\/\/schema.org","@graph":[{"@type":"WebPage","@id":"https:\/\/fourstrokebarn.com\/fr\/produit\/honda-nsr-250r-26327-km-kopie-kopie-kopie-2\/","url":"https:\/\/fourstrokebarn.com\/fr\/produit\/honda-nsr-250r-26327-km-kopie-kopie-kopie-2\/","name":"Honda & pi\u00e8ces Suzuki GS50 - 2503 km. (87)","isPartOf":{"@id":"https:\/\/fourstrokebarn.com\/fr\/#website"},"primaryImageOfPage":{"@id":"https:\/\/fourstrokebarn.com\/fr\/produit\/honda-nsr-250r-26327-km-kopie-kopie-kopie-2\/#primaryimage"},"image":{"@id":"https:\/\/fourstrokebarn.com\/fr\/produit\/honda-nsr-250r-26327-km-kopie-kopie-kopie-2\/#primaryimage"},"thumbnailUrl":"https:\/\/fourstrokebarn.com\/wp-content\/uploads\/2026\/02\/IMG_0334.jpg","datePublished":"2026-03-12T22:02:40+00:00","description":"Suzuki GS50 - 2503 km. (87)","breadcrumb":{"@id":"https:\/\/fourstrokebarn.com\/fr\/produit\/honda-nsr-250r-26327-km-kopie-kopie-kopie-2\/#breadcrumb"},"inLanguage":"fr-FR","potentialAction":[{"@type":"ReadAction","target":["https:\/\/fourstrokebarn.com\/fr\/produit\/honda-nsr-250r-26327-km-kopie-kopie-kopie-2\/"]}]},{"@type":"ImageObject","inLanguage":"fr-FR","@id":"https:\/\/fourstrokebarn.com\/fr\/produit\/honda-nsr-250r-26327-km-kopie-kopie-kopie-2\/#primaryimage","url":"https:\/\/fourstrokebarn.com\/wp-content\/uploads\/2026\/02\/IMG_0334.jpg","contentUrl":"https:\/\/fourstrokebarn.com\/wp-content\/uploads\/2026\/02\/IMG_0334.jpg","width":1620,"height":2160,"caption":"Suzuki GS50 - 2503 km. (87)"},{"@type":"BreadcrumbList","@id":"https:\/\/fourstrokebarn.com\/fr\/produit\/honda-nsr-250r-26327-km-kopie-kopie-kopie-2\/#breadcrumb","itemListElement":[{"@type":"ListItem","position":1,"name":"Domicile","item":"https:\/\/fourstrokebarn.com\/fr\/cyclomoteurs-honda-4-temps-et-pieces-a-vendre\/"},{"@type":"ListItem","position":2,"name":"Boutique","item":"https:\/\/fourstrokebarn.com\/fr\/boutique\/"},{"@type":"ListItem","position":3,"name":"Suzuki GS50 \u2013 2503 km. (87)"}]},{"@type":"WebSite","@id":"https:\/\/fourstrokebarn.com\/fr\/#website","url":"https:\/\/fourstrokebarn.com\/fr\/","name":"Fourstrokebarn","description":"New &amp; used Honda 4-stroke classic bikes &amp; parts","publisher":{"@id":"https:\/\/fourstrokebarn.com\/fr\/#organization"},"potentialAction":[{"@type":"SearchAction","target":{"@type":"EntryPoint","urlTemplate":"https:\/\/fourstrokebarn.com\/fr\/?s={search_term_string}"},"query-input":{"@type":"PropertyValueSpecification","valueRequired":true,"valueName":"search_term_string"}}],"inLanguage":"fr-FR"},{"@type":"Organization","@id":"https:\/\/fourstrokebarn.com\/fr\/#organization","name":"Fourstrokebarn","url":"https:\/\/fourstrokebarn.com\/fr\/","logo":{"@type":"ImageObject","inLanguage":"fr-FR","@id":"https:\/\/fourstrokebarn.com\/fr\/#\/schema\/logo\/image\/","url":"https:\/\/fourstrokebarn.com\/wp-content\/uploads\/2017\/01\/Foutstrokebarn_web_logo_rood.png","contentUrl":"https:\/\/fourstrokebarn.com\/wp-content\/uploads\/2017\/01\/Foutstrokebarn_web_logo_rood.png","width":355,"height":163,"caption":"Fourstrokebarn"},"image":{"@id":"https:\/\/fourstrokebarn.com\/fr\/#\/schema\/logo\/image\/"},"sameAs":["https:\/\/www.facebook.com\/fourstrokebarn"]}]},"product_price_amount":"1450.00","product_price_currency":"EUR","og_availability":"instock","product_availability":"instock","product_condition":"new"},"_links":{"self":[{"href":"https:\/\/fourstrokebarn.com\/fr\/wp-json\/wp\/v2\/product\/215473","targetHints":{"allow":["GET"]}}],"collection":[{"href":"https:\/\/fourstrokebarn.com\/fr\/wp-json\/wp\/v2\/product"}],"about":[{"href":"https:\/\/fourstrokebarn.com\/fr\/wp-json\/wp\/v2\/types\/product"}],"replies":[{"embeddable":true,"href":"https:\/\/fourstrokebarn.com\/fr\/wp-json\/wp\/v2\/comments?post=215473"}],"wp:featuredmedia":[{"embeddable":true,"href":"https:\/\/fourstrokebarn.com\/fr\/wp-json\/wp\/v2\/media\/215608"}],"wp:attachment":[{"href":"https:\/\/fourstrokebarn.com\/fr\/wp-json\/wp\/v2\/media?parent=215473"}],"wp:term":[{"taxonomy":"product_brand","embeddable":true,"href":"https:\/\/fourstrokebarn.com\/fr\/wp-json\/wp\/v2\/product_brand?post=215473"},{"taxonomy":"product_cat","embeddable":true,"href":"https:\/\/fourstrokebarn.com\/fr\/wp-json\/wp\/v2\/product_cat?post=215473"},{"taxonomy":"product_tag","embeddable":true,"href":"https:\/\/fourstrokebarn.com\/fr\/wp-json\/wp\/v2\/product_tag?post=215473"}],"curies":[{"name":"wp","href":"https:\/\/api.w.org\/{rel}","templated":true}]}}