{"id":216773,"date":"2026-03-04T10:08:47","date_gmt":"2026-03-04T09:08:47","guid":{"rendered":"https:\/\/fourstrokebarn.com\/product\/stand-honda-c50-km-6008-71\/"},"modified":"2026-03-19T21:48:17","modified_gmt":"2026-03-19T20:48:17","slug":"stand-honda-c50-km-6008-71","status":"publish","type":"product","link":"https:\/\/fourstrokebarn.com\/fr\/produit\/stand-honda-c50-km-6008-71\/","title":{"rendered":"Stand Honda C50 Km.. 6008 (71)"},"content":{"rendered":"<p>Stand Honda C50 Km.. 6008 (71)<\/p>\n","protected":false},"excerpt":{"rendered":"<p>Cette Honda C50 Km.Stand d\u2019origine&#8230; 6008 (71) a \u00e9t\u00e9 import\u00e9 par nous du Japon. L\u2019\u00e9tat de ce stand de Honda C50 Km.. 6008 (71) a \u00e9t\u00e9 utilis\u00e9.<\/p>\n<p>Le prix comprend 21% de TVA, que les acheteurs professionnels peuvent r\u00e9gler.<\/p>\n<p>Ce deux-roues n\u2019est pas encore \u00e9quip\u00e9 d\u2019une plaque d\u2019immatriculation. Nous pouvons nous en occuper si vous le souhaitez (cyclomoteur, cyclomoteur et moto). Nous pouvons \u00e9galement livrer avec des documents d\u2019exportation et nous pouvons exp\u00e9dier ce v\u00e9lo dans le monde entier.<\/p>\n<p>Si vous voulez plus d\u2019informations sur ce deux-roues, envoyez-lui une application.  <\/p>\n<p>S\u2019il vous pla\u00eet contactez-nous pour les possibilit\u00e9s.<\/p>\n","protected":false},"featured_media":216775,"comment_status":"closed","ping_status":"closed","template":"","meta":{"inline_featured_image":false,"_monsterinsights_skip_tracking":false,"_monsterinsights_sitenote_active":false,"_monsterinsights_sitenote_note":"","_monsterinsights_sitenote_category":0},"product_brand":[],"product_cat":[9313],"product_tag":[9331,9332,9330],"class_list":{"0":"post-216773","1":"product","2":"type-product","3":"status-publish","4":"has-post-thumbnail","6":"product_cat-cyclomoteurs-vendus","7":"product_tag-c50-fr","8":"product_tag-c70-fr","9":"product_tag-c90-fr","10":"product_shipping_class-bromfiets","12":"first","13":"outofstock","14":"taxable","15":"shipping-taxable","16":"product-type-simple"},"yoast_head":"<!-- This site is optimized with the Yoast SEO Premium plugin v27.5 (Yoast SEO v27.5) - https:\/\/yoast.com\/product\/yoast-seo-premium-wordpress\/ -->\n<title>Honda &amp; pi\u00e8ces Honda C50 Km.Stand... 6008 (71)<\/title>\n<meta name=\"description\" content=\"Stand Honda C50 Km.. 6008 (71)\" \/>\n<meta name=\"robots\" content=\"index, follow, max-snippet:-1, max-image-preview:large, max-video-preview:-1\" \/>\n<link rel=\"canonical\" href=\"https:\/\/fourstrokebarn.com\/fr\/produit\/stand-honda-c50-km-6008-71\/\" \/>\n<meta property=\"og:locale\" content=\"fr_FR\" \/>\n<meta property=\"og:type\" content=\"article\" \/>\n<meta property=\"og:title\" content=\"Stand Honda C50 Km.. 6008 (71)\" \/>\n<meta property=\"og:description\" content=\"Stand Honda C50 Km.. 6008 (71)\" \/>\n<meta property=\"og:url\" content=\"https:\/\/fourstrokebarn.com\/fr\/produit\/stand-honda-c50-km-6008-71\/\" \/>\n<meta property=\"og:site_name\" content=\"Fourstrokebarn\" \/>\n<meta property=\"article:publisher\" content=\"https:\/\/www.facebook.com\/fourstrokebarn\" \/>\n<meta property=\"article:modified_time\" content=\"2026-03-19T20:48:17+00:00\" \/>\n<meta property=\"og:image\" content=\"https:\/\/fourstrokebarn.com\/wp-content\/uploads\/2026\/03\/IMG_0805.jpg\" \/>\n\t<meta property=\"og:image:width\" content=\"1620\" \/>\n\t<meta property=\"og:image:height\" content=\"2160\" \/>\n\t<meta property=\"og:image:type\" content=\"image\/jpeg\" \/>\n<meta name=\"twitter:card\" content=\"summary_large_image\" \/>\n<meta name=\"twitter:label1\" content=\"Prix\" \/>\n\t<meta name=\"twitter:data1\" content=\"\" \/>\n\t<meta name=\"twitter:label2\" content=\"Disponibilit\u00e9\" \/>\n\t<meta name=\"twitter:data2\" content=\"Rupture de stock\" \/>\n<script type=\"application\/ld+json\" class=\"yoast-schema-graph\">{\"@context\":\"https:\\\/\\\/schema.org\",\"@graph\":[{\"@type\":\"WebPage\",\"@id\":\"https:\\\/\\\/fourstrokebarn.com\\\/fr\\\/produit\\\/stand-honda-c50-km-6008-71\\\/\",\"url\":\"https:\\\/\\\/fourstrokebarn.com\\\/fr\\\/produit\\\/stand-honda-c50-km-6008-71\\\/\",\"name\":\"Honda & pi\u00e8ces Honda C50 Km.Stand... 6008 (71)\",\"isPartOf\":{\"@id\":\"https:\\\/\\\/fourstrokebarn.com\\\/fr\\\/#website\"},\"primaryImageOfPage\":{\"@id\":\"https:\\\/\\\/fourstrokebarn.com\\\/fr\\\/produit\\\/stand-honda-c50-km-6008-71\\\/#primaryimage\"},\"image\":{\"@id\":\"https:\\\/\\\/fourstrokebarn.com\\\/fr\\\/produit\\\/stand-honda-c50-km-6008-71\\\/#primaryimage\"},\"thumbnailUrl\":\"https:\\\/\\\/fourstrokebarn.com\\\/wp-content\\\/uploads\\\/2026\\\/03\\\/IMG_0805.jpg\",\"datePublished\":\"2026-03-04T09:08:47+00:00\",\"dateModified\":\"2026-03-19T20:48:17+00:00\",\"description\":\"Stand Honda C50 Km.. 6008 (71)\",\"breadcrumb\":{\"@id\":\"https:\\\/\\\/fourstrokebarn.com\\\/fr\\\/produit\\\/stand-honda-c50-km-6008-71\\\/#breadcrumb\"},\"inLanguage\":\"fr-FR\",\"potentialAction\":[{\"@type\":\"ReadAction\",\"target\":[\"https:\\\/\\\/fourstrokebarn.com\\\/fr\\\/produit\\\/stand-honda-c50-km-6008-71\\\/\"]}]},{\"@type\":\"ImageObject\",\"inLanguage\":\"fr-FR\",\"@id\":\"https:\\\/\\\/fourstrokebarn.com\\\/fr\\\/produit\\\/stand-honda-c50-km-6008-71\\\/#primaryimage\",\"url\":\"https:\\\/\\\/fourstrokebarn.com\\\/wp-content\\\/uploads\\\/2026\\\/03\\\/IMG_0805.jpg\",\"contentUrl\":\"https:\\\/\\\/fourstrokebarn.com\\\/wp-content\\\/uploads\\\/2026\\\/03\\\/IMG_0805.jpg\",\"width\":1620,\"height\":2160,\"caption\":\"Honda C50 verte Kilom\u00e9trage... 17232 (97)\"},{\"@type\":\"BreadcrumbList\",\"@id\":\"https:\\\/\\\/fourstrokebarn.com\\\/fr\\\/produit\\\/stand-honda-c50-km-6008-71\\\/#breadcrumb\",\"itemListElement\":[{\"@type\":\"ListItem\",\"position\":1,\"name\":\"Domicile\",\"item\":\"https:\\\/\\\/fourstrokebarn.com\\\/fr\\\/cyclomoteurs-honda-4-temps-et-pieces-a-vendre\\\/\"},{\"@type\":\"ListItem\",\"position\":2,\"name\":\"Boutique\",\"item\":\"https:\\\/\\\/fourstrokebarn.com\\\/fr\\\/boutique\\\/\"},{\"@type\":\"ListItem\",\"position\":3,\"name\":\"Stand Honda C50 Km.. 6008 (71)\"}]},{\"@type\":\"WebSite\",\"@id\":\"https:\\\/\\\/fourstrokebarn.com\\\/fr\\\/#website\",\"url\":\"https:\\\/\\\/fourstrokebarn.com\\\/fr\\\/\",\"name\":\"Fourstrokebarn\",\"description\":\"New &amp; used Honda 4-stroke classic bikes &amp; parts\",\"publisher\":{\"@id\":\"https:\\\/\\\/fourstrokebarn.com\\\/fr\\\/#organization\"},\"potentialAction\":[{\"@type\":\"SearchAction\",\"target\":{\"@type\":\"EntryPoint\",\"urlTemplate\":\"https:\\\/\\\/fourstrokebarn.com\\\/fr\\\/?s={search_term_string}\"},\"query-input\":{\"@type\":\"PropertyValueSpecification\",\"valueRequired\":true,\"valueName\":\"search_term_string\"}}],\"inLanguage\":\"fr-FR\"},{\"@type\":\"Organization\",\"@id\":\"https:\\\/\\\/fourstrokebarn.com\\\/fr\\\/#organization\",\"name\":\"Fourstrokebarn\",\"url\":\"https:\\\/\\\/fourstrokebarn.com\\\/fr\\\/\",\"logo\":{\"@type\":\"ImageObject\",\"inLanguage\":\"fr-FR\",\"@id\":\"https:\\\/\\\/fourstrokebarn.com\\\/fr\\\/#\\\/schema\\\/logo\\\/image\\\/\",\"url\":\"https:\\\/\\\/fourstrokebarn.com\\\/wp-content\\\/uploads\\\/2017\\\/01\\\/Foutstrokebarn_web_logo_rood.png\",\"contentUrl\":\"https:\\\/\\\/fourstrokebarn.com\\\/wp-content\\\/uploads\\\/2017\\\/01\\\/Foutstrokebarn_web_logo_rood.png\",\"width\":355,\"height\":163,\"caption\":\"Fourstrokebarn\"},\"image\":{\"@id\":\"https:\\\/\\\/fourstrokebarn.com\\\/fr\\\/#\\\/schema\\\/logo\\\/image\\\/\"},\"sameAs\":[\"https:\\\/\\\/www.facebook.com\\\/fourstrokebarn\"]}]}<\/script>\n<meta property=\"product:price:currency\" content=\"EUR\" \/>\n<meta property=\"og:availability\" content=\"out of stock\" \/>\n<meta property=\"product:availability\" content=\"out of stock\" \/>\n<meta property=\"product:condition\" content=\"new\" \/>\n<!-- \/ Yoast SEO Premium plugin. -->","yoast_head_json":{"title":"Honda & pi\u00e8ces Honda C50 Km.Stand... 6008 (71)","description":"Stand Honda C50 Km.. 6008 (71)","robots":{"index":"index","follow":"follow","max-snippet":"max-snippet:-1","max-image-preview":"max-image-preview:large","max-video-preview":"max-video-preview:-1"},"canonical":"https:\/\/fourstrokebarn.com\/fr\/produit\/stand-honda-c50-km-6008-71\/","og_locale":"fr_FR","og_type":"article","og_title":"Stand Honda C50 Km.. 6008 (71)","og_description":"Stand Honda C50 Km.. 6008 (71)","og_url":"https:\/\/fourstrokebarn.com\/fr\/produit\/stand-honda-c50-km-6008-71\/","og_site_name":"Fourstrokebarn","article_publisher":"https:\/\/www.facebook.com\/fourstrokebarn","article_modified_time":"2026-03-19T20:48:17+00:00","og_image":[{"width":1620,"height":2160,"url":"https:\/\/fourstrokebarn.com\/wp-content\/uploads\/2026\/03\/IMG_0805.jpg","type":"image\/jpeg"}],"twitter_card":"summary_large_image","twitter_misc":{"Prix":"","Disponibilit\u00e9":"Rupture de stock"},"schema":{"@context":"https:\/\/schema.org","@graph":[{"@type":"WebPage","@id":"https:\/\/fourstrokebarn.com\/fr\/produit\/stand-honda-c50-km-6008-71\/","url":"https:\/\/fourstrokebarn.com\/fr\/produit\/stand-honda-c50-km-6008-71\/","name":"Honda & pi\u00e8ces Honda C50 Km.Stand... 6008 (71)","isPartOf":{"@id":"https:\/\/fourstrokebarn.com\/fr\/#website"},"primaryImageOfPage":{"@id":"https:\/\/fourstrokebarn.com\/fr\/produit\/stand-honda-c50-km-6008-71\/#primaryimage"},"image":{"@id":"https:\/\/fourstrokebarn.com\/fr\/produit\/stand-honda-c50-km-6008-71\/#primaryimage"},"thumbnailUrl":"https:\/\/fourstrokebarn.com\/wp-content\/uploads\/2026\/03\/IMG_0805.jpg","datePublished":"2026-03-04T09:08:47+00:00","dateModified":"2026-03-19T20:48:17+00:00","description":"Stand Honda C50 Km.. 6008 (71)","breadcrumb":{"@id":"https:\/\/fourstrokebarn.com\/fr\/produit\/stand-honda-c50-km-6008-71\/#breadcrumb"},"inLanguage":"fr-FR","potentialAction":[{"@type":"ReadAction","target":["https:\/\/fourstrokebarn.com\/fr\/produit\/stand-honda-c50-km-6008-71\/"]}]},{"@type":"ImageObject","inLanguage":"fr-FR","@id":"https:\/\/fourstrokebarn.com\/fr\/produit\/stand-honda-c50-km-6008-71\/#primaryimage","url":"https:\/\/fourstrokebarn.com\/wp-content\/uploads\/2026\/03\/IMG_0805.jpg","contentUrl":"https:\/\/fourstrokebarn.com\/wp-content\/uploads\/2026\/03\/IMG_0805.jpg","width":1620,"height":2160,"caption":"Honda C50 verte Kilom\u00e9trage... 17232 (97)"},{"@type":"BreadcrumbList","@id":"https:\/\/fourstrokebarn.com\/fr\/produit\/stand-honda-c50-km-6008-71\/#breadcrumb","itemListElement":[{"@type":"ListItem","position":1,"name":"Domicile","item":"https:\/\/fourstrokebarn.com\/fr\/cyclomoteurs-honda-4-temps-et-pieces-a-vendre\/"},{"@type":"ListItem","position":2,"name":"Boutique","item":"https:\/\/fourstrokebarn.com\/fr\/boutique\/"},{"@type":"ListItem","position":3,"name":"Stand Honda C50 Km.. 6008 (71)"}]},{"@type":"WebSite","@id":"https:\/\/fourstrokebarn.com\/fr\/#website","url":"https:\/\/fourstrokebarn.com\/fr\/","name":"Fourstrokebarn","description":"New &amp; used Honda 4-stroke classic bikes &amp; parts","publisher":{"@id":"https:\/\/fourstrokebarn.com\/fr\/#organization"},"potentialAction":[{"@type":"SearchAction","target":{"@type":"EntryPoint","urlTemplate":"https:\/\/fourstrokebarn.com\/fr\/?s={search_term_string}"},"query-input":{"@type":"PropertyValueSpecification","valueRequired":true,"valueName":"search_term_string"}}],"inLanguage":"fr-FR"},{"@type":"Organization","@id":"https:\/\/fourstrokebarn.com\/fr\/#organization","name":"Fourstrokebarn","url":"https:\/\/fourstrokebarn.com\/fr\/","logo":{"@type":"ImageObject","inLanguage":"fr-FR","@id":"https:\/\/fourstrokebarn.com\/fr\/#\/schema\/logo\/image\/","url":"https:\/\/fourstrokebarn.com\/wp-content\/uploads\/2017\/01\/Foutstrokebarn_web_logo_rood.png","contentUrl":"https:\/\/fourstrokebarn.com\/wp-content\/uploads\/2017\/01\/Foutstrokebarn_web_logo_rood.png","width":355,"height":163,"caption":"Fourstrokebarn"},"image":{"@id":"https:\/\/fourstrokebarn.com\/fr\/#\/schema\/logo\/image\/"},"sameAs":["https:\/\/www.facebook.com\/fourstrokebarn"]}]},"product_price_currency":"EUR","og_availability":"out of stock","product_availability":"out of stock","product_condition":"new"},"_links":{"self":[{"href":"https:\/\/fourstrokebarn.com\/fr\/wp-json\/wp\/v2\/product\/216773","targetHints":{"allow":["GET"]}}],"collection":[{"href":"https:\/\/fourstrokebarn.com\/fr\/wp-json\/wp\/v2\/product"}],"about":[{"href":"https:\/\/fourstrokebarn.com\/fr\/wp-json\/wp\/v2\/types\/product"}],"replies":[{"embeddable":true,"href":"https:\/\/fourstrokebarn.com\/fr\/wp-json\/wp\/v2\/comments?post=216773"}],"wp:featuredmedia":[{"embeddable":true,"href":"https:\/\/fourstrokebarn.com\/fr\/wp-json\/wp\/v2\/media\/216775"}],"wp:attachment":[{"href":"https:\/\/fourstrokebarn.com\/fr\/wp-json\/wp\/v2\/media?parent=216773"}],"wp:term":[{"taxonomy":"product_brand","embeddable":true,"href":"https:\/\/fourstrokebarn.com\/fr\/wp-json\/wp\/v2\/product_brand?post=216773"},{"taxonomy":"product_cat","embeddable":true,"href":"https:\/\/fourstrokebarn.com\/fr\/wp-json\/wp\/v2\/product_cat?post=216773"},{"taxonomy":"product_tag","embeddable":true,"href":"https:\/\/fourstrokebarn.com\/fr\/wp-json\/wp\/v2\/product_tag?post=216773"}],"curies":[{"name":"wp","href":"https:\/\/api.w.org\/{rel}","templated":true}]}}