{"id":217342,"date":"2026-05-05T22:27:09","date_gmt":"2026-05-05T20:27:09","guid":{"rendered":"https:\/\/fourstrokebarn.com\/?post_type=product&#038;p=217342"},"modified":"2026-05-05T22:27:10","modified_gmt":"2026-05-05T20:27:10","slug":"honda-ape-100-rouge-blanc-959-km-kopie-kopie-kopie","status":"publish","type":"product","link":"https:\/\/fourstrokebarn.com\/fr\/produit\/honda-ape-100-rouge-blanc-959-km-kopie-kopie-kopie\/","title":{"rendered":"Honda Ape 100 (76)"},"content":{"rendered":"<p>Honda Ape 100 (76)<\/p>\n","protected":false},"excerpt":{"rendered":"<p>Cette Honda Ape 100 (76) originale a \u00e9t\u00e9 import\u00e9e par nous du Japon. L\u2019\u00e9tat de cette Honda Ape 100 (76) est en usage. <\/p>\n<p>Le prix comprend 21% de TVA, que les acheteurs professionnels peuvent r\u00e9gler.<\/p>\n<p>Ce deux-roues n\u2019est pas encore \u00e9quip\u00e9 d\u2019une plaque d\u2019immatriculation. Nous pouvons nous en occuper si d\u00e9sir\u00e9 (cyclomoteur, cyclomoteur ou moto). Nous pouvons \u00e9galement livrer avec des documents d\u2019exportation et nous pouvons exp\u00e9dier ce v\u00e9lo dans le monde entier.<\/p>\n<p>N\u2019h\u00e9sitez pas \u00e0 nous contacter si vous souhaitez en savoir plus sur ce deux-roues ou sur les options de livraison.<\/p>\n","protected":false},"featured_media":217795,"comment_status":"closed","ping_status":"closed","template":"","meta":{"inline_featured_image":false,"_monsterinsights_skip_tracking":false,"_monsterinsights_sitenote_active":false,"_monsterinsights_sitenote_note":"","_monsterinsights_sitenote_category":0},"product_brand":[],"product_cat":[9319,9385],"product_tag":[9423],"class_list":{"0":"post-217342","1":"product","2":"type-product","3":"status-publish","4":"has-post-thumbnail","6":"product_cat-cyclomoteurs","7":"product_cat-honda-ape","8":"product_tag-singe","9":"product_shipping_class-bromfiets","11":"first","12":"instock","13":"taxable","14":"shipping-taxable","15":"purchasable","16":"product-type-simple"},"yoast_head":"<!-- This site is optimized with the Yoast SEO Premium plugin v27.6 (Yoast SEO v27.6) - https:\/\/yoast.com\/product\/yoast-seo-premium-wordpress\/ -->\n<title>Honda &amp; Parts Honda Ape 100 (76)<\/title>\n<meta name=\"description\" content=\"Cette Honda Ape 100 (76) originale a \u00e9t\u00e9 import\u00e9e par nous du Japon. L\u2019\u00e9tat de cette Honda Ape 100 (76) est en usage.  Le prix comprend 21% de TVA, que les acheteurs professionnels peuvent r\u00e9gler. Ce deux-roues n\u2019est pas encore \u00e9quip\u00e9 d\u2019une plaque d\u2019immatriculation. Nous pouvons nous en occuper si d\u00e9sir\u00e9 (cyclomoteur, cyclomoteur ou moto). Nous pouvons \u00e9galement livrer avec des documents d\u2019exportation et nous pouvons exp\u00e9dier ce v\u00e9lo dans le monde entier. N\u2019h\u00e9sitez pas \u00e0 nous contacter si vous souhaitez en savoir plus sur ce deux-roues ou sur les options de livraison. &euro;1.950,00 &#183; Cyclomoteurs, Honda Ape. Honda Ape 100 (76)\" \/>\n<meta name=\"robots\" content=\"index, follow, max-snippet:-1, max-image-preview:large, max-video-preview:-1\" \/>\n<link rel=\"canonical\" href=\"https:\/\/fourstrokebarn.com\/fr\/produit\/honda-ape-100-rouge-blanc-959-km-kopie-kopie-kopie\/\" \/>\n<meta property=\"og:locale\" content=\"fr_FR\" \/>\n<meta property=\"og:type\" content=\"article\" \/>\n<meta property=\"og:title\" content=\"Honda Ape 100 (76)\" \/>\n<meta property=\"og:description\" content=\"Cette Honda Ape 100 (76) originale a \u00e9t\u00e9 import\u00e9e par nous du Japon. L\u2019\u00e9tat de cette Honda Ape 100 (76) est en usage.  Le prix comprend 21% de TVA, que les acheteurs professionnels peuvent r\u00e9gler. Ce deux-roues n\u2019est pas encore \u00e9quip\u00e9 d\u2019une plaque d\u2019immatriculation. Nous pouvons nous en occuper si d\u00e9sir\u00e9 (cyclomoteur, cyclomoteur ou moto). Nous pouvons \u00e9galement livrer avec des documents d\u2019exportation et nous pouvons exp\u00e9dier ce v\u00e9lo dans le monde entier. N\u2019h\u00e9sitez pas \u00e0 nous contacter si vous souhaitez en savoir plus sur ce deux-roues ou sur les options de livraison. &euro;1.950,00 &#183; Cyclomoteurs, Honda Ape. Honda Ape 100 (76)\" \/>\n<meta property=\"og:url\" content=\"https:\/\/fourstrokebarn.com\/fr\/produit\/honda-ape-100-rouge-blanc-959-km-kopie-kopie-kopie\/\" \/>\n<meta property=\"og:site_name\" content=\"Fourstrokebarn\" \/>\n<meta property=\"article:publisher\" content=\"https:\/\/www.facebook.com\/fourstrokebarn\" \/>\n<meta property=\"article:modified_time\" content=\"2026-05-05T20:27:10+00:00\" \/>\n<meta property=\"og:image\" content=\"https:\/\/fourstrokebarn.com\/wp-content\/uploads\/2026\/04\/IMG_1110-scaled.jpeg\" \/>\n\t<meta property=\"og:image:width\" content=\"1920\" \/>\n\t<meta property=\"og:image:height\" content=\"2560\" \/>\n\t<meta property=\"og:image:type\" content=\"image\/jpeg\" \/>\n<meta name=\"twitter:card\" content=\"summary_large_image\" \/>\n<meta name=\"twitter:label1\" content=\"Prix\" \/>\n\t<meta name=\"twitter:data1\" content=\"&euro;1.950,00\" \/>\n\t<meta name=\"twitter:label2\" content=\"Disponibilit\u00e9\" \/>\n\t<meta name=\"twitter:data2\" content=\"En stock\" \/>\n<script type=\"application\/ld+json\" class=\"yoast-schema-graph\">{\"@context\":\"https:\\\/\\\/schema.org\",\"@graph\":[{\"@type\":\"WebPage\",\"@id\":\"https:\\\/\\\/fourstrokebarn.com\\\/fr\\\/produit\\\/honda-ape-100-rouge-blanc-959-km-kopie-kopie-kopie\\\/\",\"url\":\"https:\\\/\\\/fourstrokebarn.com\\\/fr\\\/produit\\\/honda-ape-100-rouge-blanc-959-km-kopie-kopie-kopie\\\/\",\"name\":\"Honda & Parts Honda Ape 100 (76)\",\"isPartOf\":{\"@id\":\"https:\\\/\\\/fourstrokebarn.com\\\/fr\\\/#website\"},\"primaryImageOfPage\":{\"@id\":\"https:\\\/\\\/fourstrokebarn.com\\\/fr\\\/produit\\\/honda-ape-100-rouge-blanc-959-km-kopie-kopie-kopie\\\/#primaryimage\"},\"image\":{\"@id\":\"https:\\\/\\\/fourstrokebarn.com\\\/fr\\\/produit\\\/honda-ape-100-rouge-blanc-959-km-kopie-kopie-kopie\\\/#primaryimage\"},\"thumbnailUrl\":\"https:\\\/\\\/fourstrokebarn.com\\\/wp-content\\\/uploads\\\/2026\\\/04\\\/IMG_1110-scaled.jpeg\",\"datePublished\":\"2026-05-05T20:27:09+00:00\",\"dateModified\":\"2026-05-05T20:27:10+00:00\",\"description\":\"Cette Honda Ape 100 (76) originale a \u00e9t\u00e9 import\u00e9e par nous du Japon. L\u2019\u00e9tat de cette Honda Ape 100 (76) est en usage. Le prix comprend 21% de TVA, que les acheteurs professionnels peuvent r\u00e9gler. Ce deux-roues n\u2019est pas encore \u00e9quip\u00e9 d\u2019une plaque d\u2019immatriculation. Nous pouvons nous en occuper si d\u00e9sir\u00e9 (cyclomoteur, cyclomoteur ou moto). Nous pouvons \u00e9galement livrer avec des documents d\u2019exportation et nous pouvons exp\u00e9dier ce v\u00e9lo dans le monde entier. N\u2019h\u00e9sitez pas \u00e0 nous contacter si vous souhaitez en savoir plus sur ce deux-roues ou sur les options de livraison. &euro;1.950,00 &#183; Cyclomoteurs, Honda Ape. Honda Ape 100 (76)\",\"breadcrumb\":{\"@id\":\"https:\\\/\\\/fourstrokebarn.com\\\/fr\\\/produit\\\/honda-ape-100-rouge-blanc-959-km-kopie-kopie-kopie\\\/#breadcrumb\"},\"inLanguage\":\"fr-FR\",\"potentialAction\":[{\"@type\":\"ReadAction\",\"target\":[\"https:\\\/\\\/fourstrokebarn.com\\\/fr\\\/produit\\\/honda-ape-100-rouge-blanc-959-km-kopie-kopie-kopie\\\/\"]}]},{\"@type\":\"ImageObject\",\"inLanguage\":\"fr-FR\",\"@id\":\"https:\\\/\\\/fourstrokebarn.com\\\/fr\\\/produit\\\/honda-ape-100-rouge-blanc-959-km-kopie-kopie-kopie\\\/#primaryimage\",\"url\":\"https:\\\/\\\/fourstrokebarn.com\\\/wp-content\\\/uploads\\\/2026\\\/04\\\/IMG_1110-scaled.jpeg\",\"contentUrl\":\"https:\\\/\\\/fourstrokebarn.com\\\/wp-content\\\/uploads\\\/2026\\\/04\\\/IMG_1110-scaled.jpeg\",\"width\":1920,\"height\":2560,\"caption\":\"Honda Ape 100 Tracteur d\u2019occasion\"},{\"@type\":\"BreadcrumbList\",\"@id\":\"https:\\\/\\\/fourstrokebarn.com\\\/fr\\\/produit\\\/honda-ape-100-rouge-blanc-959-km-kopie-kopie-kopie\\\/#breadcrumb\",\"itemListElement\":[{\"@type\":\"ListItem\",\"position\":1,\"name\":\"Domicile\",\"item\":\"https:\\\/\\\/fourstrokebarn.com\\\/fr\\\/cyclomoteurs-honda-4-temps-et-pieces-a-vendre\\\/\"},{\"@type\":\"ListItem\",\"position\":2,\"name\":\"Boutique\",\"item\":\"https:\\\/\\\/fourstrokebarn.com\\\/fr\\\/boutique\\\/\"},{\"@type\":\"ListItem\",\"position\":3,\"name\":\"Honda Ape 100 (76)\"}]},{\"@type\":\"WebSite\",\"@id\":\"https:\\\/\\\/fourstrokebarn.com\\\/fr\\\/#website\",\"url\":\"https:\\\/\\\/fourstrokebarn.com\\\/fr\\\/\",\"name\":\"Fourstrokebarn\",\"description\":\"New &amp; used Honda 4-stroke classic bikes &amp; parts\",\"publisher\":{\"@id\":\"https:\\\/\\\/fourstrokebarn.com\\\/fr\\\/#organization\"},\"potentialAction\":[{\"@type\":\"SearchAction\",\"target\":{\"@type\":\"EntryPoint\",\"urlTemplate\":\"https:\\\/\\\/fourstrokebarn.com\\\/fr\\\/?s={search_term_string}\"},\"query-input\":{\"@type\":\"PropertyValueSpecification\",\"valueRequired\":true,\"valueName\":\"search_term_string\"}}],\"inLanguage\":\"fr-FR\"},{\"@type\":\"Organization\",\"@id\":\"https:\\\/\\\/fourstrokebarn.com\\\/fr\\\/#organization\",\"name\":\"Fourstrokebarn\",\"url\":\"https:\\\/\\\/fourstrokebarn.com\\\/fr\\\/\",\"logo\":{\"@type\":\"ImageObject\",\"inLanguage\":\"fr-FR\",\"@id\":\"https:\\\/\\\/fourstrokebarn.com\\\/fr\\\/#\\\/schema\\\/logo\\\/image\\\/\",\"url\":\"https:\\\/\\\/fourstrokebarn.com\\\/wp-content\\\/uploads\\\/2017\\\/01\\\/Foutstrokebarn_web_logo_rood.png\",\"contentUrl\":\"https:\\\/\\\/fourstrokebarn.com\\\/wp-content\\\/uploads\\\/2017\\\/01\\\/Foutstrokebarn_web_logo_rood.png\",\"width\":355,\"height\":163,\"caption\":\"Fourstrokebarn\"},\"image\":{\"@id\":\"https:\\\/\\\/fourstrokebarn.com\\\/fr\\\/#\\\/schema\\\/logo\\\/image\\\/\"},\"sameAs\":[\"https:\\\/\\\/www.facebook.com\\\/fourstrokebarn\"]}]}<\/script>\n<meta property=\"product:price:amount\" content=\"1950.00\" \/>\n<meta property=\"product:price:currency\" content=\"EUR\" \/>\n<meta property=\"og:availability\" content=\"instock\" \/>\n<meta property=\"product:availability\" content=\"instock\" \/>\n<meta property=\"product:condition\" content=\"new\" \/>\n<!-- \/ Yoast SEO Premium plugin. -->","yoast_head_json":{"title":"Honda & Parts Honda Ape 100 (76)","description":"Cette Honda Ape 100 (76) originale a \u00e9t\u00e9 import\u00e9e par nous du Japon. L\u2019\u00e9tat de cette Honda Ape 100 (76) est en usage.  Le prix comprend 21% de TVA, que les acheteurs professionnels peuvent r\u00e9gler. Ce deux-roues n\u2019est pas encore \u00e9quip\u00e9 d\u2019une plaque d\u2019immatriculation. Nous pouvons nous en occuper si d\u00e9sir\u00e9 (cyclomoteur, cyclomoteur ou moto). Nous pouvons \u00e9galement livrer avec des documents d\u2019exportation et nous pouvons exp\u00e9dier ce v\u00e9lo dans le monde entier. N\u2019h\u00e9sitez pas \u00e0 nous contacter si vous souhaitez en savoir plus sur ce deux-roues ou sur les options de livraison. &euro;1.950,00 &#183; Cyclomoteurs, Honda Ape. Honda Ape 100 (76)","robots":{"index":"index","follow":"follow","max-snippet":"max-snippet:-1","max-image-preview":"max-image-preview:large","max-video-preview":"max-video-preview:-1"},"canonical":"https:\/\/fourstrokebarn.com\/fr\/produit\/honda-ape-100-rouge-blanc-959-km-kopie-kopie-kopie\/","og_locale":"fr_FR","og_type":"article","og_title":"Honda Ape 100 (76)","og_description":"Cette Honda Ape 100 (76) originale a \u00e9t\u00e9 import\u00e9e par nous du Japon. L\u2019\u00e9tat de cette Honda Ape 100 (76) est en usage.  Le prix comprend 21% de TVA, que les acheteurs professionnels peuvent r\u00e9gler. Ce deux-roues n\u2019est pas encore \u00e9quip\u00e9 d\u2019une plaque d\u2019immatriculation. Nous pouvons nous en occuper si d\u00e9sir\u00e9 (cyclomoteur, cyclomoteur ou moto). Nous pouvons \u00e9galement livrer avec des documents d\u2019exportation et nous pouvons exp\u00e9dier ce v\u00e9lo dans le monde entier. N\u2019h\u00e9sitez pas \u00e0 nous contacter si vous souhaitez en savoir plus sur ce deux-roues ou sur les options de livraison. &euro;1.950,00 &#183; Cyclomoteurs, Honda Ape. Honda Ape 100 (76)","og_url":"https:\/\/fourstrokebarn.com\/fr\/produit\/honda-ape-100-rouge-blanc-959-km-kopie-kopie-kopie\/","og_site_name":"Fourstrokebarn","article_publisher":"https:\/\/www.facebook.com\/fourstrokebarn","article_modified_time":"2026-05-05T20:27:10+00:00","og_image":[{"width":1920,"height":2560,"url":"https:\/\/fourstrokebarn.com\/wp-content\/uploads\/2026\/04\/IMG_1110-scaled.jpeg","type":"image\/jpeg"}],"twitter_card":"summary_large_image","twitter_misc":{"Prix":"&euro;1.950,00","Disponibilit\u00e9":"En stock"},"schema":{"@context":"https:\/\/schema.org","@graph":[{"@type":"WebPage","@id":"https:\/\/fourstrokebarn.com\/fr\/produit\/honda-ape-100-rouge-blanc-959-km-kopie-kopie-kopie\/","url":"https:\/\/fourstrokebarn.com\/fr\/produit\/honda-ape-100-rouge-blanc-959-km-kopie-kopie-kopie\/","name":"Honda & Parts Honda Ape 100 (76)","isPartOf":{"@id":"https:\/\/fourstrokebarn.com\/fr\/#website"},"primaryImageOfPage":{"@id":"https:\/\/fourstrokebarn.com\/fr\/produit\/honda-ape-100-rouge-blanc-959-km-kopie-kopie-kopie\/#primaryimage"},"image":{"@id":"https:\/\/fourstrokebarn.com\/fr\/produit\/honda-ape-100-rouge-blanc-959-km-kopie-kopie-kopie\/#primaryimage"},"thumbnailUrl":"https:\/\/fourstrokebarn.com\/wp-content\/uploads\/2026\/04\/IMG_1110-scaled.jpeg","datePublished":"2026-05-05T20:27:09+00:00","dateModified":"2026-05-05T20:27:10+00:00","description":"Cette Honda Ape 100 (76) originale a \u00e9t\u00e9 import\u00e9e par nous du Japon. L\u2019\u00e9tat de cette Honda Ape 100 (76) est en usage. Le prix comprend 21% de TVA, que les acheteurs professionnels peuvent r\u00e9gler. Ce deux-roues n\u2019est pas encore \u00e9quip\u00e9 d\u2019une plaque d\u2019immatriculation. Nous pouvons nous en occuper si d\u00e9sir\u00e9 (cyclomoteur, cyclomoteur ou moto). Nous pouvons \u00e9galement livrer avec des documents d\u2019exportation et nous pouvons exp\u00e9dier ce v\u00e9lo dans le monde entier. N\u2019h\u00e9sitez pas \u00e0 nous contacter si vous souhaitez en savoir plus sur ce deux-roues ou sur les options de livraison. &euro;1.950,00 &#183; Cyclomoteurs, Honda Ape. Honda Ape 100 (76)","breadcrumb":{"@id":"https:\/\/fourstrokebarn.com\/fr\/produit\/honda-ape-100-rouge-blanc-959-km-kopie-kopie-kopie\/#breadcrumb"},"inLanguage":"fr-FR","potentialAction":[{"@type":"ReadAction","target":["https:\/\/fourstrokebarn.com\/fr\/produit\/honda-ape-100-rouge-blanc-959-km-kopie-kopie-kopie\/"]}]},{"@type":"ImageObject","inLanguage":"fr-FR","@id":"https:\/\/fourstrokebarn.com\/fr\/produit\/honda-ape-100-rouge-blanc-959-km-kopie-kopie-kopie\/#primaryimage","url":"https:\/\/fourstrokebarn.com\/wp-content\/uploads\/2026\/04\/IMG_1110-scaled.jpeg","contentUrl":"https:\/\/fourstrokebarn.com\/wp-content\/uploads\/2026\/04\/IMG_1110-scaled.jpeg","width":1920,"height":2560,"caption":"Honda Ape 100 Tracteur d\u2019occasion"},{"@type":"BreadcrumbList","@id":"https:\/\/fourstrokebarn.com\/fr\/produit\/honda-ape-100-rouge-blanc-959-km-kopie-kopie-kopie\/#breadcrumb","itemListElement":[{"@type":"ListItem","position":1,"name":"Domicile","item":"https:\/\/fourstrokebarn.com\/fr\/cyclomoteurs-honda-4-temps-et-pieces-a-vendre\/"},{"@type":"ListItem","position":2,"name":"Boutique","item":"https:\/\/fourstrokebarn.com\/fr\/boutique\/"},{"@type":"ListItem","position":3,"name":"Honda Ape 100 (76)"}]},{"@type":"WebSite","@id":"https:\/\/fourstrokebarn.com\/fr\/#website","url":"https:\/\/fourstrokebarn.com\/fr\/","name":"Fourstrokebarn","description":"New &amp; used Honda 4-stroke classic bikes &amp; parts","publisher":{"@id":"https:\/\/fourstrokebarn.com\/fr\/#organization"},"potentialAction":[{"@type":"SearchAction","target":{"@type":"EntryPoint","urlTemplate":"https:\/\/fourstrokebarn.com\/fr\/?s={search_term_string}"},"query-input":{"@type":"PropertyValueSpecification","valueRequired":true,"valueName":"search_term_string"}}],"inLanguage":"fr-FR"},{"@type":"Organization","@id":"https:\/\/fourstrokebarn.com\/fr\/#organization","name":"Fourstrokebarn","url":"https:\/\/fourstrokebarn.com\/fr\/","logo":{"@type":"ImageObject","inLanguage":"fr-FR","@id":"https:\/\/fourstrokebarn.com\/fr\/#\/schema\/logo\/image\/","url":"https:\/\/fourstrokebarn.com\/wp-content\/uploads\/2017\/01\/Foutstrokebarn_web_logo_rood.png","contentUrl":"https:\/\/fourstrokebarn.com\/wp-content\/uploads\/2017\/01\/Foutstrokebarn_web_logo_rood.png","width":355,"height":163,"caption":"Fourstrokebarn"},"image":{"@id":"https:\/\/fourstrokebarn.com\/fr\/#\/schema\/logo\/image\/"},"sameAs":["https:\/\/www.facebook.com\/fourstrokebarn"]}]},"product_price_amount":"1950.00","product_price_currency":"EUR","og_availability":"instock","product_availability":"instock","product_condition":"new"},"_links":{"self":[{"href":"https:\/\/fourstrokebarn.com\/fr\/wp-json\/wp\/v2\/product\/217342","targetHints":{"allow":["GET"]}}],"collection":[{"href":"https:\/\/fourstrokebarn.com\/fr\/wp-json\/wp\/v2\/product"}],"about":[{"href":"https:\/\/fourstrokebarn.com\/fr\/wp-json\/wp\/v2\/types\/product"}],"replies":[{"embeddable":true,"href":"https:\/\/fourstrokebarn.com\/fr\/wp-json\/wp\/v2\/comments?post=217342"}],"wp:featuredmedia":[{"embeddable":true,"href":"https:\/\/fourstrokebarn.com\/fr\/wp-json\/wp\/v2\/media\/217795"}],"wp:attachment":[{"href":"https:\/\/fourstrokebarn.com\/fr\/wp-json\/wp\/v2\/media?parent=217342"}],"wp:term":[{"taxonomy":"product_brand","embeddable":true,"href":"https:\/\/fourstrokebarn.com\/fr\/wp-json\/wp\/v2\/product_brand?post=217342"},{"taxonomy":"product_cat","embeddable":true,"href":"https:\/\/fourstrokebarn.com\/fr\/wp-json\/wp\/v2\/product_cat?post=217342"},{"taxonomy":"product_tag","embeddable":true,"href":"https:\/\/fourstrokebarn.com\/fr\/wp-json\/wp\/v2\/product_tag?post=217342"}],"curies":[{"name":"wp","href":"https:\/\/api.w.org\/{rel}","templated":true}]}}