{"id":217620,"date":"2026-05-05T22:28:55","date_gmt":"2026-05-05T20:28:55","guid":{"rendered":"https:\/\/fourstrokebarn.com\/?post_type=product&#038;p=217620"},"modified":"2026-05-05T22:28:56","modified_gmt":"2026-05-05T20:28:56","slug":"jauge-dhuile-nos-honda-c310-c320-kopie-kopie-3","status":"publish","type":"product","link":"https:\/\/fourstrokebarn.com\/fr\/produit\/jauge-dhuile-nos-honda-c310-c320-kopie-kopie-3\/","title":{"rendered":"Arbre culbuteur Honda HONDA C310S\/C320S\/TS50DX 2EH"},"content":{"rendered":"<p>Arbre culbuteur Honda HONDA C310S\/C320S\/TS50DX 2EH<\/p>\n","protected":false},"excerpt":{"rendered":"<p>ARBRE CULBUTEUR DE SOUPAPES HONDA C310S\/C320S\/TS50DX 2EH Honda n\u00b014451-001-030U. (La photo montr\u00e9e en est un exemple. Vous recevrez donc un produit similaire.)   <\/p>\n<p>Cette pi\u00e8ce peut \u00e9galement \u00eatre disponible en NOS ou neuve. Notre offre continue de cro\u00eetre chaque jour. Vous ne trouvez pas de pi\u00e8ce (neuve ou d\u2019occasion) ? Nous sommes l\u00e0 pour vous aider \u2014 contactez-nous simplement.   <\/p>\n","protected":false},"featured_media":217623,"comment_status":"open","ping_status":"closed","template":"","meta":{"inline_featured_image":false,"_monsterinsights_skip_tracking":false,"_monsterinsights_sitenote_active":false,"_monsterinsights_sitenote_note":"","_monsterinsights_sitenote_category":0},"product_brand":[],"product_cat":[9549,9324],"product_tag":[10360,10289,10358],"class_list":{"0":"post-217620","1":"product","2":"type-product","3":"status-publish","4":"has-post-thumbnail","6":"product_cat-bloc-moteur-pieces","7":"product_cat-pieces-de-cyclomoteur","8":"product_tag-arbre-a-cames","9":"product_tag-entree-de-vanne","10":"product_tag-support-de-gobelet-rockerbox","11":"product_shipping_class-onderdelen","13":"first","14":"instock","15":"taxable","16":"shipping-taxable","17":"purchasable","18":"product-type-simple"},"yoast_head":"<!-- This site is optimized with the Yoast SEO Premium plugin v27.6 (Yoast SEO v27.6) - https:\/\/yoast.com\/product\/yoast-seo-premium-wordpress\/ -->\n<title>Pi\u00e8ces : Culbuteur de soupapes Honda HONDA C310S\/C320S\/TS50DX 2EH<\/title>\n<meta name=\"description\" content=\". Arbre culbuteur Honda HONDA C310S\/C320S\/TS50DX 2EH\" \/>\n<meta name=\"robots\" content=\"index, follow, max-snippet:-1, max-image-preview:large, max-video-preview:-1\" \/>\n<link rel=\"canonical\" href=\"https:\/\/fourstrokebarn.com\/fr\/produit\/jauge-dhuile-nos-honda-c310-c320-kopie-kopie-3\/\" \/>\n<meta property=\"og:locale\" content=\"fr_FR\" \/>\n<meta property=\"og:type\" content=\"article\" \/>\n<meta property=\"og:title\" content=\"Arbre culbuteur Honda HONDA C310S\/C320S\/TS50DX 2EH\" \/>\n<meta property=\"og:description\" content=\". Arbre culbuteur Honda HONDA C310S\/C320S\/TS50DX 2EH\" \/>\n<meta property=\"og:url\" content=\"https:\/\/fourstrokebarn.com\/fr\/produit\/jauge-dhuile-nos-honda-c310-c320-kopie-kopie-3\/\" \/>\n<meta property=\"og:site_name\" content=\"Fourstrokebarn\" \/>\n<meta property=\"article:publisher\" content=\"https:\/\/www.facebook.com\/fourstrokebarn\" \/>\n<meta property=\"article:modified_time\" content=\"2026-05-05T20:28:56+00:00\" \/>\n<meta property=\"og:image\" content=\"https:\/\/fourstrokebarn.com\/wp-content\/uploads\/2026\/04\/14451-001-030U-KLEPTUIMELAARAS-HONDA-C310S_C320S_TS50DX-2EH.webp\" \/>\n\t<meta property=\"og:image:width\" content=\"1620\" \/>\n\t<meta property=\"og:image:height\" content=\"2160\" \/>\n\t<meta property=\"og:image:type\" content=\"image\/webp\" \/>\n<meta name=\"twitter:card\" content=\"summary_large_image\" \/>\n<meta name=\"twitter:label1\" content=\"Prix\" \/>\n\t<meta name=\"twitter:data1\" content=\"&euro;2,00\" \/>\n\t<meta name=\"twitter:label2\" content=\"Disponibilit\u00e9\" \/>\n\t<meta name=\"twitter:data2\" content=\"En stock\" \/>\n<script type=\"application\/ld+json\" class=\"yoast-schema-graph\">{\"@context\":\"https:\\\/\\\/schema.org\",\"@graph\":[{\"@type\":\"WebPage\",\"@id\":\"https:\\\/\\\/fourstrokebarn.com\\\/fr\\\/produit\\\/jauge-dhuile-nos-honda-c310-c320-kopie-kopie-3\\\/\",\"url\":\"https:\\\/\\\/fourstrokebarn.com\\\/fr\\\/produit\\\/jauge-dhuile-nos-honda-c310-c320-kopie-kopie-3\\\/\",\"name\":\"Pi\u00e8ces : Culbuteur de soupapes Honda HONDA C310S\\\/C320S\\\/TS50DX 2EH\",\"isPartOf\":{\"@id\":\"https:\\\/\\\/fourstrokebarn.com\\\/fr\\\/#website\"},\"primaryImageOfPage\":{\"@id\":\"https:\\\/\\\/fourstrokebarn.com\\\/fr\\\/produit\\\/jauge-dhuile-nos-honda-c310-c320-kopie-kopie-3\\\/#primaryimage\"},\"image\":{\"@id\":\"https:\\\/\\\/fourstrokebarn.com\\\/fr\\\/produit\\\/jauge-dhuile-nos-honda-c310-c320-kopie-kopie-3\\\/#primaryimage\"},\"thumbnailUrl\":\"https:\\\/\\\/fourstrokebarn.com\\\/wp-content\\\/uploads\\\/2026\\\/04\\\/14451-001-030U-KLEPTUIMELAARAS-HONDA-C310S_C320S_TS50DX-2EH.webp\",\"datePublished\":\"2026-05-05T20:28:55+00:00\",\"dateModified\":\"2026-05-05T20:28:56+00:00\",\"description\":\". Arbre culbuteur Honda HONDA C310S\\\/C320S\\\/TS50DX 2EH\",\"breadcrumb\":{\"@id\":\"https:\\\/\\\/fourstrokebarn.com\\\/fr\\\/produit\\\/jauge-dhuile-nos-honda-c310-c320-kopie-kopie-3\\\/#breadcrumb\"},\"inLanguage\":\"fr-FR\",\"potentialAction\":[{\"@type\":\"ReadAction\",\"target\":[\"https:\\\/\\\/fourstrokebarn.com\\\/fr\\\/produit\\\/jauge-dhuile-nos-honda-c310-c320-kopie-kopie-3\\\/\"]}]},{\"@type\":\"ImageObject\",\"inLanguage\":\"fr-FR\",\"@id\":\"https:\\\/\\\/fourstrokebarn.com\\\/fr\\\/produit\\\/jauge-dhuile-nos-honda-c310-c320-kopie-kopie-3\\\/#primaryimage\",\"url\":\"https:\\\/\\\/fourstrokebarn.com\\\/wp-content\\\/uploads\\\/2026\\\/04\\\/14451-001-030U-KLEPTUIMELAARAS-HONDA-C310S_C320S_TS50DX-2EH.webp\",\"contentUrl\":\"https:\\\/\\\/fourstrokebarn.com\\\/wp-content\\\/uploads\\\/2026\\\/04\\\/14451-001-030U-KLEPTUIMELAARAS-HONDA-C310S_C320S_TS50DX-2EH.webp\",\"width\":1620,\"height\":2160,\"caption\":\"14451-001-030U CULBUTEUR DE SOUPAPES HONDA C310S_C320S_TS50DX 2EH\"},{\"@type\":\"BreadcrumbList\",\"@id\":\"https:\\\/\\\/fourstrokebarn.com\\\/fr\\\/produit\\\/jauge-dhuile-nos-honda-c310-c320-kopie-kopie-3\\\/#breadcrumb\",\"itemListElement\":[{\"@type\":\"ListItem\",\"position\":1,\"name\":\"Domicile\",\"item\":\"https:\\\/\\\/fourstrokebarn.com\\\/fr\\\/cyclomoteurs-honda-4-temps-et-pieces-a-vendre\\\/\"},{\"@type\":\"ListItem\",\"position\":2,\"name\":\"Boutique\",\"item\":\"https:\\\/\\\/fourstrokebarn.com\\\/fr\\\/boutique\\\/\"},{\"@type\":\"ListItem\",\"position\":3,\"name\":\"Arbre culbuteur Honda HONDA C310S\\\/C320S\\\/TS50DX 2EH\"}]},{\"@type\":\"WebSite\",\"@id\":\"https:\\\/\\\/fourstrokebarn.com\\\/fr\\\/#website\",\"url\":\"https:\\\/\\\/fourstrokebarn.com\\\/fr\\\/\",\"name\":\"Fourstrokebarn\",\"description\":\"New &amp; used Honda 4-stroke classic bikes &amp; parts\",\"publisher\":{\"@id\":\"https:\\\/\\\/fourstrokebarn.com\\\/fr\\\/#organization\"},\"potentialAction\":[{\"@type\":\"SearchAction\",\"target\":{\"@type\":\"EntryPoint\",\"urlTemplate\":\"https:\\\/\\\/fourstrokebarn.com\\\/fr\\\/?s={search_term_string}\"},\"query-input\":{\"@type\":\"PropertyValueSpecification\",\"valueRequired\":true,\"valueName\":\"search_term_string\"}}],\"inLanguage\":\"fr-FR\"},{\"@type\":\"Organization\",\"@id\":\"https:\\\/\\\/fourstrokebarn.com\\\/fr\\\/#organization\",\"name\":\"Fourstrokebarn\",\"url\":\"https:\\\/\\\/fourstrokebarn.com\\\/fr\\\/\",\"logo\":{\"@type\":\"ImageObject\",\"inLanguage\":\"fr-FR\",\"@id\":\"https:\\\/\\\/fourstrokebarn.com\\\/fr\\\/#\\\/schema\\\/logo\\\/image\\\/\",\"url\":\"https:\\\/\\\/fourstrokebarn.com\\\/wp-content\\\/uploads\\\/2017\\\/01\\\/Foutstrokebarn_web_logo_rood.png\",\"contentUrl\":\"https:\\\/\\\/fourstrokebarn.com\\\/wp-content\\\/uploads\\\/2017\\\/01\\\/Foutstrokebarn_web_logo_rood.png\",\"width\":355,\"height\":163,\"caption\":\"Fourstrokebarn\"},\"image\":{\"@id\":\"https:\\\/\\\/fourstrokebarn.com\\\/fr\\\/#\\\/schema\\\/logo\\\/image\\\/\"},\"sameAs\":[\"https:\\\/\\\/www.facebook.com\\\/fourstrokebarn\"]}]}<\/script>\n<meta property=\"product:price:amount\" content=\"2.00\" \/>\n<meta property=\"product:price:currency\" content=\"EUR\" \/>\n<meta property=\"og:availability\" content=\"instock\" \/>\n<meta property=\"product:availability\" content=\"instock\" \/>\n<meta property=\"product:retailer_item_id\" content=\"14451-001-030U\" \/>\n<meta property=\"product:condition\" content=\"new\" \/>\n<!-- \/ Yoast SEO Premium plugin. -->","yoast_head_json":{"title":"Pi\u00e8ces : Culbuteur de soupapes Honda HONDA C310S\/C320S\/TS50DX 2EH","description":". Arbre culbuteur Honda HONDA C310S\/C320S\/TS50DX 2EH","robots":{"index":"index","follow":"follow","max-snippet":"max-snippet:-1","max-image-preview":"max-image-preview:large","max-video-preview":"max-video-preview:-1"},"canonical":"https:\/\/fourstrokebarn.com\/fr\/produit\/jauge-dhuile-nos-honda-c310-c320-kopie-kopie-3\/","og_locale":"fr_FR","og_type":"article","og_title":"Arbre culbuteur Honda HONDA C310S\/C320S\/TS50DX 2EH","og_description":". Arbre culbuteur Honda HONDA C310S\/C320S\/TS50DX 2EH","og_url":"https:\/\/fourstrokebarn.com\/fr\/produit\/jauge-dhuile-nos-honda-c310-c320-kopie-kopie-3\/","og_site_name":"Fourstrokebarn","article_publisher":"https:\/\/www.facebook.com\/fourstrokebarn","article_modified_time":"2026-05-05T20:28:56+00:00","og_image":[{"width":1620,"height":2160,"url":"https:\/\/fourstrokebarn.com\/wp-content\/uploads\/2026\/04\/14451-001-030U-KLEPTUIMELAARAS-HONDA-C310S_C320S_TS50DX-2EH.webp","type":"image\/webp"}],"twitter_card":"summary_large_image","twitter_misc":{"Prix":"&euro;2,00","Disponibilit\u00e9":"En stock"},"schema":{"@context":"https:\/\/schema.org","@graph":[{"@type":"WebPage","@id":"https:\/\/fourstrokebarn.com\/fr\/produit\/jauge-dhuile-nos-honda-c310-c320-kopie-kopie-3\/","url":"https:\/\/fourstrokebarn.com\/fr\/produit\/jauge-dhuile-nos-honda-c310-c320-kopie-kopie-3\/","name":"Pi\u00e8ces : Culbuteur de soupapes Honda HONDA C310S\/C320S\/TS50DX 2EH","isPartOf":{"@id":"https:\/\/fourstrokebarn.com\/fr\/#website"},"primaryImageOfPage":{"@id":"https:\/\/fourstrokebarn.com\/fr\/produit\/jauge-dhuile-nos-honda-c310-c320-kopie-kopie-3\/#primaryimage"},"image":{"@id":"https:\/\/fourstrokebarn.com\/fr\/produit\/jauge-dhuile-nos-honda-c310-c320-kopie-kopie-3\/#primaryimage"},"thumbnailUrl":"https:\/\/fourstrokebarn.com\/wp-content\/uploads\/2026\/04\/14451-001-030U-KLEPTUIMELAARAS-HONDA-C310S_C320S_TS50DX-2EH.webp","datePublished":"2026-05-05T20:28:55+00:00","dateModified":"2026-05-05T20:28:56+00:00","description":". Arbre culbuteur Honda HONDA C310S\/C320S\/TS50DX 2EH","breadcrumb":{"@id":"https:\/\/fourstrokebarn.com\/fr\/produit\/jauge-dhuile-nos-honda-c310-c320-kopie-kopie-3\/#breadcrumb"},"inLanguage":"fr-FR","potentialAction":[{"@type":"ReadAction","target":["https:\/\/fourstrokebarn.com\/fr\/produit\/jauge-dhuile-nos-honda-c310-c320-kopie-kopie-3\/"]}]},{"@type":"ImageObject","inLanguage":"fr-FR","@id":"https:\/\/fourstrokebarn.com\/fr\/produit\/jauge-dhuile-nos-honda-c310-c320-kopie-kopie-3\/#primaryimage","url":"https:\/\/fourstrokebarn.com\/wp-content\/uploads\/2026\/04\/14451-001-030U-KLEPTUIMELAARAS-HONDA-C310S_C320S_TS50DX-2EH.webp","contentUrl":"https:\/\/fourstrokebarn.com\/wp-content\/uploads\/2026\/04\/14451-001-030U-KLEPTUIMELAARAS-HONDA-C310S_C320S_TS50DX-2EH.webp","width":1620,"height":2160,"caption":"14451-001-030U CULBUTEUR DE SOUPAPES HONDA C310S_C320S_TS50DX 2EH"},{"@type":"BreadcrumbList","@id":"https:\/\/fourstrokebarn.com\/fr\/produit\/jauge-dhuile-nos-honda-c310-c320-kopie-kopie-3\/#breadcrumb","itemListElement":[{"@type":"ListItem","position":1,"name":"Domicile","item":"https:\/\/fourstrokebarn.com\/fr\/cyclomoteurs-honda-4-temps-et-pieces-a-vendre\/"},{"@type":"ListItem","position":2,"name":"Boutique","item":"https:\/\/fourstrokebarn.com\/fr\/boutique\/"},{"@type":"ListItem","position":3,"name":"Arbre culbuteur Honda HONDA C310S\/C320S\/TS50DX 2EH"}]},{"@type":"WebSite","@id":"https:\/\/fourstrokebarn.com\/fr\/#website","url":"https:\/\/fourstrokebarn.com\/fr\/","name":"Fourstrokebarn","description":"New &amp; used Honda 4-stroke classic bikes &amp; parts","publisher":{"@id":"https:\/\/fourstrokebarn.com\/fr\/#organization"},"potentialAction":[{"@type":"SearchAction","target":{"@type":"EntryPoint","urlTemplate":"https:\/\/fourstrokebarn.com\/fr\/?s={search_term_string}"},"query-input":{"@type":"PropertyValueSpecification","valueRequired":true,"valueName":"search_term_string"}}],"inLanguage":"fr-FR"},{"@type":"Organization","@id":"https:\/\/fourstrokebarn.com\/fr\/#organization","name":"Fourstrokebarn","url":"https:\/\/fourstrokebarn.com\/fr\/","logo":{"@type":"ImageObject","inLanguage":"fr-FR","@id":"https:\/\/fourstrokebarn.com\/fr\/#\/schema\/logo\/image\/","url":"https:\/\/fourstrokebarn.com\/wp-content\/uploads\/2017\/01\/Foutstrokebarn_web_logo_rood.png","contentUrl":"https:\/\/fourstrokebarn.com\/wp-content\/uploads\/2017\/01\/Foutstrokebarn_web_logo_rood.png","width":355,"height":163,"caption":"Fourstrokebarn"},"image":{"@id":"https:\/\/fourstrokebarn.com\/fr\/#\/schema\/logo\/image\/"},"sameAs":["https:\/\/www.facebook.com\/fourstrokebarn"]}]},"product_price_amount":"2.00","product_price_currency":"EUR","og_availability":"instock","product_availability":"instock","product_retailer_item_id":"14451-001-030U","product_condition":"new"},"_links":{"self":[{"href":"https:\/\/fourstrokebarn.com\/fr\/wp-json\/wp\/v2\/product\/217620","targetHints":{"allow":["GET"]}}],"collection":[{"href":"https:\/\/fourstrokebarn.com\/fr\/wp-json\/wp\/v2\/product"}],"about":[{"href":"https:\/\/fourstrokebarn.com\/fr\/wp-json\/wp\/v2\/types\/product"}],"replies":[{"embeddable":true,"href":"https:\/\/fourstrokebarn.com\/fr\/wp-json\/wp\/v2\/comments?post=217620"}],"wp:featuredmedia":[{"embeddable":true,"href":"https:\/\/fourstrokebarn.com\/fr\/wp-json\/wp\/v2\/media\/217623"}],"wp:attachment":[{"href":"https:\/\/fourstrokebarn.com\/fr\/wp-json\/wp\/v2\/media?parent=217620"}],"wp:term":[{"taxonomy":"product_brand","embeddable":true,"href":"https:\/\/fourstrokebarn.com\/fr\/wp-json\/wp\/v2\/product_brand?post=217620"},{"taxonomy":"product_cat","embeddable":true,"href":"https:\/\/fourstrokebarn.com\/fr\/wp-json\/wp\/v2\/product_cat?post=217620"},{"taxonomy":"product_tag","embeddable":true,"href":"https:\/\/fourstrokebarn.com\/fr\/wp-json\/wp\/v2\/product_tag?post=217620"}],"curies":[{"name":"wp","href":"https:\/\/api.w.org\/{rel}","templated":true}]}}