{"id":217918,"date":"2026-05-13T17:25:05","date_gmt":"2026-05-13T15:25:05","guid":{"rendered":"https:\/\/fourstrokebarn.com\/?post_type=product&#038;p=217918"},"modified":"2026-05-13T17:25:06","modified_gmt":"2026-05-13T15:25:06","slug":"honda-cd50-benly-64-kopie-kopie-kopie-kopie-kopie-8","status":"publish","type":"product","link":"https:\/\/fourstrokebarn.com\/fr\/produit\/honda-cd50-benly-64-kopie-kopie-kopie-kopie-kopie-8\/","title":{"rendered":"Honda monkey baby tracker Kilom\u00e9trage 609 (136)"},"content":{"rendered":"<p>Honda monkey baby tracker Kilom\u00e9trage 609 (136)<\/p>\n","protected":false},"excerpt":{"rendered":"<p>Ce traqueur de b\u00e9b\u00e9 singe Honda original, Km.Stand 609 (136), a \u00e9t\u00e9 import\u00e9 par nous du Japon. L\u2019\u00e9tat de ce Honda monkey baby tracker Km.Stand 609 (136) est en service. <\/p>\n<p>Le prix comprend 21% de TVA, que les acheteurs professionnels peuvent r\u00e9gler.<\/p>\n<p>Ce deux-roues n\u2019est pas encore \u00e9quip\u00e9 d\u2019une plaque d\u2019immatriculation. Nous pouvons nous en occuper si d\u00e9sir\u00e9 (cyclomoteur, cyclomoteur ou moto). Nous pouvons \u00e9galement livrer avec des documents d\u2019exportation et nous pouvons exp\u00e9dier ce v\u00e9lo dans le monde entier.<\/p>\n<p>Veuillez nous contacter si vous souhaitez en savoir plus sur ce deux-roues ou sur les options de livraison.<\/p>\n","protected":false},"featured_media":218038,"comment_status":"closed","ping_status":"closed","template":"","meta":{"inline_featured_image":false,"_monsterinsights_skip_tracking":false,"_monsterinsights_sitenote_active":false,"_monsterinsights_sitenote_note":"","_monsterinsights_sitenote_category":0},"product_brand":[],"product_cat":[9319,9365],"product_tag":[9433,9423,9428,9429],"class_list":{"0":"post-217918","1":"product","2":"type-product","3":"status-publish","4":"has-post-thumbnail","6":"product_cat-cyclomoteurs","7":"product_cat-honda-monkey","8":"product_tag-gorille","9":"product_tag-singe","10":"product_tag-suzuki-fr","11":"product_tag-yamaha-fr","12":"product_shipping_class-bromfiets","14":"first","15":"instock","16":"taxable","17":"shipping-taxable","18":"purchasable","19":"product-type-simple"},"yoast_head":"<!-- This site is optimized with the Yoast SEO Premium plugin v27.6 (Yoast SEO v27.6) - https:\/\/yoast.com\/product\/yoast-seo-premium-wordpress\/ -->\n<title>Honda &amp; Pi\u00e8ces Honda Singe B\u00e9b\u00e9 Traceur Km.Stand 609 (136)<\/title>\n<meta name=\"description\" content=\"Honda monkey baby tracker Kilom\u00e9trage 609 (136)\" \/>\n<meta name=\"robots\" content=\"index, follow, max-snippet:-1, max-image-preview:large, max-video-preview:-1\" \/>\n<link rel=\"canonical\" href=\"https:\/\/fourstrokebarn.com\/fr\/produit\/honda-cd50-benly-64-kopie-kopie-kopie-kopie-kopie-8\/\" \/>\n<meta property=\"og:locale\" content=\"fr_FR\" \/>\n<meta property=\"og:type\" content=\"article\" \/>\n<meta property=\"og:title\" content=\"Honda monkey baby tracker Kilom\u00e9trage 609 (136)\" \/>\n<meta property=\"og:description\" content=\"Honda monkey baby tracker Kilom\u00e9trage 609 (136)\" \/>\n<meta property=\"og:url\" content=\"https:\/\/fourstrokebarn.com\/fr\/produit\/honda-cd50-benly-64-kopie-kopie-kopie-kopie-kopie-8\/\" \/>\n<meta property=\"og:site_name\" content=\"Fourstrokebarn\" \/>\n<meta property=\"article:publisher\" content=\"https:\/\/www.facebook.com\/fourstrokebarn\" \/>\n<meta property=\"article:modified_time\" content=\"2026-05-13T15:25:06+00:00\" \/>\n<meta property=\"og:image\" content=\"https:\/\/fourstrokebarn.com\/wp-content\/uploads\/2026\/05\/IMG_1231-1-scaled.jpg\" \/>\n\t<meta property=\"og:image:width\" content=\"1920\" \/>\n\t<meta property=\"og:image:height\" content=\"2560\" \/>\n\t<meta property=\"og:image:type\" content=\"image\/jpeg\" \/>\n<meta name=\"twitter:card\" content=\"summary_large_image\" \/>\n<meta name=\"twitter:label1\" content=\"Prix\" \/>\n\t<meta name=\"twitter:data1\" content=\"&euro;2.950,00\" \/>\n\t<meta name=\"twitter:label2\" content=\"Disponibilit\u00e9\" \/>\n\t<meta name=\"twitter:data2\" content=\"En stock\" \/>\n<script type=\"application\/ld+json\" class=\"yoast-schema-graph\">{\"@context\":\"https:\\\/\\\/schema.org\",\"@graph\":[{\"@type\":\"WebPage\",\"@id\":\"https:\\\/\\\/fourstrokebarn.com\\\/fr\\\/produit\\\/honda-cd50-benly-64-kopie-kopie-kopie-kopie-kopie-8\\\/\",\"url\":\"https:\\\/\\\/fourstrokebarn.com\\\/fr\\\/produit\\\/honda-cd50-benly-64-kopie-kopie-kopie-kopie-kopie-8\\\/\",\"name\":\"Honda & Pi\u00e8ces Honda Singe B\u00e9b\u00e9 Traceur Km.Stand 609 (136)\",\"isPartOf\":{\"@id\":\"https:\\\/\\\/fourstrokebarn.com\\\/fr\\\/#website\"},\"primaryImageOfPage\":{\"@id\":\"https:\\\/\\\/fourstrokebarn.com\\\/fr\\\/produit\\\/honda-cd50-benly-64-kopie-kopie-kopie-kopie-kopie-8\\\/#primaryimage\"},\"image\":{\"@id\":\"https:\\\/\\\/fourstrokebarn.com\\\/fr\\\/produit\\\/honda-cd50-benly-64-kopie-kopie-kopie-kopie-kopie-8\\\/#primaryimage\"},\"thumbnailUrl\":\"https:\\\/\\\/fourstrokebarn.com\\\/wp-content\\\/uploads\\\/2026\\\/05\\\/IMG_1231-1-scaled.jpg\",\"datePublished\":\"2026-05-13T15:25:05+00:00\",\"dateModified\":\"2026-05-13T15:25:06+00:00\",\"description\":\"Honda monkey baby tracker Kilom\u00e9trage 609 (136)\",\"breadcrumb\":{\"@id\":\"https:\\\/\\\/fourstrokebarn.com\\\/fr\\\/produit\\\/honda-cd50-benly-64-kopie-kopie-kopie-kopie-kopie-8\\\/#breadcrumb\"},\"inLanguage\":\"fr-FR\",\"potentialAction\":[{\"@type\":\"ReadAction\",\"target\":[\"https:\\\/\\\/fourstrokebarn.com\\\/fr\\\/produit\\\/honda-cd50-benly-64-kopie-kopie-kopie-kopie-kopie-8\\\/\"]}]},{\"@type\":\"ImageObject\",\"inLanguage\":\"fr-FR\",\"@id\":\"https:\\\/\\\/fourstrokebarn.com\\\/fr\\\/produit\\\/honda-cd50-benly-64-kopie-kopie-kopie-kopie-kopie-8\\\/#primaryimage\",\"url\":\"https:\\\/\\\/fourstrokebarn.com\\\/wp-content\\\/uploads\\\/2026\\\/05\\\/IMG_1231-1-scaled.jpg\",\"contentUrl\":\"https:\\\/\\\/fourstrokebarn.com\\\/wp-content\\\/uploads\\\/2026\\\/05\\\/IMG_1231-1-scaled.jpg\",\"width\":1920,\"height\":2560,\"caption\":\"Honda monkey baby tracker Kilom\u00e9trage 609 (136)\"},{\"@type\":\"BreadcrumbList\",\"@id\":\"https:\\\/\\\/fourstrokebarn.com\\\/fr\\\/produit\\\/honda-cd50-benly-64-kopie-kopie-kopie-kopie-kopie-8\\\/#breadcrumb\",\"itemListElement\":[{\"@type\":\"ListItem\",\"position\":1,\"name\":\"Domicile\",\"item\":\"https:\\\/\\\/fourstrokebarn.com\\\/fr\\\/cyclomoteurs-honda-4-temps-et-pieces-a-vendre\\\/\"},{\"@type\":\"ListItem\",\"position\":2,\"name\":\"Boutique\",\"item\":\"https:\\\/\\\/fourstrokebarn.com\\\/fr\\\/boutique\\\/\"},{\"@type\":\"ListItem\",\"position\":3,\"name\":\"Honda monkey baby tracker Kilom\u00e9trage 609 (136)\"}]},{\"@type\":\"WebSite\",\"@id\":\"https:\\\/\\\/fourstrokebarn.com\\\/fr\\\/#website\",\"url\":\"https:\\\/\\\/fourstrokebarn.com\\\/fr\\\/\",\"name\":\"Fourstrokebarn\",\"description\":\"New &amp; used Honda 4-stroke classic bikes &amp; parts\",\"publisher\":{\"@id\":\"https:\\\/\\\/fourstrokebarn.com\\\/fr\\\/#organization\"},\"potentialAction\":[{\"@type\":\"SearchAction\",\"target\":{\"@type\":\"EntryPoint\",\"urlTemplate\":\"https:\\\/\\\/fourstrokebarn.com\\\/fr\\\/?s={search_term_string}\"},\"query-input\":{\"@type\":\"PropertyValueSpecification\",\"valueRequired\":true,\"valueName\":\"search_term_string\"}}],\"inLanguage\":\"fr-FR\"},{\"@type\":\"Organization\",\"@id\":\"https:\\\/\\\/fourstrokebarn.com\\\/fr\\\/#organization\",\"name\":\"Fourstrokebarn\",\"url\":\"https:\\\/\\\/fourstrokebarn.com\\\/fr\\\/\",\"logo\":{\"@type\":\"ImageObject\",\"inLanguage\":\"fr-FR\",\"@id\":\"https:\\\/\\\/fourstrokebarn.com\\\/fr\\\/#\\\/schema\\\/logo\\\/image\\\/\",\"url\":\"https:\\\/\\\/fourstrokebarn.com\\\/wp-content\\\/uploads\\\/2017\\\/01\\\/Foutstrokebarn_web_logo_rood.png\",\"contentUrl\":\"https:\\\/\\\/fourstrokebarn.com\\\/wp-content\\\/uploads\\\/2017\\\/01\\\/Foutstrokebarn_web_logo_rood.png\",\"width\":355,\"height\":163,\"caption\":\"Fourstrokebarn\"},\"image\":{\"@id\":\"https:\\\/\\\/fourstrokebarn.com\\\/fr\\\/#\\\/schema\\\/logo\\\/image\\\/\"},\"sameAs\":[\"https:\\\/\\\/www.facebook.com\\\/fourstrokebarn\"]}]}<\/script>\n<meta property=\"product:price:amount\" content=\"2950.00\" \/>\n<meta property=\"product:price:currency\" content=\"EUR\" \/>\n<meta property=\"og:availability\" content=\"instock\" \/>\n<meta property=\"product:availability\" content=\"instock\" \/>\n<meta property=\"product:condition\" content=\"new\" \/>\n<!-- \/ Yoast SEO Premium plugin. -->","yoast_head_json":{"title":"Honda & Pi\u00e8ces Honda Singe B\u00e9b\u00e9 Traceur Km.Stand 609 (136)","description":"Honda monkey baby tracker Kilom\u00e9trage 609 (136)","robots":{"index":"index","follow":"follow","max-snippet":"max-snippet:-1","max-image-preview":"max-image-preview:large","max-video-preview":"max-video-preview:-1"},"canonical":"https:\/\/fourstrokebarn.com\/fr\/produit\/honda-cd50-benly-64-kopie-kopie-kopie-kopie-kopie-8\/","og_locale":"fr_FR","og_type":"article","og_title":"Honda monkey baby tracker Kilom\u00e9trage 609 (136)","og_description":"Honda monkey baby tracker Kilom\u00e9trage 609 (136)","og_url":"https:\/\/fourstrokebarn.com\/fr\/produit\/honda-cd50-benly-64-kopie-kopie-kopie-kopie-kopie-8\/","og_site_name":"Fourstrokebarn","article_publisher":"https:\/\/www.facebook.com\/fourstrokebarn","article_modified_time":"2026-05-13T15:25:06+00:00","og_image":[{"width":1920,"height":2560,"url":"https:\/\/fourstrokebarn.com\/wp-content\/uploads\/2026\/05\/IMG_1231-1-scaled.jpg","type":"image\/jpeg"}],"twitter_card":"summary_large_image","twitter_misc":{"Prix":"&euro;2.950,00","Disponibilit\u00e9":"En stock"},"schema":{"@context":"https:\/\/schema.org","@graph":[{"@type":"WebPage","@id":"https:\/\/fourstrokebarn.com\/fr\/produit\/honda-cd50-benly-64-kopie-kopie-kopie-kopie-kopie-8\/","url":"https:\/\/fourstrokebarn.com\/fr\/produit\/honda-cd50-benly-64-kopie-kopie-kopie-kopie-kopie-8\/","name":"Honda & Pi\u00e8ces Honda Singe B\u00e9b\u00e9 Traceur Km.Stand 609 (136)","isPartOf":{"@id":"https:\/\/fourstrokebarn.com\/fr\/#website"},"primaryImageOfPage":{"@id":"https:\/\/fourstrokebarn.com\/fr\/produit\/honda-cd50-benly-64-kopie-kopie-kopie-kopie-kopie-8\/#primaryimage"},"image":{"@id":"https:\/\/fourstrokebarn.com\/fr\/produit\/honda-cd50-benly-64-kopie-kopie-kopie-kopie-kopie-8\/#primaryimage"},"thumbnailUrl":"https:\/\/fourstrokebarn.com\/wp-content\/uploads\/2026\/05\/IMG_1231-1-scaled.jpg","datePublished":"2026-05-13T15:25:05+00:00","dateModified":"2026-05-13T15:25:06+00:00","description":"Honda monkey baby tracker Kilom\u00e9trage 609 (136)","breadcrumb":{"@id":"https:\/\/fourstrokebarn.com\/fr\/produit\/honda-cd50-benly-64-kopie-kopie-kopie-kopie-kopie-8\/#breadcrumb"},"inLanguage":"fr-FR","potentialAction":[{"@type":"ReadAction","target":["https:\/\/fourstrokebarn.com\/fr\/produit\/honda-cd50-benly-64-kopie-kopie-kopie-kopie-kopie-8\/"]}]},{"@type":"ImageObject","inLanguage":"fr-FR","@id":"https:\/\/fourstrokebarn.com\/fr\/produit\/honda-cd50-benly-64-kopie-kopie-kopie-kopie-kopie-8\/#primaryimage","url":"https:\/\/fourstrokebarn.com\/wp-content\/uploads\/2026\/05\/IMG_1231-1-scaled.jpg","contentUrl":"https:\/\/fourstrokebarn.com\/wp-content\/uploads\/2026\/05\/IMG_1231-1-scaled.jpg","width":1920,"height":2560,"caption":"Honda monkey baby tracker Kilom\u00e9trage 609 (136)"},{"@type":"BreadcrumbList","@id":"https:\/\/fourstrokebarn.com\/fr\/produit\/honda-cd50-benly-64-kopie-kopie-kopie-kopie-kopie-8\/#breadcrumb","itemListElement":[{"@type":"ListItem","position":1,"name":"Domicile","item":"https:\/\/fourstrokebarn.com\/fr\/cyclomoteurs-honda-4-temps-et-pieces-a-vendre\/"},{"@type":"ListItem","position":2,"name":"Boutique","item":"https:\/\/fourstrokebarn.com\/fr\/boutique\/"},{"@type":"ListItem","position":3,"name":"Honda monkey baby tracker Kilom\u00e9trage 609 (136)"}]},{"@type":"WebSite","@id":"https:\/\/fourstrokebarn.com\/fr\/#website","url":"https:\/\/fourstrokebarn.com\/fr\/","name":"Fourstrokebarn","description":"New &amp; used Honda 4-stroke classic bikes &amp; parts","publisher":{"@id":"https:\/\/fourstrokebarn.com\/fr\/#organization"},"potentialAction":[{"@type":"SearchAction","target":{"@type":"EntryPoint","urlTemplate":"https:\/\/fourstrokebarn.com\/fr\/?s={search_term_string}"},"query-input":{"@type":"PropertyValueSpecification","valueRequired":true,"valueName":"search_term_string"}}],"inLanguage":"fr-FR"},{"@type":"Organization","@id":"https:\/\/fourstrokebarn.com\/fr\/#organization","name":"Fourstrokebarn","url":"https:\/\/fourstrokebarn.com\/fr\/","logo":{"@type":"ImageObject","inLanguage":"fr-FR","@id":"https:\/\/fourstrokebarn.com\/fr\/#\/schema\/logo\/image\/","url":"https:\/\/fourstrokebarn.com\/wp-content\/uploads\/2017\/01\/Foutstrokebarn_web_logo_rood.png","contentUrl":"https:\/\/fourstrokebarn.com\/wp-content\/uploads\/2017\/01\/Foutstrokebarn_web_logo_rood.png","width":355,"height":163,"caption":"Fourstrokebarn"},"image":{"@id":"https:\/\/fourstrokebarn.com\/fr\/#\/schema\/logo\/image\/"},"sameAs":["https:\/\/www.facebook.com\/fourstrokebarn"]}]},"product_price_amount":"2950.00","product_price_currency":"EUR","og_availability":"instock","product_availability":"instock","product_condition":"new"},"_links":{"self":[{"href":"https:\/\/fourstrokebarn.com\/fr\/wp-json\/wp\/v2\/product\/217918","targetHints":{"allow":["GET"]}}],"collection":[{"href":"https:\/\/fourstrokebarn.com\/fr\/wp-json\/wp\/v2\/product"}],"about":[{"href":"https:\/\/fourstrokebarn.com\/fr\/wp-json\/wp\/v2\/types\/product"}],"replies":[{"embeddable":true,"href":"https:\/\/fourstrokebarn.com\/fr\/wp-json\/wp\/v2\/comments?post=217918"}],"wp:featuredmedia":[{"embeddable":true,"href":"https:\/\/fourstrokebarn.com\/fr\/wp-json\/wp\/v2\/media\/218038"}],"wp:attachment":[{"href":"https:\/\/fourstrokebarn.com\/fr\/wp-json\/wp\/v2\/media?parent=217918"}],"wp:term":[{"taxonomy":"product_brand","embeddable":true,"href":"https:\/\/fourstrokebarn.com\/fr\/wp-json\/wp\/v2\/product_brand?post=217918"},{"taxonomy":"product_cat","embeddable":true,"href":"https:\/\/fourstrokebarn.com\/fr\/wp-json\/wp\/v2\/product_cat?post=217918"},{"taxonomy":"product_tag","embeddable":true,"href":"https:\/\/fourstrokebarn.com\/fr\/wp-json\/wp\/v2\/product_tag?post=217918"}],"curies":[{"name":"wp","href":"https:\/\/api.w.org\/{rel}","templated":true}]}}